{"id":5418,"date":"2024-01-18T16:54:55","date_gmt":"2024-01-18T15:54:55","guid":{"rendered":"https:\/\/www.demo.akomi.it\/erbyshop\/en\/?post_type=product&#038;p=5418"},"modified":"2025-04-08T17:56:43","modified_gmt":"2025-04-08T15:56:43","slug":"pinza-tendi-prato","status":"publish","type":"product","link":"https:\/\/demo.akomi.it\/erbyshop\/en\/synthetic-grass-accessories\/pinza-tendi-prato\/","title":{"rendered":"Lawn stretching pliers"},"content":{"rendered":"<p>The lawn stretching pliers greatly assist the installer. This powerful tool makes it easier to move large pieces of artificial grass. Additionally, thanks to the ergonomic handle and the sharp claws, it is possible to apply force without straining too much.<\/p>\n","protected":false},"excerpt":{"rendered":"<p>The lawn stretching pliers greatly assist the installer. This powerful tool makes it easier to move large pieces of artificial grass. Additionally, thanks to the ergonomic handle and the sharp claws, it is possible to apply force without straining too much.<\/p>\n","protected":false},"featured_media":7122,"template":"","meta":[],"product_brand":[],"product_cat":[24],"product_tag":[],"class_list":{"0":"post-5418","1":"product","2":"type-product","3":"status-publish","4":"has-post-thumbnail","6":"product_cat-synthetic-grass-accessories","8":"first","9":"instock","10":"taxable","11":"shipping-taxable","12":"purchasable","13":"product-type-simple"},"acf":[],"yoast_head":"<!-- This site is optimized with the Yoast SEO plugin v24.5 - https:\/\/yoast.com\/wordpress\/plugins\/seo\/ -->\n<title>Lawn stretching pliers | EN<\/title>\n<meta name=\"description\" content=\"Questo strumento molto potente rende pi\u00f9 semplice lo spostamento di grandi pezzi di erba sintetica, inoltre \u00e8 possibile fare forza senza per\u00f2 sforzarsi troppo.\" \/>\n<meta name=\"robots\" content=\"index, follow, max-snippet:-1, max-image-preview:large, max-video-preview:-1\" \/>\n<link rel=\"canonical\" href=\"https:\/\/demo.akomi.it\/erbyshop\/en\/synthetic-grass-accessories\/pinza-tendi-prato\/\" \/>\n<meta property=\"og:locale\" content=\"en_GB\" \/>\n<meta property=\"og:type\" content=\"article\" \/>\n<meta property=\"og:title\" content=\"Lawn stretching pliers | EN\" \/>\n<meta property=\"og:description\" content=\"Questo strumento molto potente rende pi\u00f9 semplice lo spostamento di grandi pezzi di erba sintetica, inoltre \u00e8 possibile fare forza senza per\u00f2 sforzarsi troppo.\" \/>\n<meta property=\"og:url\" content=\"https:\/\/demo.akomi.it\/erbyshop\/en\/synthetic-grass-accessories\/pinza-tendi-prato\/\" \/>\n<meta property=\"og:site_name\" content=\"EN\" \/>\n<meta property=\"article:modified_time\" content=\"2025-04-08T15:56:43+00:00\" \/>\n<meta property=\"og:image\" content=\"https:\/\/demo.akomi.it\/erbyshop\/en\/wp-content\/uploads\/sites\/2\/pinza-tendi-prato-1.jpg\" \/>\n\t<meta property=\"og:image:width\" content=\"2360\" \/>\n\t<meta property=\"og:image:height\" content=\"1680\" \/>\n\t<meta property=\"og:image:type\" content=\"image\/jpeg\" \/>\n<meta name=\"twitter:card\" content=\"summary_large_image\" \/>\n<meta name=\"twitter:label1\" content=\"Estimated reading time\" \/>\n\t<meta name=\"twitter:data1\" content=\"1 minute\" \/>\n<script type=\"application\/ld+json\" class=\"yoast-schema-graph\">{\"@context\":\"https:\/\/schema.org\",\"@graph\":[{\"@type\":\"WebPage\",\"@id\":\"https:\/\/demo.akomi.it\/erbyshop\/en\/synthetic-grass-accessories\/pinza-tendi-prato\/\",\"url\":\"https:\/\/demo.akomi.it\/erbyshop\/en\/synthetic-grass-accessories\/pinza-tendi-prato\/\",\"name\":\"Lawn stretching pliers | EN\",\"isPartOf\":{\"@id\":\"https:\/\/demo.akomi.it\/erbyshop\/en\/#website\"},\"primaryImageOfPage\":{\"@id\":\"https:\/\/demo.akomi.it\/erbyshop\/en\/synthetic-grass-accessories\/pinza-tendi-prato\/#primaryimage\"},\"image\":{\"@id\":\"https:\/\/demo.akomi.it\/erbyshop\/en\/synthetic-grass-accessories\/pinza-tendi-prato\/#primaryimage\"},\"thumbnailUrl\":\"https:\/\/demo.akomi.it\/erbyshop\/en\/wp-content\/uploads\/sites\/2\/pinza-tendi-prato-1.jpg\",\"datePublished\":\"2024-01-18T15:54:55+00:00\",\"dateModified\":\"2025-04-08T15:56:43+00:00\",\"description\":\"Questo strumento molto potente rende pi\u00f9 semplice lo spostamento di grandi pezzi di erba sintetica, inoltre \u00e8 possibile fare forza senza per\u00f2 sforzarsi troppo.\",\"breadcrumb\":{\"@id\":\"https:\/\/demo.akomi.it\/erbyshop\/en\/synthetic-grass-accessories\/pinza-tendi-prato\/#breadcrumb\"},\"inLanguage\":\"en-GB\",\"potentialAction\":[{\"@type\":\"ReadAction\",\"target\":[\"https:\/\/demo.akomi.it\/erbyshop\/en\/synthetic-grass-accessories\/pinza-tendi-prato\/\"]}]},{\"@type\":\"ImageObject\",\"inLanguage\":\"en-GB\",\"@id\":\"https:\/\/demo.akomi.it\/erbyshop\/en\/synthetic-grass-accessories\/pinza-tendi-prato\/#primaryimage\",\"url\":\"https:\/\/demo.akomi.it\/erbyshop\/en\/wp-content\/uploads\/sites\/2\/pinza-tendi-prato-1.jpg\",\"contentUrl\":\"https:\/\/demo.akomi.it\/erbyshop\/en\/wp-content\/uploads\/sites\/2\/pinza-tendi-prato-1.jpg\",\"width\":2360,\"height\":1680},{\"@type\":\"BreadcrumbList\",\"@id\":\"https:\/\/demo.akomi.it\/erbyshop\/en\/synthetic-grass-accessories\/pinza-tendi-prato\/#breadcrumb\",\"itemListElement\":[{\"@type\":\"ListItem\",\"position\":1,\"name\":\"Home\",\"item\":\"https:\/\/demo.akomi.it\/erbyshop\/en\/\"},{\"@type\":\"ListItem\",\"position\":2,\"name\":\"Shop\",\"item\":\"https:\/\/demo.akomi.it\/erbyshop\/en\/e-commerce-erby\/\"},{\"@type\":\"ListItem\",\"position\":3,\"name\":\"Accessories\",\"item\":\"https:\/\/demo.akomi.it\/erbyshop\/en\/synthetic-grass-accessories\/\"},{\"@type\":\"ListItem\",\"position\":4,\"name\":\"Lawn stretching pliers\"}]},{\"@type\":\"WebSite\",\"@id\":\"https:\/\/demo.akomi.it\/erbyshop\/en\/#website\",\"url\":\"https:\/\/demo.akomi.it\/erbyshop\/en\/\",\"name\":\"EN\",\"description\":\"The smart lawn\",\"potentialAction\":[{\"@type\":\"SearchAction\",\"target\":{\"@type\":\"EntryPoint\",\"urlTemplate\":\"https:\/\/demo.akomi.it\/erbyshop\/en\/?s={search_term_string}\"},\"query-input\":{\"@type\":\"PropertyValueSpecification\",\"valueRequired\":true,\"valueName\":\"search_term_string\"}}],\"inLanguage\":\"en-GB\"}]}<\/script>\n<!-- \/ Yoast SEO plugin. -->","yoast_head_json":{"title":"Lawn stretching pliers | EN","description":"Questo strumento molto potente rende pi\u00f9 semplice lo spostamento di grandi pezzi di erba sintetica, inoltre \u00e8 possibile fare forza senza per\u00f2 sforzarsi troppo.","robots":{"index":"index","follow":"follow","max-snippet":"max-snippet:-1","max-image-preview":"max-image-preview:large","max-video-preview":"max-video-preview:-1"},"canonical":"https:\/\/demo.akomi.it\/erbyshop\/en\/synthetic-grass-accessories\/pinza-tendi-prato\/","og_locale":"en_GB","og_type":"article","og_title":"Lawn stretching pliers | EN","og_description":"Questo strumento molto potente rende pi\u00f9 semplice lo spostamento di grandi pezzi di erba sintetica, inoltre \u00e8 possibile fare forza senza per\u00f2 sforzarsi troppo.","og_url":"https:\/\/demo.akomi.it\/erbyshop\/en\/synthetic-grass-accessories\/pinza-tendi-prato\/","og_site_name":"EN","article_modified_time":"2025-04-08T15:56:43+00:00","og_image":[{"width":2360,"height":1680,"url":"https:\/\/demo.akomi.it\/erbyshop\/en\/wp-content\/uploads\/sites\/2\/pinza-tendi-prato-1.jpg","type":"image\/jpeg"}],"twitter_card":"summary_large_image","twitter_misc":{"Estimated reading time":"1 minute"},"schema":{"@context":"https:\/\/schema.org","@graph":[{"@type":"WebPage","@id":"https:\/\/demo.akomi.it\/erbyshop\/en\/synthetic-grass-accessories\/pinza-tendi-prato\/","url":"https:\/\/demo.akomi.it\/erbyshop\/en\/synthetic-grass-accessories\/pinza-tendi-prato\/","name":"Lawn stretching pliers | EN","isPartOf":{"@id":"https:\/\/demo.akomi.it\/erbyshop\/en\/#website"},"primaryImageOfPage":{"@id":"https:\/\/demo.akomi.it\/erbyshop\/en\/synthetic-grass-accessories\/pinza-tendi-prato\/#primaryimage"},"image":{"@id":"https:\/\/demo.akomi.it\/erbyshop\/en\/synthetic-grass-accessories\/pinza-tendi-prato\/#primaryimage"},"thumbnailUrl":"https:\/\/demo.akomi.it\/erbyshop\/en\/wp-content\/uploads\/sites\/2\/pinza-tendi-prato-1.jpg","datePublished":"2024-01-18T15:54:55+00:00","dateModified":"2025-04-08T15:56:43+00:00","description":"Questo strumento molto potente rende pi\u00f9 semplice lo spostamento di grandi pezzi di erba sintetica, inoltre \u00e8 possibile fare forza senza per\u00f2 sforzarsi troppo.","breadcrumb":{"@id":"https:\/\/demo.akomi.it\/erbyshop\/en\/synthetic-grass-accessories\/pinza-tendi-prato\/#breadcrumb"},"inLanguage":"en-GB","potentialAction":[{"@type":"ReadAction","target":["https:\/\/demo.akomi.it\/erbyshop\/en\/synthetic-grass-accessories\/pinza-tendi-prato\/"]}]},{"@type":"ImageObject","inLanguage":"en-GB","@id":"https:\/\/demo.akomi.it\/erbyshop\/en\/synthetic-grass-accessories\/pinza-tendi-prato\/#primaryimage","url":"https:\/\/demo.akomi.it\/erbyshop\/en\/wp-content\/uploads\/sites\/2\/pinza-tendi-prato-1.jpg","contentUrl":"https:\/\/demo.akomi.it\/erbyshop\/en\/wp-content\/uploads\/sites\/2\/pinza-tendi-prato-1.jpg","width":2360,"height":1680},{"@type":"BreadcrumbList","@id":"https:\/\/demo.akomi.it\/erbyshop\/en\/synthetic-grass-accessories\/pinza-tendi-prato\/#breadcrumb","itemListElement":[{"@type":"ListItem","position":1,"name":"Home","item":"https:\/\/demo.akomi.it\/erbyshop\/en\/"},{"@type":"ListItem","position":2,"name":"Shop","item":"https:\/\/demo.akomi.it\/erbyshop\/en\/e-commerce-erby\/"},{"@type":"ListItem","position":3,"name":"Accessories","item":"https:\/\/demo.akomi.it\/erbyshop\/en\/synthetic-grass-accessories\/"},{"@type":"ListItem","position":4,"name":"Lawn stretching pliers"}]},{"@type":"WebSite","@id":"https:\/\/demo.akomi.it\/erbyshop\/en\/#website","url":"https:\/\/demo.akomi.it\/erbyshop\/en\/","name":"EN","description":"The smart lawn","potentialAction":[{"@type":"SearchAction","target":{"@type":"EntryPoint","urlTemplate":"https:\/\/demo.akomi.it\/erbyshop\/en\/?s={search_term_string}"},"query-input":{"@type":"PropertyValueSpecification","valueRequired":true,"valueName":"search_term_string"}}],"inLanguage":"en-GB"}]}},"_links":{"self":[{"href":"https:\/\/demo.akomi.it\/erbyshop\/en\/wp-json\/wp\/v2\/product\/5418","targetHints":{"allow":["GET"]}}],"collection":[{"href":"https:\/\/demo.akomi.it\/erbyshop\/en\/wp-json\/wp\/v2\/product"}],"about":[{"href":"https:\/\/demo.akomi.it\/erbyshop\/en\/wp-json\/wp\/v2\/types\/product"}],"wp:featuredmedia":[{"embeddable":true,"href":"https:\/\/demo.akomi.it\/erbyshop\/en\/wp-json\/wp\/v2\/media\/7122"}],"wp:attachment":[{"href":"https:\/\/demo.akomi.it\/erbyshop\/en\/wp-json\/wp\/v2\/media?parent=5418"}],"wp:term":[{"taxonomy":"product_brand","embeddable":true,"href":"https:\/\/demo.akomi.it\/erbyshop\/en\/wp-json\/wp\/v2\/product_brand?post=5418"},{"taxonomy":"product_cat","embeddable":true,"href":"https:\/\/demo.akomi.it\/erbyshop\/en\/wp-json\/wp\/v2\/product_cat?post=5418"},{"taxonomy":"product_tag","embeddable":true,"href":"https:\/\/demo.akomi.it\/erbyshop\/en\/wp-json\/wp\/v2\/product_tag?post=5418"}],"curies":[{"name":"wp","href":"https:\/\/api.w.org\/{rel}","templated":true}]}}