{"id":108,"date":"2022-01-24T12:29:55","date_gmt":"2022-01-24T11:29:55","guid":{"rendered":"https:\/\/www.demo.akomi.it\/erbyshop\/fr\/?page_id=108"},"modified":"2025-04-24T16:17:26","modified_gmt":"2025-04-24T14:17:26","slug":"conditions-generales-de-vente","status":"publish","type":"page","link":"https:\/\/demo.akomi.it\/erbyshop\/fr\/conditions-generales-de-vente\/","title":{"rendered":"Conditions g\u00e9n\u00e9rales de vente"},"content":{"rendered":"<p><strong>RESPONSABILIT\u00c9<\/strong> <br \/>\nNous d\u00e9clinons toute responsabilit\u00e9 pour les pertes ou dommages caus\u00e9s par le transporteur et\/ou par une mauvaise utilisation des produits apr\u00e8s la livraison des marchandises.<\/p>\n<p><strong>INFORMATIONS TECHNIQUES<\/strong> <br \/>\nLes informations techniques proviennent de celles fournies par les fabricants et les fournisseurs. Nous nous r\u00e9servons le droit de modifier\/ajuster les informations techniques des produits du catalogue, m\u00eame sans pr\u00e9avis.<\/p>\n<p>Les images relatives aux articles sont indicatives, les caract\u00e9ristiques des objets livr\u00e9s peuvent l\u00e9g\u00e8rement diff\u00e9rer des photos pr\u00e9sent\u00e9es dans le catalogue.<\/p>\n<p><strong>DISPONIBILIT\u00c9 DES PRODUITS<\/strong> <br \/>\nNous nous r\u00e9servons le droit d&#8217;accepter ou non les commandes effectu\u00e9es et ce, jusqu&#8217;\u00e0 \u00e9puisement des stocks. <br \/>\nLes articles en vente peuvent \u00eatre temporairement indisponibles. Dans ce cas, le client sera inform\u00e9 par e-mail dans les plus brefs d\u00e9lais, afin de convenir d&#8217;un \u00e9change de produit ou pour \u00eatre mis \u00e0 jour sur la date de la nouvelle disponibilit\u00e9. <br \/>\nSi l&#8217;article command\u00e9 n&#8217;est plus disponible chez le fournisseur, nous proc\u00e9derons au remboursement total de la commande.<\/p>\n<p><strong>PRIX<\/strong> <br \/>\nLes prix des produits affich\u00e9s sont hors TVA. Les prix peuvent \u00eatre modifi\u00e9s \u00e0 tout moment, sans pr\u00e9avis.<\/p>\n","protected":false},"excerpt":{"rendered":"<p>RESPONSABILIT\u00c9 Nous d\u00e9clinons toute responsabilit\u00e9 pour les pertes ou dommages caus\u00e9s par le transporteur et\/ou par une mauvaise utilisation des produits apr\u00e8s la livraison des marchandises. INFORMATIONS TECHNIQUES Les informations techniques proviennent de celles fournies par les fabricants et les fournisseurs. Nous nous r\u00e9servons le droit de modifier\/ajuster les informations techniques des produits du catalogue, &hellip; <a href=\"https:\/\/demo.akomi.it\/erbyshop\/fr\/conditions-generales-de-vente\/\">Continued<\/a><\/p>\n","protected":false},"author":1,"featured_media":0,"parent":0,"menu_order":23,"comment_status":"closed","ping_status":"closed","template":"template-policy.php","meta":{"footnotes":""},"class_list":["post-108","page","type-page","status-publish","hentry"],"acf":[],"yoast_head":"<!-- This site is optimized with the Yoast SEO plugin v24.5 - https:\/\/yoast.com\/wordpress\/plugins\/seo\/ -->\n<title>Conditions g\u00e9n\u00e9rales de vente | Erby<\/title>\n<meta name=\"description\" content=\"Consultez nos conditions g\u00e9n\u00e9rales de vente.\" \/>\n<meta name=\"robots\" content=\"noindex, follow\" \/>\n<meta property=\"og:locale\" content=\"fr_FR\" \/>\n<meta property=\"og:type\" content=\"article\" \/>\n<meta property=\"og:title\" content=\"Conditions g\u00e9n\u00e9rales de vente | Erby\" \/>\n<meta property=\"og:description\" content=\"Consultez nos conditions g\u00e9n\u00e9rales de vente.\" \/>\n<meta property=\"og:url\" content=\"https:\/\/demo.akomi.it\/erbyshop\/fr\/conditions-generales-de-vente\/\" \/>\n<meta property=\"og:site_name\" content=\"FR\" \/>\n<meta property=\"article:modified_time\" content=\"2025-04-24T14:17:26+00:00\" \/>\n<meta name=\"twitter:card\" content=\"summary_large_image\" \/>\n<meta name=\"twitter:label1\" content=\"Dur\u00e9e de lecture estim\u00e9e\" \/>\n\t<meta name=\"twitter:data1\" content=\"1 minute\" \/>\n<script type=\"application\/ld+json\" class=\"yoast-schema-graph\">{\"@context\":\"https:\/\/schema.org\",\"@graph\":[{\"@type\":\"WebPage\",\"@id\":\"https:\/\/demo.akomi.it\/erbyshop\/fr\/conditions-generales-de-vente\/\",\"url\":\"https:\/\/demo.akomi.it\/erbyshop\/fr\/conditions-generales-de-vente\/\",\"name\":\"Conditions g\u00e9n\u00e9rales de vente | Erby\",\"isPartOf\":{\"@id\":\"https:\/\/demo.akomi.it\/erbyshop\/fr\/#website\"},\"datePublished\":\"2022-01-24T11:29:55+00:00\",\"dateModified\":\"2025-04-24T14:17:26+00:00\",\"description\":\"Consultez nos conditions g\u00e9n\u00e9rales de vente.\",\"breadcrumb\":{\"@id\":\"https:\/\/demo.akomi.it\/erbyshop\/fr\/conditions-generales-de-vente\/#breadcrumb\"},\"inLanguage\":\"fr-FR\",\"potentialAction\":[{\"@type\":\"ReadAction\",\"target\":[\"https:\/\/demo.akomi.it\/erbyshop\/fr\/conditions-generales-de-vente\/\"]}]},{\"@type\":\"BreadcrumbList\",\"@id\":\"https:\/\/demo.akomi.it\/erbyshop\/fr\/conditions-generales-de-vente\/#breadcrumb\",\"itemListElement\":[{\"@type\":\"ListItem\",\"position\":1,\"name\":\"Home\",\"item\":\"https:\/\/demo.akomi.it\/erbyshop\/fr\/\"},{\"@type\":\"ListItem\",\"position\":2,\"name\":\"Conditions g\u00e9n\u00e9rales de vente\"}]},{\"@type\":\"WebSite\",\"@id\":\"https:\/\/demo.akomi.it\/erbyshop\/fr\/#website\",\"url\":\"https:\/\/demo.akomi.it\/erbyshop\/fr\/\",\"name\":\"FR\",\"description\":\"Il prato intelligente\",\"potentialAction\":[{\"@type\":\"SearchAction\",\"target\":{\"@type\":\"EntryPoint\",\"urlTemplate\":\"https:\/\/demo.akomi.it\/erbyshop\/fr\/?s={search_term_string}\"},\"query-input\":{\"@type\":\"PropertyValueSpecification\",\"valueRequired\":true,\"valueName\":\"search_term_string\"}}],\"inLanguage\":\"fr-FR\"}]}<\/script>\n<!-- \/ Yoast SEO plugin. -->","yoast_head_json":{"title":"Conditions g\u00e9n\u00e9rales de vente | Erby","description":"Consultez nos conditions g\u00e9n\u00e9rales de vente.","robots":{"index":"noindex","follow":"follow"},"og_locale":"fr_FR","og_type":"article","og_title":"Conditions g\u00e9n\u00e9rales de vente | Erby","og_description":"Consultez nos conditions g\u00e9n\u00e9rales de vente.","og_url":"https:\/\/demo.akomi.it\/erbyshop\/fr\/conditions-generales-de-vente\/","og_site_name":"FR","article_modified_time":"2025-04-24T14:17:26+00:00","twitter_card":"summary_large_image","twitter_misc":{"Dur\u00e9e de lecture estim\u00e9e":"1 minute"},"schema":{"@context":"https:\/\/schema.org","@graph":[{"@type":"WebPage","@id":"https:\/\/demo.akomi.it\/erbyshop\/fr\/conditions-generales-de-vente\/","url":"https:\/\/demo.akomi.it\/erbyshop\/fr\/conditions-generales-de-vente\/","name":"Conditions g\u00e9n\u00e9rales de vente | Erby","isPartOf":{"@id":"https:\/\/demo.akomi.it\/erbyshop\/fr\/#website"},"datePublished":"2022-01-24T11:29:55+00:00","dateModified":"2025-04-24T14:17:26+00:00","description":"Consultez nos conditions g\u00e9n\u00e9rales de vente.","breadcrumb":{"@id":"https:\/\/demo.akomi.it\/erbyshop\/fr\/conditions-generales-de-vente\/#breadcrumb"},"inLanguage":"fr-FR","potentialAction":[{"@type":"ReadAction","target":["https:\/\/demo.akomi.it\/erbyshop\/fr\/conditions-generales-de-vente\/"]}]},{"@type":"BreadcrumbList","@id":"https:\/\/demo.akomi.it\/erbyshop\/fr\/conditions-generales-de-vente\/#breadcrumb","itemListElement":[{"@type":"ListItem","position":1,"name":"Home","item":"https:\/\/demo.akomi.it\/erbyshop\/fr\/"},{"@type":"ListItem","position":2,"name":"Conditions g\u00e9n\u00e9rales de vente"}]},{"@type":"WebSite","@id":"https:\/\/demo.akomi.it\/erbyshop\/fr\/#website","url":"https:\/\/demo.akomi.it\/erbyshop\/fr\/","name":"FR","description":"Il prato intelligente","potentialAction":[{"@type":"SearchAction","target":{"@type":"EntryPoint","urlTemplate":"https:\/\/demo.akomi.it\/erbyshop\/fr\/?s={search_term_string}"},"query-input":{"@type":"PropertyValueSpecification","valueRequired":true,"valueName":"search_term_string"}}],"inLanguage":"fr-FR"}]}},"_links":{"self":[{"href":"https:\/\/demo.akomi.it\/erbyshop\/fr\/wp-json\/wp\/v2\/pages\/108","targetHints":{"allow":["GET"]}}],"collection":[{"href":"https:\/\/demo.akomi.it\/erbyshop\/fr\/wp-json\/wp\/v2\/pages"}],"about":[{"href":"https:\/\/demo.akomi.it\/erbyshop\/fr\/wp-json\/wp\/v2\/types\/page"}],"author":[{"embeddable":true,"href":"https:\/\/demo.akomi.it\/erbyshop\/fr\/wp-json\/wp\/v2\/users\/1"}],"replies":[{"embeddable":true,"href":"https:\/\/demo.akomi.it\/erbyshop\/fr\/wp-json\/wp\/v2\/comments?post=108"}],"version-history":[{"count":2,"href":"https:\/\/demo.akomi.it\/erbyshop\/fr\/wp-json\/wp\/v2\/pages\/108\/revisions"}],"predecessor-version":[{"id":7338,"href":"https:\/\/demo.akomi.it\/erbyshop\/fr\/wp-json\/wp\/v2\/pages\/108\/revisions\/7338"}],"wp:attachment":[{"href":"https:\/\/demo.akomi.it\/erbyshop\/fr\/wp-json\/wp\/v2\/media?parent=108"}],"curies":[{"name":"wp","href":"https:\/\/api.w.org\/{rel}","templated":true}]}}