{"id":110,"date":"2022-01-24T12:30:04","date_gmt":"2022-01-24T11:30:04","guid":{"rendered":"https:\/\/www.demo.akomi.it\/erbyshop\/fr\/?page_id=110"},"modified":"2025-05-13T13:10:48","modified_gmt":"2025-05-13T11:10:48","slug":"expeditions","status":"publish","type":"page","link":"https:\/\/demo.akomi.it\/erbyshop\/fr\/expeditions\/","title":{"rendered":"Expeditions"},"content":{"rendered":"<p><strong>SPEDIZIONI<\/strong><\/p>\n<table class=\"table table-striped  table-spese-spedizione\">\n<tbody>\n<tr>\n<th class=\"c-nome\" scope=\"row\">POIDS<\/th>\n<td class=\"c-valore\"><strong>Co\u00fbt hors TVA<\/strong><\/td>\n<\/tr>\n<tr>\n<th class=\"c-nome\" scope=\"row\">jusqu&#8217;\u00e0 5 kg<\/th>\n<td class=\"c-valore\">16,49\u20ac<\/td>\n<\/tr>\n<tr>\n<th class=\"c-nome\" scope=\"row\">jusqu&#8217;\u00e0 15 kg<\/th>\n<td class=\"c-valore\">29,18\u20ac<\/td>\n<\/tr>\n<tr>\n<th class=\"c-nome\" scope=\"row\">jusqu&#8217;\u00e0 30 kg<\/th>\n<td class=\"c-valore\">38,06\u20ac<\/td>\n<\/tr>\n<tr>\n<th class=\"c-nome\" scope=\"row\">jusqu&#8217;\u00e0 50 kg<\/th>\n<td class=\"c-valore\">50,75\u20ac<\/td>\n<\/tr>\n<tr>\n<th class=\"c-nome\" scope=\"row\">jusqu&#8217;\u00e0 100 kg<\/th>\n<td class=\"c-valore\">88,82\u20ac<\/td>\n<\/tr>\n<tr>\n<th class=\"c-nome\" scope=\"row\">jusqu&#8217;\u00e0 200 kg<\/th>\n<td class=\"c-valore\">126,88\u20ac<\/td>\n<\/tr>\n<tr>\n<th class=\"c-nome\" scope=\"row\">jusqu&#8217;\u00e0 300 kg<\/th>\n<td class=\"c-valore\">164,94\u20ac<\/td>\n<\/tr>\n<tr>\n<th class=\"c-nome\" scope=\"row\">jusqu&#8217;\u00e0 400 kg<\/th>\n<td class=\"c-valore\">196,66\u20ac<\/td>\n<\/tr>\n<tr>\n<th class=\"c-nome\" scope=\"row\">jusqu&#8217;\u00e0 500 kg<\/th>\n<td class=\"c-valore\">234,73\u20ac<\/td>\n<\/tr>\n<tr>\n<th class=\"c-nome\" scope=\"row\">jusqu&#8217;\u00e0 600 kg<\/th>\n<td class=\"c-valore\">298,17\u20ac<\/td>\n<\/tr>\n<tr>\n<th class=\"c-nome\" scope=\"row\">jusqu&#8217;\u00e0 700 kg<\/th>\n<td class=\"c-valore\">361,61\u20ac<\/td>\n<\/tr>\n<tr>\n<th class=\"c-nome\" scope=\"row\">jusqu&#8217;\u00e0 800 kg<\/th>\n<td class=\"c-valore\">425,05\u20ac<\/td>\n<\/tr>\n<tr>\n<th class=\"c-nome\" scope=\"row\">jusqu&#8217;\u00e0 900 kg<\/th>\n<td class=\"c-valore\">488,49\u20ac<\/td>\n<\/tr>\n<tr>\n<th class=\"c-nome\" scope=\"row\">jusqu&#8217;\u00e0 1000 kg<\/th>\n<td class=\"c-valore\">634,40\u20ac<\/td>\n<\/tr>\n<tr>\n<th class=\"c-nome\" scope=\"row\">jusqu&#8217;\u00e0 1100 kg<\/th>\n<td class=\"c-valore\">761,28\u20ac<\/td>\n<\/tr>\n<tr>\n<th class=\"c-nome\" scope=\"row\">jusqu&#8217;\u00e0 1200 kg<\/th>\n<td class=\"c-valore\">862,78\u20ac<\/td>\n<\/tr>\n<tr>\n<th class=\"c-nome\" scope=\"row\">jusqu&#8217;\u00e0 1300 kg<\/th>\n<td class=\"c-valore\">964,29\u20ac<\/td>\n<\/tr>\n<tr>\n<th class=\"c-nome\" scope=\"row\">jusqu&#8217;\u00e0 1400 kg<\/th>\n<td class=\"c-valore\">1.065,79\u20ac<\/td>\n<\/tr>\n<tr>\n<th class=\"c-nome\" scope=\"row\">jusqu&#8217;\u00e0 1500 kg<\/th>\n<td class=\"c-valore\">1.167,30\u20ac<\/td>\n<\/tr>\n<tr>\n<th class=\"c-nome\" scope=\"row\">PLUS DE 1500 kg<\/th>\n<td class=\"c-valore\">livraison gratuite<\/td>\n<\/tr>\n<\/tbody>\n<\/table>\n<p>Toutes les commandes n\u00e9cessitant une exp\u00e9dition seront remises au transporteur express dans un d\u00e9lai de 3 jours ouvrables, sauf si un retrait sur place est express\u00e9ment demand\u00e9.<\/p>\n<p>La livraison des produits aura lieu \u00e0 l&#8217;adresse fournie par l&#8217;acheteur dans les d\u00e9lais et modalit\u00e9s \u00e9tablis par le syst\u00e8me choisi (nous ne sommes pas responsables des \u00e9ventuels retards imputables au transporteur).<\/p>\n<p>Si n\u00e9cessaire, nous pouvons fournir au client le code de suivi de l&#8217;envoi, pour v\u00e9rifier son statut et sa progression.<\/p>\n<p>Si le colis que vous avez exp\u00e9di\u00e9 est en stockage, nous vous en informerons et ferons tout notre possible pour vous aider \u00e0 r\u00e9soudre le probl\u00e8me. Cependant, nous ne sommes pas responsables des pertes et\/ou dommages survenant pendant le transport. Dans ces cas, vous devrez contacter directement le support client du transporteur qui a effectu\u00e9 le transport.<\/p>\n<p>A r\u00e9ception de la marchandise, v\u00e9rifiez que la commande est compl\u00e8te, correcte, et qu&#8217;il n&#8217;y a pas de produits manquants et\/ou endommag\u00e9s.<br \/>\nPour tout probl\u00e8me, vous pouvez nous contacter \u00e0 l&#8217;adresse e-mail info@erbyshop.itPour tout probl\u00e8me, vous pouvez nous contacter \u00e0 l&#8217;adresse e-mail <a href=\"mailto:info@erbyshop.it\">info@erbyshop.it<\/a><\/p>\n<p><strong>ATTENTION &#8211; EXP\u00c9DITION DE PALETTES ET DE MARCHANDISES VOLUMINEUSES<\/strong><br \/>\nLes services de livraison sur rendez-vous et l&#8217;avis de livraison doivent \u00eatre demand\u00e9s lors de la commande dans la section notes, sinon le coursier livrera sans aucun pr\u00e9avis.<br \/>\n\u00c9tant donn\u00e9 que les marchandises volumineuses ne voyagent PAS avec le coursier express classique MAIS avec un transporteur d\u00e9di\u00e9, s&#8217;il n&#8217;y a personne \u00e0 destination pour r\u00e9cup\u00e9rer la marchandise, le client devra payer les frais de relivraison (sur rendez-vous).<\/p>\n<p><strong>DROIT DE R\u00c9TRACTATION<\/strong><br \/>\nLe client priv\u00e9 peut exercer son droit de r\u00e9tractation dans un d\u00e9lai de 14 jours ouvrables \u00e0 compter de la r\u00e9ception de la marchandise, uniquement dans le cas d&#8217;accessoires et de bobines enti\u00e8res de 25 m de longueur non coup\u00e9es sur mesure.<\/p>\n<p>Toutefois, les clients qui ach\u00e8tent avec un num\u00e9ro de TVA et les particuliers qui ont achet\u00e9 des bobines coup\u00e9es sur mesure (dont la taille initiale \u00e9tait de 25 m a \u00e9t\u00e9 r\u00e9duite par d\u00e9coupe) ne peuvent pas exercer le droit de r\u00e9tractation.<\/p>\n<p>Pour demander un retour, le Client doit nous contacter par email ou par t\u00e9l\u00e9phone en indiquant ses coordonn\u00e9es et l&#8217;article ou les articles pour lesquels il souhaite effectuer un retour.<\/p>\n<p>Les instructions pour l&#8217;exp\u00e9dition du produit seront ensuite communiqu\u00e9es, celui-ci devant \u00eatre intact et bien emball\u00e9.<\/p>\n<p>Dans le cas o\u00f9 le colis retourn\u00e9 contiendrait des articles manquants ou endommag\u00e9s, le retour ne pourra pas \u00eatre effectu\u00e9.<\/p>\n<p>Pour obtenir un remboursement, le Client devra, \u00e0 ses frais, retourner les produits achet\u00e9s \u00e0 l&#8217;adresse indiqu\u00e9e et communiquer les coordonn\u00e9es de son compte bancaire ou une adresse PayPal, pour nous permettre de proc\u00e9der au remboursement.<\/p>\n<p>Le paiement sera effectu\u00e9 dans les jours suivant la confirmation du retour.<\/p>\n","protected":false},"excerpt":{"rendered":"<p>SPEDIZIONI POIDS Co\u00fbt hors TVA jusqu&#8217;\u00e0 5 kg 16,49\u20ac jusqu&#8217;\u00e0 15 kg 29,18\u20ac jusqu&#8217;\u00e0 30 kg 38,06\u20ac jusqu&#8217;\u00e0 50 kg 50,75\u20ac jusqu&#8217;\u00e0 100 kg 88,82\u20ac jusqu&#8217;\u00e0 200 kg 126,88\u20ac jusqu&#8217;\u00e0 300 kg 164,94\u20ac jusqu&#8217;\u00e0 400 kg 196,66\u20ac jusqu&#8217;\u00e0 500 kg 234,73\u20ac jusqu&#8217;\u00e0 600 kg 298,17\u20ac jusqu&#8217;\u00e0 700 kg 361,61\u20ac jusqu&#8217;\u00e0 800 kg 425,05\u20ac jusqu&#8217;\u00e0 900 &hellip; <a href=\"https:\/\/demo.akomi.it\/erbyshop\/fr\/expeditions\/\">Continued<\/a><\/p>\n","protected":false},"author":1,"featured_media":0,"parent":0,"menu_order":44,"comment_status":"closed","ping_status":"closed","template":"template-policy.php","meta":{"footnotes":""},"class_list":["post-110","page","type-page","status-publish","hentry"],"acf":[],"yoast_head":"<!-- This site is optimized with the Yoast SEO plugin v24.5 - https:\/\/yoast.com\/wordpress\/plugins\/seo\/ -->\n<title>Exp\u00e9ditions | Erby<\/title>\n<meta name=\"description\" content=\"Sur la page Exp\u00e9ditions, vous trouverez toutes les informations concernant les exp\u00e9ditions et le droit de r\u00e9tractation.\" \/>\n<meta name=\"robots\" content=\"noindex, follow\" \/>\n<meta property=\"og:locale\" content=\"fr_FR\" \/>\n<meta property=\"og:type\" content=\"article\" \/>\n<meta property=\"og:title\" content=\"Exp\u00e9ditions | Erby\" \/>\n<meta property=\"og:description\" content=\"Sur la page Exp\u00e9ditions, vous trouverez toutes les informations concernant les exp\u00e9ditions et le droit de r\u00e9tractation.\" \/>\n<meta property=\"og:url\" content=\"https:\/\/demo.akomi.it\/erbyshop\/fr\/expeditions\/\" \/>\n<meta property=\"og:site_name\" content=\"FR\" \/>\n<meta property=\"article:modified_time\" content=\"2025-05-13T11:10:48+00:00\" \/>\n<meta name=\"twitter:card\" content=\"summary_large_image\" \/>\n<meta name=\"twitter:label1\" content=\"Dur\u00e9e de lecture estim\u00e9e\" \/>\n\t<meta name=\"twitter:data1\" content=\"3 minutes\" \/>\n<script type=\"application\/ld+json\" class=\"yoast-schema-graph\">{\"@context\":\"https:\/\/schema.org\",\"@graph\":[{\"@type\":\"WebPage\",\"@id\":\"https:\/\/demo.akomi.it\/erbyshop\/fr\/expeditions\/\",\"url\":\"https:\/\/demo.akomi.it\/erbyshop\/fr\/expeditions\/\",\"name\":\"Exp\u00e9ditions | Erby\",\"isPartOf\":{\"@id\":\"https:\/\/demo.akomi.it\/erbyshop\/fr\/#website\"},\"datePublished\":\"2022-01-24T11:30:04+00:00\",\"dateModified\":\"2025-05-13T11:10:48+00:00\",\"description\":\"Sur la page Exp\u00e9ditions, vous trouverez toutes les informations concernant les exp\u00e9ditions et le droit de r\u00e9tractation.\",\"breadcrumb\":{\"@id\":\"https:\/\/demo.akomi.it\/erbyshop\/fr\/expeditions\/#breadcrumb\"},\"inLanguage\":\"fr-FR\",\"potentialAction\":[{\"@type\":\"ReadAction\",\"target\":[\"https:\/\/demo.akomi.it\/erbyshop\/fr\/expeditions\/\"]}]},{\"@type\":\"BreadcrumbList\",\"@id\":\"https:\/\/demo.akomi.it\/erbyshop\/fr\/expeditions\/#breadcrumb\",\"itemListElement\":[{\"@type\":\"ListItem\",\"position\":1,\"name\":\"Home\",\"item\":\"https:\/\/demo.akomi.it\/erbyshop\/fr\/\"},{\"@type\":\"ListItem\",\"position\":2,\"name\":\"Expeditions\"}]},{\"@type\":\"WebSite\",\"@id\":\"https:\/\/demo.akomi.it\/erbyshop\/fr\/#website\",\"url\":\"https:\/\/demo.akomi.it\/erbyshop\/fr\/\",\"name\":\"FR\",\"description\":\"Il prato intelligente\",\"potentialAction\":[{\"@type\":\"SearchAction\",\"target\":{\"@type\":\"EntryPoint\",\"urlTemplate\":\"https:\/\/demo.akomi.it\/erbyshop\/fr\/?s={search_term_string}\"},\"query-input\":{\"@type\":\"PropertyValueSpecification\",\"valueRequired\":true,\"valueName\":\"search_term_string\"}}],\"inLanguage\":\"fr-FR\"}]}<\/script>\n<!-- \/ Yoast SEO plugin. -->","yoast_head_json":{"title":"Exp\u00e9ditions | Erby","description":"Sur la page Exp\u00e9ditions, vous trouverez toutes les informations concernant les exp\u00e9ditions et le droit de r\u00e9tractation.","robots":{"index":"noindex","follow":"follow"},"og_locale":"fr_FR","og_type":"article","og_title":"Exp\u00e9ditions | Erby","og_description":"Sur la page Exp\u00e9ditions, vous trouverez toutes les informations concernant les exp\u00e9ditions et le droit de r\u00e9tractation.","og_url":"https:\/\/demo.akomi.it\/erbyshop\/fr\/expeditions\/","og_site_name":"FR","article_modified_time":"2025-05-13T11:10:48+00:00","twitter_card":"summary_large_image","twitter_misc":{"Dur\u00e9e de lecture estim\u00e9e":"3 minutes"},"schema":{"@context":"https:\/\/schema.org","@graph":[{"@type":"WebPage","@id":"https:\/\/demo.akomi.it\/erbyshop\/fr\/expeditions\/","url":"https:\/\/demo.akomi.it\/erbyshop\/fr\/expeditions\/","name":"Exp\u00e9ditions | Erby","isPartOf":{"@id":"https:\/\/demo.akomi.it\/erbyshop\/fr\/#website"},"datePublished":"2022-01-24T11:30:04+00:00","dateModified":"2025-05-13T11:10:48+00:00","description":"Sur la page Exp\u00e9ditions, vous trouverez toutes les informations concernant les exp\u00e9ditions et le droit de r\u00e9tractation.","breadcrumb":{"@id":"https:\/\/demo.akomi.it\/erbyshop\/fr\/expeditions\/#breadcrumb"},"inLanguage":"fr-FR","potentialAction":[{"@type":"ReadAction","target":["https:\/\/demo.akomi.it\/erbyshop\/fr\/expeditions\/"]}]},{"@type":"BreadcrumbList","@id":"https:\/\/demo.akomi.it\/erbyshop\/fr\/expeditions\/#breadcrumb","itemListElement":[{"@type":"ListItem","position":1,"name":"Home","item":"https:\/\/demo.akomi.it\/erbyshop\/fr\/"},{"@type":"ListItem","position":2,"name":"Expeditions"}]},{"@type":"WebSite","@id":"https:\/\/demo.akomi.it\/erbyshop\/fr\/#website","url":"https:\/\/demo.akomi.it\/erbyshop\/fr\/","name":"FR","description":"Il prato intelligente","potentialAction":[{"@type":"SearchAction","target":{"@type":"EntryPoint","urlTemplate":"https:\/\/demo.akomi.it\/erbyshop\/fr\/?s={search_term_string}"},"query-input":{"@type":"PropertyValueSpecification","valueRequired":true,"valueName":"search_term_string"}}],"inLanguage":"fr-FR"}]}},"_links":{"self":[{"href":"https:\/\/demo.akomi.it\/erbyshop\/fr\/wp-json\/wp\/v2\/pages\/110","targetHints":{"allow":["GET"]}}],"collection":[{"href":"https:\/\/demo.akomi.it\/erbyshop\/fr\/wp-json\/wp\/v2\/pages"}],"about":[{"href":"https:\/\/demo.akomi.it\/erbyshop\/fr\/wp-json\/wp\/v2\/types\/page"}],"author":[{"embeddable":true,"href":"https:\/\/demo.akomi.it\/erbyshop\/fr\/wp-json\/wp\/v2\/users\/1"}],"replies":[{"embeddable":true,"href":"https:\/\/demo.akomi.it\/erbyshop\/fr\/wp-json\/wp\/v2\/comments?post=110"}],"version-history":[{"count":4,"href":"https:\/\/demo.akomi.it\/erbyshop\/fr\/wp-json\/wp\/v2\/pages\/110\/revisions"}],"predecessor-version":[{"id":7621,"href":"https:\/\/demo.akomi.it\/erbyshop\/fr\/wp-json\/wp\/v2\/pages\/110\/revisions\/7621"}],"wp:attachment":[{"href":"https:\/\/demo.akomi.it\/erbyshop\/fr\/wp-json\/wp\/v2\/media?parent=110"}],"curies":[{"name":"wp","href":"https:\/\/api.w.org\/{rel}","templated":true}]}}