{"id":112,"date":"2022-01-24T12:30:16","date_gmt":"2022-01-24T11:30:16","guid":{"rendered":"https:\/\/www.demo.akomi.it\/erbyshop\/fr\/?page_id=112"},"modified":"2025-04-24T16:57:50","modified_gmt":"2025-04-24T14:57:50","slug":"paiements-acceptes","status":"publish","type":"page","link":"https:\/\/demo.akomi.it\/erbyshop\/fr\/paiements-acceptes\/","title":{"rendered":"Paiements accept\u00e9s"},"content":{"rendered":"<p>L&#8217;ex\u00e9cution de la commande se fera avec le mode de paiement choisi lors de la commande.<\/p>\n<p>Plus pr\u00e9cis\u00e9ment, il sera possible d&#8217;utiliser l&#8217;un des modes de paiement s\u00e9curis\u00e9s suivants :<\/p>\n<ul>\n<li><strong>PayPal<\/strong><br \/>\nVous pourrez proc\u00e9der au paiement via votre compte PayPal (ou avec une carte de cr\u00e9dit via PayPal). En choisissant cette option de paiement, \u00e0 la fin de la commande, apr\u00e8s la confirmation de l&#8217;achat, il vous sera demand\u00e9 de vous connecter \u00e0 votre compte PayPal pour proc\u00e9der au paiement. Les informations fournies seront enti\u00e8rement g\u00e9r\u00e9es par PayPal afin de garantir la s\u00e9curit\u00e9 totale de la transaction.<\/li>\n<li><strong>Cartes de Cr\u00e9dit via le syst\u00e8me Stripe<\/strong><br \/>\nVous pourrez proc\u00e9der au paiement par carte de cr\u00e9dit via le syst\u00e8me s\u00e9curis\u00e9 Stripe. En choisissant cette m\u00e9thode, vous devrez entrer les informations de votre carte de cr\u00e9dit pour compl\u00e9ter la transaction. Les informations fournies seront enti\u00e8rement g\u00e9r\u00e9es par Stripe afin de garantir la s\u00e9curit\u00e9 totale de la transaction.<\/li>\n<li><strong>Virement Bancaire<\/strong><br \/>\nEn choisissant le paiement par virement bancaire, vous recevrez \u00e0 la fois \u00e0 l&#8217;\u00e9cran et par e-mail les instructions et les coordonn\u00e9es pour effectuer le paiement. La commande sera trait\u00e9e une fois que le paiement sera cr\u00e9dit\u00e9 sur le compte bancaire.<\/li>\n<\/ul>\n","protected":false},"excerpt":{"rendered":"<p>L&#8217;ex\u00e9cution de la commande se fera avec le mode de paiement choisi lors de la commande. Plus pr\u00e9cis\u00e9ment, il sera possible d&#8217;utiliser l&#8217;un des modes de paiement s\u00e9curis\u00e9s suivants : PayPal Vous pourrez proc\u00e9der au paiement via votre compte PayPal (ou avec une carte de cr\u00e9dit via PayPal). En choisissant cette option de paiement, \u00e0 &hellip; <a href=\"https:\/\/demo.akomi.it\/erbyshop\/fr\/paiements-acceptes\/\">Continued<\/a><\/p>\n","protected":false},"author":1,"featured_media":0,"parent":0,"menu_order":36,"comment_status":"closed","ping_status":"closed","template":"template-policy.php","meta":{"footnotes":""},"class_list":["post-112","page","type-page","status-publish","hentry"],"acf":[],"yoast_head":"<!-- This site is optimized with the Yoast SEO plugin v24.5 - https:\/\/yoast.com\/wordpress\/plugins\/seo\/ -->\n<title>Paiements accept\u00e9s | Erby<\/title>\n<meta name=\"description\" content=\"Cette page pr\u00e9sente tous les modes de paiement accept\u00e9s par Erby.\" \/>\n<meta name=\"robots\" content=\"noindex, follow\" \/>\n<meta property=\"og:locale\" content=\"fr_FR\" \/>\n<meta property=\"og:type\" content=\"article\" \/>\n<meta property=\"og:title\" content=\"Paiements accept\u00e9s | Erby\" \/>\n<meta property=\"og:description\" content=\"Cette page pr\u00e9sente tous les modes de paiement accept\u00e9s par Erby.\" \/>\n<meta property=\"og:url\" content=\"https:\/\/demo.akomi.it\/erbyshop\/fr\/paiements-acceptes\/\" \/>\n<meta property=\"og:site_name\" content=\"FR\" \/>\n<meta property=\"article:modified_time\" content=\"2025-04-24T14:57:50+00:00\" \/>\n<meta name=\"twitter:card\" content=\"summary_large_image\" \/>\n<meta name=\"twitter:label1\" content=\"Dur\u00e9e de lecture estim\u00e9e\" \/>\n\t<meta name=\"twitter:data1\" content=\"1 minute\" \/>\n<script type=\"application\/ld+json\" class=\"yoast-schema-graph\">{\"@context\":\"https:\/\/schema.org\",\"@graph\":[{\"@type\":\"WebPage\",\"@id\":\"https:\/\/demo.akomi.it\/erbyshop\/fr\/paiements-acceptes\/\",\"url\":\"https:\/\/demo.akomi.it\/erbyshop\/fr\/paiements-acceptes\/\",\"name\":\"Paiements accept\u00e9s | Erby\",\"isPartOf\":{\"@id\":\"https:\/\/demo.akomi.it\/erbyshop\/fr\/#website\"},\"datePublished\":\"2022-01-24T11:30:16+00:00\",\"dateModified\":\"2025-04-24T14:57:50+00:00\",\"description\":\"Cette page pr\u00e9sente tous les modes de paiement accept\u00e9s par Erby.\",\"breadcrumb\":{\"@id\":\"https:\/\/demo.akomi.it\/erbyshop\/fr\/paiements-acceptes\/#breadcrumb\"},\"inLanguage\":\"fr-FR\",\"potentialAction\":[{\"@type\":\"ReadAction\",\"target\":[\"https:\/\/demo.akomi.it\/erbyshop\/fr\/paiements-acceptes\/\"]}]},{\"@type\":\"BreadcrumbList\",\"@id\":\"https:\/\/demo.akomi.it\/erbyshop\/fr\/paiements-acceptes\/#breadcrumb\",\"itemListElement\":[{\"@type\":\"ListItem\",\"position\":1,\"name\":\"Home\",\"item\":\"https:\/\/demo.akomi.it\/erbyshop\/fr\/\"},{\"@type\":\"ListItem\",\"position\":2,\"name\":\"Paiements accept\u00e9s\"}]},{\"@type\":\"WebSite\",\"@id\":\"https:\/\/demo.akomi.it\/erbyshop\/fr\/#website\",\"url\":\"https:\/\/demo.akomi.it\/erbyshop\/fr\/\",\"name\":\"FR\",\"description\":\"Il prato intelligente\",\"potentialAction\":[{\"@type\":\"SearchAction\",\"target\":{\"@type\":\"EntryPoint\",\"urlTemplate\":\"https:\/\/demo.akomi.it\/erbyshop\/fr\/?s={search_term_string}\"},\"query-input\":{\"@type\":\"PropertyValueSpecification\",\"valueRequired\":true,\"valueName\":\"search_term_string\"}}],\"inLanguage\":\"fr-FR\"}]}<\/script>\n<!-- \/ Yoast SEO plugin. -->","yoast_head_json":{"title":"Paiements accept\u00e9s | Erby","description":"Cette page pr\u00e9sente tous les modes de paiement accept\u00e9s par Erby.","robots":{"index":"noindex","follow":"follow"},"og_locale":"fr_FR","og_type":"article","og_title":"Paiements accept\u00e9s | Erby","og_description":"Cette page pr\u00e9sente tous les modes de paiement accept\u00e9s par Erby.","og_url":"https:\/\/demo.akomi.it\/erbyshop\/fr\/paiements-acceptes\/","og_site_name":"FR","article_modified_time":"2025-04-24T14:57:50+00:00","twitter_card":"summary_large_image","twitter_misc":{"Dur\u00e9e de lecture estim\u00e9e":"1 minute"},"schema":{"@context":"https:\/\/schema.org","@graph":[{"@type":"WebPage","@id":"https:\/\/demo.akomi.it\/erbyshop\/fr\/paiements-acceptes\/","url":"https:\/\/demo.akomi.it\/erbyshop\/fr\/paiements-acceptes\/","name":"Paiements accept\u00e9s | Erby","isPartOf":{"@id":"https:\/\/demo.akomi.it\/erbyshop\/fr\/#website"},"datePublished":"2022-01-24T11:30:16+00:00","dateModified":"2025-04-24T14:57:50+00:00","description":"Cette page pr\u00e9sente tous les modes de paiement accept\u00e9s par Erby.","breadcrumb":{"@id":"https:\/\/demo.akomi.it\/erbyshop\/fr\/paiements-acceptes\/#breadcrumb"},"inLanguage":"fr-FR","potentialAction":[{"@type":"ReadAction","target":["https:\/\/demo.akomi.it\/erbyshop\/fr\/paiements-acceptes\/"]}]},{"@type":"BreadcrumbList","@id":"https:\/\/demo.akomi.it\/erbyshop\/fr\/paiements-acceptes\/#breadcrumb","itemListElement":[{"@type":"ListItem","position":1,"name":"Home","item":"https:\/\/demo.akomi.it\/erbyshop\/fr\/"},{"@type":"ListItem","position":2,"name":"Paiements accept\u00e9s"}]},{"@type":"WebSite","@id":"https:\/\/demo.akomi.it\/erbyshop\/fr\/#website","url":"https:\/\/demo.akomi.it\/erbyshop\/fr\/","name":"FR","description":"Il prato intelligente","potentialAction":[{"@type":"SearchAction","target":{"@type":"EntryPoint","urlTemplate":"https:\/\/demo.akomi.it\/erbyshop\/fr\/?s={search_term_string}"},"query-input":{"@type":"PropertyValueSpecification","valueRequired":true,"valueName":"search_term_string"}}],"inLanguage":"fr-FR"}]}},"_links":{"self":[{"href":"https:\/\/demo.akomi.it\/erbyshop\/fr\/wp-json\/wp\/v2\/pages\/112","targetHints":{"allow":["GET"]}}],"collection":[{"href":"https:\/\/demo.akomi.it\/erbyshop\/fr\/wp-json\/wp\/v2\/pages"}],"about":[{"href":"https:\/\/demo.akomi.it\/erbyshop\/fr\/wp-json\/wp\/v2\/types\/page"}],"author":[{"embeddable":true,"href":"https:\/\/demo.akomi.it\/erbyshop\/fr\/wp-json\/wp\/v2\/users\/1"}],"replies":[{"embeddable":true,"href":"https:\/\/demo.akomi.it\/erbyshop\/fr\/wp-json\/wp\/v2\/comments?post=112"}],"version-history":[{"count":2,"href":"https:\/\/demo.akomi.it\/erbyshop\/fr\/wp-json\/wp\/v2\/pages\/112\/revisions"}],"predecessor-version":[{"id":7361,"href":"https:\/\/demo.akomi.it\/erbyshop\/fr\/wp-json\/wp\/v2\/pages\/112\/revisions\/7361"}],"wp:attachment":[{"href":"https:\/\/demo.akomi.it\/erbyshop\/fr\/wp-json\/wp\/v2\/media?parent=112"}],"curies":[{"name":"wp","href":"https:\/\/api.w.org\/{rel}","templated":true}]}}