{"id":1620,"date":"2022-03-01T09:18:26","date_gmt":"2022-03-01T08:18:26","guid":{"rendered":"https:\/\/www.demo.akomi.it\/erbyshop\/fr\/?page_id=1620"},"modified":"2025-04-24T16:51:49","modified_gmt":"2025-04-24T14:51:49","slug":"gazon-synthetique-pour-animaux-domestiques","status":"publish","type":"page","link":"https:\/\/demo.akomi.it\/erbyshop\/fr\/guide-achat-gazon-synthetique\/gazon-synthetique-pour-animaux-domestiques\/","title":{"rendered":"Gazons synth\u00e9tiques pour animaux de compagnie"},"content":{"rendered":"","protected":false},"excerpt":{"rendered":"","protected":false},"author":1,"featured_media":0,"parent":96,"menu_order":32,"comment_status":"closed","ping_status":"closed","template":"template-prati-sintetici-animali-domestici.php","meta":{"footnotes":""},"class_list":["post-1620","page","type-page","status-publish","hentry"],"acf":[],"yoast_head":"<!-- This site is optimized with the Yoast SEO plugin v24.5 - https:\/\/yoast.com\/wordpress\/plugins\/seo\/ -->\n<title>Gazon synth\u00e9tique pour animaux domestiques | Erby<\/title>\n<meta name=\"description\" content=\"Le gazon synth\u00e9tique est id\u00e9al pour vos animaux domestiques. Il r\u00e9siste \u00e0 un usage intensif, ne se d\u00e9colore pas et \u00e9vite les trous et la boue.\" \/>\n<meta name=\"robots\" content=\"index, follow, max-snippet:-1, max-image-preview:large, max-video-preview:-1\" \/>\n<link rel=\"canonical\" href=\"https:\/\/demo.akomi.it\/erbyshop\/fr\/guide-achat-gazon-synthetique\/gazon-synthetique-pour-animaux-domestiques\/\" \/>\n<meta property=\"og:locale\" content=\"fr_FR\" \/>\n<meta property=\"og:type\" content=\"article\" \/>\n<meta property=\"og:title\" content=\"Gazon synth\u00e9tique pour animaux domestiques | Erby\" \/>\n<meta property=\"og:description\" content=\"Le gazon synth\u00e9tique est id\u00e9al pour vos animaux domestiques. Il r\u00e9siste \u00e0 un usage intensif, ne se d\u00e9colore pas et \u00e9vite les trous et la boue.\" \/>\n<meta property=\"og:url\" content=\"https:\/\/demo.akomi.it\/erbyshop\/fr\/guide-achat-gazon-synthetique\/gazon-synthetique-pour-animaux-domestiques\/\" \/>\n<meta property=\"og:site_name\" content=\"FR\" \/>\n<meta property=\"article:modified_time\" content=\"2025-04-24T14:51:49+00:00\" \/>\n<meta name=\"twitter:card\" content=\"summary_large_image\" \/>\n<script type=\"application\/ld+json\" class=\"yoast-schema-graph\">{\"@context\":\"https:\/\/schema.org\",\"@graph\":[{\"@type\":\"WebPage\",\"@id\":\"https:\/\/demo.akomi.it\/erbyshop\/fr\/guide-achat-gazon-synthetique\/gazon-synthetique-pour-animaux-domestiques\/\",\"url\":\"https:\/\/demo.akomi.it\/erbyshop\/fr\/guide-achat-gazon-synthetique\/gazon-synthetique-pour-animaux-domestiques\/\",\"name\":\"Gazon synth\u00e9tique pour animaux domestiques | Erby\",\"isPartOf\":{\"@id\":\"https:\/\/demo.akomi.it\/erbyshop\/fr\/#website\"},\"datePublished\":\"2022-03-01T08:18:26+00:00\",\"dateModified\":\"2025-04-24T14:51:49+00:00\",\"description\":\"Le gazon synth\u00e9tique est id\u00e9al pour vos animaux domestiques. Il r\u00e9siste \u00e0 un usage intensif, ne se d\u00e9colore pas et \u00e9vite les trous et la boue.\",\"breadcrumb\":{\"@id\":\"https:\/\/demo.akomi.it\/erbyshop\/fr\/guide-achat-gazon-synthetique\/gazon-synthetique-pour-animaux-domestiques\/#breadcrumb\"},\"inLanguage\":\"fr-FR\",\"potentialAction\":[{\"@type\":\"ReadAction\",\"target\":[\"https:\/\/demo.akomi.it\/erbyshop\/fr\/guide-achat-gazon-synthetique\/gazon-synthetique-pour-animaux-domestiques\/\"]}]},{\"@type\":\"BreadcrumbList\",\"@id\":\"https:\/\/demo.akomi.it\/erbyshop\/fr\/guide-achat-gazon-synthetique\/gazon-synthetique-pour-animaux-domestiques\/#breadcrumb\",\"itemListElement\":[{\"@type\":\"ListItem\",\"position\":1,\"name\":\"Home\",\"item\":\"https:\/\/demo.akomi.it\/erbyshop\/fr\/\"},{\"@type\":\"ListItem\",\"position\":2,\"name\":\"Guide d&#8217;achat\",\"item\":\"https:\/\/demo.akomi.it\/erbyshop\/fr\/guide-achat-gazon-synthetique\/\"},{\"@type\":\"ListItem\",\"position\":3,\"name\":\"Gazons synth\u00e9tiques pour animaux de compagnie\"}]},{\"@type\":\"WebSite\",\"@id\":\"https:\/\/demo.akomi.it\/erbyshop\/fr\/#website\",\"url\":\"https:\/\/demo.akomi.it\/erbyshop\/fr\/\",\"name\":\"FR\",\"description\":\"Il prato intelligente\",\"potentialAction\":[{\"@type\":\"SearchAction\",\"target\":{\"@type\":\"EntryPoint\",\"urlTemplate\":\"https:\/\/demo.akomi.it\/erbyshop\/fr\/?s={search_term_string}\"},\"query-input\":{\"@type\":\"PropertyValueSpecification\",\"valueRequired\":true,\"valueName\":\"search_term_string\"}}],\"inLanguage\":\"fr-FR\"}]}<\/script>\n<!-- \/ Yoast SEO plugin. -->","yoast_head_json":{"title":"Gazon synth\u00e9tique pour animaux domestiques | Erby","description":"Le gazon synth\u00e9tique est id\u00e9al pour vos animaux domestiques. Il r\u00e9siste \u00e0 un usage intensif, ne se d\u00e9colore pas et \u00e9vite les trous et la boue.","robots":{"index":"index","follow":"follow","max-snippet":"max-snippet:-1","max-image-preview":"max-image-preview:large","max-video-preview":"max-video-preview:-1"},"canonical":"https:\/\/demo.akomi.it\/erbyshop\/fr\/guide-achat-gazon-synthetique\/gazon-synthetique-pour-animaux-domestiques\/","og_locale":"fr_FR","og_type":"article","og_title":"Gazon synth\u00e9tique pour animaux domestiques | Erby","og_description":"Le gazon synth\u00e9tique est id\u00e9al pour vos animaux domestiques. Il r\u00e9siste \u00e0 un usage intensif, ne se d\u00e9colore pas et \u00e9vite les trous et la boue.","og_url":"https:\/\/demo.akomi.it\/erbyshop\/fr\/guide-achat-gazon-synthetique\/gazon-synthetique-pour-animaux-domestiques\/","og_site_name":"FR","article_modified_time":"2025-04-24T14:51:49+00:00","twitter_card":"summary_large_image","schema":{"@context":"https:\/\/schema.org","@graph":[{"@type":"WebPage","@id":"https:\/\/demo.akomi.it\/erbyshop\/fr\/guide-achat-gazon-synthetique\/gazon-synthetique-pour-animaux-domestiques\/","url":"https:\/\/demo.akomi.it\/erbyshop\/fr\/guide-achat-gazon-synthetique\/gazon-synthetique-pour-animaux-domestiques\/","name":"Gazon synth\u00e9tique pour animaux domestiques | Erby","isPartOf":{"@id":"https:\/\/demo.akomi.it\/erbyshop\/fr\/#website"},"datePublished":"2022-03-01T08:18:26+00:00","dateModified":"2025-04-24T14:51:49+00:00","description":"Le gazon synth\u00e9tique est id\u00e9al pour vos animaux domestiques. Il r\u00e9siste \u00e0 un usage intensif, ne se d\u00e9colore pas et \u00e9vite les trous et la boue.","breadcrumb":{"@id":"https:\/\/demo.akomi.it\/erbyshop\/fr\/guide-achat-gazon-synthetique\/gazon-synthetique-pour-animaux-domestiques\/#breadcrumb"},"inLanguage":"fr-FR","potentialAction":[{"@type":"ReadAction","target":["https:\/\/demo.akomi.it\/erbyshop\/fr\/guide-achat-gazon-synthetique\/gazon-synthetique-pour-animaux-domestiques\/"]}]},{"@type":"BreadcrumbList","@id":"https:\/\/demo.akomi.it\/erbyshop\/fr\/guide-achat-gazon-synthetique\/gazon-synthetique-pour-animaux-domestiques\/#breadcrumb","itemListElement":[{"@type":"ListItem","position":1,"name":"Home","item":"https:\/\/demo.akomi.it\/erbyshop\/fr\/"},{"@type":"ListItem","position":2,"name":"Guide d&#8217;achat","item":"https:\/\/demo.akomi.it\/erbyshop\/fr\/guide-achat-gazon-synthetique\/"},{"@type":"ListItem","position":3,"name":"Gazons synth\u00e9tiques pour animaux de compagnie"}]},{"@type":"WebSite","@id":"https:\/\/demo.akomi.it\/erbyshop\/fr\/#website","url":"https:\/\/demo.akomi.it\/erbyshop\/fr\/","name":"FR","description":"Il prato intelligente","potentialAction":[{"@type":"SearchAction","target":{"@type":"EntryPoint","urlTemplate":"https:\/\/demo.akomi.it\/erbyshop\/fr\/?s={search_term_string}"},"query-input":{"@type":"PropertyValueSpecification","valueRequired":true,"valueName":"search_term_string"}}],"inLanguage":"fr-FR"}]}},"_links":{"self":[{"href":"https:\/\/demo.akomi.it\/erbyshop\/fr\/wp-json\/wp\/v2\/pages\/1620","targetHints":{"allow":["GET"]}}],"collection":[{"href":"https:\/\/demo.akomi.it\/erbyshop\/fr\/wp-json\/wp\/v2\/pages"}],"about":[{"href":"https:\/\/demo.akomi.it\/erbyshop\/fr\/wp-json\/wp\/v2\/types\/page"}],"author":[{"embeddable":true,"href":"https:\/\/demo.akomi.it\/erbyshop\/fr\/wp-json\/wp\/v2\/users\/1"}],"replies":[{"embeddable":true,"href":"https:\/\/demo.akomi.it\/erbyshop\/fr\/wp-json\/wp\/v2\/comments?post=1620"}],"version-history":[{"count":2,"href":"https:\/\/demo.akomi.it\/erbyshop\/fr\/wp-json\/wp\/v2\/pages\/1620\/revisions"}],"predecessor-version":[{"id":7355,"href":"https:\/\/demo.akomi.it\/erbyshop\/fr\/wp-json\/wp\/v2\/pages\/1620\/revisions\/7355"}],"up":[{"embeddable":true,"href":"https:\/\/demo.akomi.it\/erbyshop\/fr\/wp-json\/wp\/v2\/pages\/96"}],"wp:attachment":[{"href":"https:\/\/demo.akomi.it\/erbyshop\/fr\/wp-json\/wp\/v2\/media?parent=1620"}],"curies":[{"name":"wp","href":"https:\/\/api.w.org\/{rel}","templated":true}]}}