{"id":335,"date":"2022-01-27T16:00:26","date_gmt":"2022-01-27T15:00:26","guid":{"rendered":"https:\/\/www.demo.akomi.it\/erbyshop\/fr\/?page_id=335"},"modified":"2025-05-12T10:08:24","modified_gmt":"2025-05-12T08:08:24","slug":"questions-frequentes-gazon-synthetique","status":"publish","type":"page","link":"https:\/\/demo.akomi.it\/erbyshop\/fr\/questions-frequentes-gazon-synthetique\/","title":{"rendered":"Faq"},"content":{"rendered":"","protected":false},"excerpt":{"rendered":"","protected":false},"author":1,"featured_media":0,"parent":0,"menu_order":10,"comment_status":"closed","ping_status":"closed","template":"template-faq.php","meta":{"footnotes":""},"class_list":["post-335","page","type-page","status-publish","hentry"],"acf":[],"yoast_head":"<!-- This site is optimized with the Yoast SEO plugin v24.5 - https:\/\/yoast.com\/wordpress\/plugins\/seo\/ -->\n<title>Tout savoir sur le gazon synth\u00e9tique \u2013 Questions fr\u00e9quentes et conseils | Erby<\/title>\n<meta name=\"description\" content=\"Dans cette section, nous r\u00e9pondons \u00e0 toutes vos questions sur le gazon synth\u00e9tique: durabilit\u00e9, entretien, animaux domestiques et bien plus encore.\" \/>\n<meta name=\"robots\" content=\"index, follow, max-snippet:-1, max-image-preview:large, max-video-preview:-1\" \/>\n<link rel=\"canonical\" href=\"https:\/\/demo.akomi.it\/erbyshop\/fr\/questions-frequentes-gazon-synthetique\/\" \/>\n<meta property=\"og:locale\" content=\"fr_FR\" \/>\n<meta property=\"og:type\" content=\"article\" \/>\n<meta property=\"og:title\" content=\"Tout savoir sur le gazon synth\u00e9tique \u2013 Questions fr\u00e9quentes et conseils | Erby\" \/>\n<meta property=\"og:description\" content=\"Dans cette section, nous r\u00e9pondons \u00e0 toutes vos questions sur le gazon synth\u00e9tique: durabilit\u00e9, entretien, animaux domestiques et bien plus encore.\" \/>\n<meta property=\"og:url\" content=\"https:\/\/demo.akomi.it\/erbyshop\/fr\/questions-frequentes-gazon-synthetique\/\" \/>\n<meta property=\"og:site_name\" content=\"FR\" \/>\n<meta property=\"article:modified_time\" content=\"2025-05-12T08:08:24+00:00\" \/>\n<meta name=\"twitter:card\" content=\"summary_large_image\" \/>\n<script type=\"application\/ld+json\" class=\"yoast-schema-graph\">{\"@context\":\"https:\/\/schema.org\",\"@graph\":[{\"@type\":\"WebPage\",\"@id\":\"https:\/\/demo.akomi.it\/erbyshop\/fr\/questions-frequentes-gazon-synthetique\/\",\"url\":\"https:\/\/demo.akomi.it\/erbyshop\/fr\/questions-frequentes-gazon-synthetique\/\",\"name\":\"Tout savoir sur le gazon synth\u00e9tique \u2013 Questions fr\u00e9quentes et conseils | Erby\",\"isPartOf\":{\"@id\":\"https:\/\/demo.akomi.it\/erbyshop\/fr\/#website\"},\"datePublished\":\"2022-01-27T15:00:26+00:00\",\"dateModified\":\"2025-05-12T08:08:24+00:00\",\"description\":\"Dans cette section, nous r\u00e9pondons \u00e0 toutes vos questions sur le gazon synth\u00e9tique: durabilit\u00e9, entretien, animaux domestiques et bien plus encore.\",\"breadcrumb\":{\"@id\":\"https:\/\/demo.akomi.it\/erbyshop\/fr\/questions-frequentes-gazon-synthetique\/#breadcrumb\"},\"inLanguage\":\"fr-FR\",\"potentialAction\":[{\"@type\":\"ReadAction\",\"target\":[\"https:\/\/demo.akomi.it\/erbyshop\/fr\/questions-frequentes-gazon-synthetique\/\"]}]},{\"@type\":\"BreadcrumbList\",\"@id\":\"https:\/\/demo.akomi.it\/erbyshop\/fr\/questions-frequentes-gazon-synthetique\/#breadcrumb\",\"itemListElement\":[{\"@type\":\"ListItem\",\"position\":1,\"name\":\"Home\",\"item\":\"https:\/\/demo.akomi.it\/erbyshop\/fr\/\"},{\"@type\":\"ListItem\",\"position\":2,\"name\":\"Faq\"}]},{\"@type\":\"WebSite\",\"@id\":\"https:\/\/demo.akomi.it\/erbyshop\/fr\/#website\",\"url\":\"https:\/\/demo.akomi.it\/erbyshop\/fr\/\",\"name\":\"FR\",\"description\":\"Il prato intelligente\",\"potentialAction\":[{\"@type\":\"SearchAction\",\"target\":{\"@type\":\"EntryPoint\",\"urlTemplate\":\"https:\/\/demo.akomi.it\/erbyshop\/fr\/?s={search_term_string}\"},\"query-input\":{\"@type\":\"PropertyValueSpecification\",\"valueRequired\":true,\"valueName\":\"search_term_string\"}}],\"inLanguage\":\"fr-FR\"}]}<\/script>\n<!-- \/ Yoast SEO plugin. -->","yoast_head_json":{"title":"Tout savoir sur le gazon synth\u00e9tique \u2013 Questions fr\u00e9quentes et conseils | Erby","description":"Dans cette section, nous r\u00e9pondons \u00e0 toutes vos questions sur le gazon synth\u00e9tique: durabilit\u00e9, entretien, animaux domestiques et bien plus encore.","robots":{"index":"index","follow":"follow","max-snippet":"max-snippet:-1","max-image-preview":"max-image-preview:large","max-video-preview":"max-video-preview:-1"},"canonical":"https:\/\/demo.akomi.it\/erbyshop\/fr\/questions-frequentes-gazon-synthetique\/","og_locale":"fr_FR","og_type":"article","og_title":"Tout savoir sur le gazon synth\u00e9tique \u2013 Questions fr\u00e9quentes et conseils | Erby","og_description":"Dans cette section, nous r\u00e9pondons \u00e0 toutes vos questions sur le gazon synth\u00e9tique: durabilit\u00e9, entretien, animaux domestiques et bien plus encore.","og_url":"https:\/\/demo.akomi.it\/erbyshop\/fr\/questions-frequentes-gazon-synthetique\/","og_site_name":"FR","article_modified_time":"2025-05-12T08:08:24+00:00","twitter_card":"summary_large_image","schema":{"@context":"https:\/\/schema.org","@graph":[{"@type":"WebPage","@id":"https:\/\/demo.akomi.it\/erbyshop\/fr\/questions-frequentes-gazon-synthetique\/","url":"https:\/\/demo.akomi.it\/erbyshop\/fr\/questions-frequentes-gazon-synthetique\/","name":"Tout savoir sur le gazon synth\u00e9tique \u2013 Questions fr\u00e9quentes et conseils | Erby","isPartOf":{"@id":"https:\/\/demo.akomi.it\/erbyshop\/fr\/#website"},"datePublished":"2022-01-27T15:00:26+00:00","dateModified":"2025-05-12T08:08:24+00:00","description":"Dans cette section, nous r\u00e9pondons \u00e0 toutes vos questions sur le gazon synth\u00e9tique: durabilit\u00e9, entretien, animaux domestiques et bien plus encore.","breadcrumb":{"@id":"https:\/\/demo.akomi.it\/erbyshop\/fr\/questions-frequentes-gazon-synthetique\/#breadcrumb"},"inLanguage":"fr-FR","potentialAction":[{"@type":"ReadAction","target":["https:\/\/demo.akomi.it\/erbyshop\/fr\/questions-frequentes-gazon-synthetique\/"]}]},{"@type":"BreadcrumbList","@id":"https:\/\/demo.akomi.it\/erbyshop\/fr\/questions-frequentes-gazon-synthetique\/#breadcrumb","itemListElement":[{"@type":"ListItem","position":1,"name":"Home","item":"https:\/\/demo.akomi.it\/erbyshop\/fr\/"},{"@type":"ListItem","position":2,"name":"Faq"}]},{"@type":"WebSite","@id":"https:\/\/demo.akomi.it\/erbyshop\/fr\/#website","url":"https:\/\/demo.akomi.it\/erbyshop\/fr\/","name":"FR","description":"Il prato intelligente","potentialAction":[{"@type":"SearchAction","target":{"@type":"EntryPoint","urlTemplate":"https:\/\/demo.akomi.it\/erbyshop\/fr\/?s={search_term_string}"},"query-input":{"@type":"PropertyValueSpecification","valueRequired":true,"valueName":"search_term_string"}}],"inLanguage":"fr-FR"}]}},"_links":{"self":[{"href":"https:\/\/demo.akomi.it\/erbyshop\/fr\/wp-json\/wp\/v2\/pages\/335","targetHints":{"allow":["GET"]}}],"collection":[{"href":"https:\/\/demo.akomi.it\/erbyshop\/fr\/wp-json\/wp\/v2\/pages"}],"about":[{"href":"https:\/\/demo.akomi.it\/erbyshop\/fr\/wp-json\/wp\/v2\/types\/page"}],"author":[{"embeddable":true,"href":"https:\/\/demo.akomi.it\/erbyshop\/fr\/wp-json\/wp\/v2\/users\/1"}],"replies":[{"embeddable":true,"href":"https:\/\/demo.akomi.it\/erbyshop\/fr\/wp-json\/wp\/v2\/comments?post=335"}],"version-history":[{"count":4,"href":"https:\/\/demo.akomi.it\/erbyshop\/fr\/wp-json\/wp\/v2\/pages\/335\/revisions"}],"predecessor-version":[{"id":7616,"href":"https:\/\/demo.akomi.it\/erbyshop\/fr\/wp-json\/wp\/v2\/pages\/335\/revisions\/7616"}],"wp:attachment":[{"href":"https:\/\/demo.akomi.it\/erbyshop\/fr\/wp-json\/wp\/v2\/media?parent=335"}],"curies":[{"name":"wp","href":"https:\/\/api.w.org\/{rel}","templated":true}]}}