{"id":4,"date":"2022-01-11T09:58:25","date_gmt":"2022-01-11T08:58:25","guid":{"rendered":"https:\/\/www.demo.akomi.it\/erbyshop\/fr\/contatti\/"},"modified":"2025-05-12T10:52:16","modified_gmt":"2025-05-12T08:52:16","slug":"contact-erby","status":"publish","type":"page","link":"https:\/\/demo.akomi.it\/erbyshop\/fr\/contact-erby\/","title":{"rendered":"Contacts"},"content":{"rendered":"","protected":false},"excerpt":{"rendered":"","protected":false},"author":1,"featured_media":0,"parent":0,"menu_order":24,"comment_status":"closed","ping_status":"closed","template":"template-contatti.php","meta":{"footnotes":""},"class_list":["post-4","page","type-page","status-publish","hentry"],"acf":[],"yoast_head":"<!-- This site is optimized with the Yoast SEO plugin v24.5 - https:\/\/yoast.com\/wordpress\/plugins\/seo\/ -->\n<title>Contactez Erby | E-commerce gazon synth\u00e9tique et v\u00e9g\u00e9tation verticale<\/title>\n<meta name=\"description\" content=\"Vous souhaitez contacter l&#039;\u00e9quipe d&#039;Erby? Remplissez le formulaire et nous r\u00e9pondrons \u00e0 votre demande dans les plus brefs d\u00e9lais.\" \/>\n<meta name=\"robots\" content=\"index, follow, max-snippet:-1, max-image-preview:large, max-video-preview:-1\" \/>\n<link rel=\"canonical\" href=\"https:\/\/demo.akomi.it\/erbyshop\/fr\/contact-erby\/\" \/>\n<meta property=\"og:locale\" content=\"fr_FR\" \/>\n<meta property=\"og:type\" content=\"article\" \/>\n<meta property=\"og:title\" content=\"Contactez Erby | E-commerce gazon synth\u00e9tique et v\u00e9g\u00e9tation verticale\" \/>\n<meta property=\"og:description\" content=\"Vous souhaitez contacter l&#039;\u00e9quipe d&#039;Erby? Remplissez le formulaire et nous r\u00e9pondrons \u00e0 votre demande dans les plus brefs d\u00e9lais.\" \/>\n<meta property=\"og:url\" content=\"https:\/\/demo.akomi.it\/erbyshop\/fr\/contact-erby\/\" \/>\n<meta property=\"og:site_name\" content=\"FR\" \/>\n<meta property=\"article:modified_time\" content=\"2025-05-12T08:52:16+00:00\" \/>\n<meta name=\"twitter:card\" content=\"summary_large_image\" \/>\n<script type=\"application\/ld+json\" class=\"yoast-schema-graph\">{\"@context\":\"https:\/\/schema.org\",\"@graph\":[{\"@type\":\"WebPage\",\"@id\":\"https:\/\/demo.akomi.it\/erbyshop\/fr\/contact-erby\/\",\"url\":\"https:\/\/demo.akomi.it\/erbyshop\/fr\/contact-erby\/\",\"name\":\"Contactez Erby | E-commerce gazon synth\u00e9tique et v\u00e9g\u00e9tation verticale\",\"isPartOf\":{\"@id\":\"https:\/\/demo.akomi.it\/erbyshop\/fr\/#website\"},\"datePublished\":\"2022-01-11T08:58:25+00:00\",\"dateModified\":\"2025-05-12T08:52:16+00:00\",\"description\":\"Vous souhaitez contacter l'\u00e9quipe d'Erby? Remplissez le formulaire et nous r\u00e9pondrons \u00e0 votre demande dans les plus brefs d\u00e9lais.\",\"breadcrumb\":{\"@id\":\"https:\/\/demo.akomi.it\/erbyshop\/fr\/contact-erby\/#breadcrumb\"},\"inLanguage\":\"fr-FR\",\"potentialAction\":[{\"@type\":\"ReadAction\",\"target\":[\"https:\/\/demo.akomi.it\/erbyshop\/fr\/contact-erby\/\"]}]},{\"@type\":\"BreadcrumbList\",\"@id\":\"https:\/\/demo.akomi.it\/erbyshop\/fr\/contact-erby\/#breadcrumb\",\"itemListElement\":[{\"@type\":\"ListItem\",\"position\":1,\"name\":\"Home\",\"item\":\"https:\/\/demo.akomi.it\/erbyshop\/fr\/\"},{\"@type\":\"ListItem\",\"position\":2,\"name\":\"Contacts\"}]},{\"@type\":\"WebSite\",\"@id\":\"https:\/\/demo.akomi.it\/erbyshop\/fr\/#website\",\"url\":\"https:\/\/demo.akomi.it\/erbyshop\/fr\/\",\"name\":\"FR\",\"description\":\"Il prato intelligente\",\"potentialAction\":[{\"@type\":\"SearchAction\",\"target\":{\"@type\":\"EntryPoint\",\"urlTemplate\":\"https:\/\/demo.akomi.it\/erbyshop\/fr\/?s={search_term_string}\"},\"query-input\":{\"@type\":\"PropertyValueSpecification\",\"valueRequired\":true,\"valueName\":\"search_term_string\"}}],\"inLanguage\":\"fr-FR\"}]}<\/script>\n<!-- \/ Yoast SEO plugin. -->","yoast_head_json":{"title":"Contactez Erby | E-commerce gazon synth\u00e9tique et v\u00e9g\u00e9tation verticale","description":"Vous souhaitez contacter l'\u00e9quipe d'Erby? Remplissez le formulaire et nous r\u00e9pondrons \u00e0 votre demande dans les plus brefs d\u00e9lais.","robots":{"index":"index","follow":"follow","max-snippet":"max-snippet:-1","max-image-preview":"max-image-preview:large","max-video-preview":"max-video-preview:-1"},"canonical":"https:\/\/demo.akomi.it\/erbyshop\/fr\/contact-erby\/","og_locale":"fr_FR","og_type":"article","og_title":"Contactez Erby | E-commerce gazon synth\u00e9tique et v\u00e9g\u00e9tation verticale","og_description":"Vous souhaitez contacter l'\u00e9quipe d'Erby? Remplissez le formulaire et nous r\u00e9pondrons \u00e0 votre demande dans les plus brefs d\u00e9lais.","og_url":"https:\/\/demo.akomi.it\/erbyshop\/fr\/contact-erby\/","og_site_name":"FR","article_modified_time":"2025-05-12T08:52:16+00:00","twitter_card":"summary_large_image","schema":{"@context":"https:\/\/schema.org","@graph":[{"@type":"WebPage","@id":"https:\/\/demo.akomi.it\/erbyshop\/fr\/contact-erby\/","url":"https:\/\/demo.akomi.it\/erbyshop\/fr\/contact-erby\/","name":"Contactez Erby | E-commerce gazon synth\u00e9tique et v\u00e9g\u00e9tation verticale","isPartOf":{"@id":"https:\/\/demo.akomi.it\/erbyshop\/fr\/#website"},"datePublished":"2022-01-11T08:58:25+00:00","dateModified":"2025-05-12T08:52:16+00:00","description":"Vous souhaitez contacter l'\u00e9quipe d'Erby? Remplissez le formulaire et nous r\u00e9pondrons \u00e0 votre demande dans les plus brefs d\u00e9lais.","breadcrumb":{"@id":"https:\/\/demo.akomi.it\/erbyshop\/fr\/contact-erby\/#breadcrumb"},"inLanguage":"fr-FR","potentialAction":[{"@type":"ReadAction","target":["https:\/\/demo.akomi.it\/erbyshop\/fr\/contact-erby\/"]}]},{"@type":"BreadcrumbList","@id":"https:\/\/demo.akomi.it\/erbyshop\/fr\/contact-erby\/#breadcrumb","itemListElement":[{"@type":"ListItem","position":1,"name":"Home","item":"https:\/\/demo.akomi.it\/erbyshop\/fr\/"},{"@type":"ListItem","position":2,"name":"Contacts"}]},{"@type":"WebSite","@id":"https:\/\/demo.akomi.it\/erbyshop\/fr\/#website","url":"https:\/\/demo.akomi.it\/erbyshop\/fr\/","name":"FR","description":"Il prato intelligente","potentialAction":[{"@type":"SearchAction","target":{"@type":"EntryPoint","urlTemplate":"https:\/\/demo.akomi.it\/erbyshop\/fr\/?s={search_term_string}"},"query-input":{"@type":"PropertyValueSpecification","valueRequired":true,"valueName":"search_term_string"}}],"inLanguage":"fr-FR"}]}},"_links":{"self":[{"href":"https:\/\/demo.akomi.it\/erbyshop\/fr\/wp-json\/wp\/v2\/pages\/4","targetHints":{"allow":["GET"]}}],"collection":[{"href":"https:\/\/demo.akomi.it\/erbyshop\/fr\/wp-json\/wp\/v2\/pages"}],"about":[{"href":"https:\/\/demo.akomi.it\/erbyshop\/fr\/wp-json\/wp\/v2\/types\/page"}],"author":[{"embeddable":true,"href":"https:\/\/demo.akomi.it\/erbyshop\/fr\/wp-json\/wp\/v2\/users\/1"}],"replies":[{"embeddable":true,"href":"https:\/\/demo.akomi.it\/erbyshop\/fr\/wp-json\/wp\/v2\/comments?post=4"}],"version-history":[{"count":4,"href":"https:\/\/demo.akomi.it\/erbyshop\/fr\/wp-json\/wp\/v2\/pages\/4\/revisions"}],"predecessor-version":[{"id":7618,"href":"https:\/\/demo.akomi.it\/erbyshop\/fr\/wp-json\/wp\/v2\/pages\/4\/revisions\/7618"}],"wp:attachment":[{"href":"https:\/\/demo.akomi.it\/erbyshop\/fr\/wp-json\/wp\/v2\/media?parent=4"}],"curies":[{"name":"wp","href":"https:\/\/api.w.org\/{rel}","templated":true}]}}