{"id":72,"date":"2022-01-24T09:34:55","date_gmt":"2022-01-24T08:34:55","guid":{"rendered":"https:\/\/www.demo.akomi.it\/erbyshop\/fr\/?page_id=72"},"modified":"2025-04-24T17:14:58","modified_gmt":"2025-04-24T15:14:58","slug":"devis-pose-gazon-synthetique","status":"publish","type":"page","link":"https:\/\/demo.akomi.it\/erbyshop\/fr\/devis-pour-jardins\/devis-pose-gazon-synthetique\/","title":{"rendered":"Devis pour la pose de gazon synth\u00e9tique"},"content":{"rendered":"","protected":false},"excerpt":{"rendered":"","protected":false},"author":1,"featured_media":0,"parent":68,"menu_order":41,"comment_status":"closed","ping_status":"closed","template":"template-preventivo.php","meta":{"footnotes":""},"class_list":["post-72","page","type-page","status-publish","hentry"],"acf":[],"yoast_head":"<!-- This site is optimized with the Yoast SEO plugin v24.5 - https:\/\/yoast.com\/wordpress\/plugins\/seo\/ -->\n<title>Devis pose gazon synth\u00e9tique | Devis gratuit pour la pose<\/title>\n<meta name=\"description\" content=\"Demandez un devis gratuit pour d\u00e9couvrir le prix de notre service de pose de gazon synth\u00e9tique dans votre jardin.\" \/>\n<meta name=\"robots\" content=\"index, follow, max-snippet:-1, max-image-preview:large, max-video-preview:-1\" \/>\n<link rel=\"canonical\" href=\"https:\/\/demo.akomi.it\/erbyshop\/fr\/devis-pour-jardins\/devis-pose-gazon-synthetique\/\" \/>\n<meta property=\"og:locale\" content=\"fr_FR\" \/>\n<meta property=\"og:type\" content=\"article\" \/>\n<meta property=\"og:title\" content=\"Devis pose gazon synth\u00e9tique | Devis gratuit pour la pose\" \/>\n<meta property=\"og:description\" content=\"Demandez un devis gratuit pour d\u00e9couvrir le prix de notre service de pose de gazon synth\u00e9tique dans votre jardin.\" \/>\n<meta property=\"og:url\" content=\"https:\/\/demo.akomi.it\/erbyshop\/fr\/devis-pour-jardins\/devis-pose-gazon-synthetique\/\" \/>\n<meta property=\"og:site_name\" content=\"FR\" \/>\n<meta property=\"article:modified_time\" content=\"2025-04-24T15:14:58+00:00\" \/>\n<meta name=\"twitter:card\" content=\"summary_large_image\" \/>\n<script type=\"application\/ld+json\" class=\"yoast-schema-graph\">{\"@context\":\"https:\/\/schema.org\",\"@graph\":[{\"@type\":\"WebPage\",\"@id\":\"https:\/\/demo.akomi.it\/erbyshop\/fr\/devis-pour-jardins\/devis-pose-gazon-synthetique\/\",\"url\":\"https:\/\/demo.akomi.it\/erbyshop\/fr\/devis-pour-jardins\/devis-pose-gazon-synthetique\/\",\"name\":\"Devis pose gazon synth\u00e9tique | Devis gratuit pour la pose\",\"isPartOf\":{\"@id\":\"https:\/\/demo.akomi.it\/erbyshop\/fr\/#website\"},\"datePublished\":\"2022-01-24T08:34:55+00:00\",\"dateModified\":\"2025-04-24T15:14:58+00:00\",\"description\":\"Demandez un devis gratuit pour d\u00e9couvrir le prix de notre service de pose de gazon synth\u00e9tique dans votre jardin.\",\"breadcrumb\":{\"@id\":\"https:\/\/demo.akomi.it\/erbyshop\/fr\/devis-pour-jardins\/devis-pose-gazon-synthetique\/#breadcrumb\"},\"inLanguage\":\"fr-FR\",\"potentialAction\":[{\"@type\":\"ReadAction\",\"target\":[\"https:\/\/demo.akomi.it\/erbyshop\/fr\/devis-pour-jardins\/devis-pose-gazon-synthetique\/\"]}]},{\"@type\":\"BreadcrumbList\",\"@id\":\"https:\/\/demo.akomi.it\/erbyshop\/fr\/devis-pour-jardins\/devis-pose-gazon-synthetique\/#breadcrumb\",\"itemListElement\":[{\"@type\":\"ListItem\",\"position\":1,\"name\":\"Home\",\"item\":\"https:\/\/demo.akomi.it\/erbyshop\/fr\/\"},{\"@type\":\"ListItem\",\"position\":2,\"name\":\"Demander un devis\",\"item\":\"https:\/\/demo.akomi.it\/erbyshop\/fr\/devis-pour-jardins\/\"},{\"@type\":\"ListItem\",\"position\":3,\"name\":\"Devis pour la pose de gazon synth\u00e9tique\"}]},{\"@type\":\"WebSite\",\"@id\":\"https:\/\/demo.akomi.it\/erbyshop\/fr\/#website\",\"url\":\"https:\/\/demo.akomi.it\/erbyshop\/fr\/\",\"name\":\"FR\",\"description\":\"Il prato intelligente\",\"potentialAction\":[{\"@type\":\"SearchAction\",\"target\":{\"@type\":\"EntryPoint\",\"urlTemplate\":\"https:\/\/demo.akomi.it\/erbyshop\/fr\/?s={search_term_string}\"},\"query-input\":{\"@type\":\"PropertyValueSpecification\",\"valueRequired\":true,\"valueName\":\"search_term_string\"}}],\"inLanguage\":\"fr-FR\"}]}<\/script>\n<!-- \/ Yoast SEO plugin. -->","yoast_head_json":{"title":"Devis pose gazon synth\u00e9tique | Devis gratuit pour la pose","description":"Demandez un devis gratuit pour d\u00e9couvrir le prix de notre service de pose de gazon synth\u00e9tique dans votre jardin.","robots":{"index":"index","follow":"follow","max-snippet":"max-snippet:-1","max-image-preview":"max-image-preview:large","max-video-preview":"max-video-preview:-1"},"canonical":"https:\/\/demo.akomi.it\/erbyshop\/fr\/devis-pour-jardins\/devis-pose-gazon-synthetique\/","og_locale":"fr_FR","og_type":"article","og_title":"Devis pose gazon synth\u00e9tique | Devis gratuit pour la pose","og_description":"Demandez un devis gratuit pour d\u00e9couvrir le prix de notre service de pose de gazon synth\u00e9tique dans votre jardin.","og_url":"https:\/\/demo.akomi.it\/erbyshop\/fr\/devis-pour-jardins\/devis-pose-gazon-synthetique\/","og_site_name":"FR","article_modified_time":"2025-04-24T15:14:58+00:00","twitter_card":"summary_large_image","schema":{"@context":"https:\/\/schema.org","@graph":[{"@type":"WebPage","@id":"https:\/\/demo.akomi.it\/erbyshop\/fr\/devis-pour-jardins\/devis-pose-gazon-synthetique\/","url":"https:\/\/demo.akomi.it\/erbyshop\/fr\/devis-pour-jardins\/devis-pose-gazon-synthetique\/","name":"Devis pose gazon synth\u00e9tique | Devis gratuit pour la pose","isPartOf":{"@id":"https:\/\/demo.akomi.it\/erbyshop\/fr\/#website"},"datePublished":"2022-01-24T08:34:55+00:00","dateModified":"2025-04-24T15:14:58+00:00","description":"Demandez un devis gratuit pour d\u00e9couvrir le prix de notre service de pose de gazon synth\u00e9tique dans votre jardin.","breadcrumb":{"@id":"https:\/\/demo.akomi.it\/erbyshop\/fr\/devis-pour-jardins\/devis-pose-gazon-synthetique\/#breadcrumb"},"inLanguage":"fr-FR","potentialAction":[{"@type":"ReadAction","target":["https:\/\/demo.akomi.it\/erbyshop\/fr\/devis-pour-jardins\/devis-pose-gazon-synthetique\/"]}]},{"@type":"BreadcrumbList","@id":"https:\/\/demo.akomi.it\/erbyshop\/fr\/devis-pour-jardins\/devis-pose-gazon-synthetique\/#breadcrumb","itemListElement":[{"@type":"ListItem","position":1,"name":"Home","item":"https:\/\/demo.akomi.it\/erbyshop\/fr\/"},{"@type":"ListItem","position":2,"name":"Demander un devis","item":"https:\/\/demo.akomi.it\/erbyshop\/fr\/devis-pour-jardins\/"},{"@type":"ListItem","position":3,"name":"Devis pour la pose de gazon synth\u00e9tique"}]},{"@type":"WebSite","@id":"https:\/\/demo.akomi.it\/erbyshop\/fr\/#website","url":"https:\/\/demo.akomi.it\/erbyshop\/fr\/","name":"FR","description":"Il prato intelligente","potentialAction":[{"@type":"SearchAction","target":{"@type":"EntryPoint","urlTemplate":"https:\/\/demo.akomi.it\/erbyshop\/fr\/?s={search_term_string}"},"query-input":{"@type":"PropertyValueSpecification","valueRequired":true,"valueName":"search_term_string"}}],"inLanguage":"fr-FR"}]}},"_links":{"self":[{"href":"https:\/\/demo.akomi.it\/erbyshop\/fr\/wp-json\/wp\/v2\/pages\/72","targetHints":{"allow":["GET"]}}],"collection":[{"href":"https:\/\/demo.akomi.it\/erbyshop\/fr\/wp-json\/wp\/v2\/pages"}],"about":[{"href":"https:\/\/demo.akomi.it\/erbyshop\/fr\/wp-json\/wp\/v2\/types\/page"}],"author":[{"embeddable":true,"href":"https:\/\/demo.akomi.it\/erbyshop\/fr\/wp-json\/wp\/v2\/users\/1"}],"replies":[{"embeddable":true,"href":"https:\/\/demo.akomi.it\/erbyshop\/fr\/wp-json\/wp\/v2\/comments?post=72"}],"version-history":[{"count":1,"href":"https:\/\/demo.akomi.it\/erbyshop\/fr\/wp-json\/wp\/v2\/pages\/72\/revisions"}],"predecessor-version":[{"id":7368,"href":"https:\/\/demo.akomi.it\/erbyshop\/fr\/wp-json\/wp\/v2\/pages\/72\/revisions\/7368"}],"up":[{"embeddable":true,"href":"https:\/\/demo.akomi.it\/erbyshop\/fr\/wp-json\/wp\/v2\/pages\/68"}],"wp:attachment":[{"href":"https:\/\/demo.akomi.it\/erbyshop\/fr\/wp-json\/wp\/v2\/media?parent=72"}],"curies":[{"name":"wp","href":"https:\/\/api.w.org\/{rel}","templated":true}]}}