{"id":96,"date":"2022-01-24T11:00:06","date_gmt":"2022-01-24T10:00:06","guid":{"rendered":"https:\/\/www.demo.akomi.it\/erbyshop\/fr\/?page_id=96"},"modified":"2025-04-24T16:22:49","modified_gmt":"2025-04-24T14:22:49","slug":"guide-achat-gazon-synthetique","status":"publish","type":"page","link":"https:\/\/demo.akomi.it\/erbyshop\/fr\/guide-achat-gazon-synthetique\/","title":{"rendered":"Guide d&#8217;achat"},"content":{"rendered":"","protected":false},"excerpt":{"rendered":"","protected":false},"author":1,"featured_media":0,"parent":0,"menu_order":26,"comment_status":"closed","ping_status":"closed","template":"template-guida-acquisto.php","meta":{"footnotes":""},"class_list":["post-96","page","type-page","status-publish","hentry"],"acf":[],"yoast_head":"<!-- This site is optimized with the Yoast SEO plugin v24.5 - https:\/\/yoast.com\/wordpress\/plugins\/seo\/ -->\n<title>Guide d&#039;achat du gazon synth\u00e9tique | Erby<\/title>\n<meta name=\"description\" content=\"Gr\u00e2ce \u00e0 notre guide d&#039;achat, choisir le gazon synth\u00e9tique pour votre jardin n&#039;a jamais \u00e9t\u00e9 aussi simple. Faites confiance aux conseils d&#039;Erby.\" \/>\n<meta name=\"robots\" content=\"index, follow, max-snippet:-1, max-image-preview:large, max-video-preview:-1\" \/>\n<link rel=\"canonical\" href=\"https:\/\/demo.akomi.it\/erbyshop\/fr\/guide-achat-gazon-synthetique\/\" \/>\n<meta property=\"og:locale\" content=\"fr_FR\" \/>\n<meta property=\"og:type\" content=\"article\" \/>\n<meta property=\"og:title\" content=\"Guide d&#039;achat du gazon synth\u00e9tique | Erby\" \/>\n<meta property=\"og:description\" content=\"Gr\u00e2ce \u00e0 notre guide d&#039;achat, choisir le gazon synth\u00e9tique pour votre jardin n&#039;a jamais \u00e9t\u00e9 aussi simple. Faites confiance aux conseils d&#039;Erby.\" \/>\n<meta property=\"og:url\" content=\"https:\/\/demo.akomi.it\/erbyshop\/fr\/guide-achat-gazon-synthetique\/\" \/>\n<meta property=\"og:site_name\" content=\"FR\" \/>\n<meta property=\"article:modified_time\" content=\"2025-04-24T14:22:49+00:00\" \/>\n<meta name=\"twitter:card\" content=\"summary_large_image\" \/>\n<script type=\"application\/ld+json\" class=\"yoast-schema-graph\">{\"@context\":\"https:\/\/schema.org\",\"@graph\":[{\"@type\":\"WebPage\",\"@id\":\"https:\/\/demo.akomi.it\/erbyshop\/fr\/guide-achat-gazon-synthetique\/\",\"url\":\"https:\/\/demo.akomi.it\/erbyshop\/fr\/guide-achat-gazon-synthetique\/\",\"name\":\"Guide d'achat du gazon synth\u00e9tique | Erby\",\"isPartOf\":{\"@id\":\"https:\/\/demo.akomi.it\/erbyshop\/fr\/#website\"},\"datePublished\":\"2022-01-24T10:00:06+00:00\",\"dateModified\":\"2025-04-24T14:22:49+00:00\",\"description\":\"Gr\u00e2ce \u00e0 notre guide d'achat, choisir le gazon synth\u00e9tique pour votre jardin n'a jamais \u00e9t\u00e9 aussi simple. Faites confiance aux conseils d'Erby.\",\"breadcrumb\":{\"@id\":\"https:\/\/demo.akomi.it\/erbyshop\/fr\/guide-achat-gazon-synthetique\/#breadcrumb\"},\"inLanguage\":\"fr-FR\",\"potentialAction\":[{\"@type\":\"ReadAction\",\"target\":[\"https:\/\/demo.akomi.it\/erbyshop\/fr\/guide-achat-gazon-synthetique\/\"]}]},{\"@type\":\"BreadcrumbList\",\"@id\":\"https:\/\/demo.akomi.it\/erbyshop\/fr\/guide-achat-gazon-synthetique\/#breadcrumb\",\"itemListElement\":[{\"@type\":\"ListItem\",\"position\":1,\"name\":\"Home\",\"item\":\"https:\/\/demo.akomi.it\/erbyshop\/fr\/\"},{\"@type\":\"ListItem\",\"position\":2,\"name\":\"Guide d&#8217;achat\"}]},{\"@type\":\"WebSite\",\"@id\":\"https:\/\/demo.akomi.it\/erbyshop\/fr\/#website\",\"url\":\"https:\/\/demo.akomi.it\/erbyshop\/fr\/\",\"name\":\"FR\",\"description\":\"Il prato intelligente\",\"potentialAction\":[{\"@type\":\"SearchAction\",\"target\":{\"@type\":\"EntryPoint\",\"urlTemplate\":\"https:\/\/demo.akomi.it\/erbyshop\/fr\/?s={search_term_string}\"},\"query-input\":{\"@type\":\"PropertyValueSpecification\",\"valueRequired\":true,\"valueName\":\"search_term_string\"}}],\"inLanguage\":\"fr-FR\"}]}<\/script>\n<!-- \/ Yoast SEO plugin. -->","yoast_head_json":{"title":"Guide d'achat du gazon synth\u00e9tique | Erby","description":"Gr\u00e2ce \u00e0 notre guide d'achat, choisir le gazon synth\u00e9tique pour votre jardin n'a jamais \u00e9t\u00e9 aussi simple. Faites confiance aux conseils d'Erby.","robots":{"index":"index","follow":"follow","max-snippet":"max-snippet:-1","max-image-preview":"max-image-preview:large","max-video-preview":"max-video-preview:-1"},"canonical":"https:\/\/demo.akomi.it\/erbyshop\/fr\/guide-achat-gazon-synthetique\/","og_locale":"fr_FR","og_type":"article","og_title":"Guide d'achat du gazon synth\u00e9tique | Erby","og_description":"Gr\u00e2ce \u00e0 notre guide d'achat, choisir le gazon synth\u00e9tique pour votre jardin n'a jamais \u00e9t\u00e9 aussi simple. Faites confiance aux conseils d'Erby.","og_url":"https:\/\/demo.akomi.it\/erbyshop\/fr\/guide-achat-gazon-synthetique\/","og_site_name":"FR","article_modified_time":"2025-04-24T14:22:49+00:00","twitter_card":"summary_large_image","schema":{"@context":"https:\/\/schema.org","@graph":[{"@type":"WebPage","@id":"https:\/\/demo.akomi.it\/erbyshop\/fr\/guide-achat-gazon-synthetique\/","url":"https:\/\/demo.akomi.it\/erbyshop\/fr\/guide-achat-gazon-synthetique\/","name":"Guide d'achat du gazon synth\u00e9tique | Erby","isPartOf":{"@id":"https:\/\/demo.akomi.it\/erbyshop\/fr\/#website"},"datePublished":"2022-01-24T10:00:06+00:00","dateModified":"2025-04-24T14:22:49+00:00","description":"Gr\u00e2ce \u00e0 notre guide d'achat, choisir le gazon synth\u00e9tique pour votre jardin n'a jamais \u00e9t\u00e9 aussi simple. Faites confiance aux conseils d'Erby.","breadcrumb":{"@id":"https:\/\/demo.akomi.it\/erbyshop\/fr\/guide-achat-gazon-synthetique\/#breadcrumb"},"inLanguage":"fr-FR","potentialAction":[{"@type":"ReadAction","target":["https:\/\/demo.akomi.it\/erbyshop\/fr\/guide-achat-gazon-synthetique\/"]}]},{"@type":"BreadcrumbList","@id":"https:\/\/demo.akomi.it\/erbyshop\/fr\/guide-achat-gazon-synthetique\/#breadcrumb","itemListElement":[{"@type":"ListItem","position":1,"name":"Home","item":"https:\/\/demo.akomi.it\/erbyshop\/fr\/"},{"@type":"ListItem","position":2,"name":"Guide d&#8217;achat"}]},{"@type":"WebSite","@id":"https:\/\/demo.akomi.it\/erbyshop\/fr\/#website","url":"https:\/\/demo.akomi.it\/erbyshop\/fr\/","name":"FR","description":"Il prato intelligente","potentialAction":[{"@type":"SearchAction","target":{"@type":"EntryPoint","urlTemplate":"https:\/\/demo.akomi.it\/erbyshop\/fr\/?s={search_term_string}"},"query-input":{"@type":"PropertyValueSpecification","valueRequired":true,"valueName":"search_term_string"}}],"inLanguage":"fr-FR"}]}},"_links":{"self":[{"href":"https:\/\/demo.akomi.it\/erbyshop\/fr\/wp-json\/wp\/v2\/pages\/96","targetHints":{"allow":["GET"]}}],"collection":[{"href":"https:\/\/demo.akomi.it\/erbyshop\/fr\/wp-json\/wp\/v2\/pages"}],"about":[{"href":"https:\/\/demo.akomi.it\/erbyshop\/fr\/wp-json\/wp\/v2\/types\/page"}],"author":[{"embeddable":true,"href":"https:\/\/demo.akomi.it\/erbyshop\/fr\/wp-json\/wp\/v2\/users\/1"}],"replies":[{"embeddable":true,"href":"https:\/\/demo.akomi.it\/erbyshop\/fr\/wp-json\/wp\/v2\/comments?post=96"}],"version-history":[{"count":1,"href":"https:\/\/demo.akomi.it\/erbyshop\/fr\/wp-json\/wp\/v2\/pages\/96\/revisions"}],"predecessor-version":[{"id":7343,"href":"https:\/\/demo.akomi.it\/erbyshop\/fr\/wp-json\/wp\/v2\/pages\/96\/revisions\/7343"}],"wp:attachment":[{"href":"https:\/\/demo.akomi.it\/erbyshop\/fr\/wp-json\/wp\/v2\/media?parent=96"}],"curies":[{"name":"wp","href":"https:\/\/api.w.org\/{rel}","templated":true}]}}