{"id":1040,"date":"2022-02-07T14:38:24","date_gmt":"2022-02-07T13:38:24","guid":{"rendered":"https:\/\/www.demo.akomi.it\/erbyshop\/fr\/?post_type=product&#038;p=1040"},"modified":"2025-04-16T15:19:39","modified_gmt":"2025-04-16T13:19:39","slug":"banda-di-giunzione-butilica-biadesiva-erba-sintetica","status":"publish","type":"product","link":"https:\/\/demo.akomi.it\/erbyshop\/fr\/accessoires-pour-gazon-synthetique\/banda-di-giunzione-butilica-biadesiva-erba-sintetica\/","title":{"rendered":"Bande de jonction bi-adh\u00e9sive"},"content":{"rendered":"<p class=\"\" data-start=\"0\" data-end=\"80\">Ruban compos\u00e9 d&#8217;un m\u00e9lange bitumineux particuli\u00e8rement adh\u00e9sif des deux c\u00f4t\u00e9s.<\/p>\n<p class=\"\" data-start=\"82\" data-end=\"237\">Il adh\u00e8re facilement et de mani\u00e8re d\u00e9finitive au support (l&#8217;arri\u00e8re du tapis de gazon synth\u00e9tique), garantissant des joints parfaits et invisibles \u00e0 l&#8217;\u0153il.<\/p>\n<p class=\"\" data-start=\"239\" data-end=\"359\">Adapt\u00e9 pour la pose sur des rev\u00eatements, car le ruban adh\u00e8re facilement et de mani\u00e8re d\u00e9finitive \u00e0 tous les mat\u00e9riaux.<\/p>\n","protected":false},"excerpt":{"rendered":"<p>Ruban compos\u00e9 d&#8217;un m\u00e9lange bitumineux particuli\u00e8rement adh\u00e9sif des deux c\u00f4t\u00e9s. Il adh\u00e8re facilement et de mani\u00e8re d\u00e9finitive au support (l&#8217;arri\u00e8re du tapis de gazon synth\u00e9tique), garantissant des joints parfaits et invisibles \u00e0 l&#8217;\u0153il. Adapt\u00e9 pour la pose sur des rev\u00eatements, car le ruban adh\u00e8re facilement et de mani\u00e8re d\u00e9finitive \u00e0 tous les mat\u00e9riaux.<\/p>\n","protected":false},"featured_media":1338,"template":"","meta":[],"product_brand":[],"product_cat":[24],"product_tag":[],"class_list":{"0":"post-1040","1":"product","2":"type-product","3":"status-publish","4":"has-post-thumbnail","6":"product_cat-accessoires-pour-gazon-synthetique","7":"product_shipping_class-tariffa-peso","9":"first","10":"instock","11":"taxable","12":"shipping-taxable","13":"purchasable","14":"product-type-simple"},"acf":[],"yoast_head":"<!-- This site is optimized with the Yoast SEO plugin v24.5 - https:\/\/yoast.com\/wordpress\/plugins\/seo\/ -->\n<title>Banda di giunzione butilica biadesiva per erba sintetica | Erby<\/title>\n<meta name=\"description\" content=\"Acquista online la banda di giunzione butilica biadesiva per erba sintetica. Nastro di tenuta che aderisce al manto erboso garantendo giunzioni perfette e invisibili.\" \/>\n<meta name=\"robots\" content=\"index, follow, max-snippet:-1, max-image-preview:large, max-video-preview:-1\" \/>\n<link rel=\"canonical\" href=\"https:\/\/demo.akomi.it\/erbyshop\/fr\/accessoires-pour-gazon-synthetique\/banda-di-giunzione-butilica-biadesiva-erba-sintetica\/\" \/>\n<meta property=\"og:locale\" content=\"fr_FR\" \/>\n<meta property=\"og:type\" content=\"article\" \/>\n<meta property=\"og:title\" content=\"Banda di giunzione butilica biadesiva per erba sintetica | Erby\" \/>\n<meta property=\"og:description\" content=\"Acquista online la banda di giunzione butilica biadesiva per erba sintetica. Nastro di tenuta che aderisce al manto erboso garantendo giunzioni perfette e invisibili.\" \/>\n<meta property=\"og:url\" content=\"https:\/\/demo.akomi.it\/erbyshop\/fr\/accessoires-pour-gazon-synthetique\/banda-di-giunzione-butilica-biadesiva-erba-sintetica\/\" \/>\n<meta property=\"og:site_name\" content=\"FR\" \/>\n<meta property=\"article:modified_time\" content=\"2025-04-16T13:19:39+00:00\" \/>\n<meta property=\"og:image\" content=\"https:\/\/demo.akomi.it\/erbyshop\/fr\/wp-content\/uploads\/sites\/3\/banda-butilica-biadesiva.jpg\" \/>\n\t<meta property=\"og:image:width\" content=\"2360\" \/>\n\t<meta property=\"og:image:height\" content=\"1680\" \/>\n\t<meta property=\"og:image:type\" content=\"image\/jpeg\" \/>\n<meta name=\"twitter:card\" content=\"summary_large_image\" \/>\n<meta name=\"twitter:label1\" content=\"Dur\u00e9e de lecture estim\u00e9e\" \/>\n\t<meta name=\"twitter:data1\" content=\"1 minute\" \/>\n<script type=\"application\/ld+json\" class=\"yoast-schema-graph\">{\"@context\":\"https:\/\/schema.org\",\"@graph\":[{\"@type\":\"WebPage\",\"@id\":\"https:\/\/demo.akomi.it\/erbyshop\/fr\/accessoires-pour-gazon-synthetique\/banda-di-giunzione-butilica-biadesiva-erba-sintetica\/\",\"url\":\"https:\/\/demo.akomi.it\/erbyshop\/fr\/accessoires-pour-gazon-synthetique\/banda-di-giunzione-butilica-biadesiva-erba-sintetica\/\",\"name\":\"Banda di giunzione butilica biadesiva per erba sintetica | Erby\",\"isPartOf\":{\"@id\":\"https:\/\/demo.akomi.it\/erbyshop\/fr\/#website\"},\"primaryImageOfPage\":{\"@id\":\"https:\/\/demo.akomi.it\/erbyshop\/fr\/accessoires-pour-gazon-synthetique\/banda-di-giunzione-butilica-biadesiva-erba-sintetica\/#primaryimage\"},\"image\":{\"@id\":\"https:\/\/demo.akomi.it\/erbyshop\/fr\/accessoires-pour-gazon-synthetique\/banda-di-giunzione-butilica-biadesiva-erba-sintetica\/#primaryimage\"},\"thumbnailUrl\":\"https:\/\/demo.akomi.it\/erbyshop\/fr\/wp-content\/uploads\/sites\/3\/banda-butilica-biadesiva.jpg\",\"datePublished\":\"2022-02-07T13:38:24+00:00\",\"dateModified\":\"2025-04-16T13:19:39+00:00\",\"description\":\"Acquista online la banda di giunzione butilica biadesiva per erba sintetica. Nastro di tenuta che aderisce al manto erboso garantendo giunzioni perfette e invisibili.\",\"breadcrumb\":{\"@id\":\"https:\/\/demo.akomi.it\/erbyshop\/fr\/accessoires-pour-gazon-synthetique\/banda-di-giunzione-butilica-biadesiva-erba-sintetica\/#breadcrumb\"},\"inLanguage\":\"fr-FR\",\"potentialAction\":[{\"@type\":\"ReadAction\",\"target\":[\"https:\/\/demo.akomi.it\/erbyshop\/fr\/accessoires-pour-gazon-synthetique\/banda-di-giunzione-butilica-biadesiva-erba-sintetica\/\"]}]},{\"@type\":\"ImageObject\",\"inLanguage\":\"fr-FR\",\"@id\":\"https:\/\/demo.akomi.it\/erbyshop\/fr\/accessoires-pour-gazon-synthetique\/banda-di-giunzione-butilica-biadesiva-erba-sintetica\/#primaryimage\",\"url\":\"https:\/\/demo.akomi.it\/erbyshop\/fr\/wp-content\/uploads\/sites\/3\/banda-butilica-biadesiva.jpg\",\"contentUrl\":\"https:\/\/demo.akomi.it\/erbyshop\/fr\/wp-content\/uploads\/sites\/3\/banda-butilica-biadesiva.jpg\",\"width\":2360,\"height\":1680,\"caption\":\"banda butilica biadesiva per erba sintetica\"},{\"@type\":\"BreadcrumbList\",\"@id\":\"https:\/\/demo.akomi.it\/erbyshop\/fr\/accessoires-pour-gazon-synthetique\/banda-di-giunzione-butilica-biadesiva-erba-sintetica\/#breadcrumb\",\"itemListElement\":[{\"@type\":\"ListItem\",\"position\":1,\"name\":\"Home\",\"item\":\"https:\/\/demo.akomi.it\/erbyshop\/fr\/\"},{\"@type\":\"ListItem\",\"position\":2,\"name\":\"Shop\",\"item\":\"https:\/\/demo.akomi.it\/erbyshop\/fr\/e-commerce-erby\/\"},{\"@type\":\"ListItem\",\"position\":3,\"name\":\"Accessoires\",\"item\":\"https:\/\/demo.akomi.it\/erbyshop\/fr\/accessoires-pour-gazon-synthetique\/\"},{\"@type\":\"ListItem\",\"position\":4,\"name\":\"Bande de jonction bi-adh\u00e9sive\"}]},{\"@type\":\"WebSite\",\"@id\":\"https:\/\/demo.akomi.it\/erbyshop\/fr\/#website\",\"url\":\"https:\/\/demo.akomi.it\/erbyshop\/fr\/\",\"name\":\"FR\",\"description\":\"Il prato intelligente\",\"potentialAction\":[{\"@type\":\"SearchAction\",\"target\":{\"@type\":\"EntryPoint\",\"urlTemplate\":\"https:\/\/demo.akomi.it\/erbyshop\/fr\/?s={search_term_string}\"},\"query-input\":{\"@type\":\"PropertyValueSpecification\",\"valueRequired\":true,\"valueName\":\"search_term_string\"}}],\"inLanguage\":\"fr-FR\"}]}<\/script>\n<!-- \/ Yoast SEO plugin. -->","yoast_head_json":{"title":"Banda di giunzione butilica biadesiva per erba sintetica | Erby","description":"Acquista online la banda di giunzione butilica biadesiva per erba sintetica. Nastro di tenuta che aderisce al manto erboso garantendo giunzioni perfette e invisibili.","robots":{"index":"index","follow":"follow","max-snippet":"max-snippet:-1","max-image-preview":"max-image-preview:large","max-video-preview":"max-video-preview:-1"},"canonical":"https:\/\/demo.akomi.it\/erbyshop\/fr\/accessoires-pour-gazon-synthetique\/banda-di-giunzione-butilica-biadesiva-erba-sintetica\/","og_locale":"fr_FR","og_type":"article","og_title":"Banda di giunzione butilica biadesiva per erba sintetica | Erby","og_description":"Acquista online la banda di giunzione butilica biadesiva per erba sintetica. Nastro di tenuta che aderisce al manto erboso garantendo giunzioni perfette e invisibili.","og_url":"https:\/\/demo.akomi.it\/erbyshop\/fr\/accessoires-pour-gazon-synthetique\/banda-di-giunzione-butilica-biadesiva-erba-sintetica\/","og_site_name":"FR","article_modified_time":"2025-04-16T13:19:39+00:00","og_image":[{"width":2360,"height":1680,"url":"https:\/\/demo.akomi.it\/erbyshop\/fr\/wp-content\/uploads\/sites\/3\/banda-butilica-biadesiva.jpg","type":"image\/jpeg"}],"twitter_card":"summary_large_image","twitter_misc":{"Dur\u00e9e de lecture estim\u00e9e":"1 minute"},"schema":{"@context":"https:\/\/schema.org","@graph":[{"@type":"WebPage","@id":"https:\/\/demo.akomi.it\/erbyshop\/fr\/accessoires-pour-gazon-synthetique\/banda-di-giunzione-butilica-biadesiva-erba-sintetica\/","url":"https:\/\/demo.akomi.it\/erbyshop\/fr\/accessoires-pour-gazon-synthetique\/banda-di-giunzione-butilica-biadesiva-erba-sintetica\/","name":"Banda di giunzione butilica biadesiva per erba sintetica | Erby","isPartOf":{"@id":"https:\/\/demo.akomi.it\/erbyshop\/fr\/#website"},"primaryImageOfPage":{"@id":"https:\/\/demo.akomi.it\/erbyshop\/fr\/accessoires-pour-gazon-synthetique\/banda-di-giunzione-butilica-biadesiva-erba-sintetica\/#primaryimage"},"image":{"@id":"https:\/\/demo.akomi.it\/erbyshop\/fr\/accessoires-pour-gazon-synthetique\/banda-di-giunzione-butilica-biadesiva-erba-sintetica\/#primaryimage"},"thumbnailUrl":"https:\/\/demo.akomi.it\/erbyshop\/fr\/wp-content\/uploads\/sites\/3\/banda-butilica-biadesiva.jpg","datePublished":"2022-02-07T13:38:24+00:00","dateModified":"2025-04-16T13:19:39+00:00","description":"Acquista online la banda di giunzione butilica biadesiva per erba sintetica. Nastro di tenuta che aderisce al manto erboso garantendo giunzioni perfette e invisibili.","breadcrumb":{"@id":"https:\/\/demo.akomi.it\/erbyshop\/fr\/accessoires-pour-gazon-synthetique\/banda-di-giunzione-butilica-biadesiva-erba-sintetica\/#breadcrumb"},"inLanguage":"fr-FR","potentialAction":[{"@type":"ReadAction","target":["https:\/\/demo.akomi.it\/erbyshop\/fr\/accessoires-pour-gazon-synthetique\/banda-di-giunzione-butilica-biadesiva-erba-sintetica\/"]}]},{"@type":"ImageObject","inLanguage":"fr-FR","@id":"https:\/\/demo.akomi.it\/erbyshop\/fr\/accessoires-pour-gazon-synthetique\/banda-di-giunzione-butilica-biadesiva-erba-sintetica\/#primaryimage","url":"https:\/\/demo.akomi.it\/erbyshop\/fr\/wp-content\/uploads\/sites\/3\/banda-butilica-biadesiva.jpg","contentUrl":"https:\/\/demo.akomi.it\/erbyshop\/fr\/wp-content\/uploads\/sites\/3\/banda-butilica-biadesiva.jpg","width":2360,"height":1680,"caption":"banda butilica biadesiva per erba sintetica"},{"@type":"BreadcrumbList","@id":"https:\/\/demo.akomi.it\/erbyshop\/fr\/accessoires-pour-gazon-synthetique\/banda-di-giunzione-butilica-biadesiva-erba-sintetica\/#breadcrumb","itemListElement":[{"@type":"ListItem","position":1,"name":"Home","item":"https:\/\/demo.akomi.it\/erbyshop\/fr\/"},{"@type":"ListItem","position":2,"name":"Shop","item":"https:\/\/demo.akomi.it\/erbyshop\/fr\/e-commerce-erby\/"},{"@type":"ListItem","position":3,"name":"Accessoires","item":"https:\/\/demo.akomi.it\/erbyshop\/fr\/accessoires-pour-gazon-synthetique\/"},{"@type":"ListItem","position":4,"name":"Bande de jonction bi-adh\u00e9sive"}]},{"@type":"WebSite","@id":"https:\/\/demo.akomi.it\/erbyshop\/fr\/#website","url":"https:\/\/demo.akomi.it\/erbyshop\/fr\/","name":"FR","description":"Il prato intelligente","potentialAction":[{"@type":"SearchAction","target":{"@type":"EntryPoint","urlTemplate":"https:\/\/demo.akomi.it\/erbyshop\/fr\/?s={search_term_string}"},"query-input":{"@type":"PropertyValueSpecification","valueRequired":true,"valueName":"search_term_string"}}],"inLanguage":"fr-FR"}]}},"_links":{"self":[{"href":"https:\/\/demo.akomi.it\/erbyshop\/fr\/wp-json\/wp\/v2\/product\/1040","targetHints":{"allow":["GET"]}}],"collection":[{"href":"https:\/\/demo.akomi.it\/erbyshop\/fr\/wp-json\/wp\/v2\/product"}],"about":[{"href":"https:\/\/demo.akomi.it\/erbyshop\/fr\/wp-json\/wp\/v2\/types\/product"}],"wp:featuredmedia":[{"embeddable":true,"href":"https:\/\/demo.akomi.it\/erbyshop\/fr\/wp-json\/wp\/v2\/media\/1338"}],"wp:attachment":[{"href":"https:\/\/demo.akomi.it\/erbyshop\/fr\/wp-json\/wp\/v2\/media?parent=1040"}],"wp:term":[{"taxonomy":"product_brand","embeddable":true,"href":"https:\/\/demo.akomi.it\/erbyshop\/fr\/wp-json\/wp\/v2\/product_brand?post=1040"},{"taxonomy":"product_cat","embeddable":true,"href":"https:\/\/demo.akomi.it\/erbyshop\/fr\/wp-json\/wp\/v2\/product_cat?post=1040"},{"taxonomy":"product_tag","embeddable":true,"href":"https:\/\/demo.akomi.it\/erbyshop\/fr\/wp-json\/wp\/v2\/product_tag?post=1040"}],"curies":[{"name":"wp","href":"https:\/\/api.w.org\/{rel}","templated":true}]}}