{"id":1041,"date":"2022-02-07T14:38:39","date_gmt":"2022-02-07T13:38:39","guid":{"rendered":"https:\/\/www.demo.akomi.it\/erbyshop\/fr\/?post_type=product&#038;p=1041"},"modified":"2025-04-16T15:25:17","modified_gmt":"2025-04-16T13:25:17","slug":"chiodi-fissaggio-erba-sintetica","status":"publish","type":"product","link":"https:\/\/demo.akomi.it\/erbyshop\/fr\/accessoires-pour-gazon-synthetique\/chiodi-fissaggio-erba-sintetica\/","title":{"rendered":"Bo\u00eete de clous"},"content":{"rendered":"<p class=\"\" data-start=\"0\" data-end=\"138\">Clous de fixation \u00e0 t\u00eate plate de 18 cm de long, utilis\u00e9s pour fixer le gazon synth\u00e9tique sur les bords et\/ou l\u00e0 o\u00f9 cela est n\u00e9cessaire.<\/p>\n<p class=\"\" data-start=\"140\" data-end=\"258\">Ils assurent l&#8217;ancrage du gazon synth\u00e9tique au sol afin d&#8217;\u00e9viter tout soul\u00e8vement accidentel ou caus\u00e9 par les animaux.<\/p>\n<p class=\"\" data-start=\"260\" data-end=\"295\">Invisible \u00e0 l&#8217;\u0153il une fois pos\u00e9s.<\/p>\n","protected":false},"excerpt":{"rendered":"<p>Clous de fixation \u00e0 t\u00eate plate de 18 cm de long, utilis\u00e9s pour fixer le gazon synth\u00e9tique sur les bords et\/ou l\u00e0 o\u00f9 cela est n\u00e9cessaire. Ils assurent l&#8217;ancrage du gazon synth\u00e9tique au sol afin d&#8217;\u00e9viter tout soul\u00e8vement accidentel ou caus\u00e9 par les animaux. Invisible \u00e0 l&#8217;\u0153il une fois pos\u00e9s.<\/p>\n","protected":false},"featured_media":1339,"template":"","meta":[],"product_brand":[],"product_cat":[24],"product_tag":[],"class_list":{"0":"post-1041","1":"product","2":"type-product","3":"status-publish","4":"has-post-thumbnail","6":"product_cat-accessoires-pour-gazon-synthetique","7":"product_shipping_class-tariffa-peso","9":"first","10":"instock","11":"taxable","12":"shipping-taxable","13":"purchasable","14":"product-type-simple"},"acf":[],"yoast_head":"<!-- This site is optimized with the Yoast SEO plugin v24.5 - https:\/\/yoast.com\/wordpress\/plugins\/seo\/ -->\n<title>Chiodi di fissaggio per l&#039;erba sintetica | Chiodi per prato sintetico<\/title>\n<meta name=\"description\" content=\"Acquista online chiodi di fissaggio per l&#039;erba sintetica. Assicurano l&#039;ancoraggio del prato sintetico al suolo in modo da evitare sollevamenti accidentali.\" \/>\n<meta name=\"robots\" content=\"index, follow, max-snippet:-1, max-image-preview:large, max-video-preview:-1\" \/>\n<link rel=\"canonical\" href=\"https:\/\/demo.akomi.it\/erbyshop\/fr\/accessoires-pour-gazon-synthetique\/chiodi-fissaggio-erba-sintetica\/\" \/>\n<meta property=\"og:locale\" content=\"fr_FR\" \/>\n<meta property=\"og:type\" content=\"article\" \/>\n<meta property=\"og:title\" content=\"Chiodi di fissaggio per l&#039;erba sintetica | Chiodi per prato sintetico\" \/>\n<meta property=\"og:description\" content=\"Acquista online chiodi di fissaggio per l&#039;erba sintetica. Assicurano l&#039;ancoraggio del prato sintetico al suolo in modo da evitare sollevamenti accidentali.\" \/>\n<meta property=\"og:url\" content=\"https:\/\/demo.akomi.it\/erbyshop\/fr\/accessoires-pour-gazon-synthetique\/chiodi-fissaggio-erba-sintetica\/\" \/>\n<meta property=\"og:site_name\" content=\"FR\" \/>\n<meta property=\"article:modified_time\" content=\"2025-04-16T13:25:17+00:00\" \/>\n<meta property=\"og:image\" content=\"https:\/\/demo.akomi.it\/erbyshop\/fr\/wp-content\/uploads\/sites\/3\/chiodi-fissaggio-prato-sintetico-1.jpg\" \/>\n\t<meta property=\"og:image:width\" content=\"2360\" \/>\n\t<meta property=\"og:image:height\" content=\"1680\" \/>\n\t<meta property=\"og:image:type\" content=\"image\/jpeg\" \/>\n<meta name=\"twitter:card\" content=\"summary_large_image\" \/>\n<meta name=\"twitter:label1\" content=\"Dur\u00e9e de lecture estim\u00e9e\" \/>\n\t<meta name=\"twitter:data1\" content=\"1 minute\" \/>\n<script type=\"application\/ld+json\" class=\"yoast-schema-graph\">{\"@context\":\"https:\/\/schema.org\",\"@graph\":[{\"@type\":\"WebPage\",\"@id\":\"https:\/\/demo.akomi.it\/erbyshop\/fr\/accessoires-pour-gazon-synthetique\/chiodi-fissaggio-erba-sintetica\/\",\"url\":\"https:\/\/demo.akomi.it\/erbyshop\/fr\/accessoires-pour-gazon-synthetique\/chiodi-fissaggio-erba-sintetica\/\",\"name\":\"Chiodi di fissaggio per l'erba sintetica | Chiodi per prato sintetico\",\"isPartOf\":{\"@id\":\"https:\/\/demo.akomi.it\/erbyshop\/fr\/#website\"},\"primaryImageOfPage\":{\"@id\":\"https:\/\/demo.akomi.it\/erbyshop\/fr\/accessoires-pour-gazon-synthetique\/chiodi-fissaggio-erba-sintetica\/#primaryimage\"},\"image\":{\"@id\":\"https:\/\/demo.akomi.it\/erbyshop\/fr\/accessoires-pour-gazon-synthetique\/chiodi-fissaggio-erba-sintetica\/#primaryimage\"},\"thumbnailUrl\":\"https:\/\/demo.akomi.it\/erbyshop\/fr\/wp-content\/uploads\/sites\/3\/chiodi-fissaggio-prato-sintetico-1.jpg\",\"datePublished\":\"2022-02-07T13:38:39+00:00\",\"dateModified\":\"2025-04-16T13:25:17+00:00\",\"description\":\"Acquista online chiodi di fissaggio per l'erba sintetica. Assicurano l'ancoraggio del prato sintetico al suolo in modo da evitare sollevamenti accidentali.\",\"breadcrumb\":{\"@id\":\"https:\/\/demo.akomi.it\/erbyshop\/fr\/accessoires-pour-gazon-synthetique\/chiodi-fissaggio-erba-sintetica\/#breadcrumb\"},\"inLanguage\":\"fr-FR\",\"potentialAction\":[{\"@type\":\"ReadAction\",\"target\":[\"https:\/\/demo.akomi.it\/erbyshop\/fr\/accessoires-pour-gazon-synthetique\/chiodi-fissaggio-erba-sintetica\/\"]}]},{\"@type\":\"ImageObject\",\"inLanguage\":\"fr-FR\",\"@id\":\"https:\/\/demo.akomi.it\/erbyshop\/fr\/accessoires-pour-gazon-synthetique\/chiodi-fissaggio-erba-sintetica\/#primaryimage\",\"url\":\"https:\/\/demo.akomi.it\/erbyshop\/fr\/wp-content\/uploads\/sites\/3\/chiodi-fissaggio-prato-sintetico-1.jpg\",\"contentUrl\":\"https:\/\/demo.akomi.it\/erbyshop\/fr\/wp-content\/uploads\/sites\/3\/chiodi-fissaggio-prato-sintetico-1.jpg\",\"width\":2360,\"height\":1680,\"caption\":\"Chiodi di fissaggio per prato sintetico\"},{\"@type\":\"BreadcrumbList\",\"@id\":\"https:\/\/demo.akomi.it\/erbyshop\/fr\/accessoires-pour-gazon-synthetique\/chiodi-fissaggio-erba-sintetica\/#breadcrumb\",\"itemListElement\":[{\"@type\":\"ListItem\",\"position\":1,\"name\":\"Home\",\"item\":\"https:\/\/demo.akomi.it\/erbyshop\/fr\/\"},{\"@type\":\"ListItem\",\"position\":2,\"name\":\"Shop\",\"item\":\"https:\/\/demo.akomi.it\/erbyshop\/fr\/e-commerce-erby\/\"},{\"@type\":\"ListItem\",\"position\":3,\"name\":\"Accessoires\",\"item\":\"https:\/\/demo.akomi.it\/erbyshop\/fr\/accessoires-pour-gazon-synthetique\/\"},{\"@type\":\"ListItem\",\"position\":4,\"name\":\"Bo\u00eete de clous\"}]},{\"@type\":\"WebSite\",\"@id\":\"https:\/\/demo.akomi.it\/erbyshop\/fr\/#website\",\"url\":\"https:\/\/demo.akomi.it\/erbyshop\/fr\/\",\"name\":\"FR\",\"description\":\"Il prato intelligente\",\"potentialAction\":[{\"@type\":\"SearchAction\",\"target\":{\"@type\":\"EntryPoint\",\"urlTemplate\":\"https:\/\/demo.akomi.it\/erbyshop\/fr\/?s={search_term_string}\"},\"query-input\":{\"@type\":\"PropertyValueSpecification\",\"valueRequired\":true,\"valueName\":\"search_term_string\"}}],\"inLanguage\":\"fr-FR\"}]}<\/script>\n<!-- \/ Yoast SEO plugin. -->","yoast_head_json":{"title":"Chiodi di fissaggio per l'erba sintetica | Chiodi per prato sintetico","description":"Acquista online chiodi di fissaggio per l'erba sintetica. Assicurano l'ancoraggio del prato sintetico al suolo in modo da evitare sollevamenti accidentali.","robots":{"index":"index","follow":"follow","max-snippet":"max-snippet:-1","max-image-preview":"max-image-preview:large","max-video-preview":"max-video-preview:-1"},"canonical":"https:\/\/demo.akomi.it\/erbyshop\/fr\/accessoires-pour-gazon-synthetique\/chiodi-fissaggio-erba-sintetica\/","og_locale":"fr_FR","og_type":"article","og_title":"Chiodi di fissaggio per l'erba sintetica | Chiodi per prato sintetico","og_description":"Acquista online chiodi di fissaggio per l'erba sintetica. Assicurano l'ancoraggio del prato sintetico al suolo in modo da evitare sollevamenti accidentali.","og_url":"https:\/\/demo.akomi.it\/erbyshop\/fr\/accessoires-pour-gazon-synthetique\/chiodi-fissaggio-erba-sintetica\/","og_site_name":"FR","article_modified_time":"2025-04-16T13:25:17+00:00","og_image":[{"width":2360,"height":1680,"url":"https:\/\/demo.akomi.it\/erbyshop\/fr\/wp-content\/uploads\/sites\/3\/chiodi-fissaggio-prato-sintetico-1.jpg","type":"image\/jpeg"}],"twitter_card":"summary_large_image","twitter_misc":{"Dur\u00e9e de lecture estim\u00e9e":"1 minute"},"schema":{"@context":"https:\/\/schema.org","@graph":[{"@type":"WebPage","@id":"https:\/\/demo.akomi.it\/erbyshop\/fr\/accessoires-pour-gazon-synthetique\/chiodi-fissaggio-erba-sintetica\/","url":"https:\/\/demo.akomi.it\/erbyshop\/fr\/accessoires-pour-gazon-synthetique\/chiodi-fissaggio-erba-sintetica\/","name":"Chiodi di fissaggio per l'erba sintetica | Chiodi per prato sintetico","isPartOf":{"@id":"https:\/\/demo.akomi.it\/erbyshop\/fr\/#website"},"primaryImageOfPage":{"@id":"https:\/\/demo.akomi.it\/erbyshop\/fr\/accessoires-pour-gazon-synthetique\/chiodi-fissaggio-erba-sintetica\/#primaryimage"},"image":{"@id":"https:\/\/demo.akomi.it\/erbyshop\/fr\/accessoires-pour-gazon-synthetique\/chiodi-fissaggio-erba-sintetica\/#primaryimage"},"thumbnailUrl":"https:\/\/demo.akomi.it\/erbyshop\/fr\/wp-content\/uploads\/sites\/3\/chiodi-fissaggio-prato-sintetico-1.jpg","datePublished":"2022-02-07T13:38:39+00:00","dateModified":"2025-04-16T13:25:17+00:00","description":"Acquista online chiodi di fissaggio per l'erba sintetica. Assicurano l'ancoraggio del prato sintetico al suolo in modo da evitare sollevamenti accidentali.","breadcrumb":{"@id":"https:\/\/demo.akomi.it\/erbyshop\/fr\/accessoires-pour-gazon-synthetique\/chiodi-fissaggio-erba-sintetica\/#breadcrumb"},"inLanguage":"fr-FR","potentialAction":[{"@type":"ReadAction","target":["https:\/\/demo.akomi.it\/erbyshop\/fr\/accessoires-pour-gazon-synthetique\/chiodi-fissaggio-erba-sintetica\/"]}]},{"@type":"ImageObject","inLanguage":"fr-FR","@id":"https:\/\/demo.akomi.it\/erbyshop\/fr\/accessoires-pour-gazon-synthetique\/chiodi-fissaggio-erba-sintetica\/#primaryimage","url":"https:\/\/demo.akomi.it\/erbyshop\/fr\/wp-content\/uploads\/sites\/3\/chiodi-fissaggio-prato-sintetico-1.jpg","contentUrl":"https:\/\/demo.akomi.it\/erbyshop\/fr\/wp-content\/uploads\/sites\/3\/chiodi-fissaggio-prato-sintetico-1.jpg","width":2360,"height":1680,"caption":"Chiodi di fissaggio per prato sintetico"},{"@type":"BreadcrumbList","@id":"https:\/\/demo.akomi.it\/erbyshop\/fr\/accessoires-pour-gazon-synthetique\/chiodi-fissaggio-erba-sintetica\/#breadcrumb","itemListElement":[{"@type":"ListItem","position":1,"name":"Home","item":"https:\/\/demo.akomi.it\/erbyshop\/fr\/"},{"@type":"ListItem","position":2,"name":"Shop","item":"https:\/\/demo.akomi.it\/erbyshop\/fr\/e-commerce-erby\/"},{"@type":"ListItem","position":3,"name":"Accessoires","item":"https:\/\/demo.akomi.it\/erbyshop\/fr\/accessoires-pour-gazon-synthetique\/"},{"@type":"ListItem","position":4,"name":"Bo\u00eete de clous"}]},{"@type":"WebSite","@id":"https:\/\/demo.akomi.it\/erbyshop\/fr\/#website","url":"https:\/\/demo.akomi.it\/erbyshop\/fr\/","name":"FR","description":"Il prato intelligente","potentialAction":[{"@type":"SearchAction","target":{"@type":"EntryPoint","urlTemplate":"https:\/\/demo.akomi.it\/erbyshop\/fr\/?s={search_term_string}"},"query-input":{"@type":"PropertyValueSpecification","valueRequired":true,"valueName":"search_term_string"}}],"inLanguage":"fr-FR"}]}},"_links":{"self":[{"href":"https:\/\/demo.akomi.it\/erbyshop\/fr\/wp-json\/wp\/v2\/product\/1041","targetHints":{"allow":["GET"]}}],"collection":[{"href":"https:\/\/demo.akomi.it\/erbyshop\/fr\/wp-json\/wp\/v2\/product"}],"about":[{"href":"https:\/\/demo.akomi.it\/erbyshop\/fr\/wp-json\/wp\/v2\/types\/product"}],"wp:featuredmedia":[{"embeddable":true,"href":"https:\/\/demo.akomi.it\/erbyshop\/fr\/wp-json\/wp\/v2\/media\/1339"}],"wp:attachment":[{"href":"https:\/\/demo.akomi.it\/erbyshop\/fr\/wp-json\/wp\/v2\/media?parent=1041"}],"wp:term":[{"taxonomy":"product_brand","embeddable":true,"href":"https:\/\/demo.akomi.it\/erbyshop\/fr\/wp-json\/wp\/v2\/product_brand?post=1041"},{"taxonomy":"product_cat","embeddable":true,"href":"https:\/\/demo.akomi.it\/erbyshop\/fr\/wp-json\/wp\/v2\/product_cat?post=1041"},{"taxonomy":"product_tag","embeddable":true,"href":"https:\/\/demo.akomi.it\/erbyshop\/fr\/wp-json\/wp\/v2\/product_tag?post=1041"}],"curies":[{"name":"wp","href":"https:\/\/api.w.org\/{rel}","templated":true}]}}