{"id":1044,"date":"2022-02-07T14:39:41","date_gmt":"2022-02-07T13:39:41","guid":{"rendered":"https:\/\/www.demo.akomi.it\/erbyshop\/fr\/?post_type=product&#038;p=1044"},"modified":"2025-04-23T15:54:52","modified_gmt":"2025-04-23T13:54:52","slug":"zeolite-naturale-per-animali","status":"publish","type":"product","link":"https:\/\/demo.akomi.it\/erbyshop\/fr\/accessoires-pour-gazon-synthetique\/zeolite-naturale-per-animali\/","title":{"rendered":"Z\u00e9olite Chabasite naturelle italienne"},"content":{"rendered":"<p><strong>Z\u00e9olite pour animaux garantie avec un pourcentage actif de 70%.<\/strong><\/p>\n<p>St\u00e9rilis\u00e9e au four \u00e0 200\u00b0 C pendant 20 minutes.<\/p>\n<p>Broy\u00e9e et tamis\u00e9e selon des granulom\u00e9tries standard.<\/p>\n<p>Sans humidit\u00e9 \u00e0 la sortie du four, elle r\u00e9absorbe de 6% \u00e0 9% d&#8217;eau de l&#8217;air ambiant, selon les conditions climatiques existantes.<\/p>\n<p>Granulom\u00e9trie 0,1-0,7 mm.<\/p>\n","protected":false},"excerpt":{"rendered":"<p>Z\u00e9olite pour animaux garantie avec un pourcentage actif de 70%. St\u00e9rilis\u00e9e au four \u00e0 200\u00b0 C pendant 20 minutes. Broy\u00e9e et tamis\u00e9e selon des granulom\u00e9tries standard. Sans humidit\u00e9 \u00e0 la sortie du four, elle r\u00e9absorbe de 6% \u00e0 9% d&#8217;eau de l&#8217;air ambiant, selon les conditions climatiques existantes. Granulom\u00e9trie 0,1-0,7 mm.<\/p>\n","protected":false},"featured_media":4723,"template":"","meta":[],"product_brand":[],"product_cat":[24],"product_tag":[],"class_list":{"0":"post-1044","1":"product","2":"type-product","3":"status-publish","4":"has-post-thumbnail","6":"product_cat-accessoires-pour-gazon-synthetique","7":"product_shipping_class-tariffa-peso","9":"first","10":"instock","11":"taxable","12":"shipping-taxable","13":"purchasable","14":"product-type-simple"},"acf":[],"yoast_head":"<!-- This site is optimized with the Yoast SEO plugin v24.5 - https:\/\/yoast.com\/wordpress\/plugins\/seo\/ -->\n<title>Zeolite naturale per animali | Zeolite in sacchi | Erby<\/title>\n<meta name=\"description\" content=\"Acquista online sacchi di zeolite da 25 kg ideale per l&#039;igienizzazione del manto erboso dai bisogni dei vostri animali domestici.\" \/>\n<meta name=\"robots\" content=\"index, follow, max-snippet:-1, max-image-preview:large, max-video-preview:-1\" \/>\n<link rel=\"canonical\" href=\"https:\/\/demo.akomi.it\/erbyshop\/fr\/accessoires-pour-gazon-synthetique\/zeolite-naturale-per-animali\/\" \/>\n<meta property=\"og:locale\" content=\"fr_FR\" \/>\n<meta property=\"og:type\" content=\"article\" \/>\n<meta property=\"og:title\" content=\"Zeolite naturale per animali | Zeolite in sacchi | Erby\" \/>\n<meta property=\"og:description\" content=\"Acquista online sacchi di zeolite da 25 kg ideale per l&#039;igienizzazione del manto erboso dai bisogni dei vostri animali domestici.\" \/>\n<meta property=\"og:url\" content=\"https:\/\/demo.akomi.it\/erbyshop\/fr\/accessoires-pour-gazon-synthetique\/zeolite-naturale-per-animali\/\" \/>\n<meta property=\"og:site_name\" content=\"FR\" \/>\n<meta property=\"article:modified_time\" content=\"2025-04-23T13:54:52+00:00\" \/>\n<meta property=\"og:image\" content=\"https:\/\/demo.akomi.it\/erbyshop\/fr\/wp-content\/uploads\/sites\/3\/zeolite-nuova.jpg\" \/>\n\t<meta property=\"og:image:width\" content=\"2360\" \/>\n\t<meta property=\"og:image:height\" content=\"1680\" \/>\n\t<meta property=\"og:image:type\" content=\"image\/jpeg\" \/>\n<meta name=\"twitter:card\" content=\"summary_large_image\" \/>\n<meta name=\"twitter:label1\" content=\"Dur\u00e9e de lecture estim\u00e9e\" \/>\n\t<meta name=\"twitter:data1\" content=\"1 minute\" \/>\n<script type=\"application\/ld+json\" class=\"yoast-schema-graph\">{\"@context\":\"https:\/\/schema.org\",\"@graph\":[{\"@type\":\"WebPage\",\"@id\":\"https:\/\/demo.akomi.it\/erbyshop\/fr\/accessoires-pour-gazon-synthetique\/zeolite-naturale-per-animali\/\",\"url\":\"https:\/\/demo.akomi.it\/erbyshop\/fr\/accessoires-pour-gazon-synthetique\/zeolite-naturale-per-animali\/\",\"name\":\"Zeolite naturale per animali | Zeolite in sacchi | Erby\",\"isPartOf\":{\"@id\":\"https:\/\/demo.akomi.it\/erbyshop\/fr\/#website\"},\"primaryImageOfPage\":{\"@id\":\"https:\/\/demo.akomi.it\/erbyshop\/fr\/accessoires-pour-gazon-synthetique\/zeolite-naturale-per-animali\/#primaryimage\"},\"image\":{\"@id\":\"https:\/\/demo.akomi.it\/erbyshop\/fr\/accessoires-pour-gazon-synthetique\/zeolite-naturale-per-animali\/#primaryimage\"},\"thumbnailUrl\":\"https:\/\/demo.akomi.it\/erbyshop\/fr\/wp-content\/uploads\/sites\/3\/zeolite-nuova.jpg\",\"datePublished\":\"2022-02-07T13:39:41+00:00\",\"dateModified\":\"2025-04-23T13:54:52+00:00\",\"description\":\"Acquista online sacchi di zeolite da 25 kg ideale per l'igienizzazione del manto erboso dai bisogni dei vostri animali domestici.\",\"breadcrumb\":{\"@id\":\"https:\/\/demo.akomi.it\/erbyshop\/fr\/accessoires-pour-gazon-synthetique\/zeolite-naturale-per-animali\/#breadcrumb\"},\"inLanguage\":\"fr-FR\",\"potentialAction\":[{\"@type\":\"ReadAction\",\"target\":[\"https:\/\/demo.akomi.it\/erbyshop\/fr\/accessoires-pour-gazon-synthetique\/zeolite-naturale-per-animali\/\"]}]},{\"@type\":\"ImageObject\",\"inLanguage\":\"fr-FR\",\"@id\":\"https:\/\/demo.akomi.it\/erbyshop\/fr\/accessoires-pour-gazon-synthetique\/zeolite-naturale-per-animali\/#primaryimage\",\"url\":\"https:\/\/demo.akomi.it\/erbyshop\/fr\/wp-content\/uploads\/sites\/3\/zeolite-nuova.jpg\",\"contentUrl\":\"https:\/\/demo.akomi.it\/erbyshop\/fr\/wp-content\/uploads\/sites\/3\/zeolite-nuova.jpg\",\"width\":2360,\"height\":1680},{\"@type\":\"BreadcrumbList\",\"@id\":\"https:\/\/demo.akomi.it\/erbyshop\/fr\/accessoires-pour-gazon-synthetique\/zeolite-naturale-per-animali\/#breadcrumb\",\"itemListElement\":[{\"@type\":\"ListItem\",\"position\":1,\"name\":\"Home\",\"item\":\"https:\/\/demo.akomi.it\/erbyshop\/fr\/\"},{\"@type\":\"ListItem\",\"position\":2,\"name\":\"Shop\",\"item\":\"https:\/\/demo.akomi.it\/erbyshop\/fr\/e-commerce-erby\/\"},{\"@type\":\"ListItem\",\"position\":3,\"name\":\"Accessoires\",\"item\":\"https:\/\/demo.akomi.it\/erbyshop\/fr\/accessoires-pour-gazon-synthetique\/\"},{\"@type\":\"ListItem\",\"position\":4,\"name\":\"Z\u00e9olite Chabasite naturelle italienne\"}]},{\"@type\":\"WebSite\",\"@id\":\"https:\/\/demo.akomi.it\/erbyshop\/fr\/#website\",\"url\":\"https:\/\/demo.akomi.it\/erbyshop\/fr\/\",\"name\":\"FR\",\"description\":\"Il prato intelligente\",\"potentialAction\":[{\"@type\":\"SearchAction\",\"target\":{\"@type\":\"EntryPoint\",\"urlTemplate\":\"https:\/\/demo.akomi.it\/erbyshop\/fr\/?s={search_term_string}\"},\"query-input\":{\"@type\":\"PropertyValueSpecification\",\"valueRequired\":true,\"valueName\":\"search_term_string\"}}],\"inLanguage\":\"fr-FR\"}]}<\/script>\n<!-- \/ Yoast SEO plugin. -->","yoast_head_json":{"title":"Zeolite naturale per animali | Zeolite in sacchi | Erby","description":"Acquista online sacchi di zeolite da 25 kg ideale per l'igienizzazione del manto erboso dai bisogni dei vostri animali domestici.","robots":{"index":"index","follow":"follow","max-snippet":"max-snippet:-1","max-image-preview":"max-image-preview:large","max-video-preview":"max-video-preview:-1"},"canonical":"https:\/\/demo.akomi.it\/erbyshop\/fr\/accessoires-pour-gazon-synthetique\/zeolite-naturale-per-animali\/","og_locale":"fr_FR","og_type":"article","og_title":"Zeolite naturale per animali | Zeolite in sacchi | Erby","og_description":"Acquista online sacchi di zeolite da 25 kg ideale per l'igienizzazione del manto erboso dai bisogni dei vostri animali domestici.","og_url":"https:\/\/demo.akomi.it\/erbyshop\/fr\/accessoires-pour-gazon-synthetique\/zeolite-naturale-per-animali\/","og_site_name":"FR","article_modified_time":"2025-04-23T13:54:52+00:00","og_image":[{"width":2360,"height":1680,"url":"https:\/\/demo.akomi.it\/erbyshop\/fr\/wp-content\/uploads\/sites\/3\/zeolite-nuova.jpg","type":"image\/jpeg"}],"twitter_card":"summary_large_image","twitter_misc":{"Dur\u00e9e de lecture estim\u00e9e":"1 minute"},"schema":{"@context":"https:\/\/schema.org","@graph":[{"@type":"WebPage","@id":"https:\/\/demo.akomi.it\/erbyshop\/fr\/accessoires-pour-gazon-synthetique\/zeolite-naturale-per-animali\/","url":"https:\/\/demo.akomi.it\/erbyshop\/fr\/accessoires-pour-gazon-synthetique\/zeolite-naturale-per-animali\/","name":"Zeolite naturale per animali | Zeolite in sacchi | Erby","isPartOf":{"@id":"https:\/\/demo.akomi.it\/erbyshop\/fr\/#website"},"primaryImageOfPage":{"@id":"https:\/\/demo.akomi.it\/erbyshop\/fr\/accessoires-pour-gazon-synthetique\/zeolite-naturale-per-animali\/#primaryimage"},"image":{"@id":"https:\/\/demo.akomi.it\/erbyshop\/fr\/accessoires-pour-gazon-synthetique\/zeolite-naturale-per-animali\/#primaryimage"},"thumbnailUrl":"https:\/\/demo.akomi.it\/erbyshop\/fr\/wp-content\/uploads\/sites\/3\/zeolite-nuova.jpg","datePublished":"2022-02-07T13:39:41+00:00","dateModified":"2025-04-23T13:54:52+00:00","description":"Acquista online sacchi di zeolite da 25 kg ideale per l'igienizzazione del manto erboso dai bisogni dei vostri animali domestici.","breadcrumb":{"@id":"https:\/\/demo.akomi.it\/erbyshop\/fr\/accessoires-pour-gazon-synthetique\/zeolite-naturale-per-animali\/#breadcrumb"},"inLanguage":"fr-FR","potentialAction":[{"@type":"ReadAction","target":["https:\/\/demo.akomi.it\/erbyshop\/fr\/accessoires-pour-gazon-synthetique\/zeolite-naturale-per-animali\/"]}]},{"@type":"ImageObject","inLanguage":"fr-FR","@id":"https:\/\/demo.akomi.it\/erbyshop\/fr\/accessoires-pour-gazon-synthetique\/zeolite-naturale-per-animali\/#primaryimage","url":"https:\/\/demo.akomi.it\/erbyshop\/fr\/wp-content\/uploads\/sites\/3\/zeolite-nuova.jpg","contentUrl":"https:\/\/demo.akomi.it\/erbyshop\/fr\/wp-content\/uploads\/sites\/3\/zeolite-nuova.jpg","width":2360,"height":1680},{"@type":"BreadcrumbList","@id":"https:\/\/demo.akomi.it\/erbyshop\/fr\/accessoires-pour-gazon-synthetique\/zeolite-naturale-per-animali\/#breadcrumb","itemListElement":[{"@type":"ListItem","position":1,"name":"Home","item":"https:\/\/demo.akomi.it\/erbyshop\/fr\/"},{"@type":"ListItem","position":2,"name":"Shop","item":"https:\/\/demo.akomi.it\/erbyshop\/fr\/e-commerce-erby\/"},{"@type":"ListItem","position":3,"name":"Accessoires","item":"https:\/\/demo.akomi.it\/erbyshop\/fr\/accessoires-pour-gazon-synthetique\/"},{"@type":"ListItem","position":4,"name":"Z\u00e9olite Chabasite naturelle italienne"}]},{"@type":"WebSite","@id":"https:\/\/demo.akomi.it\/erbyshop\/fr\/#website","url":"https:\/\/demo.akomi.it\/erbyshop\/fr\/","name":"FR","description":"Il prato intelligente","potentialAction":[{"@type":"SearchAction","target":{"@type":"EntryPoint","urlTemplate":"https:\/\/demo.akomi.it\/erbyshop\/fr\/?s={search_term_string}"},"query-input":{"@type":"PropertyValueSpecification","valueRequired":true,"valueName":"search_term_string"}}],"inLanguage":"fr-FR"}]}},"_links":{"self":[{"href":"https:\/\/demo.akomi.it\/erbyshop\/fr\/wp-json\/wp\/v2\/product\/1044","targetHints":{"allow":["GET"]}}],"collection":[{"href":"https:\/\/demo.akomi.it\/erbyshop\/fr\/wp-json\/wp\/v2\/product"}],"about":[{"href":"https:\/\/demo.akomi.it\/erbyshop\/fr\/wp-json\/wp\/v2\/types\/product"}],"wp:featuredmedia":[{"embeddable":true,"href":"https:\/\/demo.akomi.it\/erbyshop\/fr\/wp-json\/wp\/v2\/media\/4723"}],"wp:attachment":[{"href":"https:\/\/demo.akomi.it\/erbyshop\/fr\/wp-json\/wp\/v2\/media?parent=1044"}],"wp:term":[{"taxonomy":"product_brand","embeddable":true,"href":"https:\/\/demo.akomi.it\/erbyshop\/fr\/wp-json\/wp\/v2\/product_brand?post=1044"},{"taxonomy":"product_cat","embeddable":true,"href":"https:\/\/demo.akomi.it\/erbyshop\/fr\/wp-json\/wp\/v2\/product_cat?post=1044"},{"taxonomy":"product_tag","embeddable":true,"href":"https:\/\/demo.akomi.it\/erbyshop\/fr\/wp-json\/wp\/v2\/product_tag?post=1044"}],"curies":[{"name":"wp","href":"https:\/\/api.w.org\/{rel}","templated":true}]}}