{"id":1045,"date":"2022-02-07T14:40:11","date_gmt":"2022-02-07T13:40:11","guid":{"rendered":"https:\/\/www.demo.akomi.it\/erbyshop\/fr\/?post_type=product&#038;p=1045"},"modified":"2025-04-16T15:08:18","modified_gmt":"2025-04-16T13:08:18","slug":"colla-poliuretanica-per-erba-sintetica","status":"publish","type":"product","link":"https:\/\/demo.akomi.it\/erbyshop\/fr\/accessoires-pour-gazon-synthetique\/colla-poliuretanica-per-erba-sintetica\/","title":{"rendered":"Colle monocomposant"},"content":{"rendered":"<p class=\"\" data-start=\"0\" data-end=\"93\"><strong data-start=\"0\" data-end=\"93\">La colle monocomposant polyur\u00e9thane thixotrope sp\u00e9cifique pour les pelouses synth\u00e9tiques.<\/strong><\/p>\n<p class=\"\" data-start=\"95\" data-end=\"192\">Elle est utile pour fixer la pelouse de mani\u00e8re p\u00e9riph\u00e9rique en cr\u00e9ant de petits points de colle.<\/p>\n<p class=\"\" data-start=\"194\" data-end=\"277\">La colle peut \u00eatre appliqu\u00e9e directement sur le sol pour des fixations d\u00e9finitives.<\/p>\n<p class=\"\" data-start=\"279\" data-end=\"489\">Dans ce cas, il n\u2019est pas n\u00e9cessaire de coller toute la surface, mais uniquement les bords de la pelouse synth\u00e9tique, afin d\u2019\u00e9viter tout risque de tr\u00e9buchement, en r\u00e9alisant un collage par points ou par traits.<\/p>\n<p class=\"\" data-start=\"491\" data-end=\"556\">Pratique et facile \u00e0 utiliser gr\u00e2ce \u00e0 l\u2019embout sp\u00e9cifique fourni.<\/p>\n","protected":false},"excerpt":{"rendered":"<p>La colle monocomposant polyur\u00e9thane thixotrope sp\u00e9cifique pour les pelouses synth\u00e9tiques. Elle est utile pour fixer la pelouse de mani\u00e8re p\u00e9riph\u00e9rique en cr\u00e9ant de petits points de colle. La colle peut \u00eatre appliqu\u00e9e directement sur le sol pour des fixations d\u00e9finitives. Dans ce cas, il n\u2019est pas n\u00e9cessaire de coller toute la surface, mais uniquement les &hellip; <a href=\"https:\/\/demo.akomi.it\/erbyshop\/fr\/accessoires-pour-gazon-synthetique\/colla-poliuretanica-per-erba-sintetica\/\">Continued<\/a><\/p>\n","protected":false},"featured_media":1344,"template":"","meta":[],"product_brand":[],"product_cat":[24],"product_tag":[],"class_list":{"0":"post-1045","1":"product","2":"type-product","3":"status-publish","4":"has-post-thumbnail","6":"product_cat-accessoires-pour-gazon-synthetique","7":"product_shipping_class-tariffa-peso","9":"first","10":"instock","11":"taxable","12":"shipping-taxable","13":"purchasable","14":"product-type-simple"},"acf":[],"yoast_head":"<!-- This site is optimized with the Yoast SEO plugin v24.5 - https:\/\/yoast.com\/wordpress\/plugins\/seo\/ -->\n<title>Colla poliuretanica per erba sintetica | Colla monocomponente<\/title>\n<meta name=\"description\" content=\"Acquista online la colla poliuretanica monocomponente specifica per il fissaggio dell&#039;erba sintetica nel manto erboso perimetrale.\" \/>\n<meta name=\"robots\" content=\"index, follow, max-snippet:-1, max-image-preview:large, max-video-preview:-1\" \/>\n<link rel=\"canonical\" href=\"https:\/\/demo.akomi.it\/erbyshop\/fr\/accessoires-pour-gazon-synthetique\/colla-poliuretanica-per-erba-sintetica\/\" \/>\n<meta property=\"og:locale\" content=\"fr_FR\" \/>\n<meta property=\"og:type\" content=\"article\" \/>\n<meta property=\"og:title\" content=\"Colla poliuretanica per erba sintetica | Colla monocomponente\" \/>\n<meta property=\"og:description\" content=\"Acquista online la colla poliuretanica monocomponente specifica per il fissaggio dell&#039;erba sintetica nel manto erboso perimetrale.\" \/>\n<meta property=\"og:url\" content=\"https:\/\/demo.akomi.it\/erbyshop\/fr\/accessoires-pour-gazon-synthetique\/colla-poliuretanica-per-erba-sintetica\/\" \/>\n<meta property=\"og:site_name\" content=\"FR\" \/>\n<meta property=\"article:modified_time\" content=\"2025-04-16T13:08:18+00:00\" \/>\n<meta property=\"og:image\" content=\"https:\/\/demo.akomi.it\/erbyshop\/fr\/wp-content\/uploads\/sites\/3\/colla-poliuretanica-erba-sintetica.jpg\" \/>\n\t<meta property=\"og:image:width\" content=\"2360\" \/>\n\t<meta property=\"og:image:height\" content=\"1680\" \/>\n\t<meta property=\"og:image:type\" content=\"image\/jpeg\" \/>\n<meta name=\"twitter:card\" content=\"summary_large_image\" \/>\n<meta name=\"twitter:label1\" content=\"Dur\u00e9e de lecture estim\u00e9e\" \/>\n\t<meta name=\"twitter:data1\" content=\"1 minute\" \/>\n<script type=\"application\/ld+json\" class=\"yoast-schema-graph\">{\"@context\":\"https:\/\/schema.org\",\"@graph\":[{\"@type\":\"WebPage\",\"@id\":\"https:\/\/demo.akomi.it\/erbyshop\/fr\/accessoires-pour-gazon-synthetique\/colla-poliuretanica-per-erba-sintetica\/\",\"url\":\"https:\/\/demo.akomi.it\/erbyshop\/fr\/accessoires-pour-gazon-synthetique\/colla-poliuretanica-per-erba-sintetica\/\",\"name\":\"Colla poliuretanica per erba sintetica | Colla monocomponente\",\"isPartOf\":{\"@id\":\"https:\/\/demo.akomi.it\/erbyshop\/fr\/#website\"},\"primaryImageOfPage\":{\"@id\":\"https:\/\/demo.akomi.it\/erbyshop\/fr\/accessoires-pour-gazon-synthetique\/colla-poliuretanica-per-erba-sintetica\/#primaryimage\"},\"image\":{\"@id\":\"https:\/\/demo.akomi.it\/erbyshop\/fr\/accessoires-pour-gazon-synthetique\/colla-poliuretanica-per-erba-sintetica\/#primaryimage\"},\"thumbnailUrl\":\"https:\/\/demo.akomi.it\/erbyshop\/fr\/wp-content\/uploads\/sites\/3\/colla-poliuretanica-erba-sintetica.jpg\",\"datePublished\":\"2022-02-07T13:40:11+00:00\",\"dateModified\":\"2025-04-16T13:08:18+00:00\",\"description\":\"Acquista online la colla poliuretanica monocomponente specifica per il fissaggio dell'erba sintetica nel manto erboso perimetrale.\",\"breadcrumb\":{\"@id\":\"https:\/\/demo.akomi.it\/erbyshop\/fr\/accessoires-pour-gazon-synthetique\/colla-poliuretanica-per-erba-sintetica\/#breadcrumb\"},\"inLanguage\":\"fr-FR\",\"potentialAction\":[{\"@type\":\"ReadAction\",\"target\":[\"https:\/\/demo.akomi.it\/erbyshop\/fr\/accessoires-pour-gazon-synthetique\/colla-poliuretanica-per-erba-sintetica\/\"]}]},{\"@type\":\"ImageObject\",\"inLanguage\":\"fr-FR\",\"@id\":\"https:\/\/demo.akomi.it\/erbyshop\/fr\/accessoires-pour-gazon-synthetique\/colla-poliuretanica-per-erba-sintetica\/#primaryimage\",\"url\":\"https:\/\/demo.akomi.it\/erbyshop\/fr\/wp-content\/uploads\/sites\/3\/colla-poliuretanica-erba-sintetica.jpg\",\"contentUrl\":\"https:\/\/demo.akomi.it\/erbyshop\/fr\/wp-content\/uploads\/sites\/3\/colla-poliuretanica-erba-sintetica.jpg\",\"width\":2360,\"height\":1680,\"caption\":\"Colla poliuretanica per erba sintetica\"},{\"@type\":\"BreadcrumbList\",\"@id\":\"https:\/\/demo.akomi.it\/erbyshop\/fr\/accessoires-pour-gazon-synthetique\/colla-poliuretanica-per-erba-sintetica\/#breadcrumb\",\"itemListElement\":[{\"@type\":\"ListItem\",\"position\":1,\"name\":\"Home\",\"item\":\"https:\/\/demo.akomi.it\/erbyshop\/fr\/\"},{\"@type\":\"ListItem\",\"position\":2,\"name\":\"Shop\",\"item\":\"https:\/\/demo.akomi.it\/erbyshop\/fr\/e-commerce-erby\/\"},{\"@type\":\"ListItem\",\"position\":3,\"name\":\"Accessoires\",\"item\":\"https:\/\/demo.akomi.it\/erbyshop\/fr\/accessoires-pour-gazon-synthetique\/\"},{\"@type\":\"ListItem\",\"position\":4,\"name\":\"Colle monocomposant\"}]},{\"@type\":\"WebSite\",\"@id\":\"https:\/\/demo.akomi.it\/erbyshop\/fr\/#website\",\"url\":\"https:\/\/demo.akomi.it\/erbyshop\/fr\/\",\"name\":\"FR\",\"description\":\"Il prato intelligente\",\"potentialAction\":[{\"@type\":\"SearchAction\",\"target\":{\"@type\":\"EntryPoint\",\"urlTemplate\":\"https:\/\/demo.akomi.it\/erbyshop\/fr\/?s={search_term_string}\"},\"query-input\":{\"@type\":\"PropertyValueSpecification\",\"valueRequired\":true,\"valueName\":\"search_term_string\"}}],\"inLanguage\":\"fr-FR\"}]}<\/script>\n<!-- \/ Yoast SEO plugin. -->","yoast_head_json":{"title":"Colla poliuretanica per erba sintetica | Colla monocomponente","description":"Acquista online la colla poliuretanica monocomponente specifica per il fissaggio dell'erba sintetica nel manto erboso perimetrale.","robots":{"index":"index","follow":"follow","max-snippet":"max-snippet:-1","max-image-preview":"max-image-preview:large","max-video-preview":"max-video-preview:-1"},"canonical":"https:\/\/demo.akomi.it\/erbyshop\/fr\/accessoires-pour-gazon-synthetique\/colla-poliuretanica-per-erba-sintetica\/","og_locale":"fr_FR","og_type":"article","og_title":"Colla poliuretanica per erba sintetica | Colla monocomponente","og_description":"Acquista online la colla poliuretanica monocomponente specifica per il fissaggio dell'erba sintetica nel manto erboso perimetrale.","og_url":"https:\/\/demo.akomi.it\/erbyshop\/fr\/accessoires-pour-gazon-synthetique\/colla-poliuretanica-per-erba-sintetica\/","og_site_name":"FR","article_modified_time":"2025-04-16T13:08:18+00:00","og_image":[{"width":2360,"height":1680,"url":"https:\/\/demo.akomi.it\/erbyshop\/fr\/wp-content\/uploads\/sites\/3\/colla-poliuretanica-erba-sintetica.jpg","type":"image\/jpeg"}],"twitter_card":"summary_large_image","twitter_misc":{"Dur\u00e9e de lecture estim\u00e9e":"1 minute"},"schema":{"@context":"https:\/\/schema.org","@graph":[{"@type":"WebPage","@id":"https:\/\/demo.akomi.it\/erbyshop\/fr\/accessoires-pour-gazon-synthetique\/colla-poliuretanica-per-erba-sintetica\/","url":"https:\/\/demo.akomi.it\/erbyshop\/fr\/accessoires-pour-gazon-synthetique\/colla-poliuretanica-per-erba-sintetica\/","name":"Colla poliuretanica per erba sintetica | Colla monocomponente","isPartOf":{"@id":"https:\/\/demo.akomi.it\/erbyshop\/fr\/#website"},"primaryImageOfPage":{"@id":"https:\/\/demo.akomi.it\/erbyshop\/fr\/accessoires-pour-gazon-synthetique\/colla-poliuretanica-per-erba-sintetica\/#primaryimage"},"image":{"@id":"https:\/\/demo.akomi.it\/erbyshop\/fr\/accessoires-pour-gazon-synthetique\/colla-poliuretanica-per-erba-sintetica\/#primaryimage"},"thumbnailUrl":"https:\/\/demo.akomi.it\/erbyshop\/fr\/wp-content\/uploads\/sites\/3\/colla-poliuretanica-erba-sintetica.jpg","datePublished":"2022-02-07T13:40:11+00:00","dateModified":"2025-04-16T13:08:18+00:00","description":"Acquista online la colla poliuretanica monocomponente specifica per il fissaggio dell'erba sintetica nel manto erboso perimetrale.","breadcrumb":{"@id":"https:\/\/demo.akomi.it\/erbyshop\/fr\/accessoires-pour-gazon-synthetique\/colla-poliuretanica-per-erba-sintetica\/#breadcrumb"},"inLanguage":"fr-FR","potentialAction":[{"@type":"ReadAction","target":["https:\/\/demo.akomi.it\/erbyshop\/fr\/accessoires-pour-gazon-synthetique\/colla-poliuretanica-per-erba-sintetica\/"]}]},{"@type":"ImageObject","inLanguage":"fr-FR","@id":"https:\/\/demo.akomi.it\/erbyshop\/fr\/accessoires-pour-gazon-synthetique\/colla-poliuretanica-per-erba-sintetica\/#primaryimage","url":"https:\/\/demo.akomi.it\/erbyshop\/fr\/wp-content\/uploads\/sites\/3\/colla-poliuretanica-erba-sintetica.jpg","contentUrl":"https:\/\/demo.akomi.it\/erbyshop\/fr\/wp-content\/uploads\/sites\/3\/colla-poliuretanica-erba-sintetica.jpg","width":2360,"height":1680,"caption":"Colla poliuretanica per erba sintetica"},{"@type":"BreadcrumbList","@id":"https:\/\/demo.akomi.it\/erbyshop\/fr\/accessoires-pour-gazon-synthetique\/colla-poliuretanica-per-erba-sintetica\/#breadcrumb","itemListElement":[{"@type":"ListItem","position":1,"name":"Home","item":"https:\/\/demo.akomi.it\/erbyshop\/fr\/"},{"@type":"ListItem","position":2,"name":"Shop","item":"https:\/\/demo.akomi.it\/erbyshop\/fr\/e-commerce-erby\/"},{"@type":"ListItem","position":3,"name":"Accessoires","item":"https:\/\/demo.akomi.it\/erbyshop\/fr\/accessoires-pour-gazon-synthetique\/"},{"@type":"ListItem","position":4,"name":"Colle monocomposant"}]},{"@type":"WebSite","@id":"https:\/\/demo.akomi.it\/erbyshop\/fr\/#website","url":"https:\/\/demo.akomi.it\/erbyshop\/fr\/","name":"FR","description":"Il prato intelligente","potentialAction":[{"@type":"SearchAction","target":{"@type":"EntryPoint","urlTemplate":"https:\/\/demo.akomi.it\/erbyshop\/fr\/?s={search_term_string}"},"query-input":{"@type":"PropertyValueSpecification","valueRequired":true,"valueName":"search_term_string"}}],"inLanguage":"fr-FR"}]}},"_links":{"self":[{"href":"https:\/\/demo.akomi.it\/erbyshop\/fr\/wp-json\/wp\/v2\/product\/1045","targetHints":{"allow":["GET"]}}],"collection":[{"href":"https:\/\/demo.akomi.it\/erbyshop\/fr\/wp-json\/wp\/v2\/product"}],"about":[{"href":"https:\/\/demo.akomi.it\/erbyshop\/fr\/wp-json\/wp\/v2\/types\/product"}],"wp:featuredmedia":[{"embeddable":true,"href":"https:\/\/demo.akomi.it\/erbyshop\/fr\/wp-json\/wp\/v2\/media\/1344"}],"wp:attachment":[{"href":"https:\/\/demo.akomi.it\/erbyshop\/fr\/wp-json\/wp\/v2\/media?parent=1045"}],"wp:term":[{"taxonomy":"product_brand","embeddable":true,"href":"https:\/\/demo.akomi.it\/erbyshop\/fr\/wp-json\/wp\/v2\/product_brand?post=1045"},{"taxonomy":"product_cat","embeddable":true,"href":"https:\/\/demo.akomi.it\/erbyshop\/fr\/wp-json\/wp\/v2\/product_cat?post=1045"},{"taxonomy":"product_tag","embeddable":true,"href":"https:\/\/demo.akomi.it\/erbyshop\/fr\/wp-json\/wp\/v2\/product_tag?post=1045"}],"curies":[{"name":"wp","href":"https:\/\/api.w.org\/{rel}","templated":true}]}}