{"id":1047,"date":"2022-02-07T14:42:38","date_gmt":"2022-02-07T13:42:38","guid":{"rendered":"https:\/\/www.demo.akomi.it\/erbyshop\/fr\/?post_type=product&#038;p=1047"},"modified":"2025-04-23T16:24:30","modified_gmt":"2025-04-23T14:24:30","slug":"scatola-campioni-erba-sintetica-erby-box","status":"publish","type":"product","link":"https:\/\/demo.akomi.it\/erbyshop\/fr\/echantillons-gazon-synthetique\/scatola-campioni-erba-sintetica-erby-box\/","title":{"rendered":"Bo\u00eete d&#8217;\u00e9chantillons (erby box)"},"content":{"rendered":"<p>Bo\u00eete contenant 9 \u00e9chantillons, un pour chaque type, de gazon synth\u00e9tique de la gamme ERBY, au format 21&#215;30 cm.<\/p>\n<p>Avec les \u00e9chantillons, vous recevrez les fiches techniques de chaque produit.<\/p>\n<p>Voyez et touchez directement chez vous les gazons qui vous int\u00e9ressent, vous pourrez ainsi \u00e9valuer quel mod\u00e8le de gazon synth\u00e9tique r\u00e9pond le mieux \u00e0 vos go\u00fbts et au type de jardin que vous souhaitez cr\u00e9er. Choisissez en toute s\u00e9curit\u00e9 la meilleure qualit\u00e9!<\/p>\n","protected":false},"excerpt":{"rendered":"<p>Bo\u00eete contenant 9 \u00e9chantillons, un pour chaque type, de gazon synth\u00e9tique de la gamme ERBY, au format 21&#215;30 cm. Avec les \u00e9chantillons, vous recevrez les fiches techniques de chaque produit. Voyez et touchez directement chez vous les gazons qui vous int\u00e9ressent, vous pourrez ainsi \u00e9valuer quel mod\u00e8le de gazon synth\u00e9tique r\u00e9pond le mieux \u00e0 vos &hellip; <a href=\"https:\/\/demo.akomi.it\/erbyshop\/fr\/echantillons-gazon-synthetique\/scatola-campioni-erba-sintetica-erby-box\/\">Continued<\/a><\/p>\n","protected":false},"featured_media":1346,"template":"","meta":[],"product_brand":[],"product_cat":[25],"product_tag":[],"class_list":{"0":"post-1047","1":"product","2":"type-product","3":"status-publish","4":"has-post-thumbnail","6":"product_cat-echantillons-gazon-synthetique","7":"product_shipping_class-spedizione-gratuita","9":"first","10":"instock","11":"taxable","12":"shipping-taxable","13":"purchasable","14":"product-type-simple"},"acf":[],"yoast_head":"<!-- This site is optimized with the Yoast SEO plugin v24.5 - https:\/\/yoast.com\/wordpress\/plugins\/seo\/ -->\n<title>Scatola campioni di erba sintetica Erby Box | Erby<\/title>\n<meta name=\"description\" content=\"Sei indeciso su quale prato erbose posare nel tuo giardino? Acquista la scatola campioni e riceverai un campione per ogni tipologia di erba sintetica della gamma Erby.\" \/>\n<meta name=\"robots\" content=\"index, follow, max-snippet:-1, max-image-preview:large, max-video-preview:-1\" \/>\n<link rel=\"canonical\" href=\"https:\/\/demo.akomi.it\/erbyshop\/fr\/echantillons-gazon-synthetique\/scatola-campioni-erba-sintetica-erby-box\/\" \/>\n<meta property=\"og:locale\" content=\"fr_FR\" \/>\n<meta property=\"og:type\" content=\"article\" \/>\n<meta property=\"og:title\" content=\"Scatola campioni di erba sintetica Erby Box | Erby\" \/>\n<meta property=\"og:description\" content=\"Sei indeciso su quale prato erbose posare nel tuo giardino? Acquista la scatola campioni e riceverai un campione per ogni tipologia di erba sintetica della gamma Erby.\" \/>\n<meta property=\"og:url\" content=\"https:\/\/demo.akomi.it\/erbyshop\/fr\/echantillons-gazon-synthetique\/scatola-campioni-erba-sintetica-erby-box\/\" \/>\n<meta property=\"og:site_name\" content=\"FR\" \/>\n<meta property=\"article:modified_time\" content=\"2025-04-23T14:24:30+00:00\" \/>\n<meta property=\"og:image\" content=\"https:\/\/demo.akomi.it\/erbyshop\/fr\/wp-content\/uploads\/sites\/3\/scatola-campioni-erba-sintetica-ERBY-BOX.jpg\" \/>\n\t<meta property=\"og:image:width\" content=\"2360\" \/>\n\t<meta property=\"og:image:height\" content=\"1680\" \/>\n\t<meta property=\"og:image:type\" content=\"image\/jpeg\" \/>\n<meta name=\"twitter:card\" content=\"summary_large_image\" \/>\n<meta name=\"twitter:label1\" content=\"Dur\u00e9e de lecture estim\u00e9e\" \/>\n\t<meta name=\"twitter:data1\" content=\"1 minute\" \/>\n<script type=\"application\/ld+json\" class=\"yoast-schema-graph\">{\"@context\":\"https:\/\/schema.org\",\"@graph\":[{\"@type\":\"WebPage\",\"@id\":\"https:\/\/demo.akomi.it\/erbyshop\/fr\/echantillons-gazon-synthetique\/scatola-campioni-erba-sintetica-erby-box\/\",\"url\":\"https:\/\/demo.akomi.it\/erbyshop\/fr\/echantillons-gazon-synthetique\/scatola-campioni-erba-sintetica-erby-box\/\",\"name\":\"Scatola campioni di erba sintetica Erby Box | Erby\",\"isPartOf\":{\"@id\":\"https:\/\/demo.akomi.it\/erbyshop\/fr\/#website\"},\"primaryImageOfPage\":{\"@id\":\"https:\/\/demo.akomi.it\/erbyshop\/fr\/echantillons-gazon-synthetique\/scatola-campioni-erba-sintetica-erby-box\/#primaryimage\"},\"image\":{\"@id\":\"https:\/\/demo.akomi.it\/erbyshop\/fr\/echantillons-gazon-synthetique\/scatola-campioni-erba-sintetica-erby-box\/#primaryimage\"},\"thumbnailUrl\":\"https:\/\/demo.akomi.it\/erbyshop\/fr\/wp-content\/uploads\/sites\/3\/scatola-campioni-erba-sintetica-ERBY-BOX.jpg\",\"datePublished\":\"2022-02-07T13:42:38+00:00\",\"dateModified\":\"2025-04-23T14:24:30+00:00\",\"description\":\"Sei indeciso su quale prato erbose posare nel tuo giardino? Acquista la scatola campioni e riceverai un campione per ogni tipologia di erba sintetica della gamma Erby.\",\"breadcrumb\":{\"@id\":\"https:\/\/demo.akomi.it\/erbyshop\/fr\/echantillons-gazon-synthetique\/scatola-campioni-erba-sintetica-erby-box\/#breadcrumb\"},\"inLanguage\":\"fr-FR\",\"potentialAction\":[{\"@type\":\"ReadAction\",\"target\":[\"https:\/\/demo.akomi.it\/erbyshop\/fr\/echantillons-gazon-synthetique\/scatola-campioni-erba-sintetica-erby-box\/\"]}]},{\"@type\":\"ImageObject\",\"inLanguage\":\"fr-FR\",\"@id\":\"https:\/\/demo.akomi.it\/erbyshop\/fr\/echantillons-gazon-synthetique\/scatola-campioni-erba-sintetica-erby-box\/#primaryimage\",\"url\":\"https:\/\/demo.akomi.it\/erbyshop\/fr\/wp-content\/uploads\/sites\/3\/scatola-campioni-erba-sintetica-ERBY-BOX.jpg\",\"contentUrl\":\"https:\/\/demo.akomi.it\/erbyshop\/fr\/wp-content\/uploads\/sites\/3\/scatola-campioni-erba-sintetica-ERBY-BOX.jpg\",\"width\":2360,\"height\":1680,\"caption\":\"Scatola campioni di erba sintetica Erby Box\"},{\"@type\":\"BreadcrumbList\",\"@id\":\"https:\/\/demo.akomi.it\/erbyshop\/fr\/echantillons-gazon-synthetique\/scatola-campioni-erba-sintetica-erby-box\/#breadcrumb\",\"itemListElement\":[{\"@type\":\"ListItem\",\"position\":1,\"name\":\"Home\",\"item\":\"https:\/\/demo.akomi.it\/erbyshop\/fr\/\"},{\"@type\":\"ListItem\",\"position\":2,\"name\":\"Shop\",\"item\":\"https:\/\/demo.akomi.it\/erbyshop\/fr\/e-commerce-erby\/\"},{\"@type\":\"ListItem\",\"position\":3,\"name\":\"\u00c9chantillonnage\",\"item\":\"https:\/\/demo.akomi.it\/erbyshop\/fr\/echantillons-gazon-synthetique\/\"},{\"@type\":\"ListItem\",\"position\":4,\"name\":\"Bo\u00eete d&#8217;\u00e9chantillons (erby box)\"}]},{\"@type\":\"WebSite\",\"@id\":\"https:\/\/demo.akomi.it\/erbyshop\/fr\/#website\",\"url\":\"https:\/\/demo.akomi.it\/erbyshop\/fr\/\",\"name\":\"FR\",\"description\":\"Il prato intelligente\",\"potentialAction\":[{\"@type\":\"SearchAction\",\"target\":{\"@type\":\"EntryPoint\",\"urlTemplate\":\"https:\/\/demo.akomi.it\/erbyshop\/fr\/?s={search_term_string}\"},\"query-input\":{\"@type\":\"PropertyValueSpecification\",\"valueRequired\":true,\"valueName\":\"search_term_string\"}}],\"inLanguage\":\"fr-FR\"}]}<\/script>\n<!-- \/ Yoast SEO plugin. -->","yoast_head_json":{"title":"Scatola campioni di erba sintetica Erby Box | Erby","description":"Sei indeciso su quale prato erbose posare nel tuo giardino? Acquista la scatola campioni e riceverai un campione per ogni tipologia di erba sintetica della gamma Erby.","robots":{"index":"index","follow":"follow","max-snippet":"max-snippet:-1","max-image-preview":"max-image-preview:large","max-video-preview":"max-video-preview:-1"},"canonical":"https:\/\/demo.akomi.it\/erbyshop\/fr\/echantillons-gazon-synthetique\/scatola-campioni-erba-sintetica-erby-box\/","og_locale":"fr_FR","og_type":"article","og_title":"Scatola campioni di erba sintetica Erby Box | Erby","og_description":"Sei indeciso su quale prato erbose posare nel tuo giardino? Acquista la scatola campioni e riceverai un campione per ogni tipologia di erba sintetica della gamma Erby.","og_url":"https:\/\/demo.akomi.it\/erbyshop\/fr\/echantillons-gazon-synthetique\/scatola-campioni-erba-sintetica-erby-box\/","og_site_name":"FR","article_modified_time":"2025-04-23T14:24:30+00:00","og_image":[{"width":2360,"height":1680,"url":"https:\/\/demo.akomi.it\/erbyshop\/fr\/wp-content\/uploads\/sites\/3\/scatola-campioni-erba-sintetica-ERBY-BOX.jpg","type":"image\/jpeg"}],"twitter_card":"summary_large_image","twitter_misc":{"Dur\u00e9e de lecture estim\u00e9e":"1 minute"},"schema":{"@context":"https:\/\/schema.org","@graph":[{"@type":"WebPage","@id":"https:\/\/demo.akomi.it\/erbyshop\/fr\/echantillons-gazon-synthetique\/scatola-campioni-erba-sintetica-erby-box\/","url":"https:\/\/demo.akomi.it\/erbyshop\/fr\/echantillons-gazon-synthetique\/scatola-campioni-erba-sintetica-erby-box\/","name":"Scatola campioni di erba sintetica Erby Box | Erby","isPartOf":{"@id":"https:\/\/demo.akomi.it\/erbyshop\/fr\/#website"},"primaryImageOfPage":{"@id":"https:\/\/demo.akomi.it\/erbyshop\/fr\/echantillons-gazon-synthetique\/scatola-campioni-erba-sintetica-erby-box\/#primaryimage"},"image":{"@id":"https:\/\/demo.akomi.it\/erbyshop\/fr\/echantillons-gazon-synthetique\/scatola-campioni-erba-sintetica-erby-box\/#primaryimage"},"thumbnailUrl":"https:\/\/demo.akomi.it\/erbyshop\/fr\/wp-content\/uploads\/sites\/3\/scatola-campioni-erba-sintetica-ERBY-BOX.jpg","datePublished":"2022-02-07T13:42:38+00:00","dateModified":"2025-04-23T14:24:30+00:00","description":"Sei indeciso su quale prato erbose posare nel tuo giardino? Acquista la scatola campioni e riceverai un campione per ogni tipologia di erba sintetica della gamma Erby.","breadcrumb":{"@id":"https:\/\/demo.akomi.it\/erbyshop\/fr\/echantillons-gazon-synthetique\/scatola-campioni-erba-sintetica-erby-box\/#breadcrumb"},"inLanguage":"fr-FR","potentialAction":[{"@type":"ReadAction","target":["https:\/\/demo.akomi.it\/erbyshop\/fr\/echantillons-gazon-synthetique\/scatola-campioni-erba-sintetica-erby-box\/"]}]},{"@type":"ImageObject","inLanguage":"fr-FR","@id":"https:\/\/demo.akomi.it\/erbyshop\/fr\/echantillons-gazon-synthetique\/scatola-campioni-erba-sintetica-erby-box\/#primaryimage","url":"https:\/\/demo.akomi.it\/erbyshop\/fr\/wp-content\/uploads\/sites\/3\/scatola-campioni-erba-sintetica-ERBY-BOX.jpg","contentUrl":"https:\/\/demo.akomi.it\/erbyshop\/fr\/wp-content\/uploads\/sites\/3\/scatola-campioni-erba-sintetica-ERBY-BOX.jpg","width":2360,"height":1680,"caption":"Scatola campioni di erba sintetica Erby Box"},{"@type":"BreadcrumbList","@id":"https:\/\/demo.akomi.it\/erbyshop\/fr\/echantillons-gazon-synthetique\/scatola-campioni-erba-sintetica-erby-box\/#breadcrumb","itemListElement":[{"@type":"ListItem","position":1,"name":"Home","item":"https:\/\/demo.akomi.it\/erbyshop\/fr\/"},{"@type":"ListItem","position":2,"name":"Shop","item":"https:\/\/demo.akomi.it\/erbyshop\/fr\/e-commerce-erby\/"},{"@type":"ListItem","position":3,"name":"\u00c9chantillonnage","item":"https:\/\/demo.akomi.it\/erbyshop\/fr\/echantillons-gazon-synthetique\/"},{"@type":"ListItem","position":4,"name":"Bo\u00eete d&#8217;\u00e9chantillons (erby box)"}]},{"@type":"WebSite","@id":"https:\/\/demo.akomi.it\/erbyshop\/fr\/#website","url":"https:\/\/demo.akomi.it\/erbyshop\/fr\/","name":"FR","description":"Il prato intelligente","potentialAction":[{"@type":"SearchAction","target":{"@type":"EntryPoint","urlTemplate":"https:\/\/demo.akomi.it\/erbyshop\/fr\/?s={search_term_string}"},"query-input":{"@type":"PropertyValueSpecification","valueRequired":true,"valueName":"search_term_string"}}],"inLanguage":"fr-FR"}]}},"_links":{"self":[{"href":"https:\/\/demo.akomi.it\/erbyshop\/fr\/wp-json\/wp\/v2\/product\/1047","targetHints":{"allow":["GET"]}}],"collection":[{"href":"https:\/\/demo.akomi.it\/erbyshop\/fr\/wp-json\/wp\/v2\/product"}],"about":[{"href":"https:\/\/demo.akomi.it\/erbyshop\/fr\/wp-json\/wp\/v2\/types\/product"}],"wp:featuredmedia":[{"embeddable":true,"href":"https:\/\/demo.akomi.it\/erbyshop\/fr\/wp-json\/wp\/v2\/media\/1346"}],"wp:attachment":[{"href":"https:\/\/demo.akomi.it\/erbyshop\/fr\/wp-json\/wp\/v2\/media?parent=1047"}],"wp:term":[{"taxonomy":"product_brand","embeddable":true,"href":"https:\/\/demo.akomi.it\/erbyshop\/fr\/wp-json\/wp\/v2\/product_brand?post=1047"},{"taxonomy":"product_cat","embeddable":true,"href":"https:\/\/demo.akomi.it\/erbyshop\/fr\/wp-json\/wp\/v2\/product_cat?post=1047"},{"taxonomy":"product_tag","embeddable":true,"href":"https:\/\/demo.akomi.it\/erbyshop\/fr\/wp-json\/wp\/v2\/product_tag?post=1047"}],"curies":[{"name":"wp","href":"https:\/\/api.w.org\/{rel}","templated":true}]}}