{"id":1049,"date":"2022-02-07T14:44:57","date_gmt":"2022-02-07T13:44:57","guid":{"rendered":"https:\/\/www.demo.akomi.it\/erbyshop\/fr\/?post_type=product&#038;p=1049"},"modified":"2025-04-23T16:13:54","modified_gmt":"2025-04-23T14:13:54","slug":"moss-lichene-naturale-stabilizzato-su-base-forex","status":"publish","type":"product","link":"https:\/\/demo.akomi.it\/erbyshop\/fr\/lichen-stabilise\/moss-lichene-naturale-stabilizzato-su-base-forex\/","title":{"rendered":"Mousse lichen naturel stabilis\u00e9 sur base Forex"},"content":{"rendered":"<p>Le panneau est fourni sur une base FOREX de 4 mm.<\/p>\n<p>Facile \u00e0 poser\/installer en assemblant les panneaux eux-m\u00eames sur les murs, pour d\u00e9corer de mani\u00e8re unique vos espaces.<\/p>\n<p>C\u2019est un produit insonorisant, inodore et surtout NATUREL.<\/p>\n<p>Les lichens sont des plantes vivantes qui sont ensuite stabilis\u00e9es par une substance qui remplace la s\u00e8ve v\u00e9g\u00e9tale.<\/p>\n<p>Une nouvelle conception de D\u00c9CORATION NATURELLE adapt\u00e9e \u00e0 tous les types d\u2019utilisations int\u00e9rieures : des espaces d&#8217;exposition d&#8217;entreprise, aux grands centres commerciaux, aux lieux publics, jusqu&#8217;\u00e0 l&#8217;am\u00e9nagement de votre propre maison.<\/p>\n<p>Id\u00e9al pour cr\u00e9er de grands murs \u00e0 fort impact esth\u00e9tique, gr\u00e2ce aux dimensions pratiques des panneaux.<\/p>\n<p>Apportez la nature dans votre maison ou sur votre lieu de travail, vous offrant tranquillit\u00e9 et b\u00e9n\u00e9fices environnementaux, comme la r\u00e9duction de la pollution sonore et l&#8217;am\u00e9lioration de la qualit\u00e9 de l&#8217;air que vous respirez.<\/p>\n<p>Le produit est fabriqu\u00e9 avec du Mousse LICHEN 100% NATUREL ET \u00c9COLOGIQUE, frais et doux au toucher, provenant des pays nordiques.<\/p>\n<p>Tous les produits stabilis\u00e9s se conservent parfaitement dans le temps et ne n\u00e9cessitent pas d&#8217;attentions particuli\u00e8res, car ils n&#8217;ont pas besoin d&#8217;\u00eatre arros\u00e9s, mais vivent de l&#8217;humidit\u00e9 ambiante, qui doit \u00eatre comprise entre 40 % et 75 %.<\/p>\n<p>Entretien Z\u00c9RO ! La seule pr\u00e9caution est de les placer \u00e0 l&#8217;\u00e9cart des sources de lumi\u00e8re directe intense (lampes halog\u00e8nes, projecteurs, etc.) et de ne pas les &#8220;toucher&#8221; continuellement.<\/p>\n<p>Le traitement de stabilisation les pr\u00e9serve de la d\u00e9composition, mais ne les transforme pas en un produit artificiel.<\/p>\n<p>Trait\u00e9 chimiquement pour maintenir leur douceur, couleur et \u00e9lasticit\u00e9 dans le temps, en &#8220;absorbant&#8221; l&#8217;humidit\u00e9 de l&#8217;air.<\/p>\n<p>\u00c9tant stabilis\u00e9, il ne d\u00e9gage pas de dioxyde de carbone, sous-produit de la photosynth\u00e8se.<\/p>\n<p>Ce traitement permet de conserver les plantes pendant une dur\u00e9e de vie d\u2019environ 10 ans.<\/p>\n<p>D\u00e9lai de pr\u00e9paration :<br \/>\nPanneau sur base MDF : de 2 \u00e0 3 semaines (sauf impr\u00e9vus).<\/p>\n","protected":false},"excerpt":{"rendered":"<p>Le panneau est fourni sur une base FOREX de 4 mm. Facile \u00e0 poser\/installer en assemblant les panneaux eux-m\u00eames sur les murs, pour d\u00e9corer de mani\u00e8re unique vos espaces. C\u2019est un produit insonorisant, inodore et surtout NATUREL. Les lichens sont des plantes vivantes qui sont ensuite stabilis\u00e9es par une substance qui remplace la s\u00e8ve v\u00e9g\u00e9tale. &hellip; <a href=\"https:\/\/demo.akomi.it\/erbyshop\/fr\/lichen-stabilise\/moss-lichene-naturale-stabilizzato-su-base-forex\/\">Continued<\/a><\/p>\n","protected":false},"featured_media":1387,"template":"","meta":[],"product_brand":[],"product_cat":[20],"product_tag":[],"class_list":{"0":"post-1049","1":"product","2":"type-product","3":"status-publish","4":"has-post-thumbnail","6":"product_cat-lichen-stabilise","7":"product_shipping_class-tariffa-peso","9":"first","10":"instock","11":"sale","12":"taxable","13":"shipping-taxable","14":"purchasable","15":"product-type-variable"},"acf":[],"yoast_head":"<!-- This site is optimized with the Yoast SEO plugin v24.5 - https:\/\/yoast.com\/wordpress\/plugins\/seo\/ -->\n<title>Moss lichene naturale stabilizzato su base forex | Erby<\/title>\n<meta name=\"description\" content=\"Acquista online moss lichene naturale stabilizzato su base in forex realizzato con muschio lichene naturale al 100%. Disponibile in diversi colori.\" \/>\n<meta name=\"robots\" content=\"index, follow, max-snippet:-1, max-image-preview:large, max-video-preview:-1\" \/>\n<link rel=\"canonical\" href=\"https:\/\/demo.akomi.it\/erbyshop\/fr\/lichen-stabilise\/moss-lichene-naturale-stabilizzato-su-base-forex\/\" \/>\n<meta property=\"og:locale\" content=\"fr_FR\" \/>\n<meta property=\"og:type\" content=\"article\" \/>\n<meta property=\"og:title\" content=\"Moss lichene naturale stabilizzato su base forex | Erby\" \/>\n<meta property=\"og:description\" content=\"Acquista online moss lichene naturale stabilizzato su base in forex realizzato con muschio lichene naturale al 100%. Disponibile in diversi colori.\" \/>\n<meta property=\"og:url\" content=\"https:\/\/demo.akomi.it\/erbyshop\/fr\/lichen-stabilise\/moss-lichene-naturale-stabilizzato-su-base-forex\/\" \/>\n<meta property=\"og:site_name\" content=\"FR\" \/>\n<meta property=\"article:modified_time\" content=\"2025-04-23T14:13:54+00:00\" \/>\n<meta property=\"og:image\" content=\"https:\/\/demo.akomi.it\/erbyshop\/fr\/wp-content\/uploads\/sites\/3\/MOSS-muschio-stabilizzato-forex-1.jpg\" \/>\n\t<meta property=\"og:image:width\" content=\"2360\" \/>\n\t<meta property=\"og:image:height\" content=\"1680\" \/>\n\t<meta property=\"og:image:type\" content=\"image\/jpeg\" \/>\n<meta name=\"twitter:card\" content=\"summary_large_image\" \/>\n<meta name=\"twitter:label1\" content=\"Dur\u00e9e de lecture estim\u00e9e\" \/>\n\t<meta name=\"twitter:data1\" content=\"2 minutes\" \/>\n<script type=\"application\/ld+json\" class=\"yoast-schema-graph\">{\"@context\":\"https:\/\/schema.org\",\"@graph\":[{\"@type\":\"WebPage\",\"@id\":\"https:\/\/demo.akomi.it\/erbyshop\/fr\/lichen-stabilise\/moss-lichene-naturale-stabilizzato-su-base-forex\/\",\"url\":\"https:\/\/demo.akomi.it\/erbyshop\/fr\/lichen-stabilise\/moss-lichene-naturale-stabilizzato-su-base-forex\/\",\"name\":\"Moss lichene naturale stabilizzato su base forex | Erby\",\"isPartOf\":{\"@id\":\"https:\/\/demo.akomi.it\/erbyshop\/fr\/#website\"},\"primaryImageOfPage\":{\"@id\":\"https:\/\/demo.akomi.it\/erbyshop\/fr\/lichen-stabilise\/moss-lichene-naturale-stabilizzato-su-base-forex\/#primaryimage\"},\"image\":{\"@id\":\"https:\/\/demo.akomi.it\/erbyshop\/fr\/lichen-stabilise\/moss-lichene-naturale-stabilizzato-su-base-forex\/#primaryimage\"},\"thumbnailUrl\":\"https:\/\/demo.akomi.it\/erbyshop\/fr\/wp-content\/uploads\/sites\/3\/MOSS-muschio-stabilizzato-forex-1.jpg\",\"datePublished\":\"2022-02-07T13:44:57+00:00\",\"dateModified\":\"2025-04-23T14:13:54+00:00\",\"description\":\"Acquista online moss lichene naturale stabilizzato su base in forex realizzato con muschio lichene naturale al 100%. Disponibile in diversi colori.\",\"breadcrumb\":{\"@id\":\"https:\/\/demo.akomi.it\/erbyshop\/fr\/lichen-stabilise\/moss-lichene-naturale-stabilizzato-su-base-forex\/#breadcrumb\"},\"inLanguage\":\"fr-FR\",\"potentialAction\":[{\"@type\":\"ReadAction\",\"target\":[\"https:\/\/demo.akomi.it\/erbyshop\/fr\/lichen-stabilise\/moss-lichene-naturale-stabilizzato-su-base-forex\/\"]}]},{\"@type\":\"ImageObject\",\"inLanguage\":\"fr-FR\",\"@id\":\"https:\/\/demo.akomi.it\/erbyshop\/fr\/lichen-stabilise\/moss-lichene-naturale-stabilizzato-su-base-forex\/#primaryimage\",\"url\":\"https:\/\/demo.akomi.it\/erbyshop\/fr\/wp-content\/uploads\/sites\/3\/MOSS-muschio-stabilizzato-forex-1.jpg\",\"contentUrl\":\"https:\/\/demo.akomi.it\/erbyshop\/fr\/wp-content\/uploads\/sites\/3\/MOSS-muschio-stabilizzato-forex-1.jpg\",\"width\":2360,\"height\":1680,\"caption\":\"Moss lichene naturale stabilizzato su base forex\"},{\"@type\":\"BreadcrumbList\",\"@id\":\"https:\/\/demo.akomi.it\/erbyshop\/fr\/lichen-stabilise\/moss-lichene-naturale-stabilizzato-su-base-forex\/#breadcrumb\",\"itemListElement\":[{\"@type\":\"ListItem\",\"position\":1,\"name\":\"Home\",\"item\":\"https:\/\/demo.akomi.it\/erbyshop\/fr\/\"},{\"@type\":\"ListItem\",\"position\":2,\"name\":\"Shop\",\"item\":\"https:\/\/demo.akomi.it\/erbyshop\/fr\/e-commerce-erby\/\"},{\"@type\":\"ListItem\",\"position\":3,\"name\":\"Moss\",\"item\":\"https:\/\/demo.akomi.it\/erbyshop\/fr\/lichen-stabilise\/\"},{\"@type\":\"ListItem\",\"position\":4,\"name\":\"Mousse lichen naturel stabilis\u00e9 sur base Forex\"}]},{\"@type\":\"WebSite\",\"@id\":\"https:\/\/demo.akomi.it\/erbyshop\/fr\/#website\",\"url\":\"https:\/\/demo.akomi.it\/erbyshop\/fr\/\",\"name\":\"FR\",\"description\":\"Il prato intelligente\",\"potentialAction\":[{\"@type\":\"SearchAction\",\"target\":{\"@type\":\"EntryPoint\",\"urlTemplate\":\"https:\/\/demo.akomi.it\/erbyshop\/fr\/?s={search_term_string}\"},\"query-input\":{\"@type\":\"PropertyValueSpecification\",\"valueRequired\":true,\"valueName\":\"search_term_string\"}}],\"inLanguage\":\"fr-FR\"}]}<\/script>\n<!-- \/ Yoast SEO plugin. -->","yoast_head_json":{"title":"Moss lichene naturale stabilizzato su base forex | Erby","description":"Acquista online moss lichene naturale stabilizzato su base in forex realizzato con muschio lichene naturale al 100%. Disponibile in diversi colori.","robots":{"index":"index","follow":"follow","max-snippet":"max-snippet:-1","max-image-preview":"max-image-preview:large","max-video-preview":"max-video-preview:-1"},"canonical":"https:\/\/demo.akomi.it\/erbyshop\/fr\/lichen-stabilise\/moss-lichene-naturale-stabilizzato-su-base-forex\/","og_locale":"fr_FR","og_type":"article","og_title":"Moss lichene naturale stabilizzato su base forex | Erby","og_description":"Acquista online moss lichene naturale stabilizzato su base in forex realizzato con muschio lichene naturale al 100%. Disponibile in diversi colori.","og_url":"https:\/\/demo.akomi.it\/erbyshop\/fr\/lichen-stabilise\/moss-lichene-naturale-stabilizzato-su-base-forex\/","og_site_name":"FR","article_modified_time":"2025-04-23T14:13:54+00:00","og_image":[{"width":2360,"height":1680,"url":"https:\/\/demo.akomi.it\/erbyshop\/fr\/wp-content\/uploads\/sites\/3\/MOSS-muschio-stabilizzato-forex-1.jpg","type":"image\/jpeg"}],"twitter_card":"summary_large_image","twitter_misc":{"Dur\u00e9e de lecture estim\u00e9e":"2 minutes"},"schema":{"@context":"https:\/\/schema.org","@graph":[{"@type":"WebPage","@id":"https:\/\/demo.akomi.it\/erbyshop\/fr\/lichen-stabilise\/moss-lichene-naturale-stabilizzato-su-base-forex\/","url":"https:\/\/demo.akomi.it\/erbyshop\/fr\/lichen-stabilise\/moss-lichene-naturale-stabilizzato-su-base-forex\/","name":"Moss lichene naturale stabilizzato su base forex | Erby","isPartOf":{"@id":"https:\/\/demo.akomi.it\/erbyshop\/fr\/#website"},"primaryImageOfPage":{"@id":"https:\/\/demo.akomi.it\/erbyshop\/fr\/lichen-stabilise\/moss-lichene-naturale-stabilizzato-su-base-forex\/#primaryimage"},"image":{"@id":"https:\/\/demo.akomi.it\/erbyshop\/fr\/lichen-stabilise\/moss-lichene-naturale-stabilizzato-su-base-forex\/#primaryimage"},"thumbnailUrl":"https:\/\/demo.akomi.it\/erbyshop\/fr\/wp-content\/uploads\/sites\/3\/MOSS-muschio-stabilizzato-forex-1.jpg","datePublished":"2022-02-07T13:44:57+00:00","dateModified":"2025-04-23T14:13:54+00:00","description":"Acquista online moss lichene naturale stabilizzato su base in forex realizzato con muschio lichene naturale al 100%. Disponibile in diversi colori.","breadcrumb":{"@id":"https:\/\/demo.akomi.it\/erbyshop\/fr\/lichen-stabilise\/moss-lichene-naturale-stabilizzato-su-base-forex\/#breadcrumb"},"inLanguage":"fr-FR","potentialAction":[{"@type":"ReadAction","target":["https:\/\/demo.akomi.it\/erbyshop\/fr\/lichen-stabilise\/moss-lichene-naturale-stabilizzato-su-base-forex\/"]}]},{"@type":"ImageObject","inLanguage":"fr-FR","@id":"https:\/\/demo.akomi.it\/erbyshop\/fr\/lichen-stabilise\/moss-lichene-naturale-stabilizzato-su-base-forex\/#primaryimage","url":"https:\/\/demo.akomi.it\/erbyshop\/fr\/wp-content\/uploads\/sites\/3\/MOSS-muschio-stabilizzato-forex-1.jpg","contentUrl":"https:\/\/demo.akomi.it\/erbyshop\/fr\/wp-content\/uploads\/sites\/3\/MOSS-muschio-stabilizzato-forex-1.jpg","width":2360,"height":1680,"caption":"Moss lichene naturale stabilizzato su base forex"},{"@type":"BreadcrumbList","@id":"https:\/\/demo.akomi.it\/erbyshop\/fr\/lichen-stabilise\/moss-lichene-naturale-stabilizzato-su-base-forex\/#breadcrumb","itemListElement":[{"@type":"ListItem","position":1,"name":"Home","item":"https:\/\/demo.akomi.it\/erbyshop\/fr\/"},{"@type":"ListItem","position":2,"name":"Shop","item":"https:\/\/demo.akomi.it\/erbyshop\/fr\/e-commerce-erby\/"},{"@type":"ListItem","position":3,"name":"Moss","item":"https:\/\/demo.akomi.it\/erbyshop\/fr\/lichen-stabilise\/"},{"@type":"ListItem","position":4,"name":"Mousse lichen naturel stabilis\u00e9 sur base Forex"}]},{"@type":"WebSite","@id":"https:\/\/demo.akomi.it\/erbyshop\/fr\/#website","url":"https:\/\/demo.akomi.it\/erbyshop\/fr\/","name":"FR","description":"Il prato intelligente","potentialAction":[{"@type":"SearchAction","target":{"@type":"EntryPoint","urlTemplate":"https:\/\/demo.akomi.it\/erbyshop\/fr\/?s={search_term_string}"},"query-input":{"@type":"PropertyValueSpecification","valueRequired":true,"valueName":"search_term_string"}}],"inLanguage":"fr-FR"}]}},"_links":{"self":[{"href":"https:\/\/demo.akomi.it\/erbyshop\/fr\/wp-json\/wp\/v2\/product\/1049","targetHints":{"allow":["GET"]}}],"collection":[{"href":"https:\/\/demo.akomi.it\/erbyshop\/fr\/wp-json\/wp\/v2\/product"}],"about":[{"href":"https:\/\/demo.akomi.it\/erbyshop\/fr\/wp-json\/wp\/v2\/types\/product"}],"wp:featuredmedia":[{"embeddable":true,"href":"https:\/\/demo.akomi.it\/erbyshop\/fr\/wp-json\/wp\/v2\/media\/1387"}],"wp:attachment":[{"href":"https:\/\/demo.akomi.it\/erbyshop\/fr\/wp-json\/wp\/v2\/media?parent=1049"}],"wp:term":[{"taxonomy":"product_brand","embeddable":true,"href":"https:\/\/demo.akomi.it\/erbyshop\/fr\/wp-json\/wp\/v2\/product_brand?post=1049"},{"taxonomy":"product_cat","embeddable":true,"href":"https:\/\/demo.akomi.it\/erbyshop\/fr\/wp-json\/wp\/v2\/product_cat?post=1049"},{"taxonomy":"product_tag","embeddable":true,"href":"https:\/\/demo.akomi.it\/erbyshop\/fr\/wp-json\/wp\/v2\/product_tag?post=1049"}],"curies":[{"name":"wp","href":"https:\/\/api.w.org\/{rel}","templated":true}]}}