{"id":1050,"date":"2022-02-07T14:45:31","date_gmt":"2022-02-07T13:45:31","guid":{"rendered":"https:\/\/www.demo.akomi.it\/erbyshop\/fr\/?post_type=product&#038;p=1050"},"modified":"2025-04-23T16:04:32","modified_gmt":"2025-04-23T14:04:32","slug":"moss-lichene-naturale-stabilizzato-su-base-in-rete","status":"publish","type":"product","link":"https:\/\/demo.akomi.it\/erbyshop\/fr\/lichen-stabilise\/moss-lichene-naturale-stabilizzato-su-base-in-rete\/","title":{"rendered":"Mousse (lichen) naturelle stabilis\u00e9e sur base en filet"},"content":{"rendered":"<p>Le panneau est fourni sur une base en FILET.<\/p>\n<p>Facile \u00e0 poser\/installer en assemblant les panneaux directement sur les murs, pour d\u00e9corer vos espaces de mani\u00e8re unique.<\/p>\n<p>C\u2019est un produit <strong>insonorisant<\/strong>, <strong>inodore<\/strong> et surtout <strong>NATUREL<\/strong>.<\/p>\n<p>Les lichens sont des plantes vivantes, stabilis\u00e9es gr\u00e2ce \u00e0 une substance qui remplace la s\u00e8ve v\u00e9g\u00e9tale.<\/p>\n<p>Une nouvelle conception de <strong>D\u00c9CORATION NATURELLE<\/strong>, adapt\u00e9e \u00e0 tout type d\u2019utilisation int\u00e9rieure : des espaces d\u2019exposition d\u2019entreprise, aux grands centres commerciaux et lieux publics, jusqu\u2019\u00e0 l\u2019am\u00e9nagement de votre propre maison.<\/p>\n<p>Ils conviennent \u00e9galement \u00e0 la cr\u00e9ation de grands murs \u00e0 fort impact esth\u00e9tique, gr\u00e2ce aux dimensions pratiques des panneaux.<\/p>\n<p><strong>Apportez la nature chez vous ou sur votre lieu de travail<\/strong>, pour plus de tranquillit\u00e9 et des bienfaits environnementaux tels que la r\u00e9duction de la pollution sonore et l\u2019am\u00e9lioration de la qualit\u00e9 de l\u2019air que vous respirez.<\/p>\n<p>Le produit est fabriqu\u00e9 avec du <strong>LYCHEN 100% NATUREL ET \u00c9COLOGIQUE<\/strong>, frais et doux au toucher, provenant des pays nordiques.<\/p>\n<p>Tous les produits stabilis\u00e9s se conservent parfaitement dans le temps et <strong>ne n\u00e9cessitent aucun entretien particulier<\/strong>, car ils n\u2019ont pas besoin d\u2019\u00eatre arros\u00e9s. Ils vivent de l\u2019humidit\u00e9 ambiante, qui doit \u00eatre comprise entre <strong>40 % et 75 %<\/strong>.<\/p>\n<p><strong>Entretien Z\u00c9RO !<\/strong> La seule pr\u00e9caution est de les tenir \u00e9loign\u00e9s des sources lumineuses directes fortes (lampes halog\u00e8nes, projecteurs, etc.) et d\u2019\u00e9viter de les toucher en continu.<\/p>\n<p>Le traitement de stabilisation le pr\u00e9serve de la d\u00e9composition, sans en faire pour autant un produit artificiel.<\/p>\n<p>Il est trait\u00e9 chimiquement pour conserver sa <strong>souplesse<\/strong>, sa <strong>couleur<\/strong> et son <strong>\u00e9lasticit\u00e9<\/strong> dans le temps, en tirant son &#8220;nourrissement&#8221; de l\u2019humidit\u00e9 de l\u2019air.<\/p>\n<p>\u00c9tant stabilis\u00e9, il <strong>n\u2019\u00e9met pas de dioxyde de carbone<\/strong>, r\u00e9sidu de la photosynth\u00e8se.<\/p>\n<p>Ce traitement permet de conserver les plantes pendant une <strong>dur\u00e9e de vie d\u2019environ 10 ans<\/strong>.<\/p>\n<p><strong>D\u00e9lais de pr\u00e9paration :<\/strong><br \/>\nPanneau sur base en FILET : disponible imm\u00e9diatement en <strong>VERT CLAIR<\/strong> et <strong>VERT MOYEN<\/strong> (sauf impr\u00e9vus). Pour d\u2019autres couleurs, pr\u00e9voir <strong>15 jours<\/strong> (sauf impr\u00e9vus).<\/p>\n","protected":false},"excerpt":{"rendered":"<p>Le panneau est fourni sur une base en FILET. Facile \u00e0 poser\/installer en assemblant les panneaux directement sur les murs, pour d\u00e9corer vos espaces de mani\u00e8re unique. C\u2019est un produit insonorisant, inodore et surtout NATUREL. Les lichens sont des plantes vivantes, stabilis\u00e9es gr\u00e2ce \u00e0 une substance qui remplace la s\u00e8ve v\u00e9g\u00e9tale. Une nouvelle conception de &hellip; <a href=\"https:\/\/demo.akomi.it\/erbyshop\/fr\/lichen-stabilise\/moss-lichene-naturale-stabilizzato-su-base-in-rete\/\">Continued<\/a><\/p>\n","protected":false},"featured_media":1380,"template":"","meta":[],"product_brand":[],"product_cat":[20],"product_tag":[],"class_list":{"0":"post-1050","1":"product","2":"type-product","3":"status-publish","4":"has-post-thumbnail","6":"product_cat-lichen-stabilise","7":"product_shipping_class-tariffa-peso","9":"first","10":"instock","11":"sale","12":"taxable","13":"shipping-taxable","14":"purchasable","15":"product-type-variable"},"acf":[],"yoast_head":"<!-- This site is optimized with the Yoast SEO plugin v24.5 - https:\/\/yoast.com\/wordpress\/plugins\/seo\/ -->\n<title>Moss lichene naturale stabilizzato su base in rete | Erby<\/title>\n<meta name=\"description\" content=\"Acquista online moss lichene naturale stabilizzato su base in rete realizzato con muschio lichene naturale al 100%. Disponibile in diversi colori.\" \/>\n<meta name=\"robots\" content=\"index, follow, max-snippet:-1, max-image-preview:large, max-video-preview:-1\" \/>\n<link rel=\"canonical\" href=\"https:\/\/demo.akomi.it\/erbyshop\/fr\/lichen-stabilise\/moss-lichene-naturale-stabilizzato-su-base-in-rete\/\" \/>\n<meta property=\"og:locale\" content=\"fr_FR\" \/>\n<meta property=\"og:type\" content=\"article\" \/>\n<meta property=\"og:title\" content=\"Moss lichene naturale stabilizzato su base in rete | Erby\" \/>\n<meta property=\"og:description\" content=\"Acquista online moss lichene naturale stabilizzato su base in rete realizzato con muschio lichene naturale al 100%. Disponibile in diversi colori.\" \/>\n<meta property=\"og:url\" content=\"https:\/\/demo.akomi.it\/erbyshop\/fr\/lichen-stabilise\/moss-lichene-naturale-stabilizzato-su-base-in-rete\/\" \/>\n<meta property=\"og:site_name\" content=\"FR\" \/>\n<meta property=\"article:modified_time\" content=\"2025-04-23T14:04:32+00:00\" \/>\n<meta property=\"og:image\" content=\"https:\/\/demo.akomi.it\/erbyshop\/fr\/wp-content\/uploads\/sites\/3\/moss-pannello-1.jpg\" \/>\n\t<meta property=\"og:image:width\" content=\"2360\" \/>\n\t<meta property=\"og:image:height\" content=\"1680\" \/>\n\t<meta property=\"og:image:type\" content=\"image\/jpeg\" \/>\n<meta name=\"twitter:card\" content=\"summary_large_image\" \/>\n<meta name=\"twitter:label1\" content=\"Dur\u00e9e de lecture estim\u00e9e\" \/>\n\t<meta name=\"twitter:data1\" content=\"2 minutes\" \/>\n<script type=\"application\/ld+json\" class=\"yoast-schema-graph\">{\"@context\":\"https:\/\/schema.org\",\"@graph\":[{\"@type\":\"WebPage\",\"@id\":\"https:\/\/demo.akomi.it\/erbyshop\/fr\/lichen-stabilise\/moss-lichene-naturale-stabilizzato-su-base-in-rete\/\",\"url\":\"https:\/\/demo.akomi.it\/erbyshop\/fr\/lichen-stabilise\/moss-lichene-naturale-stabilizzato-su-base-in-rete\/\",\"name\":\"Moss lichene naturale stabilizzato su base in rete | Erby\",\"isPartOf\":{\"@id\":\"https:\/\/demo.akomi.it\/erbyshop\/fr\/#website\"},\"primaryImageOfPage\":{\"@id\":\"https:\/\/demo.akomi.it\/erbyshop\/fr\/lichen-stabilise\/moss-lichene-naturale-stabilizzato-su-base-in-rete\/#primaryimage\"},\"image\":{\"@id\":\"https:\/\/demo.akomi.it\/erbyshop\/fr\/lichen-stabilise\/moss-lichene-naturale-stabilizzato-su-base-in-rete\/#primaryimage\"},\"thumbnailUrl\":\"https:\/\/demo.akomi.it\/erbyshop\/fr\/wp-content\/uploads\/sites\/3\/moss-pannello-1.jpg\",\"datePublished\":\"2022-02-07T13:45:31+00:00\",\"dateModified\":\"2025-04-23T14:04:32+00:00\",\"description\":\"Acquista online moss lichene naturale stabilizzato su base in rete realizzato con muschio lichene naturale al 100%. Disponibile in diversi colori.\",\"breadcrumb\":{\"@id\":\"https:\/\/demo.akomi.it\/erbyshop\/fr\/lichen-stabilise\/moss-lichene-naturale-stabilizzato-su-base-in-rete\/#breadcrumb\"},\"inLanguage\":\"fr-FR\",\"potentialAction\":[{\"@type\":\"ReadAction\",\"target\":[\"https:\/\/demo.akomi.it\/erbyshop\/fr\/lichen-stabilise\/moss-lichene-naturale-stabilizzato-su-base-in-rete\/\"]}]},{\"@type\":\"ImageObject\",\"inLanguage\":\"fr-FR\",\"@id\":\"https:\/\/demo.akomi.it\/erbyshop\/fr\/lichen-stabilise\/moss-lichene-naturale-stabilizzato-su-base-in-rete\/#primaryimage\",\"url\":\"https:\/\/demo.akomi.it\/erbyshop\/fr\/wp-content\/uploads\/sites\/3\/moss-pannello-1.jpg\",\"contentUrl\":\"https:\/\/demo.akomi.it\/erbyshop\/fr\/wp-content\/uploads\/sites\/3\/moss-pannello-1.jpg\",\"width\":2360,\"height\":1680,\"caption\":\"Moss lichene naturale stabilizzato su base in rete\"},{\"@type\":\"BreadcrumbList\",\"@id\":\"https:\/\/demo.akomi.it\/erbyshop\/fr\/lichen-stabilise\/moss-lichene-naturale-stabilizzato-su-base-in-rete\/#breadcrumb\",\"itemListElement\":[{\"@type\":\"ListItem\",\"position\":1,\"name\":\"Home\",\"item\":\"https:\/\/demo.akomi.it\/erbyshop\/fr\/\"},{\"@type\":\"ListItem\",\"position\":2,\"name\":\"Shop\",\"item\":\"https:\/\/demo.akomi.it\/erbyshop\/fr\/e-commerce-erby\/\"},{\"@type\":\"ListItem\",\"position\":3,\"name\":\"Moss\",\"item\":\"https:\/\/demo.akomi.it\/erbyshop\/fr\/lichen-stabilise\/\"},{\"@type\":\"ListItem\",\"position\":4,\"name\":\"Mousse (lichen) naturelle stabilis\u00e9e sur base en filet\"}]},{\"@type\":\"WebSite\",\"@id\":\"https:\/\/demo.akomi.it\/erbyshop\/fr\/#website\",\"url\":\"https:\/\/demo.akomi.it\/erbyshop\/fr\/\",\"name\":\"FR\",\"description\":\"Il prato intelligente\",\"potentialAction\":[{\"@type\":\"SearchAction\",\"target\":{\"@type\":\"EntryPoint\",\"urlTemplate\":\"https:\/\/demo.akomi.it\/erbyshop\/fr\/?s={search_term_string}\"},\"query-input\":{\"@type\":\"PropertyValueSpecification\",\"valueRequired\":true,\"valueName\":\"search_term_string\"}}],\"inLanguage\":\"fr-FR\"}]}<\/script>\n<!-- \/ Yoast SEO plugin. -->","yoast_head_json":{"title":"Moss lichene naturale stabilizzato su base in rete | Erby","description":"Acquista online moss lichene naturale stabilizzato su base in rete realizzato con muschio lichene naturale al 100%. Disponibile in diversi colori.","robots":{"index":"index","follow":"follow","max-snippet":"max-snippet:-1","max-image-preview":"max-image-preview:large","max-video-preview":"max-video-preview:-1"},"canonical":"https:\/\/demo.akomi.it\/erbyshop\/fr\/lichen-stabilise\/moss-lichene-naturale-stabilizzato-su-base-in-rete\/","og_locale":"fr_FR","og_type":"article","og_title":"Moss lichene naturale stabilizzato su base in rete | Erby","og_description":"Acquista online moss lichene naturale stabilizzato su base in rete realizzato con muschio lichene naturale al 100%. Disponibile in diversi colori.","og_url":"https:\/\/demo.akomi.it\/erbyshop\/fr\/lichen-stabilise\/moss-lichene-naturale-stabilizzato-su-base-in-rete\/","og_site_name":"FR","article_modified_time":"2025-04-23T14:04:32+00:00","og_image":[{"width":2360,"height":1680,"url":"https:\/\/demo.akomi.it\/erbyshop\/fr\/wp-content\/uploads\/sites\/3\/moss-pannello-1.jpg","type":"image\/jpeg"}],"twitter_card":"summary_large_image","twitter_misc":{"Dur\u00e9e de lecture estim\u00e9e":"2 minutes"},"schema":{"@context":"https:\/\/schema.org","@graph":[{"@type":"WebPage","@id":"https:\/\/demo.akomi.it\/erbyshop\/fr\/lichen-stabilise\/moss-lichene-naturale-stabilizzato-su-base-in-rete\/","url":"https:\/\/demo.akomi.it\/erbyshop\/fr\/lichen-stabilise\/moss-lichene-naturale-stabilizzato-su-base-in-rete\/","name":"Moss lichene naturale stabilizzato su base in rete | Erby","isPartOf":{"@id":"https:\/\/demo.akomi.it\/erbyshop\/fr\/#website"},"primaryImageOfPage":{"@id":"https:\/\/demo.akomi.it\/erbyshop\/fr\/lichen-stabilise\/moss-lichene-naturale-stabilizzato-su-base-in-rete\/#primaryimage"},"image":{"@id":"https:\/\/demo.akomi.it\/erbyshop\/fr\/lichen-stabilise\/moss-lichene-naturale-stabilizzato-su-base-in-rete\/#primaryimage"},"thumbnailUrl":"https:\/\/demo.akomi.it\/erbyshop\/fr\/wp-content\/uploads\/sites\/3\/moss-pannello-1.jpg","datePublished":"2022-02-07T13:45:31+00:00","dateModified":"2025-04-23T14:04:32+00:00","description":"Acquista online moss lichene naturale stabilizzato su base in rete realizzato con muschio lichene naturale al 100%. Disponibile in diversi colori.","breadcrumb":{"@id":"https:\/\/demo.akomi.it\/erbyshop\/fr\/lichen-stabilise\/moss-lichene-naturale-stabilizzato-su-base-in-rete\/#breadcrumb"},"inLanguage":"fr-FR","potentialAction":[{"@type":"ReadAction","target":["https:\/\/demo.akomi.it\/erbyshop\/fr\/lichen-stabilise\/moss-lichene-naturale-stabilizzato-su-base-in-rete\/"]}]},{"@type":"ImageObject","inLanguage":"fr-FR","@id":"https:\/\/demo.akomi.it\/erbyshop\/fr\/lichen-stabilise\/moss-lichene-naturale-stabilizzato-su-base-in-rete\/#primaryimage","url":"https:\/\/demo.akomi.it\/erbyshop\/fr\/wp-content\/uploads\/sites\/3\/moss-pannello-1.jpg","contentUrl":"https:\/\/demo.akomi.it\/erbyshop\/fr\/wp-content\/uploads\/sites\/3\/moss-pannello-1.jpg","width":2360,"height":1680,"caption":"Moss lichene naturale stabilizzato su base in rete"},{"@type":"BreadcrumbList","@id":"https:\/\/demo.akomi.it\/erbyshop\/fr\/lichen-stabilise\/moss-lichene-naturale-stabilizzato-su-base-in-rete\/#breadcrumb","itemListElement":[{"@type":"ListItem","position":1,"name":"Home","item":"https:\/\/demo.akomi.it\/erbyshop\/fr\/"},{"@type":"ListItem","position":2,"name":"Shop","item":"https:\/\/demo.akomi.it\/erbyshop\/fr\/e-commerce-erby\/"},{"@type":"ListItem","position":3,"name":"Moss","item":"https:\/\/demo.akomi.it\/erbyshop\/fr\/lichen-stabilise\/"},{"@type":"ListItem","position":4,"name":"Mousse (lichen) naturelle stabilis\u00e9e sur base en filet"}]},{"@type":"WebSite","@id":"https:\/\/demo.akomi.it\/erbyshop\/fr\/#website","url":"https:\/\/demo.akomi.it\/erbyshop\/fr\/","name":"FR","description":"Il prato intelligente","potentialAction":[{"@type":"SearchAction","target":{"@type":"EntryPoint","urlTemplate":"https:\/\/demo.akomi.it\/erbyshop\/fr\/?s={search_term_string}"},"query-input":{"@type":"PropertyValueSpecification","valueRequired":true,"valueName":"search_term_string"}}],"inLanguage":"fr-FR"}]}},"_links":{"self":[{"href":"https:\/\/demo.akomi.it\/erbyshop\/fr\/wp-json\/wp\/v2\/product\/1050","targetHints":{"allow":["GET"]}}],"collection":[{"href":"https:\/\/demo.akomi.it\/erbyshop\/fr\/wp-json\/wp\/v2\/product"}],"about":[{"href":"https:\/\/demo.akomi.it\/erbyshop\/fr\/wp-json\/wp\/v2\/types\/product"}],"wp:featuredmedia":[{"embeddable":true,"href":"https:\/\/demo.akomi.it\/erbyshop\/fr\/wp-json\/wp\/v2\/media\/1380"}],"wp:attachment":[{"href":"https:\/\/demo.akomi.it\/erbyshop\/fr\/wp-json\/wp\/v2\/media?parent=1050"}],"wp:term":[{"taxonomy":"product_brand","embeddable":true,"href":"https:\/\/demo.akomi.it\/erbyshop\/fr\/wp-json\/wp\/v2\/product_brand?post=1050"},{"taxonomy":"product_cat","embeddable":true,"href":"https:\/\/demo.akomi.it\/erbyshop\/fr\/wp-json\/wp\/v2\/product_cat?post=1050"},{"taxonomy":"product_tag","embeddable":true,"href":"https:\/\/demo.akomi.it\/erbyshop\/fr\/wp-json\/wp\/v2\/product_tag?post=1050"}],"curies":[{"name":"wp","href":"https:\/\/api.w.org\/{rel}","templated":true}]}}