{"id":3023,"date":"2022-06-15T09:51:52","date_gmt":"2022-06-15T07:51:52","guid":{"rendered":"https:\/\/www.demo.akomi.it\/erbyshop\/fr\/?post_type=product&#038;p=3023"},"modified":"2025-04-16T12:59:42","modified_gmt":"2025-04-16T10:59:42","slug":"spazzolatrice-elettrica-per-manti-sintetici","status":"publish","type":"product","link":"https:\/\/demo.akomi.it\/erbyshop\/fr\/accessoires-pour-gazon-synthetique\/spazzolatrice-elettrica-per-manti-sintetici\/","title":{"rendered":"Brosseuse \u00e9lectrique TS-400"},"content":{"rendered":"<p class=\"\" data-start=\"35\" data-end=\"111\">Brosseuse \u00e9lectrique pour le nettoyage des jardins en gazon synth\u00e9tique.<\/p>\n<p class=\"\" data-start=\"113\" data-end=\"284\">La brosse, qui tourne dans le sens de la marche de la machine, est particuli\u00e8rement adapt\u00e9e pour soulever les brins de gazon synth\u00e9tique et nettoyer le fond du rev\u00eatement.<\/p>\n","protected":false},"excerpt":{"rendered":"<p>Brosseuse \u00e9lectrique pour le nettoyage des jardins en gazon synth\u00e9tique. La brosse, qui tourne dans le sens de la marche de la machine, est particuli\u00e8rement adapt\u00e9e pour soulever les brins de gazon synth\u00e9tique et nettoyer le fond du rev\u00eatement.<\/p>\n","protected":false},"featured_media":3025,"template":"","meta":[],"product_brand":[],"product_cat":[24],"product_tag":[],"class_list":{"0":"post-3023","1":"product","2":"type-product","3":"status-publish","4":"has-post-thumbnail","6":"product_cat-accessoires-pour-gazon-synthetique","7":"product_shipping_class-tariffa-peso","9":"first","10":"instock","11":"taxable","12":"shipping-taxable","13":"purchasable","14":"product-type-simple"},"acf":[],"yoast_head":"<!-- This site is optimized with the Yoast SEO plugin v24.5 - https:\/\/yoast.com\/wordpress\/plugins\/seo\/ -->\n<title>Spazzolatrice elettrica erba sintetica | Spazzolatrice pulizia prato finto<\/title>\n<meta name=\"description\" content=\"Acquista online spazzolatrice elettrica per l&#039;erba sintetica di Erby. Motospazzola per la pulizia del fondo del manto e il sollevamento dei fili d&#039;erba sintetica.\" \/>\n<meta name=\"robots\" content=\"index, follow, max-snippet:-1, max-image-preview:large, max-video-preview:-1\" \/>\n<link rel=\"canonical\" href=\"https:\/\/demo.akomi.it\/erbyshop\/fr\/accessoires-pour-gazon-synthetique\/spazzolatrice-elettrica-per-manti-sintetici\/\" \/>\n<meta property=\"og:locale\" content=\"fr_FR\" \/>\n<meta property=\"og:type\" content=\"article\" \/>\n<meta property=\"og:title\" content=\"Spazzolatrice elettrica erba sintetica | Spazzolatrice pulizia prato finto\" \/>\n<meta property=\"og:description\" content=\"Acquista online spazzolatrice elettrica per l&#039;erba sintetica di Erby. Motospazzola per la pulizia del fondo del manto e il sollevamento dei fili d&#039;erba sintetica.\" \/>\n<meta property=\"og:url\" content=\"https:\/\/demo.akomi.it\/erbyshop\/fr\/accessoires-pour-gazon-synthetique\/spazzolatrice-elettrica-per-manti-sintetici\/\" \/>\n<meta property=\"og:site_name\" content=\"FR\" \/>\n<meta property=\"article:modified_time\" content=\"2025-04-16T10:59:42+00:00\" \/>\n<meta property=\"og:image\" content=\"https:\/\/demo.akomi.it\/erbyshop\/fr\/wp-content\/uploads\/sites\/3\/spazzolatrice_blackstone_TS400-removebg-preview.png\" \/>\n\t<meta property=\"og:image:width\" content=\"552\" \/>\n\t<meta property=\"og:image:height\" content=\"452\" \/>\n\t<meta property=\"og:image:type\" content=\"image\/png\" \/>\n<meta name=\"twitter:card\" content=\"summary_large_image\" \/>\n<meta name=\"twitter:label1\" content=\"Dur\u00e9e de lecture estim\u00e9e\" \/>\n\t<meta name=\"twitter:data1\" content=\"1 minute\" \/>\n<script type=\"application\/ld+json\" class=\"yoast-schema-graph\">{\"@context\":\"https:\/\/schema.org\",\"@graph\":[{\"@type\":\"WebPage\",\"@id\":\"https:\/\/demo.akomi.it\/erbyshop\/fr\/accessoires-pour-gazon-synthetique\/spazzolatrice-elettrica-per-manti-sintetici\/\",\"url\":\"https:\/\/demo.akomi.it\/erbyshop\/fr\/accessoires-pour-gazon-synthetique\/spazzolatrice-elettrica-per-manti-sintetici\/\",\"name\":\"Spazzolatrice elettrica erba sintetica | Spazzolatrice pulizia prato finto\",\"isPartOf\":{\"@id\":\"https:\/\/demo.akomi.it\/erbyshop\/fr\/#website\"},\"primaryImageOfPage\":{\"@id\":\"https:\/\/demo.akomi.it\/erbyshop\/fr\/accessoires-pour-gazon-synthetique\/spazzolatrice-elettrica-per-manti-sintetici\/#primaryimage\"},\"image\":{\"@id\":\"https:\/\/demo.akomi.it\/erbyshop\/fr\/accessoires-pour-gazon-synthetique\/spazzolatrice-elettrica-per-manti-sintetici\/#primaryimage\"},\"thumbnailUrl\":\"https:\/\/demo.akomi.it\/erbyshop\/fr\/wp-content\/uploads\/sites\/3\/spazzolatrice_blackstone_TS400-removebg-preview.png\",\"datePublished\":\"2022-06-15T07:51:52+00:00\",\"dateModified\":\"2025-04-16T10:59:42+00:00\",\"description\":\"Acquista online spazzolatrice elettrica per l'erba sintetica di Erby. Motospazzola per la pulizia del fondo del manto e il sollevamento dei fili d'erba sintetica.\",\"breadcrumb\":{\"@id\":\"https:\/\/demo.akomi.it\/erbyshop\/fr\/accessoires-pour-gazon-synthetique\/spazzolatrice-elettrica-per-manti-sintetici\/#breadcrumb\"},\"inLanguage\":\"fr-FR\",\"potentialAction\":[{\"@type\":\"ReadAction\",\"target\":[\"https:\/\/demo.akomi.it\/erbyshop\/fr\/accessoires-pour-gazon-synthetique\/spazzolatrice-elettrica-per-manti-sintetici\/\"]}]},{\"@type\":\"ImageObject\",\"inLanguage\":\"fr-FR\",\"@id\":\"https:\/\/demo.akomi.it\/erbyshop\/fr\/accessoires-pour-gazon-synthetique\/spazzolatrice-elettrica-per-manti-sintetici\/#primaryimage\",\"url\":\"https:\/\/demo.akomi.it\/erbyshop\/fr\/wp-content\/uploads\/sites\/3\/spazzolatrice_blackstone_TS400-removebg-preview.png\",\"contentUrl\":\"https:\/\/demo.akomi.it\/erbyshop\/fr\/wp-content\/uploads\/sites\/3\/spazzolatrice_blackstone_TS400-removebg-preview.png\",\"width\":552,\"height\":452},{\"@type\":\"BreadcrumbList\",\"@id\":\"https:\/\/demo.akomi.it\/erbyshop\/fr\/accessoires-pour-gazon-synthetique\/spazzolatrice-elettrica-per-manti-sintetici\/#breadcrumb\",\"itemListElement\":[{\"@type\":\"ListItem\",\"position\":1,\"name\":\"Home\",\"item\":\"https:\/\/demo.akomi.it\/erbyshop\/fr\/\"},{\"@type\":\"ListItem\",\"position\":2,\"name\":\"Shop\",\"item\":\"https:\/\/demo.akomi.it\/erbyshop\/fr\/e-commerce-erby\/\"},{\"@type\":\"ListItem\",\"position\":3,\"name\":\"Accessoires\",\"item\":\"https:\/\/demo.akomi.it\/erbyshop\/fr\/accessoires-pour-gazon-synthetique\/\"},{\"@type\":\"ListItem\",\"position\":4,\"name\":\"Brosseuse \u00e9lectrique TS-400\"}]},{\"@type\":\"WebSite\",\"@id\":\"https:\/\/demo.akomi.it\/erbyshop\/fr\/#website\",\"url\":\"https:\/\/demo.akomi.it\/erbyshop\/fr\/\",\"name\":\"FR\",\"description\":\"Il prato intelligente\",\"potentialAction\":[{\"@type\":\"SearchAction\",\"target\":{\"@type\":\"EntryPoint\",\"urlTemplate\":\"https:\/\/demo.akomi.it\/erbyshop\/fr\/?s={search_term_string}\"},\"query-input\":{\"@type\":\"PropertyValueSpecification\",\"valueRequired\":true,\"valueName\":\"search_term_string\"}}],\"inLanguage\":\"fr-FR\"}]}<\/script>\n<!-- \/ Yoast SEO plugin. -->","yoast_head_json":{"title":"Spazzolatrice elettrica erba sintetica | Spazzolatrice pulizia prato finto","description":"Acquista online spazzolatrice elettrica per l'erba sintetica di Erby. Motospazzola per la pulizia del fondo del manto e il sollevamento dei fili d'erba sintetica.","robots":{"index":"index","follow":"follow","max-snippet":"max-snippet:-1","max-image-preview":"max-image-preview:large","max-video-preview":"max-video-preview:-1"},"canonical":"https:\/\/demo.akomi.it\/erbyshop\/fr\/accessoires-pour-gazon-synthetique\/spazzolatrice-elettrica-per-manti-sintetici\/","og_locale":"fr_FR","og_type":"article","og_title":"Spazzolatrice elettrica erba sintetica | Spazzolatrice pulizia prato finto","og_description":"Acquista online spazzolatrice elettrica per l'erba sintetica di Erby. Motospazzola per la pulizia del fondo del manto e il sollevamento dei fili d'erba sintetica.","og_url":"https:\/\/demo.akomi.it\/erbyshop\/fr\/accessoires-pour-gazon-synthetique\/spazzolatrice-elettrica-per-manti-sintetici\/","og_site_name":"FR","article_modified_time":"2025-04-16T10:59:42+00:00","og_image":[{"width":552,"height":452,"url":"https:\/\/demo.akomi.it\/erbyshop\/fr\/wp-content\/uploads\/sites\/3\/spazzolatrice_blackstone_TS400-removebg-preview.png","type":"image\/png"}],"twitter_card":"summary_large_image","twitter_misc":{"Dur\u00e9e de lecture estim\u00e9e":"1 minute"},"schema":{"@context":"https:\/\/schema.org","@graph":[{"@type":"WebPage","@id":"https:\/\/demo.akomi.it\/erbyshop\/fr\/accessoires-pour-gazon-synthetique\/spazzolatrice-elettrica-per-manti-sintetici\/","url":"https:\/\/demo.akomi.it\/erbyshop\/fr\/accessoires-pour-gazon-synthetique\/spazzolatrice-elettrica-per-manti-sintetici\/","name":"Spazzolatrice elettrica erba sintetica | Spazzolatrice pulizia prato finto","isPartOf":{"@id":"https:\/\/demo.akomi.it\/erbyshop\/fr\/#website"},"primaryImageOfPage":{"@id":"https:\/\/demo.akomi.it\/erbyshop\/fr\/accessoires-pour-gazon-synthetique\/spazzolatrice-elettrica-per-manti-sintetici\/#primaryimage"},"image":{"@id":"https:\/\/demo.akomi.it\/erbyshop\/fr\/accessoires-pour-gazon-synthetique\/spazzolatrice-elettrica-per-manti-sintetici\/#primaryimage"},"thumbnailUrl":"https:\/\/demo.akomi.it\/erbyshop\/fr\/wp-content\/uploads\/sites\/3\/spazzolatrice_blackstone_TS400-removebg-preview.png","datePublished":"2022-06-15T07:51:52+00:00","dateModified":"2025-04-16T10:59:42+00:00","description":"Acquista online spazzolatrice elettrica per l'erba sintetica di Erby. Motospazzola per la pulizia del fondo del manto e il sollevamento dei fili d'erba sintetica.","breadcrumb":{"@id":"https:\/\/demo.akomi.it\/erbyshop\/fr\/accessoires-pour-gazon-synthetique\/spazzolatrice-elettrica-per-manti-sintetici\/#breadcrumb"},"inLanguage":"fr-FR","potentialAction":[{"@type":"ReadAction","target":["https:\/\/demo.akomi.it\/erbyshop\/fr\/accessoires-pour-gazon-synthetique\/spazzolatrice-elettrica-per-manti-sintetici\/"]}]},{"@type":"ImageObject","inLanguage":"fr-FR","@id":"https:\/\/demo.akomi.it\/erbyshop\/fr\/accessoires-pour-gazon-synthetique\/spazzolatrice-elettrica-per-manti-sintetici\/#primaryimage","url":"https:\/\/demo.akomi.it\/erbyshop\/fr\/wp-content\/uploads\/sites\/3\/spazzolatrice_blackstone_TS400-removebg-preview.png","contentUrl":"https:\/\/demo.akomi.it\/erbyshop\/fr\/wp-content\/uploads\/sites\/3\/spazzolatrice_blackstone_TS400-removebg-preview.png","width":552,"height":452},{"@type":"BreadcrumbList","@id":"https:\/\/demo.akomi.it\/erbyshop\/fr\/accessoires-pour-gazon-synthetique\/spazzolatrice-elettrica-per-manti-sintetici\/#breadcrumb","itemListElement":[{"@type":"ListItem","position":1,"name":"Home","item":"https:\/\/demo.akomi.it\/erbyshop\/fr\/"},{"@type":"ListItem","position":2,"name":"Shop","item":"https:\/\/demo.akomi.it\/erbyshop\/fr\/e-commerce-erby\/"},{"@type":"ListItem","position":3,"name":"Accessoires","item":"https:\/\/demo.akomi.it\/erbyshop\/fr\/accessoires-pour-gazon-synthetique\/"},{"@type":"ListItem","position":4,"name":"Brosseuse \u00e9lectrique TS-400"}]},{"@type":"WebSite","@id":"https:\/\/demo.akomi.it\/erbyshop\/fr\/#website","url":"https:\/\/demo.akomi.it\/erbyshop\/fr\/","name":"FR","description":"Il prato intelligente","potentialAction":[{"@type":"SearchAction","target":{"@type":"EntryPoint","urlTemplate":"https:\/\/demo.akomi.it\/erbyshop\/fr\/?s={search_term_string}"},"query-input":{"@type":"PropertyValueSpecification","valueRequired":true,"valueName":"search_term_string"}}],"inLanguage":"fr-FR"}]}},"_links":{"self":[{"href":"https:\/\/demo.akomi.it\/erbyshop\/fr\/wp-json\/wp\/v2\/product\/3023","targetHints":{"allow":["GET"]}}],"collection":[{"href":"https:\/\/demo.akomi.it\/erbyshop\/fr\/wp-json\/wp\/v2\/product"}],"about":[{"href":"https:\/\/demo.akomi.it\/erbyshop\/fr\/wp-json\/wp\/v2\/types\/product"}],"wp:featuredmedia":[{"embeddable":true,"href":"https:\/\/demo.akomi.it\/erbyshop\/fr\/wp-json\/wp\/v2\/media\/3025"}],"wp:attachment":[{"href":"https:\/\/demo.akomi.it\/erbyshop\/fr\/wp-json\/wp\/v2\/media?parent=3023"}],"wp:term":[{"taxonomy":"product_brand","embeddable":true,"href":"https:\/\/demo.akomi.it\/erbyshop\/fr\/wp-json\/wp\/v2\/product_brand?post=3023"},{"taxonomy":"product_cat","embeddable":true,"href":"https:\/\/demo.akomi.it\/erbyshop\/fr\/wp-json\/wp\/v2\/product_cat?post=3023"},{"taxonomy":"product_tag","embeddable":true,"href":"https:\/\/demo.akomi.it\/erbyshop\/fr\/wp-json\/wp\/v2\/product_tag?post=3023"}],"curies":[{"name":"wp","href":"https:\/\/api.w.org\/{rel}","templated":true}]}}