{"id":4473,"date":"2023-06-07T15:28:44","date_gmt":"2023-06-07T13:28:44","guid":{"rendered":"https:\/\/www.demo.akomi.it\/erbyshop\/fr\/?post_type=product&#038;p=4473"},"modified":"2025-04-23T15:22:48","modified_gmt":"2025-04-23T13:22:48","slug":"erba-sintetica-anallergica-50-mm-strong","status":"publish","type":"product","link":"https:\/\/demo.akomi.it\/erbyshop\/fr\/gazon-synthetique\/erba-sintetica-anallergica-50-mm-strong\/","title":{"rendered":"LOIETTO50 STRONG"},"content":{"rendered":"<p>L&#8217;herbe synth\u00e9tique LOIETTO50 STRONG est esth\u00e9tiquement \u00e9quivalente \u00e0 l&#8217;herbe naturelle, en particulier \u00e0 la vari\u00e9t\u00e9 &#8220;Lolium&#8221;.<\/p>\n<p>Elle pr\u00e9sente des fils dans trois teintes de vert diff\u00e9rentes (vert clair, vert fonc\u00e9 et vert olive), ainsi qu&#8217;un effet racine de couleur vert clair et cr\u00e8me.<\/p>\n<p>Cette pelouse synth\u00e9tique est parfaite pour tout type de jardin, terrasse, d\u00e9coration d&#8217;espaces ext\u00e9rieurs de magasins ou d&#8217;activit\u00e9s commerciales, ainsi que pour les bords de piscine. Elle convient \u00e9galement aux animaux et aux enfants.<\/p>\n<p>Elle est en effet constitu\u00e9e de mat\u00e9riaux non toxiques, hypoallerg\u00e9niques et antistatiques, de sorte que tout le monde peut profiter de son jardin en toute tranquillit\u00e9.<\/p>\n<p>&nbsp;<\/p>\n","protected":false},"excerpt":{"rendered":"<p>L&#8217;herbe synth\u00e9tique LOIETTO50 STRONG est esth\u00e9tiquement \u00e9quivalente \u00e0 l&#8217;herbe naturelle, en particulier \u00e0 la vari\u00e9t\u00e9 &#8220;Lolium&#8221;. Elle pr\u00e9sente des fils dans trois teintes de vert diff\u00e9rentes (vert clair, vert fonc\u00e9 et vert olive), ainsi qu&#8217;un effet racine de couleur vert clair et cr\u00e8me. Cette pelouse synth\u00e9tique est parfaite pour tout type de jardin, terrasse, d\u00e9coration &hellip; <a href=\"https:\/\/demo.akomi.it\/erbyshop\/fr\/gazon-synthetique\/erba-sintetica-anallergica-50-mm-strong\/\">Continued<\/a><\/p>\n","protected":false},"featured_media":6338,"template":"","meta":[],"product_brand":[],"product_cat":[16],"product_tag":[],"class_list":{"0":"post-4473","1":"product","2":"type-product","3":"status-publish","4":"has-post-thumbnail","6":"product_cat-gazon-synthetique","7":"product_shipping_class-spedizione-gratuita","9":"first","10":"instock","11":"sale","12":"taxable","13":"shipping-taxable","14":"purchasable","15":"product-type-variable"},"acf":[],"yoast_head":"<!-- This site is optimized with the Yoast SEO plugin v24.5 - https:\/\/yoast.com\/wordpress\/plugins\/seo\/ -->\n<title>Erba Sintetica Anallergica 50 mm Strong | Prato Sintetico Loietto 50 Strong<\/title>\n<meta name=\"description\" content=\"Acquista erba sintetica anallergica online con altezza 50 mm strong, in modo semplice e veloce per il tuo spazio preferito. Scegli Erby\" \/>\n<meta name=\"robots\" content=\"index, follow, max-snippet:-1, max-image-preview:large, max-video-preview:-1\" \/>\n<link rel=\"canonical\" href=\"https:\/\/demo.akomi.it\/erbyshop\/fr\/gazon-synthetique\/erba-sintetica-anallergica-50-mm-strong\/\" \/>\n<meta property=\"og:locale\" content=\"fr_FR\" \/>\n<meta property=\"og:type\" content=\"article\" \/>\n<meta property=\"og:title\" content=\"Erba Sintetica Anallergica 50 mm Strong | Prato Sintetico Loietto 50 Strong\" \/>\n<meta property=\"og:description\" content=\"Acquista erba sintetica anallergica online con altezza 50 mm strong, in modo semplice e veloce per il tuo spazio preferito. Scegli Erby\" \/>\n<meta property=\"og:url\" content=\"https:\/\/demo.akomi.it\/erbyshop\/fr\/gazon-synthetique\/erba-sintetica-anallergica-50-mm-strong\/\" \/>\n<meta property=\"og:site_name\" content=\"FR\" \/>\n<meta property=\"article:modified_time\" content=\"2025-04-23T13:22:48+00:00\" \/>\n<meta property=\"og:image\" content=\"https:\/\/demo.akomi.it\/erbyshop\/fr\/wp-content\/uploads\/sites\/3\/Loietto50-Strong-1.jpg\" \/>\n\t<meta property=\"og:image:width\" content=\"2360\" \/>\n\t<meta property=\"og:image:height\" content=\"1680\" \/>\n\t<meta property=\"og:image:type\" content=\"image\/jpeg\" \/>\n<meta name=\"twitter:card\" content=\"summary_large_image\" \/>\n<meta name=\"twitter:label1\" content=\"Dur\u00e9e de lecture estim\u00e9e\" \/>\n\t<meta name=\"twitter:data1\" content=\"1 minute\" \/>\n<script type=\"application\/ld+json\" class=\"yoast-schema-graph\">{\"@context\":\"https:\/\/schema.org\",\"@graph\":[{\"@type\":\"WebPage\",\"@id\":\"https:\/\/demo.akomi.it\/erbyshop\/fr\/gazon-synthetique\/erba-sintetica-anallergica-50-mm-strong\/\",\"url\":\"https:\/\/demo.akomi.it\/erbyshop\/fr\/gazon-synthetique\/erba-sintetica-anallergica-50-mm-strong\/\",\"name\":\"Erba Sintetica Anallergica 50 mm Strong | Prato Sintetico Loietto 50 Strong\",\"isPartOf\":{\"@id\":\"https:\/\/demo.akomi.it\/erbyshop\/fr\/#website\"},\"primaryImageOfPage\":{\"@id\":\"https:\/\/demo.akomi.it\/erbyshop\/fr\/gazon-synthetique\/erba-sintetica-anallergica-50-mm-strong\/#primaryimage\"},\"image\":{\"@id\":\"https:\/\/demo.akomi.it\/erbyshop\/fr\/gazon-synthetique\/erba-sintetica-anallergica-50-mm-strong\/#primaryimage\"},\"thumbnailUrl\":\"https:\/\/demo.akomi.it\/erbyshop\/fr\/wp-content\/uploads\/sites\/3\/Loietto50-Strong-1.jpg\",\"datePublished\":\"2023-06-07T13:28:44+00:00\",\"dateModified\":\"2025-04-23T13:22:48+00:00\",\"description\":\"Acquista erba sintetica anallergica online con altezza 50 mm strong, in modo semplice e veloce per il tuo spazio preferito. Scegli Erby\",\"breadcrumb\":{\"@id\":\"https:\/\/demo.akomi.it\/erbyshop\/fr\/gazon-synthetique\/erba-sintetica-anallergica-50-mm-strong\/#breadcrumb\"},\"inLanguage\":\"fr-FR\",\"potentialAction\":[{\"@type\":\"ReadAction\",\"target\":[\"https:\/\/demo.akomi.it\/erbyshop\/fr\/gazon-synthetique\/erba-sintetica-anallergica-50-mm-strong\/\"]}]},{\"@type\":\"ImageObject\",\"inLanguage\":\"fr-FR\",\"@id\":\"https:\/\/demo.akomi.it\/erbyshop\/fr\/gazon-synthetique\/erba-sintetica-anallergica-50-mm-strong\/#primaryimage\",\"url\":\"https:\/\/demo.akomi.it\/erbyshop\/fr\/wp-content\/uploads\/sites\/3\/Loietto50-Strong-1.jpg\",\"contentUrl\":\"https:\/\/demo.akomi.it\/erbyshop\/fr\/wp-content\/uploads\/sites\/3\/Loietto50-Strong-1.jpg\",\"width\":2360,\"height\":1680},{\"@type\":\"BreadcrumbList\",\"@id\":\"https:\/\/demo.akomi.it\/erbyshop\/fr\/gazon-synthetique\/erba-sintetica-anallergica-50-mm-strong\/#breadcrumb\",\"itemListElement\":[{\"@type\":\"ListItem\",\"position\":1,\"name\":\"Home\",\"item\":\"https:\/\/demo.akomi.it\/erbyshop\/fr\/\"},{\"@type\":\"ListItem\",\"position\":2,\"name\":\"Shop\",\"item\":\"https:\/\/demo.akomi.it\/erbyshop\/fr\/e-commerce-erby\/\"},{\"@type\":\"ListItem\",\"position\":3,\"name\":\"Gazon synth\u00e9tique\",\"item\":\"https:\/\/demo.akomi.it\/erbyshop\/fr\/gazon-synthetique\/\"},{\"@type\":\"ListItem\",\"position\":4,\"name\":\"LOIETTO50 STRONG\"}]},{\"@type\":\"WebSite\",\"@id\":\"https:\/\/demo.akomi.it\/erbyshop\/fr\/#website\",\"url\":\"https:\/\/demo.akomi.it\/erbyshop\/fr\/\",\"name\":\"FR\",\"description\":\"Il prato intelligente\",\"potentialAction\":[{\"@type\":\"SearchAction\",\"target\":{\"@type\":\"EntryPoint\",\"urlTemplate\":\"https:\/\/demo.akomi.it\/erbyshop\/fr\/?s={search_term_string}\"},\"query-input\":{\"@type\":\"PropertyValueSpecification\",\"valueRequired\":true,\"valueName\":\"search_term_string\"}}],\"inLanguage\":\"fr-FR\"}]}<\/script>\n<!-- \/ Yoast SEO plugin. -->","yoast_head_json":{"title":"Erba Sintetica Anallergica 50 mm Strong | Prato Sintetico Loietto 50 Strong","description":"Acquista erba sintetica anallergica online con altezza 50 mm strong, in modo semplice e veloce per il tuo spazio preferito. Scegli Erby","robots":{"index":"index","follow":"follow","max-snippet":"max-snippet:-1","max-image-preview":"max-image-preview:large","max-video-preview":"max-video-preview:-1"},"canonical":"https:\/\/demo.akomi.it\/erbyshop\/fr\/gazon-synthetique\/erba-sintetica-anallergica-50-mm-strong\/","og_locale":"fr_FR","og_type":"article","og_title":"Erba Sintetica Anallergica 50 mm Strong | Prato Sintetico Loietto 50 Strong","og_description":"Acquista erba sintetica anallergica online con altezza 50 mm strong, in modo semplice e veloce per il tuo spazio preferito. Scegli Erby","og_url":"https:\/\/demo.akomi.it\/erbyshop\/fr\/gazon-synthetique\/erba-sintetica-anallergica-50-mm-strong\/","og_site_name":"FR","article_modified_time":"2025-04-23T13:22:48+00:00","og_image":[{"width":2360,"height":1680,"url":"https:\/\/demo.akomi.it\/erbyshop\/fr\/wp-content\/uploads\/sites\/3\/Loietto50-Strong-1.jpg","type":"image\/jpeg"}],"twitter_card":"summary_large_image","twitter_misc":{"Dur\u00e9e de lecture estim\u00e9e":"1 minute"},"schema":{"@context":"https:\/\/schema.org","@graph":[{"@type":"WebPage","@id":"https:\/\/demo.akomi.it\/erbyshop\/fr\/gazon-synthetique\/erba-sintetica-anallergica-50-mm-strong\/","url":"https:\/\/demo.akomi.it\/erbyshop\/fr\/gazon-synthetique\/erba-sintetica-anallergica-50-mm-strong\/","name":"Erba Sintetica Anallergica 50 mm Strong | Prato Sintetico Loietto 50 Strong","isPartOf":{"@id":"https:\/\/demo.akomi.it\/erbyshop\/fr\/#website"},"primaryImageOfPage":{"@id":"https:\/\/demo.akomi.it\/erbyshop\/fr\/gazon-synthetique\/erba-sintetica-anallergica-50-mm-strong\/#primaryimage"},"image":{"@id":"https:\/\/demo.akomi.it\/erbyshop\/fr\/gazon-synthetique\/erba-sintetica-anallergica-50-mm-strong\/#primaryimage"},"thumbnailUrl":"https:\/\/demo.akomi.it\/erbyshop\/fr\/wp-content\/uploads\/sites\/3\/Loietto50-Strong-1.jpg","datePublished":"2023-06-07T13:28:44+00:00","dateModified":"2025-04-23T13:22:48+00:00","description":"Acquista erba sintetica anallergica online con altezza 50 mm strong, in modo semplice e veloce per il tuo spazio preferito. Scegli Erby","breadcrumb":{"@id":"https:\/\/demo.akomi.it\/erbyshop\/fr\/gazon-synthetique\/erba-sintetica-anallergica-50-mm-strong\/#breadcrumb"},"inLanguage":"fr-FR","potentialAction":[{"@type":"ReadAction","target":["https:\/\/demo.akomi.it\/erbyshop\/fr\/gazon-synthetique\/erba-sintetica-anallergica-50-mm-strong\/"]}]},{"@type":"ImageObject","inLanguage":"fr-FR","@id":"https:\/\/demo.akomi.it\/erbyshop\/fr\/gazon-synthetique\/erba-sintetica-anallergica-50-mm-strong\/#primaryimage","url":"https:\/\/demo.akomi.it\/erbyshop\/fr\/wp-content\/uploads\/sites\/3\/Loietto50-Strong-1.jpg","contentUrl":"https:\/\/demo.akomi.it\/erbyshop\/fr\/wp-content\/uploads\/sites\/3\/Loietto50-Strong-1.jpg","width":2360,"height":1680},{"@type":"BreadcrumbList","@id":"https:\/\/demo.akomi.it\/erbyshop\/fr\/gazon-synthetique\/erba-sintetica-anallergica-50-mm-strong\/#breadcrumb","itemListElement":[{"@type":"ListItem","position":1,"name":"Home","item":"https:\/\/demo.akomi.it\/erbyshop\/fr\/"},{"@type":"ListItem","position":2,"name":"Shop","item":"https:\/\/demo.akomi.it\/erbyshop\/fr\/e-commerce-erby\/"},{"@type":"ListItem","position":3,"name":"Gazon synth\u00e9tique","item":"https:\/\/demo.akomi.it\/erbyshop\/fr\/gazon-synthetique\/"},{"@type":"ListItem","position":4,"name":"LOIETTO50 STRONG"}]},{"@type":"WebSite","@id":"https:\/\/demo.akomi.it\/erbyshop\/fr\/#website","url":"https:\/\/demo.akomi.it\/erbyshop\/fr\/","name":"FR","description":"Il prato intelligente","potentialAction":[{"@type":"SearchAction","target":{"@type":"EntryPoint","urlTemplate":"https:\/\/demo.akomi.it\/erbyshop\/fr\/?s={search_term_string}"},"query-input":{"@type":"PropertyValueSpecification","valueRequired":true,"valueName":"search_term_string"}}],"inLanguage":"fr-FR"}]}},"_links":{"self":[{"href":"https:\/\/demo.akomi.it\/erbyshop\/fr\/wp-json\/wp\/v2\/product\/4473","targetHints":{"allow":["GET"]}}],"collection":[{"href":"https:\/\/demo.akomi.it\/erbyshop\/fr\/wp-json\/wp\/v2\/product"}],"about":[{"href":"https:\/\/demo.akomi.it\/erbyshop\/fr\/wp-json\/wp\/v2\/types\/product"}],"wp:featuredmedia":[{"embeddable":true,"href":"https:\/\/demo.akomi.it\/erbyshop\/fr\/wp-json\/wp\/v2\/media\/6338"}],"wp:attachment":[{"href":"https:\/\/demo.akomi.it\/erbyshop\/fr\/wp-json\/wp\/v2\/media?parent=4473"}],"wp:term":[{"taxonomy":"product_brand","embeddable":true,"href":"https:\/\/demo.akomi.it\/erbyshop\/fr\/wp-json\/wp\/v2\/product_brand?post=4473"},{"taxonomy":"product_cat","embeddable":true,"href":"https:\/\/demo.akomi.it\/erbyshop\/fr\/wp-json\/wp\/v2\/product_cat?post=4473"},{"taxonomy":"product_tag","embeddable":true,"href":"https:\/\/demo.akomi.it\/erbyshop\/fr\/wp-json\/wp\/v2\/product_tag?post=4473"}],"curies":[{"name":"wp","href":"https:\/\/api.w.org\/{rel}","templated":true}]}}