{"id":4595,"date":"2023-06-15T16:14:40","date_gmt":"2023-06-15T14:14:40","guid":{"rendered":"https:\/\/www.demo.akomi.it\/erbyshop\/fr\/?post_type=product&#038;p=4595"},"modified":"2025-04-23T13:56:08","modified_gmt":"2025-04-23T11:56:08","slug":"rotolo-erba-sintetica","status":"publish","type":"product","link":"https:\/\/demo.akomi.it\/erbyshop\/fr\/stock-gazon-synthetique\/rotolo-erba-sintetica\/","title":{"rendered":"POA STRONG 45 (14,4MQ Lot blanc\/rouge)"},"content":{"rendered":"<p>Le gazon synth\u00e9tique POA STRONG45 est esth\u00e9tiquement \u00e9quivalent \u00e0 l&#8217;herbe naturelle, en particulier \u00e0 la vari\u00e9t\u00e9 &#8220;Poa pratensis&#8221;.<\/p>\n<p>Il pr\u00e9sente des fils dans trois nuances de vert diff\u00e9rentes (vert fonc\u00e9, vert olive et beige), ainsi qu&#8217;un effet racine de couleur marron et cr\u00e8me, ce qui rend l&#8217;effet visuel encore plus r\u00e9aliste et am\u00e9liore la structure globale.<\/p>\n<p>Les fils de derni\u00e8re g\u00e9n\u00e9ration, \u00e0 &#8220;grande vague&#8221;, &#8220;petite vague&#8221; et &#8220;diamant&#8221;, rendent ce gazon tr\u00e8s r\u00e9silient, c&#8217;est-\u00e0-dire capable de reprendre sa position verticale tr\u00e8s rapidement apr\u00e8s avoir \u00e9t\u00e9 pi\u00e9tin\u00e9, ce qui le rend id\u00e9al pour une utilisation continue et un pi\u00e9tinement \u00e9lev\u00e9.<\/p>\n<p>Il est compos\u00e9 de mat\u00e9riaux non toxiques et hypoallerg\u00e9niques, permettant ainsi \u00e0 chacun de profiter de son jardin en toute tranquillit\u00e9.<\/p>\n<p>Une fois pos\u00e9e, il s&#8217;agit d&#8217;un gazon synth\u00e9tique qui ne s&#8217;\u00e9crase pas facilement ; il est possible d&#8217;y poser des objets lourds tels que des piscines gonflables ou \u00e0 structure d\u00e9montable, ou des structures de rangement encombrantes.<\/p>\n<p>La particularit\u00e9 des produits portant la mention &#8220;LIGHT&#8221; est leur support enti\u00e8rement en polyur\u00e9thane : une dur\u00e9e de vie sup\u00e9rieure dans le temps ; plus respectueux de l&#8217;environnement ; compl\u00e8tement non toxique et hypoallerg\u00e9nique ; id\u00e9al pour la pose pendant les p\u00e9riodes froides et pour les utilisateurs moins exp\u00e9riment\u00e9s.<\/p>\n","protected":false},"excerpt":{"rendered":"<p>Le gazon synth\u00e9tique POA STRONG45 est esth\u00e9tiquement \u00e9quivalent \u00e0 l&#8217;herbe naturelle, en particulier \u00e0 la vari\u00e9t\u00e9 &#8220;Poa pratensis&#8221;. Il pr\u00e9sente des fils dans trois nuances de vert diff\u00e9rentes (vert fonc\u00e9, vert olive et beige), ainsi qu&#8217;un effet racine de couleur marron et cr\u00e8me, ce qui rend l&#8217;effet visuel encore plus r\u00e9aliste et am\u00e9liore la structure &hellip; <a href=\"https:\/\/demo.akomi.it\/erbyshop\/fr\/stock-gazon-synthetique\/rotolo-erba-sintetica\/\">Continued<\/a><\/p>\n","protected":false},"featured_media":3844,"template":"","meta":[],"product_brand":[],"product_cat":[19],"product_tag":[],"class_list":{"0":"post-4595","1":"product","2":"type-product","3":"status-publish","4":"has-post-thumbnail","6":"product_cat-stock-gazon-synthetique","7":"product_shipping_class-spedizione-gratuita","9":"first","10":"instock","11":"sold-individually","12":"taxable","13":"shipping-taxable","14":"purchasable","15":"product-type-simple"},"acf":[],"yoast_head":"<!-- This site is optimized with the Yoast SEO plugin v24.5 - https:\/\/yoast.com\/wordpress\/plugins\/seo\/ -->\n<title>Rotolo Erba Sintetica 14.4mq | Prato Sintetico Light 45<\/title>\n<meta name=\"description\" content=\"Acquista online ad un prezzo super vantaggioso lo stock in rotoli dell&#039;erba sintetica per esterno. Tempi di consegna rapidi.\" \/>\n<meta name=\"robots\" content=\"index, follow, max-snippet:-1, max-image-preview:large, max-video-preview:-1\" \/>\n<link rel=\"canonical\" href=\"https:\/\/demo.akomi.it\/erbyshop\/fr\/stock-gazon-synthetique\/rotolo-erba-sintetica\/\" \/>\n<meta property=\"og:locale\" content=\"fr_FR\" \/>\n<meta property=\"og:type\" content=\"article\" \/>\n<meta property=\"og:title\" content=\"Rotolo Erba Sintetica 14.4mq | Prato Sintetico Light 45\" \/>\n<meta property=\"og:description\" content=\"Acquista online ad un prezzo super vantaggioso lo stock in rotoli dell&#039;erba sintetica per esterno. Tempi di consegna rapidi.\" \/>\n<meta property=\"og:url\" content=\"https:\/\/demo.akomi.it\/erbyshop\/fr\/stock-gazon-synthetique\/rotolo-erba-sintetica\/\" \/>\n<meta property=\"og:site_name\" content=\"FR\" \/>\n<meta property=\"article:modified_time\" content=\"2025-04-23T11:56:08+00:00\" \/>\n<meta property=\"og:image\" content=\"https:\/\/demo.akomi.it\/erbyshop\/fr\/wp-content\/uploads\/sites\/3\/poastrong.jpg\" \/>\n\t<meta property=\"og:image:width\" content=\"2360\" \/>\n\t<meta property=\"og:image:height\" content=\"1680\" \/>\n\t<meta property=\"og:image:type\" content=\"image\/jpeg\" \/>\n<meta name=\"twitter:card\" content=\"summary_large_image\" \/>\n<meta name=\"twitter:label1\" content=\"Dur\u00e9e de lecture estim\u00e9e\" \/>\n\t<meta name=\"twitter:data1\" content=\"2 minutes\" \/>\n<script type=\"application\/ld+json\" class=\"yoast-schema-graph\">{\"@context\":\"https:\/\/schema.org\",\"@graph\":[{\"@type\":\"WebPage\",\"@id\":\"https:\/\/demo.akomi.it\/erbyshop\/fr\/stock-gazon-synthetique\/rotolo-erba-sintetica\/\",\"url\":\"https:\/\/demo.akomi.it\/erbyshop\/fr\/stock-gazon-synthetique\/rotolo-erba-sintetica\/\",\"name\":\"Rotolo Erba Sintetica 14.4mq | Prato Sintetico Light 45\",\"isPartOf\":{\"@id\":\"https:\/\/demo.akomi.it\/erbyshop\/fr\/#website\"},\"primaryImageOfPage\":{\"@id\":\"https:\/\/demo.akomi.it\/erbyshop\/fr\/stock-gazon-synthetique\/rotolo-erba-sintetica\/#primaryimage\"},\"image\":{\"@id\":\"https:\/\/demo.akomi.it\/erbyshop\/fr\/stock-gazon-synthetique\/rotolo-erba-sintetica\/#primaryimage\"},\"thumbnailUrl\":\"https:\/\/demo.akomi.it\/erbyshop\/fr\/wp-content\/uploads\/sites\/3\/poastrong.jpg\",\"datePublished\":\"2023-06-15T14:14:40+00:00\",\"dateModified\":\"2025-04-23T11:56:08+00:00\",\"description\":\"Acquista online ad un prezzo super vantaggioso lo stock in rotoli dell'erba sintetica per esterno. Tempi di consegna rapidi.\",\"breadcrumb\":{\"@id\":\"https:\/\/demo.akomi.it\/erbyshop\/fr\/stock-gazon-synthetique\/rotolo-erba-sintetica\/#breadcrumb\"},\"inLanguage\":\"fr-FR\",\"potentialAction\":[{\"@type\":\"ReadAction\",\"target\":[\"https:\/\/demo.akomi.it\/erbyshop\/fr\/stock-gazon-synthetique\/rotolo-erba-sintetica\/\"]}]},{\"@type\":\"ImageObject\",\"inLanguage\":\"fr-FR\",\"@id\":\"https:\/\/demo.akomi.it\/erbyshop\/fr\/stock-gazon-synthetique\/rotolo-erba-sintetica\/#primaryimage\",\"url\":\"https:\/\/demo.akomi.it\/erbyshop\/fr\/wp-content\/uploads\/sites\/3\/poastrong.jpg\",\"contentUrl\":\"https:\/\/demo.akomi.it\/erbyshop\/fr\/wp-content\/uploads\/sites\/3\/poastrong.jpg\",\"width\":2360,\"height\":1680},{\"@type\":\"BreadcrumbList\",\"@id\":\"https:\/\/demo.akomi.it\/erbyshop\/fr\/stock-gazon-synthetique\/rotolo-erba-sintetica\/#breadcrumb\",\"itemListElement\":[{\"@type\":\"ListItem\",\"position\":1,\"name\":\"Home\",\"item\":\"https:\/\/demo.akomi.it\/erbyshop\/fr\/\"},{\"@type\":\"ListItem\",\"position\":2,\"name\":\"Shop\",\"item\":\"https:\/\/demo.akomi.it\/erbyshop\/fr\/e-commerce-erby\/\"},{\"@type\":\"ListItem\",\"position\":3,\"name\":\"Scampoli stock\",\"item\":\"https:\/\/demo.akomi.it\/erbyshop\/fr\/stock-gazon-synthetique\/\"},{\"@type\":\"ListItem\",\"position\":4,\"name\":\"POA STRONG 45 (14,4MQ Lot blanc\/rouge)\"}]},{\"@type\":\"WebSite\",\"@id\":\"https:\/\/demo.akomi.it\/erbyshop\/fr\/#website\",\"url\":\"https:\/\/demo.akomi.it\/erbyshop\/fr\/\",\"name\":\"FR\",\"description\":\"Il prato intelligente\",\"potentialAction\":[{\"@type\":\"SearchAction\",\"target\":{\"@type\":\"EntryPoint\",\"urlTemplate\":\"https:\/\/demo.akomi.it\/erbyshop\/fr\/?s={search_term_string}\"},\"query-input\":{\"@type\":\"PropertyValueSpecification\",\"valueRequired\":true,\"valueName\":\"search_term_string\"}}],\"inLanguage\":\"fr-FR\"}]}<\/script>\n<!-- \/ Yoast SEO plugin. -->","yoast_head_json":{"title":"Rotolo Erba Sintetica 14.4mq | Prato Sintetico Light 45","description":"Acquista online ad un prezzo super vantaggioso lo stock in rotoli dell'erba sintetica per esterno. Tempi di consegna rapidi.","robots":{"index":"index","follow":"follow","max-snippet":"max-snippet:-1","max-image-preview":"max-image-preview:large","max-video-preview":"max-video-preview:-1"},"canonical":"https:\/\/demo.akomi.it\/erbyshop\/fr\/stock-gazon-synthetique\/rotolo-erba-sintetica\/","og_locale":"fr_FR","og_type":"article","og_title":"Rotolo Erba Sintetica 14.4mq | Prato Sintetico Light 45","og_description":"Acquista online ad un prezzo super vantaggioso lo stock in rotoli dell'erba sintetica per esterno. Tempi di consegna rapidi.","og_url":"https:\/\/demo.akomi.it\/erbyshop\/fr\/stock-gazon-synthetique\/rotolo-erba-sintetica\/","og_site_name":"FR","article_modified_time":"2025-04-23T11:56:08+00:00","og_image":[{"width":2360,"height":1680,"url":"https:\/\/demo.akomi.it\/erbyshop\/fr\/wp-content\/uploads\/sites\/3\/poastrong.jpg","type":"image\/jpeg"}],"twitter_card":"summary_large_image","twitter_misc":{"Dur\u00e9e de lecture estim\u00e9e":"2 minutes"},"schema":{"@context":"https:\/\/schema.org","@graph":[{"@type":"WebPage","@id":"https:\/\/demo.akomi.it\/erbyshop\/fr\/stock-gazon-synthetique\/rotolo-erba-sintetica\/","url":"https:\/\/demo.akomi.it\/erbyshop\/fr\/stock-gazon-synthetique\/rotolo-erba-sintetica\/","name":"Rotolo Erba Sintetica 14.4mq | Prato Sintetico Light 45","isPartOf":{"@id":"https:\/\/demo.akomi.it\/erbyshop\/fr\/#website"},"primaryImageOfPage":{"@id":"https:\/\/demo.akomi.it\/erbyshop\/fr\/stock-gazon-synthetique\/rotolo-erba-sintetica\/#primaryimage"},"image":{"@id":"https:\/\/demo.akomi.it\/erbyshop\/fr\/stock-gazon-synthetique\/rotolo-erba-sintetica\/#primaryimage"},"thumbnailUrl":"https:\/\/demo.akomi.it\/erbyshop\/fr\/wp-content\/uploads\/sites\/3\/poastrong.jpg","datePublished":"2023-06-15T14:14:40+00:00","dateModified":"2025-04-23T11:56:08+00:00","description":"Acquista online ad un prezzo super vantaggioso lo stock in rotoli dell'erba sintetica per esterno. Tempi di consegna rapidi.","breadcrumb":{"@id":"https:\/\/demo.akomi.it\/erbyshop\/fr\/stock-gazon-synthetique\/rotolo-erba-sintetica\/#breadcrumb"},"inLanguage":"fr-FR","potentialAction":[{"@type":"ReadAction","target":["https:\/\/demo.akomi.it\/erbyshop\/fr\/stock-gazon-synthetique\/rotolo-erba-sintetica\/"]}]},{"@type":"ImageObject","inLanguage":"fr-FR","@id":"https:\/\/demo.akomi.it\/erbyshop\/fr\/stock-gazon-synthetique\/rotolo-erba-sintetica\/#primaryimage","url":"https:\/\/demo.akomi.it\/erbyshop\/fr\/wp-content\/uploads\/sites\/3\/poastrong.jpg","contentUrl":"https:\/\/demo.akomi.it\/erbyshop\/fr\/wp-content\/uploads\/sites\/3\/poastrong.jpg","width":2360,"height":1680},{"@type":"BreadcrumbList","@id":"https:\/\/demo.akomi.it\/erbyshop\/fr\/stock-gazon-synthetique\/rotolo-erba-sintetica\/#breadcrumb","itemListElement":[{"@type":"ListItem","position":1,"name":"Home","item":"https:\/\/demo.akomi.it\/erbyshop\/fr\/"},{"@type":"ListItem","position":2,"name":"Shop","item":"https:\/\/demo.akomi.it\/erbyshop\/fr\/e-commerce-erby\/"},{"@type":"ListItem","position":3,"name":"Scampoli stock","item":"https:\/\/demo.akomi.it\/erbyshop\/fr\/stock-gazon-synthetique\/"},{"@type":"ListItem","position":4,"name":"POA STRONG 45 (14,4MQ Lot blanc\/rouge)"}]},{"@type":"WebSite","@id":"https:\/\/demo.akomi.it\/erbyshop\/fr\/#website","url":"https:\/\/demo.akomi.it\/erbyshop\/fr\/","name":"FR","description":"Il prato intelligente","potentialAction":[{"@type":"SearchAction","target":{"@type":"EntryPoint","urlTemplate":"https:\/\/demo.akomi.it\/erbyshop\/fr\/?s={search_term_string}"},"query-input":{"@type":"PropertyValueSpecification","valueRequired":true,"valueName":"search_term_string"}}],"inLanguage":"fr-FR"}]}},"_links":{"self":[{"href":"https:\/\/demo.akomi.it\/erbyshop\/fr\/wp-json\/wp\/v2\/product\/4595","targetHints":{"allow":["GET"]}}],"collection":[{"href":"https:\/\/demo.akomi.it\/erbyshop\/fr\/wp-json\/wp\/v2\/product"}],"about":[{"href":"https:\/\/demo.akomi.it\/erbyshop\/fr\/wp-json\/wp\/v2\/types\/product"}],"wp:featuredmedia":[{"embeddable":true,"href":"https:\/\/demo.akomi.it\/erbyshop\/fr\/wp-json\/wp\/v2\/media\/3844"}],"wp:attachment":[{"href":"https:\/\/demo.akomi.it\/erbyshop\/fr\/wp-json\/wp\/v2\/media?parent=4595"}],"wp:term":[{"taxonomy":"product_brand","embeddable":true,"href":"https:\/\/demo.akomi.it\/erbyshop\/fr\/wp-json\/wp\/v2\/product_brand?post=4595"},{"taxonomy":"product_cat","embeddable":true,"href":"https:\/\/demo.akomi.it\/erbyshop\/fr\/wp-json\/wp\/v2\/product_cat?post=4595"},{"taxonomy":"product_tag","embeddable":true,"href":"https:\/\/demo.akomi.it\/erbyshop\/fr\/wp-json\/wp\/v2\/product_tag?post=4595"}],"curies":[{"name":"wp","href":"https:\/\/api.w.org\/{rel}","templated":true}]}}