{"id":5050,"date":"2023-09-22T09:07:37","date_gmt":"2023-09-22T07:07:37","guid":{"rendered":"https:\/\/www.demo.akomi.it\/erbyshop\/fr\/?post_type=product&#038;p=5050"},"modified":"2025-04-17T11:56:32","modified_gmt":"2025-04-17T09:56:32","slug":"zoysia37","status":"publish","type":"product","link":"https:\/\/demo.akomi.it\/erbyshop\/fr\/stock-gazon-synthetique\/zoysia37\/","title":{"rendered":"ZOYSIA37 (21,37mq Lot vert\/noir)"},"content":{"rendered":"<p>Gazon synth\u00e9tique de haute qualit\u00e9, id\u00e9al pour ceux qui recherchent un bon produit \u00e0 un prix abordable.<br data-start=\"145\" data-end=\"148\" \/><br \/>\nLe gazon synth\u00e9tique ZOYSIA37 pr\u00e9sente des brins droits avec une section en &#8220;M&#8221;, dans des couleurs de vert fonc\u00e9 et vert clair, avec un effet racine marron et beige.<br data-start=\"329\" data-end=\"332\" \/><br \/>\nIl convient aux jardins de toutes tailles, terrasses, \u00e0 la d\u00e9coration d&#8217;espaces ext\u00e9rieurs de magasins ou de commerces, ou encore aux bords de piscine, et est adapt\u00e9 \u00e0 la pr\u00e9sence d&#8217;animaux, m\u00eame de grande taille, et d&#8217;enfants.<br data-start=\"583\" data-end=\"586\" \/><br \/>\nIl est en effet compos\u00e9 de mat\u00e9riaux non toxiques, hypoallerg\u00e9niques et antistatiques, permettant \u00e0 chacun de profiter de son jardin en toute s\u00e9r\u00e9nit\u00e9.<\/p>\n<p>&nbsp;<\/p>\n","protected":false},"excerpt":{"rendered":"<p>Gazon synth\u00e9tique de haute qualit\u00e9, id\u00e9al pour ceux qui recherchent un bon produit \u00e0 un prix abordable. Le gazon synth\u00e9tique ZOYSIA37 pr\u00e9sente des brins droits avec une section en &#8220;M&#8221;, dans des couleurs de vert fonc\u00e9 et vert clair, avec un effet racine marron et beige. Il convient aux jardins de toutes tailles, terrasses, \u00e0 &hellip; <a href=\"https:\/\/demo.akomi.it\/erbyshop\/fr\/stock-gazon-synthetique\/zoysia37\/\">Continued<\/a><\/p>\n","protected":false},"featured_media":6461,"template":"","meta":[],"product_brand":[],"product_cat":[19],"product_tag":[],"class_list":{"0":"post-5050","1":"product","2":"type-product","3":"status-publish","4":"has-post-thumbnail","6":"product_cat-stock-gazon-synthetique","7":"product_shipping_class-spedizione-gratuita","9":"first","10":"instock","11":"sold-individually","12":"taxable","13":"shipping-taxable","14":"purchasable","15":"product-type-simple"},"acf":[],"yoast_head":"<!-- This site is optimized with the Yoast SEO plugin v24.5 - https:\/\/yoast.com\/wordpress\/plugins\/seo\/ -->\n<title>Stock rotolo Erba Sintetica | Prato Sintetico Zoysia | Erby<\/title>\n<meta name=\"description\" content=\"Acquista online ad un prezzo super vantaggioso lo stock in rotoli dell&#039;erba sintetica da 10mq per esterno. Tempi di consegna rapidi.\" \/>\n<meta name=\"robots\" content=\"index, follow, max-snippet:-1, max-image-preview:large, max-video-preview:-1\" \/>\n<link rel=\"canonical\" href=\"https:\/\/demo.akomi.it\/erbyshop\/fr\/stock-gazon-synthetique\/zoysia37\/\" \/>\n<meta property=\"og:locale\" content=\"fr_FR\" \/>\n<meta property=\"og:type\" content=\"article\" \/>\n<meta property=\"og:title\" content=\"Stock rotolo Erba Sintetica | Prato Sintetico Zoysia | Erby\" \/>\n<meta property=\"og:description\" content=\"Acquista online ad un prezzo super vantaggioso lo stock in rotoli dell&#039;erba sintetica da 10mq per esterno. Tempi di consegna rapidi.\" \/>\n<meta property=\"og:url\" content=\"https:\/\/demo.akomi.it\/erbyshop\/fr\/stock-gazon-synthetique\/zoysia37\/\" \/>\n<meta property=\"og:site_name\" content=\"FR\" \/>\n<meta property=\"article:modified_time\" content=\"2025-04-17T09:56:32+00:00\" \/>\n<meta property=\"og:image\" content=\"https:\/\/demo.akomi.it\/erbyshop\/fr\/wp-content\/uploads\/sites\/3\/Zoysia37-2-1.jpg\" \/>\n\t<meta property=\"og:image:width\" content=\"1024\" \/>\n\t<meta property=\"og:image:height\" content=\"729\" \/>\n\t<meta property=\"og:image:type\" content=\"image\/jpeg\" \/>\n<meta name=\"twitter:card\" content=\"summary_large_image\" \/>\n<meta name=\"twitter:label1\" content=\"Dur\u00e9e de lecture estim\u00e9e\" \/>\n\t<meta name=\"twitter:data1\" content=\"1 minute\" \/>\n<script type=\"application\/ld+json\" class=\"yoast-schema-graph\">{\"@context\":\"https:\/\/schema.org\",\"@graph\":[{\"@type\":\"WebPage\",\"@id\":\"https:\/\/demo.akomi.it\/erbyshop\/fr\/stock-gazon-synthetique\/zoysia37\/\",\"url\":\"https:\/\/demo.akomi.it\/erbyshop\/fr\/stock-gazon-synthetique\/zoysia37\/\",\"name\":\"Stock rotolo Erba Sintetica | Prato Sintetico Zoysia | Erby\",\"isPartOf\":{\"@id\":\"https:\/\/demo.akomi.it\/erbyshop\/fr\/#website\"},\"primaryImageOfPage\":{\"@id\":\"https:\/\/demo.akomi.it\/erbyshop\/fr\/stock-gazon-synthetique\/zoysia37\/#primaryimage\"},\"image\":{\"@id\":\"https:\/\/demo.akomi.it\/erbyshop\/fr\/stock-gazon-synthetique\/zoysia37\/#primaryimage\"},\"thumbnailUrl\":\"https:\/\/demo.akomi.it\/erbyshop\/fr\/wp-content\/uploads\/sites\/3\/Zoysia37-2-1.jpg\",\"datePublished\":\"2023-09-22T07:07:37+00:00\",\"dateModified\":\"2025-04-17T09:56:32+00:00\",\"description\":\"Acquista online ad un prezzo super vantaggioso lo stock in rotoli dell'erba sintetica da 10mq per esterno. Tempi di consegna rapidi.\",\"breadcrumb\":{\"@id\":\"https:\/\/demo.akomi.it\/erbyshop\/fr\/stock-gazon-synthetique\/zoysia37\/#breadcrumb\"},\"inLanguage\":\"fr-FR\",\"potentialAction\":[{\"@type\":\"ReadAction\",\"target\":[\"https:\/\/demo.akomi.it\/erbyshop\/fr\/stock-gazon-synthetique\/zoysia37\/\"]}]},{\"@type\":\"ImageObject\",\"inLanguage\":\"fr-FR\",\"@id\":\"https:\/\/demo.akomi.it\/erbyshop\/fr\/stock-gazon-synthetique\/zoysia37\/#primaryimage\",\"url\":\"https:\/\/demo.akomi.it\/erbyshop\/fr\/wp-content\/uploads\/sites\/3\/Zoysia37-2-1.jpg\",\"contentUrl\":\"https:\/\/demo.akomi.it\/erbyshop\/fr\/wp-content\/uploads\/sites\/3\/Zoysia37-2-1.jpg\",\"width\":2360,\"height\":1680},{\"@type\":\"BreadcrumbList\",\"@id\":\"https:\/\/demo.akomi.it\/erbyshop\/fr\/stock-gazon-synthetique\/zoysia37\/#breadcrumb\",\"itemListElement\":[{\"@type\":\"ListItem\",\"position\":1,\"name\":\"Home\",\"item\":\"https:\/\/demo.akomi.it\/erbyshop\/fr\/\"},{\"@type\":\"ListItem\",\"position\":2,\"name\":\"Shop\",\"item\":\"https:\/\/demo.akomi.it\/erbyshop\/fr\/e-commerce-erby\/\"},{\"@type\":\"ListItem\",\"position\":3,\"name\":\"Scampoli stock\",\"item\":\"https:\/\/demo.akomi.it\/erbyshop\/fr\/stock-gazon-synthetique\/\"},{\"@type\":\"ListItem\",\"position\":4,\"name\":\"ZOYSIA37 (21,37mq Lot vert\/noir)\"}]},{\"@type\":\"WebSite\",\"@id\":\"https:\/\/demo.akomi.it\/erbyshop\/fr\/#website\",\"url\":\"https:\/\/demo.akomi.it\/erbyshop\/fr\/\",\"name\":\"FR\",\"description\":\"Il prato intelligente\",\"potentialAction\":[{\"@type\":\"SearchAction\",\"target\":{\"@type\":\"EntryPoint\",\"urlTemplate\":\"https:\/\/demo.akomi.it\/erbyshop\/fr\/?s={search_term_string}\"},\"query-input\":{\"@type\":\"PropertyValueSpecification\",\"valueRequired\":true,\"valueName\":\"search_term_string\"}}],\"inLanguage\":\"fr-FR\"}]}<\/script>\n<!-- \/ Yoast SEO plugin. -->","yoast_head_json":{"title":"Stock rotolo Erba Sintetica | Prato Sintetico Zoysia | Erby","description":"Acquista online ad un prezzo super vantaggioso lo stock in rotoli dell'erba sintetica da 10mq per esterno. Tempi di consegna rapidi.","robots":{"index":"index","follow":"follow","max-snippet":"max-snippet:-1","max-image-preview":"max-image-preview:large","max-video-preview":"max-video-preview:-1"},"canonical":"https:\/\/demo.akomi.it\/erbyshop\/fr\/stock-gazon-synthetique\/zoysia37\/","og_locale":"fr_FR","og_type":"article","og_title":"Stock rotolo Erba Sintetica | Prato Sintetico Zoysia | Erby","og_description":"Acquista online ad un prezzo super vantaggioso lo stock in rotoli dell'erba sintetica da 10mq per esterno. Tempi di consegna rapidi.","og_url":"https:\/\/demo.akomi.it\/erbyshop\/fr\/stock-gazon-synthetique\/zoysia37\/","og_site_name":"FR","article_modified_time":"2025-04-17T09:56:32+00:00","og_image":[{"url":"https:\/\/demo.akomi.it\/erbyshop\/fr\/wp-content\/uploads\/sites\/3\/Zoysia37-2-1.jpg","width":1024,"height":729,"type":"image\/jpeg"}],"twitter_card":"summary_large_image","twitter_misc":{"Dur\u00e9e de lecture estim\u00e9e":"1 minute"},"schema":{"@context":"https:\/\/schema.org","@graph":[{"@type":"WebPage","@id":"https:\/\/demo.akomi.it\/erbyshop\/fr\/stock-gazon-synthetique\/zoysia37\/","url":"https:\/\/demo.akomi.it\/erbyshop\/fr\/stock-gazon-synthetique\/zoysia37\/","name":"Stock rotolo Erba Sintetica | Prato Sintetico Zoysia | Erby","isPartOf":{"@id":"https:\/\/demo.akomi.it\/erbyshop\/fr\/#website"},"primaryImageOfPage":{"@id":"https:\/\/demo.akomi.it\/erbyshop\/fr\/stock-gazon-synthetique\/zoysia37\/#primaryimage"},"image":{"@id":"https:\/\/demo.akomi.it\/erbyshop\/fr\/stock-gazon-synthetique\/zoysia37\/#primaryimage"},"thumbnailUrl":"https:\/\/demo.akomi.it\/erbyshop\/fr\/wp-content\/uploads\/sites\/3\/Zoysia37-2-1.jpg","datePublished":"2023-09-22T07:07:37+00:00","dateModified":"2025-04-17T09:56:32+00:00","description":"Acquista online ad un prezzo super vantaggioso lo stock in rotoli dell'erba sintetica da 10mq per esterno. Tempi di consegna rapidi.","breadcrumb":{"@id":"https:\/\/demo.akomi.it\/erbyshop\/fr\/stock-gazon-synthetique\/zoysia37\/#breadcrumb"},"inLanguage":"fr-FR","potentialAction":[{"@type":"ReadAction","target":["https:\/\/demo.akomi.it\/erbyshop\/fr\/stock-gazon-synthetique\/zoysia37\/"]}]},{"@type":"ImageObject","inLanguage":"fr-FR","@id":"https:\/\/demo.akomi.it\/erbyshop\/fr\/stock-gazon-synthetique\/zoysia37\/#primaryimage","url":"https:\/\/demo.akomi.it\/erbyshop\/fr\/wp-content\/uploads\/sites\/3\/Zoysia37-2-1.jpg","contentUrl":"https:\/\/demo.akomi.it\/erbyshop\/fr\/wp-content\/uploads\/sites\/3\/Zoysia37-2-1.jpg","width":2360,"height":1680},{"@type":"BreadcrumbList","@id":"https:\/\/demo.akomi.it\/erbyshop\/fr\/stock-gazon-synthetique\/zoysia37\/#breadcrumb","itemListElement":[{"@type":"ListItem","position":1,"name":"Home","item":"https:\/\/demo.akomi.it\/erbyshop\/fr\/"},{"@type":"ListItem","position":2,"name":"Shop","item":"https:\/\/demo.akomi.it\/erbyshop\/fr\/e-commerce-erby\/"},{"@type":"ListItem","position":3,"name":"Scampoli stock","item":"https:\/\/demo.akomi.it\/erbyshop\/fr\/stock-gazon-synthetique\/"},{"@type":"ListItem","position":4,"name":"ZOYSIA37 (21,37mq Lot vert\/noir)"}]},{"@type":"WebSite","@id":"https:\/\/demo.akomi.it\/erbyshop\/fr\/#website","url":"https:\/\/demo.akomi.it\/erbyshop\/fr\/","name":"FR","description":"Il prato intelligente","potentialAction":[{"@type":"SearchAction","target":{"@type":"EntryPoint","urlTemplate":"https:\/\/demo.akomi.it\/erbyshop\/fr\/?s={search_term_string}"},"query-input":{"@type":"PropertyValueSpecification","valueRequired":true,"valueName":"search_term_string"}}],"inLanguage":"fr-FR"}]}},"_links":{"self":[{"href":"https:\/\/demo.akomi.it\/erbyshop\/fr\/wp-json\/wp\/v2\/product\/5050","targetHints":{"allow":["GET"]}}],"collection":[{"href":"https:\/\/demo.akomi.it\/erbyshop\/fr\/wp-json\/wp\/v2\/product"}],"about":[{"href":"https:\/\/demo.akomi.it\/erbyshop\/fr\/wp-json\/wp\/v2\/types\/product"}],"wp:featuredmedia":[{"embeddable":true,"href":"https:\/\/demo.akomi.it\/erbyshop\/fr\/wp-json\/wp\/v2\/media\/6461"}],"wp:attachment":[{"href":"https:\/\/demo.akomi.it\/erbyshop\/fr\/wp-json\/wp\/v2\/media?parent=5050"}],"wp:term":[{"taxonomy":"product_brand","embeddable":true,"href":"https:\/\/demo.akomi.it\/erbyshop\/fr\/wp-json\/wp\/v2\/product_brand?post=5050"},{"taxonomy":"product_cat","embeddable":true,"href":"https:\/\/demo.akomi.it\/erbyshop\/fr\/wp-json\/wp\/v2\/product_cat?post=5050"},{"taxonomy":"product_tag","embeddable":true,"href":"https:\/\/demo.akomi.it\/erbyshop\/fr\/wp-json\/wp\/v2\/product_tag?post=5050"}],"curies":[{"name":"wp","href":"https:\/\/api.w.org\/{rel}","templated":true}]}}