{"id":510,"date":"2022-02-04T16:49:59","date_gmt":"2022-02-04T15:49:59","guid":{"rendered":"https:\/\/www.demo.akomi.it\/erbyshop\/fr\/?post_type=product&#038;p=510"},"modified":"2025-04-16T16:45:32","modified_gmt":"2025-04-16T14:45:32","slug":"erba-sintetica-alta-qualita-25-mm","status":"publish","type":"product","link":"https:\/\/demo.akomi.it\/erbyshop\/fr\/gazon-synthetique\/erba-sintetica-alta-qualita-25-mm\/","title":{"rendered":"ZOYSIA25"},"content":{"rendered":"<p>Gazon synth\u00e9tique de haute qualit\u00e9, id\u00e9al pour ceux qui souhaitent un bon produit \u00e0 un prix abordable.<br data-start=\"106\" data-end=\"109\" \/><br \/>\nLe gazon synth\u00e9tique ZOYSIA25 pr\u00e9sente des brins droits avec une section en &#8220;M&#8221;, dans des tons vert fonc\u00e9 et vert clair, avec un effet racine marron et beige.<br data-start=\"283\" data-end=\"286\" \/><br \/>\nIl convient parfaitement aux jardins de toutes tailles, terrasses, \u00e0 la d\u00e9coration d\u2019espaces ext\u00e9rieurs de magasins ou d\u2019activit\u00e9s commerciales, ainsi qu\u2019aux bords de piscine.<br data-start=\"477\" data-end=\"480\" \/><br \/>\nIl est adapt\u00e9 \u00e0 la pr\u00e9sence d\u2019animaux, m\u00eame de grande taille, et aux enfants.<br data-start=\"569\" data-end=\"572\" \/><br \/>\nIl est fabriqu\u00e9 \u00e0 partir de mat\u00e9riaux non toxiques, hypoallerg\u00e9niques et antistatiques, permettant \u00e0 chacun de profiter de son jardin en toute tranquillit\u00e9.<\/p>\n","protected":false},"excerpt":{"rendered":"<p>Gazon synth\u00e9tique de haute qualit\u00e9, id\u00e9al pour ceux qui souhaitent un bon produit \u00e0 un prix abordable. Le gazon synth\u00e9tique ZOYSIA25 pr\u00e9sente des brins droits avec une section en &#8220;M&#8221;, dans des tons vert fonc\u00e9 et vert clair, avec un effet racine marron et beige. Il convient parfaitement aux jardins de toutes tailles, terrasses, \u00e0 &hellip; <a href=\"https:\/\/demo.akomi.it\/erbyshop\/fr\/gazon-synthetique\/erba-sintetica-alta-qualita-25-mm\/\">Continued<\/a><\/p>\n","protected":false},"featured_media":6314,"template":"","meta":[],"product_brand":[],"product_cat":[16],"product_tag":[],"class_list":{"0":"post-510","1":"product","2":"type-product","3":"status-publish","4":"has-post-thumbnail","6":"product_cat-gazon-synthetique","7":"product_shipping_class-spedizione-gratuita","9":"first","10":"instock","11":"sale","12":"taxable","13":"shipping-taxable","14":"purchasable","15":"product-type-variable"},"acf":[],"yoast_head":"<!-- This site is optimized with the Yoast SEO plugin v24.5 - https:\/\/yoast.com\/wordpress\/plugins\/seo\/ -->\n<title>Erba Sintetica Alta Qualit\u00e0 25 mm | Prato Sintetico Zoysia 25 | Erby<\/title>\n<meta name=\"description\" content=\"Acquista erba sintetica di alta qualit\u00e0 online con altezza 25mm in modo semplice e veloce per il tuo spazio preferito. Scegli Erby.\" \/>\n<meta name=\"robots\" content=\"index, follow, max-snippet:-1, max-image-preview:large, max-video-preview:-1\" \/>\n<link rel=\"canonical\" href=\"https:\/\/demo.akomi.it\/erbyshop\/fr\/gazon-synthetique\/erba-sintetica-alta-qualita-25-mm\/\" \/>\n<meta property=\"og:locale\" content=\"fr_FR\" \/>\n<meta property=\"og:type\" content=\"article\" \/>\n<meta property=\"og:title\" content=\"Erba Sintetica Alta Qualit\u00e0 25 mm | Prato Sintetico Zoysia 25 | Erby\" \/>\n<meta property=\"og:description\" content=\"Acquista erba sintetica di alta qualit\u00e0 online con altezza 25mm in modo semplice e veloce per il tuo spazio preferito. Scegli Erby.\" \/>\n<meta property=\"og:url\" content=\"https:\/\/demo.akomi.it\/erbyshop\/fr\/gazon-synthetique\/erba-sintetica-alta-qualita-25-mm\/\" \/>\n<meta property=\"og:site_name\" content=\"FR\" \/>\n<meta property=\"article:modified_time\" content=\"2025-04-16T14:45:32+00:00\" \/>\n<meta property=\"og:image\" content=\"https:\/\/demo.akomi.it\/erbyshop\/fr\/wp-content\/uploads\/sites\/3\/Zoysia25-1.jpg\" \/>\n\t<meta property=\"og:image:width\" content=\"2360\" \/>\n\t<meta property=\"og:image:height\" content=\"1680\" \/>\n\t<meta property=\"og:image:type\" content=\"image\/jpeg\" \/>\n<meta name=\"twitter:card\" content=\"summary_large_image\" \/>\n<meta name=\"twitter:label1\" content=\"Dur\u00e9e de lecture estim\u00e9e\" \/>\n\t<meta name=\"twitter:data1\" content=\"1 minute\" \/>\n<script type=\"application\/ld+json\" class=\"yoast-schema-graph\">{\"@context\":\"https:\/\/schema.org\",\"@graph\":[{\"@type\":\"WebPage\",\"@id\":\"https:\/\/demo.akomi.it\/erbyshop\/fr\/gazon-synthetique\/erba-sintetica-alta-qualita-25-mm\/\",\"url\":\"https:\/\/demo.akomi.it\/erbyshop\/fr\/gazon-synthetique\/erba-sintetica-alta-qualita-25-mm\/\",\"name\":\"Erba Sintetica Alta Qualit\u00e0 25 mm | Prato Sintetico Zoysia 25 | Erby\",\"isPartOf\":{\"@id\":\"https:\/\/demo.akomi.it\/erbyshop\/fr\/#website\"},\"primaryImageOfPage\":{\"@id\":\"https:\/\/demo.akomi.it\/erbyshop\/fr\/gazon-synthetique\/erba-sintetica-alta-qualita-25-mm\/#primaryimage\"},\"image\":{\"@id\":\"https:\/\/demo.akomi.it\/erbyshop\/fr\/gazon-synthetique\/erba-sintetica-alta-qualita-25-mm\/#primaryimage\"},\"thumbnailUrl\":\"https:\/\/demo.akomi.it\/erbyshop\/fr\/wp-content\/uploads\/sites\/3\/Zoysia25-1.jpg\",\"datePublished\":\"2022-02-04T15:49:59+00:00\",\"dateModified\":\"2025-04-16T14:45:32+00:00\",\"description\":\"Acquista erba sintetica di alta qualit\u00e0 online con altezza 25mm in modo semplice e veloce per il tuo spazio preferito. Scegli Erby.\",\"breadcrumb\":{\"@id\":\"https:\/\/demo.akomi.it\/erbyshop\/fr\/gazon-synthetique\/erba-sintetica-alta-qualita-25-mm\/#breadcrumb\"},\"inLanguage\":\"fr-FR\",\"potentialAction\":[{\"@type\":\"ReadAction\",\"target\":[\"https:\/\/demo.akomi.it\/erbyshop\/fr\/gazon-synthetique\/erba-sintetica-alta-qualita-25-mm\/\"]}]},{\"@type\":\"ImageObject\",\"inLanguage\":\"fr-FR\",\"@id\":\"https:\/\/demo.akomi.it\/erbyshop\/fr\/gazon-synthetique\/erba-sintetica-alta-qualita-25-mm\/#primaryimage\",\"url\":\"https:\/\/demo.akomi.it\/erbyshop\/fr\/wp-content\/uploads\/sites\/3\/Zoysia25-1.jpg\",\"contentUrl\":\"https:\/\/demo.akomi.it\/erbyshop\/fr\/wp-content\/uploads\/sites\/3\/Zoysia25-1.jpg\",\"width\":2360,\"height\":1680},{\"@type\":\"BreadcrumbList\",\"@id\":\"https:\/\/demo.akomi.it\/erbyshop\/fr\/gazon-synthetique\/erba-sintetica-alta-qualita-25-mm\/#breadcrumb\",\"itemListElement\":[{\"@type\":\"ListItem\",\"position\":1,\"name\":\"Home\",\"item\":\"https:\/\/demo.akomi.it\/erbyshop\/fr\/\"},{\"@type\":\"ListItem\",\"position\":2,\"name\":\"Shop\",\"item\":\"https:\/\/demo.akomi.it\/erbyshop\/fr\/e-commerce-erby\/\"},{\"@type\":\"ListItem\",\"position\":3,\"name\":\"Gazon synth\u00e9tique\",\"item\":\"https:\/\/demo.akomi.it\/erbyshop\/fr\/gazon-synthetique\/\"},{\"@type\":\"ListItem\",\"position\":4,\"name\":\"ZOYSIA25\"}]},{\"@type\":\"WebSite\",\"@id\":\"https:\/\/demo.akomi.it\/erbyshop\/fr\/#website\",\"url\":\"https:\/\/demo.akomi.it\/erbyshop\/fr\/\",\"name\":\"FR\",\"description\":\"Il prato intelligente\",\"potentialAction\":[{\"@type\":\"SearchAction\",\"target\":{\"@type\":\"EntryPoint\",\"urlTemplate\":\"https:\/\/demo.akomi.it\/erbyshop\/fr\/?s={search_term_string}\"},\"query-input\":{\"@type\":\"PropertyValueSpecification\",\"valueRequired\":true,\"valueName\":\"search_term_string\"}}],\"inLanguage\":\"fr-FR\"}]}<\/script>\n<!-- \/ Yoast SEO plugin. -->","yoast_head_json":{"title":"Erba Sintetica Alta Qualit\u00e0 25 mm | Prato Sintetico Zoysia 25 | Erby","description":"Acquista erba sintetica di alta qualit\u00e0 online con altezza 25mm in modo semplice e veloce per il tuo spazio preferito. Scegli Erby.","robots":{"index":"index","follow":"follow","max-snippet":"max-snippet:-1","max-image-preview":"max-image-preview:large","max-video-preview":"max-video-preview:-1"},"canonical":"https:\/\/demo.akomi.it\/erbyshop\/fr\/gazon-synthetique\/erba-sintetica-alta-qualita-25-mm\/","og_locale":"fr_FR","og_type":"article","og_title":"Erba Sintetica Alta Qualit\u00e0 25 mm | Prato Sintetico Zoysia 25 | Erby","og_description":"Acquista erba sintetica di alta qualit\u00e0 online con altezza 25mm in modo semplice e veloce per il tuo spazio preferito. Scegli Erby.","og_url":"https:\/\/demo.akomi.it\/erbyshop\/fr\/gazon-synthetique\/erba-sintetica-alta-qualita-25-mm\/","og_site_name":"FR","article_modified_time":"2025-04-16T14:45:32+00:00","og_image":[{"width":2360,"height":1680,"url":"https:\/\/demo.akomi.it\/erbyshop\/fr\/wp-content\/uploads\/sites\/3\/Zoysia25-1.jpg","type":"image\/jpeg"}],"twitter_card":"summary_large_image","twitter_misc":{"Dur\u00e9e de lecture estim\u00e9e":"1 minute"},"schema":{"@context":"https:\/\/schema.org","@graph":[{"@type":"WebPage","@id":"https:\/\/demo.akomi.it\/erbyshop\/fr\/gazon-synthetique\/erba-sintetica-alta-qualita-25-mm\/","url":"https:\/\/demo.akomi.it\/erbyshop\/fr\/gazon-synthetique\/erba-sintetica-alta-qualita-25-mm\/","name":"Erba Sintetica Alta Qualit\u00e0 25 mm | Prato Sintetico Zoysia 25 | Erby","isPartOf":{"@id":"https:\/\/demo.akomi.it\/erbyshop\/fr\/#website"},"primaryImageOfPage":{"@id":"https:\/\/demo.akomi.it\/erbyshop\/fr\/gazon-synthetique\/erba-sintetica-alta-qualita-25-mm\/#primaryimage"},"image":{"@id":"https:\/\/demo.akomi.it\/erbyshop\/fr\/gazon-synthetique\/erba-sintetica-alta-qualita-25-mm\/#primaryimage"},"thumbnailUrl":"https:\/\/demo.akomi.it\/erbyshop\/fr\/wp-content\/uploads\/sites\/3\/Zoysia25-1.jpg","datePublished":"2022-02-04T15:49:59+00:00","dateModified":"2025-04-16T14:45:32+00:00","description":"Acquista erba sintetica di alta qualit\u00e0 online con altezza 25mm in modo semplice e veloce per il tuo spazio preferito. Scegli Erby.","breadcrumb":{"@id":"https:\/\/demo.akomi.it\/erbyshop\/fr\/gazon-synthetique\/erba-sintetica-alta-qualita-25-mm\/#breadcrumb"},"inLanguage":"fr-FR","potentialAction":[{"@type":"ReadAction","target":["https:\/\/demo.akomi.it\/erbyshop\/fr\/gazon-synthetique\/erba-sintetica-alta-qualita-25-mm\/"]}]},{"@type":"ImageObject","inLanguage":"fr-FR","@id":"https:\/\/demo.akomi.it\/erbyshop\/fr\/gazon-synthetique\/erba-sintetica-alta-qualita-25-mm\/#primaryimage","url":"https:\/\/demo.akomi.it\/erbyshop\/fr\/wp-content\/uploads\/sites\/3\/Zoysia25-1.jpg","contentUrl":"https:\/\/demo.akomi.it\/erbyshop\/fr\/wp-content\/uploads\/sites\/3\/Zoysia25-1.jpg","width":2360,"height":1680},{"@type":"BreadcrumbList","@id":"https:\/\/demo.akomi.it\/erbyshop\/fr\/gazon-synthetique\/erba-sintetica-alta-qualita-25-mm\/#breadcrumb","itemListElement":[{"@type":"ListItem","position":1,"name":"Home","item":"https:\/\/demo.akomi.it\/erbyshop\/fr\/"},{"@type":"ListItem","position":2,"name":"Shop","item":"https:\/\/demo.akomi.it\/erbyshop\/fr\/e-commerce-erby\/"},{"@type":"ListItem","position":3,"name":"Gazon synth\u00e9tique","item":"https:\/\/demo.akomi.it\/erbyshop\/fr\/gazon-synthetique\/"},{"@type":"ListItem","position":4,"name":"ZOYSIA25"}]},{"@type":"WebSite","@id":"https:\/\/demo.akomi.it\/erbyshop\/fr\/#website","url":"https:\/\/demo.akomi.it\/erbyshop\/fr\/","name":"FR","description":"Il prato intelligente","potentialAction":[{"@type":"SearchAction","target":{"@type":"EntryPoint","urlTemplate":"https:\/\/demo.akomi.it\/erbyshop\/fr\/?s={search_term_string}"},"query-input":{"@type":"PropertyValueSpecification","valueRequired":true,"valueName":"search_term_string"}}],"inLanguage":"fr-FR"}]}},"_links":{"self":[{"href":"https:\/\/demo.akomi.it\/erbyshop\/fr\/wp-json\/wp\/v2\/product\/510","targetHints":{"allow":["GET"]}}],"collection":[{"href":"https:\/\/demo.akomi.it\/erbyshop\/fr\/wp-json\/wp\/v2\/product"}],"about":[{"href":"https:\/\/demo.akomi.it\/erbyshop\/fr\/wp-json\/wp\/v2\/types\/product"}],"wp:featuredmedia":[{"embeddable":true,"href":"https:\/\/demo.akomi.it\/erbyshop\/fr\/wp-json\/wp\/v2\/media\/6314"}],"wp:attachment":[{"href":"https:\/\/demo.akomi.it\/erbyshop\/fr\/wp-json\/wp\/v2\/media?parent=510"}],"wp:term":[{"taxonomy":"product_brand","embeddable":true,"href":"https:\/\/demo.akomi.it\/erbyshop\/fr\/wp-json\/wp\/v2\/product_brand?post=510"},{"taxonomy":"product_cat","embeddable":true,"href":"https:\/\/demo.akomi.it\/erbyshop\/fr\/wp-json\/wp\/v2\/product_cat?post=510"},{"taxonomy":"product_tag","embeddable":true,"href":"https:\/\/demo.akomi.it\/erbyshop\/fr\/wp-json\/wp\/v2\/product_tag?post=510"}],"curies":[{"name":"wp","href":"https:\/\/api.w.org\/{rel}","templated":true}]}}