{"id":5384,"date":"2024-01-18T08:56:39","date_gmt":"2024-01-18T07:56:39","guid":{"rendered":"https:\/\/www.demo.akomi.it\/erbyshop\/fr\/?post_type=product&#038;p=5384"},"modified":"2025-04-23T15:51:15","modified_gmt":"2025-04-23T13:51:15","slug":"nature-55-9-4","status":"publish","type":"product","link":"https:\/\/demo.akomi.it\/erbyshop\/fr\/stock-gazon-synthetique\/nature-55-9-4\/","title":{"rendered":"NATURE55 LIGHT (9.4MQ Lot rouge\/jaune)"},"content":{"rendered":"<p>Nouveau mod\u00e8le de gazon synth\u00e9tique multidirectionnel avec un fil incroyablement r\u00e9aliste. Il pr\u00e9sente des fils dans deux teintes de vert diff\u00e9rentes (vert clair et fonc\u00e9), ainsi qu&#8217;un effet de racine couleur noisette qui rend l&#8217;effet visuel encore plus r\u00e9aliste et am\u00e9liore la structure globale.<\/p>\n<p>Les fils \u00e0 &#8220;section en diamant&#8221; et en &#8220;Omega&#8221; de derni\u00e8re g\u00e9n\u00e9ration rendent ce gazon tr\u00e8s doux tout en \u00e9tant tr\u00e8s r\u00e9silient, c&#8217;est-\u00e0-dire capable de revenir rapidement en position verticale apr\u00e8s avoir \u00e9t\u00e9 pi\u00e9tin\u00e9, et donc id\u00e9al pour un usage continu et un pi\u00e9tinement \u00e9lev\u00e9. Ce gazon synth\u00e9tique est parfait pour tous types de jardins, terrasses, d\u00e9coration d&#8217;espaces ext\u00e9rieurs de magasins ou d&#8217;activit\u00e9s commerciales, ou bord de piscine, tout en \u00e9tant adapt\u00e9 \u00e0 la pr\u00e9sence d&#8217;animaux, y compris de grande taille, et d&#8217;enfants.<\/p>\n<p>Il est en effet compos\u00e9 de mat\u00e9riaux non toxiques et hypoallerg\u00e9niques, afin que chacun puisse profiter de son jardin en toute tranquillit\u00e9.<\/p>\n","protected":false},"excerpt":{"rendered":"<p>Nouveau mod\u00e8le de gazon synth\u00e9tique multidirectionnel avec un fil incroyablement r\u00e9aliste. Il pr\u00e9sente des fils dans deux teintes de vert diff\u00e9rentes (vert clair et fonc\u00e9), ainsi qu&#8217;un effet de racine couleur noisette qui rend l&#8217;effet visuel encore plus r\u00e9aliste et am\u00e9liore la structure globale. Les fils \u00e0 &#8220;section en diamant&#8221; et en &#8220;Omega&#8221; de derni\u00e8re &hellip; <a href=\"https:\/\/demo.akomi.it\/erbyshop\/fr\/stock-gazon-synthetique\/nature-55-9-4\/\">Continued<\/a><\/p>\n","protected":false},"featured_media":6348,"template":"","meta":[],"product_brand":[],"product_cat":[19],"product_tag":[],"class_list":{"0":"post-5384","1":"product","2":"type-product","3":"status-publish","4":"has-post-thumbnail","6":"product_cat-stock-gazon-synthetique","7":"product_shipping_class-tariffa-peso","9":"first","10":"instock","11":"sold-individually","12":"taxable","13":"shipping-taxable","14":"purchasable","15":"product-type-simple"},"acf":[],"yoast_head":"<!-- This site is optimized with the Yoast SEO plugin v24.5 - https:\/\/yoast.com\/wordpress\/plugins\/seo\/ -->\n<title>Stock Erba Sintetica Nature55 mm | Prato Sintetico Nature55 | Erby<\/title>\n<meta name=\"description\" content=\"Acquista online ad un prezzo super vantaggio lo stock in rotoli dell&#039;erba sintetica NATURE55. Tempi di consegna rapidi.\" \/>\n<meta name=\"robots\" content=\"index, follow, max-snippet:-1, max-image-preview:large, max-video-preview:-1\" \/>\n<link rel=\"canonical\" href=\"https:\/\/demo.akomi.it\/erbyshop\/fr\/stock-gazon-synthetique\/nature-55-9-4\/\" \/>\n<meta property=\"og:locale\" content=\"fr_FR\" \/>\n<meta property=\"og:type\" content=\"article\" \/>\n<meta property=\"og:title\" content=\"Stock Erba Sintetica Nature55 mm | Prato Sintetico Nature55 | Erby\" \/>\n<meta property=\"og:description\" content=\"Acquista online ad un prezzo super vantaggio lo stock in rotoli dell&#039;erba sintetica NATURE55. Tempi di consegna rapidi.\" \/>\n<meta property=\"og:url\" content=\"https:\/\/demo.akomi.it\/erbyshop\/fr\/stock-gazon-synthetique\/nature-55-9-4\/\" \/>\n<meta property=\"og:site_name\" content=\"FR\" \/>\n<meta property=\"article:modified_time\" content=\"2025-04-23T13:51:15+00:00\" \/>\n<meta property=\"og:image\" content=\"https:\/\/demo.akomi.it\/erbyshop\/fr\/wp-content\/uploads\/sites\/3\/Nature55-2.jpg\" \/>\n\t<meta property=\"og:image:width\" content=\"1024\" \/>\n\t<meta property=\"og:image:height\" content=\"729\" \/>\n\t<meta property=\"og:image:type\" content=\"image\/jpeg\" \/>\n<meta name=\"twitter:card\" content=\"summary_large_image\" \/>\n<meta name=\"twitter:label1\" content=\"Dur\u00e9e de lecture estim\u00e9e\" \/>\n\t<meta name=\"twitter:data1\" content=\"1 minute\" \/>\n<script type=\"application\/ld+json\" class=\"yoast-schema-graph\">{\"@context\":\"https:\/\/schema.org\",\"@graph\":[{\"@type\":\"WebPage\",\"@id\":\"https:\/\/demo.akomi.it\/erbyshop\/fr\/stock-gazon-synthetique\/nature-55-9-4\/\",\"url\":\"https:\/\/demo.akomi.it\/erbyshop\/fr\/stock-gazon-synthetique\/nature-55-9-4\/\",\"name\":\"Stock Erba Sintetica Nature55 mm | Prato Sintetico Nature55 | Erby\",\"isPartOf\":{\"@id\":\"https:\/\/demo.akomi.it\/erbyshop\/fr\/#website\"},\"primaryImageOfPage\":{\"@id\":\"https:\/\/demo.akomi.it\/erbyshop\/fr\/stock-gazon-synthetique\/nature-55-9-4\/#primaryimage\"},\"image\":{\"@id\":\"https:\/\/demo.akomi.it\/erbyshop\/fr\/stock-gazon-synthetique\/nature-55-9-4\/#primaryimage\"},\"thumbnailUrl\":\"https:\/\/demo.akomi.it\/erbyshop\/fr\/wp-content\/uploads\/sites\/3\/Nature55-2.jpg\",\"datePublished\":\"2024-01-18T07:56:39+00:00\",\"dateModified\":\"2025-04-23T13:51:15+00:00\",\"description\":\"Acquista online ad un prezzo super vantaggio lo stock in rotoli dell'erba sintetica NATURE55. Tempi di consegna rapidi.\",\"breadcrumb\":{\"@id\":\"https:\/\/demo.akomi.it\/erbyshop\/fr\/stock-gazon-synthetique\/nature-55-9-4\/#breadcrumb\"},\"inLanguage\":\"fr-FR\",\"potentialAction\":[{\"@type\":\"ReadAction\",\"target\":[\"https:\/\/demo.akomi.it\/erbyshop\/fr\/stock-gazon-synthetique\/nature-55-9-4\/\"]}]},{\"@type\":\"ImageObject\",\"inLanguage\":\"fr-FR\",\"@id\":\"https:\/\/demo.akomi.it\/erbyshop\/fr\/stock-gazon-synthetique\/nature-55-9-4\/#primaryimage\",\"url\":\"https:\/\/demo.akomi.it\/erbyshop\/fr\/wp-content\/uploads\/sites\/3\/Nature55-2.jpg\",\"contentUrl\":\"https:\/\/demo.akomi.it\/erbyshop\/fr\/wp-content\/uploads\/sites\/3\/Nature55-2.jpg\",\"width\":2360,\"height\":1680},{\"@type\":\"BreadcrumbList\",\"@id\":\"https:\/\/demo.akomi.it\/erbyshop\/fr\/stock-gazon-synthetique\/nature-55-9-4\/#breadcrumb\",\"itemListElement\":[{\"@type\":\"ListItem\",\"position\":1,\"name\":\"Home\",\"item\":\"https:\/\/demo.akomi.it\/erbyshop\/fr\/\"},{\"@type\":\"ListItem\",\"position\":2,\"name\":\"Shop\",\"item\":\"https:\/\/demo.akomi.it\/erbyshop\/fr\/e-commerce-erby\/\"},{\"@type\":\"ListItem\",\"position\":3,\"name\":\"Scampoli stock\",\"item\":\"https:\/\/demo.akomi.it\/erbyshop\/fr\/stock-gazon-synthetique\/\"},{\"@type\":\"ListItem\",\"position\":4,\"name\":\"NATURE55 LIGHT (9.4MQ Lot rouge\/jaune)\"}]},{\"@type\":\"WebSite\",\"@id\":\"https:\/\/demo.akomi.it\/erbyshop\/fr\/#website\",\"url\":\"https:\/\/demo.akomi.it\/erbyshop\/fr\/\",\"name\":\"FR\",\"description\":\"Il prato intelligente\",\"potentialAction\":[{\"@type\":\"SearchAction\",\"target\":{\"@type\":\"EntryPoint\",\"urlTemplate\":\"https:\/\/demo.akomi.it\/erbyshop\/fr\/?s={search_term_string}\"},\"query-input\":{\"@type\":\"PropertyValueSpecification\",\"valueRequired\":true,\"valueName\":\"search_term_string\"}}],\"inLanguage\":\"fr-FR\"}]}<\/script>\n<!-- \/ Yoast SEO plugin. -->","yoast_head_json":{"title":"Stock Erba Sintetica Nature55 mm | Prato Sintetico Nature55 | Erby","description":"Acquista online ad un prezzo super vantaggio lo stock in rotoli dell'erba sintetica NATURE55. Tempi di consegna rapidi.","robots":{"index":"index","follow":"follow","max-snippet":"max-snippet:-1","max-image-preview":"max-image-preview:large","max-video-preview":"max-video-preview:-1"},"canonical":"https:\/\/demo.akomi.it\/erbyshop\/fr\/stock-gazon-synthetique\/nature-55-9-4\/","og_locale":"fr_FR","og_type":"article","og_title":"Stock Erba Sintetica Nature55 mm | Prato Sintetico Nature55 | Erby","og_description":"Acquista online ad un prezzo super vantaggio lo stock in rotoli dell'erba sintetica NATURE55. Tempi di consegna rapidi.","og_url":"https:\/\/demo.akomi.it\/erbyshop\/fr\/stock-gazon-synthetique\/nature-55-9-4\/","og_site_name":"FR","article_modified_time":"2025-04-23T13:51:15+00:00","og_image":[{"url":"https:\/\/demo.akomi.it\/erbyshop\/fr\/wp-content\/uploads\/sites\/3\/Nature55-2.jpg","width":1024,"height":729,"type":"image\/jpeg"}],"twitter_card":"summary_large_image","twitter_misc":{"Dur\u00e9e de lecture estim\u00e9e":"1 minute"},"schema":{"@context":"https:\/\/schema.org","@graph":[{"@type":"WebPage","@id":"https:\/\/demo.akomi.it\/erbyshop\/fr\/stock-gazon-synthetique\/nature-55-9-4\/","url":"https:\/\/demo.akomi.it\/erbyshop\/fr\/stock-gazon-synthetique\/nature-55-9-4\/","name":"Stock Erba Sintetica Nature55 mm | Prato Sintetico Nature55 | Erby","isPartOf":{"@id":"https:\/\/demo.akomi.it\/erbyshop\/fr\/#website"},"primaryImageOfPage":{"@id":"https:\/\/demo.akomi.it\/erbyshop\/fr\/stock-gazon-synthetique\/nature-55-9-4\/#primaryimage"},"image":{"@id":"https:\/\/demo.akomi.it\/erbyshop\/fr\/stock-gazon-synthetique\/nature-55-9-4\/#primaryimage"},"thumbnailUrl":"https:\/\/demo.akomi.it\/erbyshop\/fr\/wp-content\/uploads\/sites\/3\/Nature55-2.jpg","datePublished":"2024-01-18T07:56:39+00:00","dateModified":"2025-04-23T13:51:15+00:00","description":"Acquista online ad un prezzo super vantaggio lo stock in rotoli dell'erba sintetica NATURE55. Tempi di consegna rapidi.","breadcrumb":{"@id":"https:\/\/demo.akomi.it\/erbyshop\/fr\/stock-gazon-synthetique\/nature-55-9-4\/#breadcrumb"},"inLanguage":"fr-FR","potentialAction":[{"@type":"ReadAction","target":["https:\/\/demo.akomi.it\/erbyshop\/fr\/stock-gazon-synthetique\/nature-55-9-4\/"]}]},{"@type":"ImageObject","inLanguage":"fr-FR","@id":"https:\/\/demo.akomi.it\/erbyshop\/fr\/stock-gazon-synthetique\/nature-55-9-4\/#primaryimage","url":"https:\/\/demo.akomi.it\/erbyshop\/fr\/wp-content\/uploads\/sites\/3\/Nature55-2.jpg","contentUrl":"https:\/\/demo.akomi.it\/erbyshop\/fr\/wp-content\/uploads\/sites\/3\/Nature55-2.jpg","width":2360,"height":1680},{"@type":"BreadcrumbList","@id":"https:\/\/demo.akomi.it\/erbyshop\/fr\/stock-gazon-synthetique\/nature-55-9-4\/#breadcrumb","itemListElement":[{"@type":"ListItem","position":1,"name":"Home","item":"https:\/\/demo.akomi.it\/erbyshop\/fr\/"},{"@type":"ListItem","position":2,"name":"Shop","item":"https:\/\/demo.akomi.it\/erbyshop\/fr\/e-commerce-erby\/"},{"@type":"ListItem","position":3,"name":"Scampoli stock","item":"https:\/\/demo.akomi.it\/erbyshop\/fr\/stock-gazon-synthetique\/"},{"@type":"ListItem","position":4,"name":"NATURE55 LIGHT (9.4MQ Lot rouge\/jaune)"}]},{"@type":"WebSite","@id":"https:\/\/demo.akomi.it\/erbyshop\/fr\/#website","url":"https:\/\/demo.akomi.it\/erbyshop\/fr\/","name":"FR","description":"Il prato intelligente","potentialAction":[{"@type":"SearchAction","target":{"@type":"EntryPoint","urlTemplate":"https:\/\/demo.akomi.it\/erbyshop\/fr\/?s={search_term_string}"},"query-input":{"@type":"PropertyValueSpecification","valueRequired":true,"valueName":"search_term_string"}}],"inLanguage":"fr-FR"}]}},"_links":{"self":[{"href":"https:\/\/demo.akomi.it\/erbyshop\/fr\/wp-json\/wp\/v2\/product\/5384","targetHints":{"allow":["GET"]}}],"collection":[{"href":"https:\/\/demo.akomi.it\/erbyshop\/fr\/wp-json\/wp\/v2\/product"}],"about":[{"href":"https:\/\/demo.akomi.it\/erbyshop\/fr\/wp-json\/wp\/v2\/types\/product"}],"wp:featuredmedia":[{"embeddable":true,"href":"https:\/\/demo.akomi.it\/erbyshop\/fr\/wp-json\/wp\/v2\/media\/6348"}],"wp:attachment":[{"href":"https:\/\/demo.akomi.it\/erbyshop\/fr\/wp-json\/wp\/v2\/media?parent=5384"}],"wp:term":[{"taxonomy":"product_brand","embeddable":true,"href":"https:\/\/demo.akomi.it\/erbyshop\/fr\/wp-json\/wp\/v2\/product_brand?post=5384"},{"taxonomy":"product_cat","embeddable":true,"href":"https:\/\/demo.akomi.it\/erbyshop\/fr\/wp-json\/wp\/v2\/product_cat?post=5384"},{"taxonomy":"product_tag","embeddable":true,"href":"https:\/\/demo.akomi.it\/erbyshop\/fr\/wp-json\/wp\/v2\/product_tag?post=5384"}],"curies":[{"name":"wp","href":"https:\/\/api.w.org\/{rel}","templated":true}]}}