{"id":5400,"date":"2024-01-25T15:09:15","date_gmt":"2024-01-25T14:09:15","guid":{"rendered":"https:\/\/www.demo.akomi.it\/erbyshop\/fr\/?post_type=product&#038;p=5400"},"modified":"2025-04-16T15:30:06","modified_gmt":"2025-04-16T13:30:06","slug":"colla-spray","status":"publish","type":"product","link":"https:\/\/demo.akomi.it\/erbyshop\/fr\/accessoires-pour-gazon-synthetique\/colla-spray\/","title":{"rendered":"Colle en spray"},"content":{"rendered":"<p>La colle en spray UltraFix est un adh\u00e9sif en mousse polyur\u00e9thane \u00e0 polym\u00e9risation rapide qui peut \u00eatre appliqu\u00e9 \u00e0 l&#8217;aide du pistolet ou de la paille jetable.<br data-start=\"157\" data-end=\"160\" \/><br \/>\nLa colle adh\u00e8re pratiquement \u00e0 toutes les surfaces propres et peut \u00eatre utilis\u00e9e dans des conditions s\u00e8ches ou humides.<br data-start=\"279\" data-end=\"282\" \/><br \/>\nElle est plus rapide et plus facile \u00e0 utiliser!<\/p>\n","protected":false},"excerpt":{"rendered":"<p>La colle en spray UltraFix est un adh\u00e9sif en mousse polyur\u00e9thane \u00e0 polym\u00e9risation rapide qui peut \u00eatre appliqu\u00e9 \u00e0 l&#8217;aide du pistolet ou de la paille jetable. La colle adh\u00e8re pratiquement \u00e0 toutes les surfaces propres et peut \u00eatre utilis\u00e9e dans des conditions s\u00e8ches ou humides. Elle est plus rapide et plus facile \u00e0 utiliser!<\/p>\n","protected":false},"featured_media":5401,"template":"","meta":[],"product_brand":[],"product_cat":[24],"product_tag":[],"class_list":{"0":"post-5400","1":"product","2":"type-product","3":"status-publish","4":"has-post-thumbnail","6":"product_cat-accessoires-pour-gazon-synthetique","8":"first","9":"instock","10":"taxable","11":"shipping-taxable","12":"purchasable","13":"product-type-simple"},"acf":[],"yoast_head":"<!-- This site is optimized with the Yoast SEO plugin v24.5 - https:\/\/yoast.com\/wordpress\/plugins\/seo\/ -->\n<title>Colle en spray | FR<\/title>\n<meta name=\"description\" content=\"Colla spray per giunzioni del manto sintetico. Veloce e facile da usare!\" \/>\n<meta name=\"robots\" content=\"index, follow, max-snippet:-1, max-image-preview:large, max-video-preview:-1\" \/>\n<link rel=\"canonical\" href=\"https:\/\/demo.akomi.it\/erbyshop\/fr\/accessoires-pour-gazon-synthetique\/colla-spray\/\" \/>\n<meta property=\"og:locale\" content=\"fr_FR\" \/>\n<meta property=\"og:type\" content=\"article\" \/>\n<meta property=\"og:title\" content=\"Colle en spray | FR\" \/>\n<meta property=\"og:description\" content=\"Colla spray per giunzioni del manto sintetico. Veloce e facile da usare!\" \/>\n<meta property=\"og:url\" content=\"https:\/\/demo.akomi.it\/erbyshop\/fr\/accessoires-pour-gazon-synthetique\/colla-spray\/\" \/>\n<meta property=\"og:site_name\" content=\"FR\" \/>\n<meta property=\"article:modified_time\" content=\"2025-04-16T13:30:06+00:00\" \/>\n<meta property=\"og:image\" content=\"https:\/\/demo.akomi.it\/erbyshop\/fr\/wp-content\/uploads\/sites\/3\/COLLA-SPRAY.jpg\" \/>\n\t<meta property=\"og:image:width\" content=\"2360\" \/>\n\t<meta property=\"og:image:height\" content=\"1680\" \/>\n\t<meta property=\"og:image:type\" content=\"image\/jpeg\" \/>\n<meta name=\"twitter:card\" content=\"summary_large_image\" \/>\n<meta name=\"twitter:label1\" content=\"Dur\u00e9e de lecture estim\u00e9e\" \/>\n\t<meta name=\"twitter:data1\" content=\"1 minute\" \/>\n<script type=\"application\/ld+json\" class=\"yoast-schema-graph\">{\"@context\":\"https:\/\/schema.org\",\"@graph\":[{\"@type\":\"WebPage\",\"@id\":\"https:\/\/demo.akomi.it\/erbyshop\/fr\/accessoires-pour-gazon-synthetique\/colla-spray\/\",\"url\":\"https:\/\/demo.akomi.it\/erbyshop\/fr\/accessoires-pour-gazon-synthetique\/colla-spray\/\",\"name\":\"Colle en spray | FR\",\"isPartOf\":{\"@id\":\"https:\/\/demo.akomi.it\/erbyshop\/fr\/#website\"},\"primaryImageOfPage\":{\"@id\":\"https:\/\/demo.akomi.it\/erbyshop\/fr\/accessoires-pour-gazon-synthetique\/colla-spray\/#primaryimage\"},\"image\":{\"@id\":\"https:\/\/demo.akomi.it\/erbyshop\/fr\/accessoires-pour-gazon-synthetique\/colla-spray\/#primaryimage\"},\"thumbnailUrl\":\"https:\/\/demo.akomi.it\/erbyshop\/fr\/wp-content\/uploads\/sites\/3\/COLLA-SPRAY.jpg\",\"datePublished\":\"2024-01-25T14:09:15+00:00\",\"dateModified\":\"2025-04-16T13:30:06+00:00\",\"description\":\"Colla spray per giunzioni del manto sintetico. Veloce e facile da usare!\",\"breadcrumb\":{\"@id\":\"https:\/\/demo.akomi.it\/erbyshop\/fr\/accessoires-pour-gazon-synthetique\/colla-spray\/#breadcrumb\"},\"inLanguage\":\"fr-FR\",\"potentialAction\":[{\"@type\":\"ReadAction\",\"target\":[\"https:\/\/demo.akomi.it\/erbyshop\/fr\/accessoires-pour-gazon-synthetique\/colla-spray\/\"]}]},{\"@type\":\"ImageObject\",\"inLanguage\":\"fr-FR\",\"@id\":\"https:\/\/demo.akomi.it\/erbyshop\/fr\/accessoires-pour-gazon-synthetique\/colla-spray\/#primaryimage\",\"url\":\"https:\/\/demo.akomi.it\/erbyshop\/fr\/wp-content\/uploads\/sites\/3\/COLLA-SPRAY.jpg\",\"contentUrl\":\"https:\/\/demo.akomi.it\/erbyshop\/fr\/wp-content\/uploads\/sites\/3\/COLLA-SPRAY.jpg\",\"width\":2360,\"height\":1680},{\"@type\":\"BreadcrumbList\",\"@id\":\"https:\/\/demo.akomi.it\/erbyshop\/fr\/accessoires-pour-gazon-synthetique\/colla-spray\/#breadcrumb\",\"itemListElement\":[{\"@type\":\"ListItem\",\"position\":1,\"name\":\"Home\",\"item\":\"https:\/\/demo.akomi.it\/erbyshop\/fr\/\"},{\"@type\":\"ListItem\",\"position\":2,\"name\":\"Shop\",\"item\":\"https:\/\/demo.akomi.it\/erbyshop\/fr\/e-commerce-erby\/\"},{\"@type\":\"ListItem\",\"position\":3,\"name\":\"Accessoires\",\"item\":\"https:\/\/demo.akomi.it\/erbyshop\/fr\/accessoires-pour-gazon-synthetique\/\"},{\"@type\":\"ListItem\",\"position\":4,\"name\":\"Colle en spray\"}]},{\"@type\":\"WebSite\",\"@id\":\"https:\/\/demo.akomi.it\/erbyshop\/fr\/#website\",\"url\":\"https:\/\/demo.akomi.it\/erbyshop\/fr\/\",\"name\":\"FR\",\"description\":\"Il prato intelligente\",\"potentialAction\":[{\"@type\":\"SearchAction\",\"target\":{\"@type\":\"EntryPoint\",\"urlTemplate\":\"https:\/\/demo.akomi.it\/erbyshop\/fr\/?s={search_term_string}\"},\"query-input\":{\"@type\":\"PropertyValueSpecification\",\"valueRequired\":true,\"valueName\":\"search_term_string\"}}],\"inLanguage\":\"fr-FR\"}]}<\/script>\n<!-- \/ Yoast SEO plugin. -->","yoast_head_json":{"title":"Colle en spray | FR","description":"Colla spray per giunzioni del manto sintetico. Veloce e facile da usare!","robots":{"index":"index","follow":"follow","max-snippet":"max-snippet:-1","max-image-preview":"max-image-preview:large","max-video-preview":"max-video-preview:-1"},"canonical":"https:\/\/demo.akomi.it\/erbyshop\/fr\/accessoires-pour-gazon-synthetique\/colla-spray\/","og_locale":"fr_FR","og_type":"article","og_title":"Colle en spray | FR","og_description":"Colla spray per giunzioni del manto sintetico. Veloce e facile da usare!","og_url":"https:\/\/demo.akomi.it\/erbyshop\/fr\/accessoires-pour-gazon-synthetique\/colla-spray\/","og_site_name":"FR","article_modified_time":"2025-04-16T13:30:06+00:00","og_image":[{"width":2360,"height":1680,"url":"https:\/\/demo.akomi.it\/erbyshop\/fr\/wp-content\/uploads\/sites\/3\/COLLA-SPRAY.jpg","type":"image\/jpeg"}],"twitter_card":"summary_large_image","twitter_misc":{"Dur\u00e9e de lecture estim\u00e9e":"1 minute"},"schema":{"@context":"https:\/\/schema.org","@graph":[{"@type":"WebPage","@id":"https:\/\/demo.akomi.it\/erbyshop\/fr\/accessoires-pour-gazon-synthetique\/colla-spray\/","url":"https:\/\/demo.akomi.it\/erbyshop\/fr\/accessoires-pour-gazon-synthetique\/colla-spray\/","name":"Colle en spray | FR","isPartOf":{"@id":"https:\/\/demo.akomi.it\/erbyshop\/fr\/#website"},"primaryImageOfPage":{"@id":"https:\/\/demo.akomi.it\/erbyshop\/fr\/accessoires-pour-gazon-synthetique\/colla-spray\/#primaryimage"},"image":{"@id":"https:\/\/demo.akomi.it\/erbyshop\/fr\/accessoires-pour-gazon-synthetique\/colla-spray\/#primaryimage"},"thumbnailUrl":"https:\/\/demo.akomi.it\/erbyshop\/fr\/wp-content\/uploads\/sites\/3\/COLLA-SPRAY.jpg","datePublished":"2024-01-25T14:09:15+00:00","dateModified":"2025-04-16T13:30:06+00:00","description":"Colla spray per giunzioni del manto sintetico. Veloce e facile da usare!","breadcrumb":{"@id":"https:\/\/demo.akomi.it\/erbyshop\/fr\/accessoires-pour-gazon-synthetique\/colla-spray\/#breadcrumb"},"inLanguage":"fr-FR","potentialAction":[{"@type":"ReadAction","target":["https:\/\/demo.akomi.it\/erbyshop\/fr\/accessoires-pour-gazon-synthetique\/colla-spray\/"]}]},{"@type":"ImageObject","inLanguage":"fr-FR","@id":"https:\/\/demo.akomi.it\/erbyshop\/fr\/accessoires-pour-gazon-synthetique\/colla-spray\/#primaryimage","url":"https:\/\/demo.akomi.it\/erbyshop\/fr\/wp-content\/uploads\/sites\/3\/COLLA-SPRAY.jpg","contentUrl":"https:\/\/demo.akomi.it\/erbyshop\/fr\/wp-content\/uploads\/sites\/3\/COLLA-SPRAY.jpg","width":2360,"height":1680},{"@type":"BreadcrumbList","@id":"https:\/\/demo.akomi.it\/erbyshop\/fr\/accessoires-pour-gazon-synthetique\/colla-spray\/#breadcrumb","itemListElement":[{"@type":"ListItem","position":1,"name":"Home","item":"https:\/\/demo.akomi.it\/erbyshop\/fr\/"},{"@type":"ListItem","position":2,"name":"Shop","item":"https:\/\/demo.akomi.it\/erbyshop\/fr\/e-commerce-erby\/"},{"@type":"ListItem","position":3,"name":"Accessoires","item":"https:\/\/demo.akomi.it\/erbyshop\/fr\/accessoires-pour-gazon-synthetique\/"},{"@type":"ListItem","position":4,"name":"Colle en spray"}]},{"@type":"WebSite","@id":"https:\/\/demo.akomi.it\/erbyshop\/fr\/#website","url":"https:\/\/demo.akomi.it\/erbyshop\/fr\/","name":"FR","description":"Il prato intelligente","potentialAction":[{"@type":"SearchAction","target":{"@type":"EntryPoint","urlTemplate":"https:\/\/demo.akomi.it\/erbyshop\/fr\/?s={search_term_string}"},"query-input":{"@type":"PropertyValueSpecification","valueRequired":true,"valueName":"search_term_string"}}],"inLanguage":"fr-FR"}]}},"_links":{"self":[{"href":"https:\/\/demo.akomi.it\/erbyshop\/fr\/wp-json\/wp\/v2\/product\/5400","targetHints":{"allow":["GET"]}}],"collection":[{"href":"https:\/\/demo.akomi.it\/erbyshop\/fr\/wp-json\/wp\/v2\/product"}],"about":[{"href":"https:\/\/demo.akomi.it\/erbyshop\/fr\/wp-json\/wp\/v2\/types\/product"}],"wp:featuredmedia":[{"embeddable":true,"href":"https:\/\/demo.akomi.it\/erbyshop\/fr\/wp-json\/wp\/v2\/media\/5401"}],"wp:attachment":[{"href":"https:\/\/demo.akomi.it\/erbyshop\/fr\/wp-json\/wp\/v2\/media?parent=5400"}],"wp:term":[{"taxonomy":"product_brand","embeddable":true,"href":"https:\/\/demo.akomi.it\/erbyshop\/fr\/wp-json\/wp\/v2\/product_brand?post=5400"},{"taxonomy":"product_cat","embeddable":true,"href":"https:\/\/demo.akomi.it\/erbyshop\/fr\/wp-json\/wp\/v2\/product_cat?post=5400"},{"taxonomy":"product_tag","embeddable":true,"href":"https:\/\/demo.akomi.it\/erbyshop\/fr\/wp-json\/wp\/v2\/product_tag?post=5400"}],"curies":[{"name":"wp","href":"https:\/\/api.w.org\/{rel}","templated":true}]}}