{"id":5474,"date":"2024-01-26T15:58:46","date_gmt":"2024-01-26T14:58:46","guid":{"rendered":"https:\/\/www.demo.akomi.it\/erbyshop\/fr\/?post_type=product&#038;p=5474"},"modified":"2025-04-16T11:17:50","modified_gmt":"2025-04-16T09:17:50","slug":"pannello-verde-artificiale-ywall","status":"publish","type":"product","link":"https:\/\/demo.akomi.it\/erbyshop\/fr\/mur-vegetal-vertical\/pannello-verde-artificiale-ywall\/","title":{"rendered":"Y-WALL A"},"content":{"rendered":"<p class=\"\" data-start=\"38\" data-end=\"421\">Les panneaux <strong data-start=\"51\" data-end=\"61\">Y-WALL<\/strong> sont des murs v\u00e9g\u00e9taux artificiels con\u00e7us pour d\u00e9corer aussi bien les espaces int\u00e9rieurs qu\u2019ext\u00e9rieurs.<br data-start=\"165\" data-end=\"168\" \/><br \/>\nRiches en vari\u00e9t\u00e9s florales, ils sont polyvalents et tr\u00e8s faciles \u00e0 installer : il suffit de fixer le support \u00e0 un treillis rigide \u00e0 l\u2019aide de colliers de serrage qui resteront invisibles \u00e0 l\u2019\u0153il, ou directement sur un mur \u00e0 l\u2019aide de petites chevilles.<\/p>\n<p class=\"\" data-start=\"423\" data-end=\"489\">Ils sont assemblables entre eux, par exemple : A+A+B \/ B+A+B, etc<\/p>\n","protected":false},"excerpt":{"rendered":"<p>Les panneaux Y-WALL sont des murs v\u00e9g\u00e9taux artificiels con\u00e7us pour d\u00e9corer aussi bien les espaces int\u00e9rieurs qu\u2019ext\u00e9rieurs. Riches en vari\u00e9t\u00e9s florales, ils sont polyvalents et tr\u00e8s faciles \u00e0 installer : il suffit de fixer le support \u00e0 un treillis rigide \u00e0 l\u2019aide de colliers de serrage qui resteront invisibles \u00e0 l\u2019\u0153il, ou directement sur un &hellip; <a href=\"https:\/\/demo.akomi.it\/erbyshop\/fr\/mur-vegetal-vertical\/pannello-verde-artificiale-ywall\/\">Continued<\/a><\/p>\n","protected":false},"featured_media":5475,"template":"","meta":[],"product_brand":[],"product_cat":[21],"product_tag":[],"class_list":{"0":"post-5474","1":"product","2":"type-product","3":"status-publish","4":"has-post-thumbnail","6":"product_cat-mur-vegetal-vertical","7":"product_shipping_class-tariffa-peso","9":"first","10":"instock","11":"taxable","12":"shipping-taxable","13":"purchasable","14":"product-type-simple"},"acf":[],"yoast_head":"<!-- This site is optimized with the Yoast SEO plugin v24.5 - https:\/\/yoast.com\/wordpress\/plugins\/seo\/ -->\n<title>Y-WALL A | FR<\/title>\n<meta name=\"description\" content=\"Pareti verdi artificiali adatte per decorare ambienti sia interni che esterni. Ricche di variet\u00e0 floreali, sono versatili e semplicissime da installare.\" \/>\n<meta name=\"robots\" content=\"index, follow, max-snippet:-1, max-image-preview:large, max-video-preview:-1\" \/>\n<link rel=\"canonical\" href=\"https:\/\/demo.akomi.it\/erbyshop\/fr\/mur-vegetal-vertical\/pannello-verde-artificiale-ywall\/\" \/>\n<meta property=\"og:locale\" content=\"fr_FR\" \/>\n<meta property=\"og:type\" content=\"article\" \/>\n<meta property=\"og:title\" content=\"Y-WALL A | FR\" \/>\n<meta property=\"og:description\" content=\"Pareti verdi artificiali adatte per decorare ambienti sia interni che esterni. Ricche di variet\u00e0 floreali, sono versatili e semplicissime da installare.\" \/>\n<meta property=\"og:url\" content=\"https:\/\/demo.akomi.it\/erbyshop\/fr\/mur-vegetal-vertical\/pannello-verde-artificiale-ywall\/\" \/>\n<meta property=\"og:site_name\" content=\"FR\" \/>\n<meta property=\"article:modified_time\" content=\"2025-04-16T09:17:50+00:00\" \/>\n<meta property=\"og:image\" content=\"https:\/\/demo.akomi.it\/erbyshop\/fr\/wp-content\/uploads\/sites\/3\/Y-WALL-A-x-sito.jpg\" \/>\n\t<meta property=\"og:image:width\" content=\"1024\" \/>\n\t<meta property=\"og:image:height\" content=\"729\" \/>\n\t<meta property=\"og:image:type\" content=\"image\/jpeg\" \/>\n<meta name=\"twitter:card\" content=\"summary_large_image\" \/>\n<meta name=\"twitter:label1\" content=\"Dur\u00e9e de lecture estim\u00e9e\" \/>\n\t<meta name=\"twitter:data1\" content=\"1 minute\" \/>\n<script type=\"application\/ld+json\" class=\"yoast-schema-graph\">{\"@context\":\"https:\/\/schema.org\",\"@graph\":[{\"@type\":\"WebPage\",\"@id\":\"https:\/\/demo.akomi.it\/erbyshop\/fr\/mur-vegetal-vertical\/pannello-verde-artificiale-ywall\/\",\"url\":\"https:\/\/demo.akomi.it\/erbyshop\/fr\/mur-vegetal-vertical\/pannello-verde-artificiale-ywall\/\",\"name\":\"Y-WALL A | FR\",\"isPartOf\":{\"@id\":\"https:\/\/demo.akomi.it\/erbyshop\/fr\/#website\"},\"primaryImageOfPage\":{\"@id\":\"https:\/\/demo.akomi.it\/erbyshop\/fr\/mur-vegetal-vertical\/pannello-verde-artificiale-ywall\/#primaryimage\"},\"image\":{\"@id\":\"https:\/\/demo.akomi.it\/erbyshop\/fr\/mur-vegetal-vertical\/pannello-verde-artificiale-ywall\/#primaryimage\"},\"thumbnailUrl\":\"https:\/\/demo.akomi.it\/erbyshop\/fr\/wp-content\/uploads\/sites\/3\/Y-WALL-A-x-sito.jpg\",\"datePublished\":\"2024-01-26T14:58:46+00:00\",\"dateModified\":\"2025-04-16T09:17:50+00:00\",\"description\":\"Pareti verdi artificiali adatte per decorare ambienti sia interni che esterni. Ricche di variet\u00e0 floreali, sono versatili e semplicissime da installare.\",\"breadcrumb\":{\"@id\":\"https:\/\/demo.akomi.it\/erbyshop\/fr\/mur-vegetal-vertical\/pannello-verde-artificiale-ywall\/#breadcrumb\"},\"inLanguage\":\"fr-FR\",\"potentialAction\":[{\"@type\":\"ReadAction\",\"target\":[\"https:\/\/demo.akomi.it\/erbyshop\/fr\/mur-vegetal-vertical\/pannello-verde-artificiale-ywall\/\"]}]},{\"@type\":\"ImageObject\",\"inLanguage\":\"fr-FR\",\"@id\":\"https:\/\/demo.akomi.it\/erbyshop\/fr\/mur-vegetal-vertical\/pannello-verde-artificiale-ywall\/#primaryimage\",\"url\":\"https:\/\/demo.akomi.it\/erbyshop\/fr\/wp-content\/uploads\/sites\/3\/Y-WALL-A-x-sito.jpg\",\"contentUrl\":\"https:\/\/demo.akomi.it\/erbyshop\/fr\/wp-content\/uploads\/sites\/3\/Y-WALL-A-x-sito.jpg\",\"width\":2360,\"height\":1680},{\"@type\":\"BreadcrumbList\",\"@id\":\"https:\/\/demo.akomi.it\/erbyshop\/fr\/mur-vegetal-vertical\/pannello-verde-artificiale-ywall\/#breadcrumb\",\"itemListElement\":[{\"@type\":\"ListItem\",\"position\":1,\"name\":\"Home\",\"item\":\"https:\/\/demo.akomi.it\/erbyshop\/fr\/\"},{\"@type\":\"ListItem\",\"position\":2,\"name\":\"Shop\",\"item\":\"https:\/\/demo.akomi.it\/erbyshop\/fr\/e-commerce-erby\/\"},{\"@type\":\"ListItem\",\"position\":3,\"name\":\"Mur v\u00e9g\u00e9tal\",\"item\":\"https:\/\/demo.akomi.it\/erbyshop\/fr\/mur-vegetal-vertical\/\"},{\"@type\":\"ListItem\",\"position\":4,\"name\":\"Y-WALL A\"}]},{\"@type\":\"WebSite\",\"@id\":\"https:\/\/demo.akomi.it\/erbyshop\/fr\/#website\",\"url\":\"https:\/\/demo.akomi.it\/erbyshop\/fr\/\",\"name\":\"FR\",\"description\":\"Il prato intelligente\",\"potentialAction\":[{\"@type\":\"SearchAction\",\"target\":{\"@type\":\"EntryPoint\",\"urlTemplate\":\"https:\/\/demo.akomi.it\/erbyshop\/fr\/?s={search_term_string}\"},\"query-input\":{\"@type\":\"PropertyValueSpecification\",\"valueRequired\":true,\"valueName\":\"search_term_string\"}}],\"inLanguage\":\"fr-FR\"}]}<\/script>\n<!-- \/ Yoast SEO plugin. -->","yoast_head_json":{"title":"Y-WALL A | FR","description":"Pareti verdi artificiali adatte per decorare ambienti sia interni che esterni. Ricche di variet\u00e0 floreali, sono versatili e semplicissime da installare.","robots":{"index":"index","follow":"follow","max-snippet":"max-snippet:-1","max-image-preview":"max-image-preview:large","max-video-preview":"max-video-preview:-1"},"canonical":"https:\/\/demo.akomi.it\/erbyshop\/fr\/mur-vegetal-vertical\/pannello-verde-artificiale-ywall\/","og_locale":"fr_FR","og_type":"article","og_title":"Y-WALL A | FR","og_description":"Pareti verdi artificiali adatte per decorare ambienti sia interni che esterni. Ricche di variet\u00e0 floreali, sono versatili e semplicissime da installare.","og_url":"https:\/\/demo.akomi.it\/erbyshop\/fr\/mur-vegetal-vertical\/pannello-verde-artificiale-ywall\/","og_site_name":"FR","article_modified_time":"2025-04-16T09:17:50+00:00","og_image":[{"url":"https:\/\/demo.akomi.it\/erbyshop\/fr\/wp-content\/uploads\/sites\/3\/Y-WALL-A-x-sito.jpg","width":1024,"height":729,"type":"image\/jpeg"}],"twitter_card":"summary_large_image","twitter_misc":{"Dur\u00e9e de lecture estim\u00e9e":"1 minute"},"schema":{"@context":"https:\/\/schema.org","@graph":[{"@type":"WebPage","@id":"https:\/\/demo.akomi.it\/erbyshop\/fr\/mur-vegetal-vertical\/pannello-verde-artificiale-ywall\/","url":"https:\/\/demo.akomi.it\/erbyshop\/fr\/mur-vegetal-vertical\/pannello-verde-artificiale-ywall\/","name":"Y-WALL A | FR","isPartOf":{"@id":"https:\/\/demo.akomi.it\/erbyshop\/fr\/#website"},"primaryImageOfPage":{"@id":"https:\/\/demo.akomi.it\/erbyshop\/fr\/mur-vegetal-vertical\/pannello-verde-artificiale-ywall\/#primaryimage"},"image":{"@id":"https:\/\/demo.akomi.it\/erbyshop\/fr\/mur-vegetal-vertical\/pannello-verde-artificiale-ywall\/#primaryimage"},"thumbnailUrl":"https:\/\/demo.akomi.it\/erbyshop\/fr\/wp-content\/uploads\/sites\/3\/Y-WALL-A-x-sito.jpg","datePublished":"2024-01-26T14:58:46+00:00","dateModified":"2025-04-16T09:17:50+00:00","description":"Pareti verdi artificiali adatte per decorare ambienti sia interni che esterni. Ricche di variet\u00e0 floreali, sono versatili e semplicissime da installare.","breadcrumb":{"@id":"https:\/\/demo.akomi.it\/erbyshop\/fr\/mur-vegetal-vertical\/pannello-verde-artificiale-ywall\/#breadcrumb"},"inLanguage":"fr-FR","potentialAction":[{"@type":"ReadAction","target":["https:\/\/demo.akomi.it\/erbyshop\/fr\/mur-vegetal-vertical\/pannello-verde-artificiale-ywall\/"]}]},{"@type":"ImageObject","inLanguage":"fr-FR","@id":"https:\/\/demo.akomi.it\/erbyshop\/fr\/mur-vegetal-vertical\/pannello-verde-artificiale-ywall\/#primaryimage","url":"https:\/\/demo.akomi.it\/erbyshop\/fr\/wp-content\/uploads\/sites\/3\/Y-WALL-A-x-sito.jpg","contentUrl":"https:\/\/demo.akomi.it\/erbyshop\/fr\/wp-content\/uploads\/sites\/3\/Y-WALL-A-x-sito.jpg","width":2360,"height":1680},{"@type":"BreadcrumbList","@id":"https:\/\/demo.akomi.it\/erbyshop\/fr\/mur-vegetal-vertical\/pannello-verde-artificiale-ywall\/#breadcrumb","itemListElement":[{"@type":"ListItem","position":1,"name":"Home","item":"https:\/\/demo.akomi.it\/erbyshop\/fr\/"},{"@type":"ListItem","position":2,"name":"Shop","item":"https:\/\/demo.akomi.it\/erbyshop\/fr\/e-commerce-erby\/"},{"@type":"ListItem","position":3,"name":"Mur v\u00e9g\u00e9tal","item":"https:\/\/demo.akomi.it\/erbyshop\/fr\/mur-vegetal-vertical\/"},{"@type":"ListItem","position":4,"name":"Y-WALL A"}]},{"@type":"WebSite","@id":"https:\/\/demo.akomi.it\/erbyshop\/fr\/#website","url":"https:\/\/demo.akomi.it\/erbyshop\/fr\/","name":"FR","description":"Il prato intelligente","potentialAction":[{"@type":"SearchAction","target":{"@type":"EntryPoint","urlTemplate":"https:\/\/demo.akomi.it\/erbyshop\/fr\/?s={search_term_string}"},"query-input":{"@type":"PropertyValueSpecification","valueRequired":true,"valueName":"search_term_string"}}],"inLanguage":"fr-FR"}]}},"_links":{"self":[{"href":"https:\/\/demo.akomi.it\/erbyshop\/fr\/wp-json\/wp\/v2\/product\/5474","targetHints":{"allow":["GET"]}}],"collection":[{"href":"https:\/\/demo.akomi.it\/erbyshop\/fr\/wp-json\/wp\/v2\/product"}],"about":[{"href":"https:\/\/demo.akomi.it\/erbyshop\/fr\/wp-json\/wp\/v2\/types\/product"}],"wp:featuredmedia":[{"embeddable":true,"href":"https:\/\/demo.akomi.it\/erbyshop\/fr\/wp-json\/wp\/v2\/media\/5475"}],"wp:attachment":[{"href":"https:\/\/demo.akomi.it\/erbyshop\/fr\/wp-json\/wp\/v2\/media?parent=5474"}],"wp:term":[{"taxonomy":"product_brand","embeddable":true,"href":"https:\/\/demo.akomi.it\/erbyshop\/fr\/wp-json\/wp\/v2\/product_brand?post=5474"},{"taxonomy":"product_cat","embeddable":true,"href":"https:\/\/demo.akomi.it\/erbyshop\/fr\/wp-json\/wp\/v2\/product_cat?post=5474"},{"taxonomy":"product_tag","embeddable":true,"href":"https:\/\/demo.akomi.it\/erbyshop\/fr\/wp-json\/wp\/v2\/product_tag?post=5474"}],"curies":[{"name":"wp","href":"https:\/\/api.w.org\/{rel}","templated":true}]}}