{"id":5559,"date":"2024-02-02T17:02:57","date_gmt":"2024-02-02T16:02:57","guid":{"rendered":"https:\/\/www.demo.akomi.it\/erbyshop\/fr\/?post_type=product&#038;p=5559"},"modified":"2025-04-23T15:15:11","modified_gmt":"2025-04-23T13:15:11","slug":"festuca45-puliuretano","status":"publish","type":"product","link":"https:\/\/demo.akomi.it\/erbyshop\/fr\/gazon-synthetique\/festuca45-puliuretano\/","title":{"rendered":"FESTUCA45"},"content":{"rendered":"<p>L&#8217;herbe synth\u00e9tique FESTUCA45 est esth\u00e9tiquement \u00e9quivalente \u00e0 l&#8217;herbe naturelle, ressemblant particuli\u00e8rement \u00e0 la vari\u00e9t\u00e9 &#8220;Festuca arundinacea&#8221;. Elle pr\u00e9sente un mono-filament avec une section en &#8220;Grande vague, diamant et S&#8221; dans deux teintes de vert (vert champ et vert olive), ainsi qu&#8217;un effet racine de couleur vert clair\/vert olive qui renforce l&#8217;effet visuel r\u00e9aliste et am\u00e9liore la structure globale.<\/p>\n<p>Il s&#8217;agit d&#8217;une pelouse synth\u00e9tique \u00e9tudi\u00e9e et d\u00e9velopp\u00e9e \u00e0 partir d&#8217;un produit sportif, ce qui la rend extr\u00eamement r\u00e9siliente, c&#8217;est-\u00e0-dire capable de retrouver sa position verticale tr\u00e8s rapidement apr\u00e8s avoir \u00e9t\u00e9 pi\u00e9tin\u00e9e, ce qui en fait un choix id\u00e9al pour une utilisation continue et un pi\u00e9tinement intense.<\/p>\n<p>Cette pelouse synth\u00e9tique est parfaite pour tout type de jardin, terrasse, d\u00e9coration d&#8217;espaces ext\u00e9rieurs de magasins ou d&#8217;activit\u00e9s commerciales, ainsi que pour les bords de piscine. Elle convient \u00e9galement aux animaux, m\u00eame de grande taille, et aux enfants.<\/p>\n<p>Elle est en effet constitu\u00e9e de mat\u00e9riaux non toxiques et hypoallerg\u00e9niques, de sorte que tout le monde peut profiter de son jardin en toute tranquillit\u00e9.<\/p>\n<p>Une fois pos\u00e9e, il s&#8217;agit d&#8217;une herbe synth\u00e9tique qui ne s&#8217;\u00e9crase pas, vous pouvez donc y d\u00e9poser tranquillement des objets lourds comme des piscines gonflables ou des structures d\u00e9montables, ou des meubles encombrants.<\/p>\n","protected":false},"excerpt":{"rendered":"<p>L&#8217;herbe synth\u00e9tique FESTUCA45 est esth\u00e9tiquement \u00e9quivalente \u00e0 l&#8217;herbe naturelle, ressemblant particuli\u00e8rement \u00e0 la vari\u00e9t\u00e9 &#8220;Festuca arundinacea&#8221;. Elle pr\u00e9sente un mono-filament avec une section en &#8220;Grande vague, diamant et S&#8221; dans deux teintes de vert (vert champ et vert olive), ainsi qu&#8217;un effet racine de couleur vert clair\/vert olive qui renforce l&#8217;effet visuel r\u00e9aliste et am\u00e9liore &hellip; <a href=\"https:\/\/demo.akomi.it\/erbyshop\/fr\/gazon-synthetique\/festuca45-puliuretano\/\">Continued<\/a><\/p>\n","protected":false},"featured_media":6654,"template":"","meta":[],"product_brand":[],"product_cat":[16],"product_tag":[],"class_list":{"0":"post-5559","1":"product","2":"type-product","3":"status-publish","4":"has-post-thumbnail","6":"product_cat-gazon-synthetique","7":"product_shipping_class-spedizione-gratuita","9":"first","10":"instock","11":"sale","12":"taxable","13":"shipping-taxable","14":"purchasable","15":"product-type-variable"},"acf":[],"yoast_head":"<!-- This site is optimized with the Yoast SEO plugin v24.5 - https:\/\/yoast.com\/wordpress\/plugins\/seo\/ -->\n<title>Erba Sintetica Non Infiammabile 45 mm | Prato Sintetico Festuca45| Erby<\/title>\n<meta name=\"description\" content=\"Acquista erba sintetica non infiammabile online con altezza 45mm in modo semplice e veloce per il tuo spazio preferito. Scegli Erby.\" \/>\n<meta name=\"robots\" content=\"index, follow, max-snippet:-1, max-image-preview:large, max-video-preview:-1\" \/>\n<link rel=\"canonical\" href=\"https:\/\/demo.akomi.it\/erbyshop\/fr\/gazon-synthetique\/festuca45-puliuretano\/\" \/>\n<meta property=\"og:locale\" content=\"fr_FR\" \/>\n<meta property=\"og:type\" content=\"article\" \/>\n<meta property=\"og:title\" content=\"Erba Sintetica Non Infiammabile 45 mm | Prato Sintetico Festuca45| Erby\" \/>\n<meta property=\"og:description\" content=\"Acquista erba sintetica non infiammabile online con altezza 45mm in modo semplice e veloce per il tuo spazio preferito. Scegli Erby.\" \/>\n<meta property=\"og:url\" content=\"https:\/\/demo.akomi.it\/erbyshop\/fr\/gazon-synthetique\/festuca45-puliuretano\/\" \/>\n<meta property=\"og:site_name\" content=\"FR\" \/>\n<meta property=\"article:modified_time\" content=\"2025-04-23T13:15:11+00:00\" \/>\n<meta property=\"og:image\" content=\"https:\/\/demo.akomi.it\/erbyshop\/fr\/wp-content\/uploads\/sites\/3\/Festuca45-1.jpg\" \/>\n\t<meta property=\"og:image:width\" content=\"1024\" \/>\n\t<meta property=\"og:image:height\" content=\"729\" \/>\n\t<meta property=\"og:image:type\" content=\"image\/jpeg\" \/>\n<meta name=\"twitter:card\" content=\"summary_large_image\" \/>\n<meta name=\"twitter:label1\" content=\"Dur\u00e9e de lecture estim\u00e9e\" \/>\n\t<meta name=\"twitter:data1\" content=\"2 minutes\" \/>\n<script type=\"application\/ld+json\" class=\"yoast-schema-graph\">{\"@context\":\"https:\/\/schema.org\",\"@graph\":[{\"@type\":\"WebPage\",\"@id\":\"https:\/\/demo.akomi.it\/erbyshop\/fr\/gazon-synthetique\/festuca45-puliuretano\/\",\"url\":\"https:\/\/demo.akomi.it\/erbyshop\/fr\/gazon-synthetique\/festuca45-puliuretano\/\",\"name\":\"Erba Sintetica Non Infiammabile 45 mm | Prato Sintetico Festuca45| Erby\",\"isPartOf\":{\"@id\":\"https:\/\/demo.akomi.it\/erbyshop\/fr\/#website\"},\"primaryImageOfPage\":{\"@id\":\"https:\/\/demo.akomi.it\/erbyshop\/fr\/gazon-synthetique\/festuca45-puliuretano\/#primaryimage\"},\"image\":{\"@id\":\"https:\/\/demo.akomi.it\/erbyshop\/fr\/gazon-synthetique\/festuca45-puliuretano\/#primaryimage\"},\"thumbnailUrl\":\"https:\/\/demo.akomi.it\/erbyshop\/fr\/wp-content\/uploads\/sites\/3\/Festuca45-1.jpg\",\"datePublished\":\"2024-02-02T16:02:57+00:00\",\"dateModified\":\"2025-04-23T13:15:11+00:00\",\"description\":\"Acquista erba sintetica non infiammabile online con altezza 45mm in modo semplice e veloce per il tuo spazio preferito. Scegli Erby.\",\"breadcrumb\":{\"@id\":\"https:\/\/demo.akomi.it\/erbyshop\/fr\/gazon-synthetique\/festuca45-puliuretano\/#breadcrumb\"},\"inLanguage\":\"fr-FR\",\"potentialAction\":[{\"@type\":\"ReadAction\",\"target\":[\"https:\/\/demo.akomi.it\/erbyshop\/fr\/gazon-synthetique\/festuca45-puliuretano\/\"]}]},{\"@type\":\"ImageObject\",\"inLanguage\":\"fr-FR\",\"@id\":\"https:\/\/demo.akomi.it\/erbyshop\/fr\/gazon-synthetique\/festuca45-puliuretano\/#primaryimage\",\"url\":\"https:\/\/demo.akomi.it\/erbyshop\/fr\/wp-content\/uploads\/sites\/3\/Festuca45-1.jpg\",\"contentUrl\":\"https:\/\/demo.akomi.it\/erbyshop\/fr\/wp-content\/uploads\/sites\/3\/Festuca45-1.jpg\",\"width\":2360,\"height\":1680},{\"@type\":\"BreadcrumbList\",\"@id\":\"https:\/\/demo.akomi.it\/erbyshop\/fr\/gazon-synthetique\/festuca45-puliuretano\/#breadcrumb\",\"itemListElement\":[{\"@type\":\"ListItem\",\"position\":1,\"name\":\"Home\",\"item\":\"https:\/\/demo.akomi.it\/erbyshop\/fr\/\"},{\"@type\":\"ListItem\",\"position\":2,\"name\":\"Shop\",\"item\":\"https:\/\/demo.akomi.it\/erbyshop\/fr\/e-commerce-erby\/\"},{\"@type\":\"ListItem\",\"position\":3,\"name\":\"Gazon synth\u00e9tique\",\"item\":\"https:\/\/demo.akomi.it\/erbyshop\/fr\/gazon-synthetique\/\"},{\"@type\":\"ListItem\",\"position\":4,\"name\":\"FESTUCA45\"}]},{\"@type\":\"WebSite\",\"@id\":\"https:\/\/demo.akomi.it\/erbyshop\/fr\/#website\",\"url\":\"https:\/\/demo.akomi.it\/erbyshop\/fr\/\",\"name\":\"FR\",\"description\":\"Il prato intelligente\",\"potentialAction\":[{\"@type\":\"SearchAction\",\"target\":{\"@type\":\"EntryPoint\",\"urlTemplate\":\"https:\/\/demo.akomi.it\/erbyshop\/fr\/?s={search_term_string}\"},\"query-input\":{\"@type\":\"PropertyValueSpecification\",\"valueRequired\":true,\"valueName\":\"search_term_string\"}}],\"inLanguage\":\"fr-FR\"}]}<\/script>\n<!-- \/ Yoast SEO plugin. -->","yoast_head_json":{"title":"Erba Sintetica Non Infiammabile 45 mm | Prato Sintetico Festuca45| Erby","description":"Acquista erba sintetica non infiammabile online con altezza 45mm in modo semplice e veloce per il tuo spazio preferito. Scegli Erby.","robots":{"index":"index","follow":"follow","max-snippet":"max-snippet:-1","max-image-preview":"max-image-preview:large","max-video-preview":"max-video-preview:-1"},"canonical":"https:\/\/demo.akomi.it\/erbyshop\/fr\/gazon-synthetique\/festuca45-puliuretano\/","og_locale":"fr_FR","og_type":"article","og_title":"Erba Sintetica Non Infiammabile 45 mm | Prato Sintetico Festuca45| Erby","og_description":"Acquista erba sintetica non infiammabile online con altezza 45mm in modo semplice e veloce per il tuo spazio preferito. Scegli Erby.","og_url":"https:\/\/demo.akomi.it\/erbyshop\/fr\/gazon-synthetique\/festuca45-puliuretano\/","og_site_name":"FR","article_modified_time":"2025-04-23T13:15:11+00:00","og_image":[{"url":"https:\/\/demo.akomi.it\/erbyshop\/fr\/wp-content\/uploads\/sites\/3\/Festuca45-1.jpg","width":1024,"height":729,"type":"image\/jpeg"}],"twitter_card":"summary_large_image","twitter_misc":{"Dur\u00e9e de lecture estim\u00e9e":"2 minutes"},"schema":{"@context":"https:\/\/schema.org","@graph":[{"@type":"WebPage","@id":"https:\/\/demo.akomi.it\/erbyshop\/fr\/gazon-synthetique\/festuca45-puliuretano\/","url":"https:\/\/demo.akomi.it\/erbyshop\/fr\/gazon-synthetique\/festuca45-puliuretano\/","name":"Erba Sintetica Non Infiammabile 45 mm | Prato Sintetico Festuca45| Erby","isPartOf":{"@id":"https:\/\/demo.akomi.it\/erbyshop\/fr\/#website"},"primaryImageOfPage":{"@id":"https:\/\/demo.akomi.it\/erbyshop\/fr\/gazon-synthetique\/festuca45-puliuretano\/#primaryimage"},"image":{"@id":"https:\/\/demo.akomi.it\/erbyshop\/fr\/gazon-synthetique\/festuca45-puliuretano\/#primaryimage"},"thumbnailUrl":"https:\/\/demo.akomi.it\/erbyshop\/fr\/wp-content\/uploads\/sites\/3\/Festuca45-1.jpg","datePublished":"2024-02-02T16:02:57+00:00","dateModified":"2025-04-23T13:15:11+00:00","description":"Acquista erba sintetica non infiammabile online con altezza 45mm in modo semplice e veloce per il tuo spazio preferito. Scegli Erby.","breadcrumb":{"@id":"https:\/\/demo.akomi.it\/erbyshop\/fr\/gazon-synthetique\/festuca45-puliuretano\/#breadcrumb"},"inLanguage":"fr-FR","potentialAction":[{"@type":"ReadAction","target":["https:\/\/demo.akomi.it\/erbyshop\/fr\/gazon-synthetique\/festuca45-puliuretano\/"]}]},{"@type":"ImageObject","inLanguage":"fr-FR","@id":"https:\/\/demo.akomi.it\/erbyshop\/fr\/gazon-synthetique\/festuca45-puliuretano\/#primaryimage","url":"https:\/\/demo.akomi.it\/erbyshop\/fr\/wp-content\/uploads\/sites\/3\/Festuca45-1.jpg","contentUrl":"https:\/\/demo.akomi.it\/erbyshop\/fr\/wp-content\/uploads\/sites\/3\/Festuca45-1.jpg","width":2360,"height":1680},{"@type":"BreadcrumbList","@id":"https:\/\/demo.akomi.it\/erbyshop\/fr\/gazon-synthetique\/festuca45-puliuretano\/#breadcrumb","itemListElement":[{"@type":"ListItem","position":1,"name":"Home","item":"https:\/\/demo.akomi.it\/erbyshop\/fr\/"},{"@type":"ListItem","position":2,"name":"Shop","item":"https:\/\/demo.akomi.it\/erbyshop\/fr\/e-commerce-erby\/"},{"@type":"ListItem","position":3,"name":"Gazon synth\u00e9tique","item":"https:\/\/demo.akomi.it\/erbyshop\/fr\/gazon-synthetique\/"},{"@type":"ListItem","position":4,"name":"FESTUCA45"}]},{"@type":"WebSite","@id":"https:\/\/demo.akomi.it\/erbyshop\/fr\/#website","url":"https:\/\/demo.akomi.it\/erbyshop\/fr\/","name":"FR","description":"Il prato intelligente","potentialAction":[{"@type":"SearchAction","target":{"@type":"EntryPoint","urlTemplate":"https:\/\/demo.akomi.it\/erbyshop\/fr\/?s={search_term_string}"},"query-input":{"@type":"PropertyValueSpecification","valueRequired":true,"valueName":"search_term_string"}}],"inLanguage":"fr-FR"}]}},"_links":{"self":[{"href":"https:\/\/demo.akomi.it\/erbyshop\/fr\/wp-json\/wp\/v2\/product\/5559","targetHints":{"allow":["GET"]}}],"collection":[{"href":"https:\/\/demo.akomi.it\/erbyshop\/fr\/wp-json\/wp\/v2\/product"}],"about":[{"href":"https:\/\/demo.akomi.it\/erbyshop\/fr\/wp-json\/wp\/v2\/types\/product"}],"wp:featuredmedia":[{"embeddable":true,"href":"https:\/\/demo.akomi.it\/erbyshop\/fr\/wp-json\/wp\/v2\/media\/6654"}],"wp:attachment":[{"href":"https:\/\/demo.akomi.it\/erbyshop\/fr\/wp-json\/wp\/v2\/media?parent=5559"}],"wp:term":[{"taxonomy":"product_brand","embeddable":true,"href":"https:\/\/demo.akomi.it\/erbyshop\/fr\/wp-json\/wp\/v2\/product_brand?post=5559"},{"taxonomy":"product_cat","embeddable":true,"href":"https:\/\/demo.akomi.it\/erbyshop\/fr\/wp-json\/wp\/v2\/product_cat?post=5559"},{"taxonomy":"product_tag","embeddable":true,"href":"https:\/\/demo.akomi.it\/erbyshop\/fr\/wp-json\/wp\/v2\/product_tag?post=5559"}],"curies":[{"name":"wp","href":"https:\/\/api.w.org\/{rel}","templated":true}]}}