{"id":5684,"date":"2024-02-06T16:13:28","date_gmt":"2024-02-06T15:13:28","guid":{"rendered":"https:\/\/www.demo.akomi.it\/erbyshop\/fr\/?post_type=product&#038;p=5684"},"modified":"2025-04-23T16:16:29","modified_gmt":"2025-04-23T14:16:29","slug":"pavimentazione-drain-panels","status":"publish","type":"product","link":"https:\/\/demo.akomi.it\/erbyshop\/fr\/revetements-drainants-gazon-synthetique\/pavimentazione-drain-panels\/","title":{"rendered":"Rev\u00eatement DRAIN panels"},"content":{"rendered":"<p>Le produit DrainPanels est un rev\u00eatement drainant compos\u00e9 de carreaux durables qui servent de sous-couche perm\u00e9able \u00e0 l&#8217;eau pour l&#8217;herbe artificielle. Il pr\u00e9sente un motif exclusif en damier qui garantit une distribution optimale de la charge et une surface stable.<\/p>\n<p>De plus, des \u00e9pines sp\u00e9ciales ont \u00e9t\u00e9 appliqu\u00e9es sur le dessus du syst\u00e8me de carreaux pour emp\u00eacher le glissement de l&#8217;herbe. Des connecteurs sp\u00e9ciaux ont \u00e9t\u00e9 d\u00e9velopp\u00e9s pour relier solidement les plaques ensemble.<\/p>\n<p>Facile \u00e0 installer m\u00eame pour les d\u00e9butants.<\/p>\n<p>Id\u00e9al pour :<\/p>\n<ul>\n<li>\n<p>Terrasses<\/p>\n<\/li>\n<li>\n<p>Balcons<\/p>\n<\/li>\n<li>\n<p>Bordures de piscine<\/p>\n<\/li>\n<li>\n<p>Utilisation sportive<\/p>\n<\/li>\n<\/ul>\n<p>&nbsp;<\/p>\n","protected":false},"excerpt":{"rendered":"<p>Le produit DrainPanels est un rev\u00eatement drainant compos\u00e9 de carreaux durables qui servent de sous-couche perm\u00e9able \u00e0 l&#8217;eau pour l&#8217;herbe artificielle. Il pr\u00e9sente un motif exclusif en damier qui garantit une distribution optimale de la charge et une surface stable. De plus, des \u00e9pines sp\u00e9ciales ont \u00e9t\u00e9 appliqu\u00e9es sur le dessus du syst\u00e8me de carreaux &hellip; <a href=\"https:\/\/demo.akomi.it\/erbyshop\/fr\/revetements-drainants-gazon-synthetique\/pavimentazione-drain-panels\/\">Continued<\/a><\/p>\n","protected":false},"featured_media":5689,"template":"","meta":[],"product_brand":[],"product_cat":[22],"product_tag":[],"class_list":{"0":"post-5684","1":"product","2":"type-product","3":"status-publish","4":"has-post-thumbnail","6":"product_cat-revetements-drainants-gazon-synthetique","7":"product_shipping_class-tariffa-peso","9":"first","10":"instock","11":"taxable","12":"shipping-taxable","13":"purchasable","14":"product-type-simple"},"acf":[],"yoast_head":"<!-- This site is optimized with the Yoast SEO plugin v24.5 - https:\/\/yoast.com\/wordpress\/plugins\/seo\/ -->\n<title>Pavimentazione drenante per erba sintetica DrainPanels | Erby<\/title>\n<meta name=\"description\" content=\"Acquista online la pavimentazione drenante per l&#039;erba sintetica DrainPanels. Ideale per garantire un corretto smaltimento dell&#039;acqua.\" \/>\n<meta name=\"robots\" content=\"index, follow, max-snippet:-1, max-image-preview:large, max-video-preview:-1\" \/>\n<link rel=\"canonical\" href=\"https:\/\/demo.akomi.it\/erbyshop\/fr\/revetements-drainants-gazon-synthetique\/pavimentazione-drain-panels\/\" \/>\n<meta property=\"og:locale\" content=\"fr_FR\" \/>\n<meta property=\"og:type\" content=\"article\" \/>\n<meta property=\"og:title\" content=\"Pavimentazione drenante per erba sintetica DrainPanels | Erby\" \/>\n<meta property=\"og:description\" content=\"Acquista online la pavimentazione drenante per l&#039;erba sintetica DrainPanels. Ideale per garantire un corretto smaltimento dell&#039;acqua.\" \/>\n<meta property=\"og:url\" content=\"https:\/\/demo.akomi.it\/erbyshop\/fr\/revetements-drainants-gazon-synthetique\/pavimentazione-drain-panels\/\" \/>\n<meta property=\"og:site_name\" content=\"FR\" \/>\n<meta property=\"article:modified_time\" content=\"2025-04-23T14:16:29+00:00\" \/>\n<meta property=\"og:image\" content=\"https:\/\/demo.akomi.it\/erbyshop\/fr\/wp-content\/uploads\/sites\/3\/pannello-drenanten-x-sito-1.jpg\" \/>\n\t<meta property=\"og:image:width\" content=\"2360\" \/>\n\t<meta property=\"og:image:height\" content=\"1680\" \/>\n\t<meta property=\"og:image:type\" content=\"image\/jpeg\" \/>\n<meta name=\"twitter:card\" content=\"summary_large_image\" \/>\n<meta name=\"twitter:label1\" content=\"Dur\u00e9e de lecture estim\u00e9e\" \/>\n\t<meta name=\"twitter:data1\" content=\"1 minute\" \/>\n<script type=\"application\/ld+json\" class=\"yoast-schema-graph\">{\"@context\":\"https:\/\/schema.org\",\"@graph\":[{\"@type\":\"WebPage\",\"@id\":\"https:\/\/demo.akomi.it\/erbyshop\/fr\/revetements-drainants-gazon-synthetique\/pavimentazione-drain-panels\/\",\"url\":\"https:\/\/demo.akomi.it\/erbyshop\/fr\/revetements-drainants-gazon-synthetique\/pavimentazione-drain-panels\/\",\"name\":\"Pavimentazione drenante per erba sintetica DrainPanels | Erby\",\"isPartOf\":{\"@id\":\"https:\/\/demo.akomi.it\/erbyshop\/fr\/#website\"},\"primaryImageOfPage\":{\"@id\":\"https:\/\/demo.akomi.it\/erbyshop\/fr\/revetements-drainants-gazon-synthetique\/pavimentazione-drain-panels\/#primaryimage\"},\"image\":{\"@id\":\"https:\/\/demo.akomi.it\/erbyshop\/fr\/revetements-drainants-gazon-synthetique\/pavimentazione-drain-panels\/#primaryimage\"},\"thumbnailUrl\":\"https:\/\/demo.akomi.it\/erbyshop\/fr\/wp-content\/uploads\/sites\/3\/pannello-drenanten-x-sito-1.jpg\",\"datePublished\":\"2024-02-06T15:13:28+00:00\",\"dateModified\":\"2025-04-23T14:16:29+00:00\",\"description\":\"Acquista online la pavimentazione drenante per l'erba sintetica DrainPanels. Ideale per garantire un corretto smaltimento dell'acqua.\",\"breadcrumb\":{\"@id\":\"https:\/\/demo.akomi.it\/erbyshop\/fr\/revetements-drainants-gazon-synthetique\/pavimentazione-drain-panels\/#breadcrumb\"},\"inLanguage\":\"fr-FR\",\"potentialAction\":[{\"@type\":\"ReadAction\",\"target\":[\"https:\/\/demo.akomi.it\/erbyshop\/fr\/revetements-drainants-gazon-synthetique\/pavimentazione-drain-panels\/\"]}]},{\"@type\":\"ImageObject\",\"inLanguage\":\"fr-FR\",\"@id\":\"https:\/\/demo.akomi.it\/erbyshop\/fr\/revetements-drainants-gazon-synthetique\/pavimentazione-drain-panels\/#primaryimage\",\"url\":\"https:\/\/demo.akomi.it\/erbyshop\/fr\/wp-content\/uploads\/sites\/3\/pannello-drenanten-x-sito-1.jpg\",\"contentUrl\":\"https:\/\/demo.akomi.it\/erbyshop\/fr\/wp-content\/uploads\/sites\/3\/pannello-drenanten-x-sito-1.jpg\",\"width\":2360,\"height\":1680},{\"@type\":\"BreadcrumbList\",\"@id\":\"https:\/\/demo.akomi.it\/erbyshop\/fr\/revetements-drainants-gazon-synthetique\/pavimentazione-drain-panels\/#breadcrumb\",\"itemListElement\":[{\"@type\":\"ListItem\",\"position\":1,\"name\":\"Home\",\"item\":\"https:\/\/demo.akomi.it\/erbyshop\/fr\/\"},{\"@type\":\"ListItem\",\"position\":2,\"name\":\"Shop\",\"item\":\"https:\/\/demo.akomi.it\/erbyshop\/fr\/e-commerce-erby\/\"},{\"@type\":\"ListItem\",\"position\":3,\"name\":\"Rev\u00eatement drainant\",\"item\":\"https:\/\/demo.akomi.it\/erbyshop\/fr\/revetements-drainants-gazon-synthetique\/\"},{\"@type\":\"ListItem\",\"position\":4,\"name\":\"Rev\u00eatement DRAIN panels\"}]},{\"@type\":\"WebSite\",\"@id\":\"https:\/\/demo.akomi.it\/erbyshop\/fr\/#website\",\"url\":\"https:\/\/demo.akomi.it\/erbyshop\/fr\/\",\"name\":\"FR\",\"description\":\"Il prato intelligente\",\"potentialAction\":[{\"@type\":\"SearchAction\",\"target\":{\"@type\":\"EntryPoint\",\"urlTemplate\":\"https:\/\/demo.akomi.it\/erbyshop\/fr\/?s={search_term_string}\"},\"query-input\":{\"@type\":\"PropertyValueSpecification\",\"valueRequired\":true,\"valueName\":\"search_term_string\"}}],\"inLanguage\":\"fr-FR\"}]}<\/script>\n<!-- \/ Yoast SEO plugin. -->","yoast_head_json":{"title":"Pavimentazione drenante per erba sintetica DrainPanels | Erby","description":"Acquista online la pavimentazione drenante per l'erba sintetica DrainPanels. Ideale per garantire un corretto smaltimento dell'acqua.","robots":{"index":"index","follow":"follow","max-snippet":"max-snippet:-1","max-image-preview":"max-image-preview:large","max-video-preview":"max-video-preview:-1"},"canonical":"https:\/\/demo.akomi.it\/erbyshop\/fr\/revetements-drainants-gazon-synthetique\/pavimentazione-drain-panels\/","og_locale":"fr_FR","og_type":"article","og_title":"Pavimentazione drenante per erba sintetica DrainPanels | Erby","og_description":"Acquista online la pavimentazione drenante per l'erba sintetica DrainPanels. Ideale per garantire un corretto smaltimento dell'acqua.","og_url":"https:\/\/demo.akomi.it\/erbyshop\/fr\/revetements-drainants-gazon-synthetique\/pavimentazione-drain-panels\/","og_site_name":"FR","article_modified_time":"2025-04-23T14:16:29+00:00","og_image":[{"width":2360,"height":1680,"url":"https:\/\/demo.akomi.it\/erbyshop\/fr\/wp-content\/uploads\/sites\/3\/pannello-drenanten-x-sito-1.jpg","type":"image\/jpeg"}],"twitter_card":"summary_large_image","twitter_misc":{"Dur\u00e9e de lecture estim\u00e9e":"1 minute"},"schema":{"@context":"https:\/\/schema.org","@graph":[{"@type":"WebPage","@id":"https:\/\/demo.akomi.it\/erbyshop\/fr\/revetements-drainants-gazon-synthetique\/pavimentazione-drain-panels\/","url":"https:\/\/demo.akomi.it\/erbyshop\/fr\/revetements-drainants-gazon-synthetique\/pavimentazione-drain-panels\/","name":"Pavimentazione drenante per erba sintetica DrainPanels | Erby","isPartOf":{"@id":"https:\/\/demo.akomi.it\/erbyshop\/fr\/#website"},"primaryImageOfPage":{"@id":"https:\/\/demo.akomi.it\/erbyshop\/fr\/revetements-drainants-gazon-synthetique\/pavimentazione-drain-panels\/#primaryimage"},"image":{"@id":"https:\/\/demo.akomi.it\/erbyshop\/fr\/revetements-drainants-gazon-synthetique\/pavimentazione-drain-panels\/#primaryimage"},"thumbnailUrl":"https:\/\/demo.akomi.it\/erbyshop\/fr\/wp-content\/uploads\/sites\/3\/pannello-drenanten-x-sito-1.jpg","datePublished":"2024-02-06T15:13:28+00:00","dateModified":"2025-04-23T14:16:29+00:00","description":"Acquista online la pavimentazione drenante per l'erba sintetica DrainPanels. Ideale per garantire un corretto smaltimento dell'acqua.","breadcrumb":{"@id":"https:\/\/demo.akomi.it\/erbyshop\/fr\/revetements-drainants-gazon-synthetique\/pavimentazione-drain-panels\/#breadcrumb"},"inLanguage":"fr-FR","potentialAction":[{"@type":"ReadAction","target":["https:\/\/demo.akomi.it\/erbyshop\/fr\/revetements-drainants-gazon-synthetique\/pavimentazione-drain-panels\/"]}]},{"@type":"ImageObject","inLanguage":"fr-FR","@id":"https:\/\/demo.akomi.it\/erbyshop\/fr\/revetements-drainants-gazon-synthetique\/pavimentazione-drain-panels\/#primaryimage","url":"https:\/\/demo.akomi.it\/erbyshop\/fr\/wp-content\/uploads\/sites\/3\/pannello-drenanten-x-sito-1.jpg","contentUrl":"https:\/\/demo.akomi.it\/erbyshop\/fr\/wp-content\/uploads\/sites\/3\/pannello-drenanten-x-sito-1.jpg","width":2360,"height":1680},{"@type":"BreadcrumbList","@id":"https:\/\/demo.akomi.it\/erbyshop\/fr\/revetements-drainants-gazon-synthetique\/pavimentazione-drain-panels\/#breadcrumb","itemListElement":[{"@type":"ListItem","position":1,"name":"Home","item":"https:\/\/demo.akomi.it\/erbyshop\/fr\/"},{"@type":"ListItem","position":2,"name":"Shop","item":"https:\/\/demo.akomi.it\/erbyshop\/fr\/e-commerce-erby\/"},{"@type":"ListItem","position":3,"name":"Rev\u00eatement drainant","item":"https:\/\/demo.akomi.it\/erbyshop\/fr\/revetements-drainants-gazon-synthetique\/"},{"@type":"ListItem","position":4,"name":"Rev\u00eatement DRAIN panels"}]},{"@type":"WebSite","@id":"https:\/\/demo.akomi.it\/erbyshop\/fr\/#website","url":"https:\/\/demo.akomi.it\/erbyshop\/fr\/","name":"FR","description":"Il prato intelligente","potentialAction":[{"@type":"SearchAction","target":{"@type":"EntryPoint","urlTemplate":"https:\/\/demo.akomi.it\/erbyshop\/fr\/?s={search_term_string}"},"query-input":{"@type":"PropertyValueSpecification","valueRequired":true,"valueName":"search_term_string"}}],"inLanguage":"fr-FR"}]}},"_links":{"self":[{"href":"https:\/\/demo.akomi.it\/erbyshop\/fr\/wp-json\/wp\/v2\/product\/5684","targetHints":{"allow":["GET"]}}],"collection":[{"href":"https:\/\/demo.akomi.it\/erbyshop\/fr\/wp-json\/wp\/v2\/product"}],"about":[{"href":"https:\/\/demo.akomi.it\/erbyshop\/fr\/wp-json\/wp\/v2\/types\/product"}],"wp:featuredmedia":[{"embeddable":true,"href":"https:\/\/demo.akomi.it\/erbyshop\/fr\/wp-json\/wp\/v2\/media\/5689"}],"wp:attachment":[{"href":"https:\/\/demo.akomi.it\/erbyshop\/fr\/wp-json\/wp\/v2\/media?parent=5684"}],"wp:term":[{"taxonomy":"product_brand","embeddable":true,"href":"https:\/\/demo.akomi.it\/erbyshop\/fr\/wp-json\/wp\/v2\/product_brand?post=5684"},{"taxonomy":"product_cat","embeddable":true,"href":"https:\/\/demo.akomi.it\/erbyshop\/fr\/wp-json\/wp\/v2\/product_cat?post=5684"},{"taxonomy":"product_tag","embeddable":true,"href":"https:\/\/demo.akomi.it\/erbyshop\/fr\/wp-json\/wp\/v2\/product_tag?post=5684"}],"curies":[{"name":"wp","href":"https:\/\/api.w.org\/{rel}","templated":true}]}}