{"id":5764,"date":"2024-02-07T16:21:48","date_gmt":"2024-02-07T15:21:48","guid":{"rendered":"https:\/\/www.demo.akomi.it\/erbyshop\/fr\/?post_type=product&#038;p=5764"},"modified":"2025-04-16T11:22:20","modified_gmt":"2025-04-16T09:22:20","slug":"y-flower-wmb3016b","status":"publish","type":"product","link":"https:\/\/demo.akomi.it\/erbyshop\/fr\/mur-vegetal-vertical\/y-flower-wmb3016b\/","title":{"rendered":"Y-FLOWER WMB3016B"},"content":{"rendered":"<p>Les suppl\u00e9ments floraux ont diff\u00e9rentes hauteurs et varient de 27 cm \u00e0 30 cm.<br data-start=\"112\" data-end=\"115\" \/><br \/>\nIl suffira de les ins\u00e9rer dans le panneau, au sein du feuillage, et de les fixer au support principal \u00e0 l\u2019aide de colliers de serrage pour obtenir diff\u00e9rentes solutions facilement.<\/p>\n","protected":false},"excerpt":{"rendered":"<p>Les suppl\u00e9ments floraux ont diff\u00e9rentes hauteurs et varient de 27 cm \u00e0 30 cm. Il suffira de les ins\u00e9rer dans le panneau, au sein du feuillage, et de les fixer au support principal \u00e0 l\u2019aide de colliers de serrage pour obtenir diff\u00e9rentes solutions facilement.<\/p>\n","protected":false},"featured_media":5754,"template":"","meta":[],"product_brand":[],"product_cat":[21],"product_tag":[],"class_list":{"0":"post-5764","1":"product","2":"type-product","3":"status-publish","4":"has-post-thumbnail","6":"product_cat-mur-vegetal-vertical","8":"first","9":"instock","10":"taxable","11":"shipping-taxable","12":"purchasable","13":"product-type-simple"},"acf":[],"yoast_head":"<!-- This site is optimized with the Yoast SEO plugin v24.5 - https:\/\/yoast.com\/wordpress\/plugins\/seo\/ -->\n<title>Y-FLOWER WMB3016B | FR<\/title>\n<meta name=\"description\" content=\"Variet\u00e0 floreali, versatili e semplicissime da installare.\" \/>\n<meta name=\"robots\" content=\"index, follow, max-snippet:-1, max-image-preview:large, max-video-preview:-1\" \/>\n<link rel=\"canonical\" href=\"https:\/\/demo.akomi.it\/erbyshop\/fr\/mur-vegetal-vertical\/y-flower-wmb3016b\/\" \/>\n<meta property=\"og:locale\" content=\"fr_FR\" \/>\n<meta property=\"og:type\" content=\"article\" \/>\n<meta property=\"og:title\" content=\"Y-FLOWER WMB3016B | FR\" \/>\n<meta property=\"og:description\" content=\"Variet\u00e0 floreali, versatili e semplicissime da installare.\" \/>\n<meta property=\"og:url\" content=\"https:\/\/demo.akomi.it\/erbyshop\/fr\/mur-vegetal-vertical\/y-flower-wmb3016b\/\" \/>\n<meta property=\"og:site_name\" content=\"FR\" \/>\n<meta property=\"article:modified_time\" content=\"2025-04-16T09:22:20+00:00\" \/>\n<meta property=\"og:image\" content=\"https:\/\/demo.akomi.it\/erbyshop\/fr\/wp-content\/uploads\/sites\/3\/WMB3016B-x-sito.jpg\" \/>\n\t<meta property=\"og:image:width\" content=\"2360\" \/>\n\t<meta property=\"og:image:height\" content=\"1680\" \/>\n\t<meta property=\"og:image:type\" content=\"image\/jpeg\" \/>\n<meta name=\"twitter:card\" content=\"summary_large_image\" \/>\n<meta name=\"twitter:label1\" content=\"Dur\u00e9e de lecture estim\u00e9e\" \/>\n\t<meta name=\"twitter:data1\" content=\"1 minute\" \/>\n<script type=\"application\/ld+json\" class=\"yoast-schema-graph\">{\"@context\":\"https:\/\/schema.org\",\"@graph\":[{\"@type\":\"WebPage\",\"@id\":\"https:\/\/demo.akomi.it\/erbyshop\/fr\/mur-vegetal-vertical\/y-flower-wmb3016b\/\",\"url\":\"https:\/\/demo.akomi.it\/erbyshop\/fr\/mur-vegetal-vertical\/y-flower-wmb3016b\/\",\"name\":\"Y-FLOWER WMB3016B | FR\",\"isPartOf\":{\"@id\":\"https:\/\/demo.akomi.it\/erbyshop\/fr\/#website\"},\"primaryImageOfPage\":{\"@id\":\"https:\/\/demo.akomi.it\/erbyshop\/fr\/mur-vegetal-vertical\/y-flower-wmb3016b\/#primaryimage\"},\"image\":{\"@id\":\"https:\/\/demo.akomi.it\/erbyshop\/fr\/mur-vegetal-vertical\/y-flower-wmb3016b\/#primaryimage\"},\"thumbnailUrl\":\"https:\/\/demo.akomi.it\/erbyshop\/fr\/wp-content\/uploads\/sites\/3\/WMB3016B-x-sito.jpg\",\"datePublished\":\"2024-02-07T15:21:48+00:00\",\"dateModified\":\"2025-04-16T09:22:20+00:00\",\"description\":\"Variet\u00e0 floreali, versatili e semplicissime da installare.\",\"breadcrumb\":{\"@id\":\"https:\/\/demo.akomi.it\/erbyshop\/fr\/mur-vegetal-vertical\/y-flower-wmb3016b\/#breadcrumb\"},\"inLanguage\":\"fr-FR\",\"potentialAction\":[{\"@type\":\"ReadAction\",\"target\":[\"https:\/\/demo.akomi.it\/erbyshop\/fr\/mur-vegetal-vertical\/y-flower-wmb3016b\/\"]}]},{\"@type\":\"ImageObject\",\"inLanguage\":\"fr-FR\",\"@id\":\"https:\/\/demo.akomi.it\/erbyshop\/fr\/mur-vegetal-vertical\/y-flower-wmb3016b\/#primaryimage\",\"url\":\"https:\/\/demo.akomi.it\/erbyshop\/fr\/wp-content\/uploads\/sites\/3\/WMB3016B-x-sito.jpg\",\"contentUrl\":\"https:\/\/demo.akomi.it\/erbyshop\/fr\/wp-content\/uploads\/sites\/3\/WMB3016B-x-sito.jpg\",\"width\":2360,\"height\":1680},{\"@type\":\"BreadcrumbList\",\"@id\":\"https:\/\/demo.akomi.it\/erbyshop\/fr\/mur-vegetal-vertical\/y-flower-wmb3016b\/#breadcrumb\",\"itemListElement\":[{\"@type\":\"ListItem\",\"position\":1,\"name\":\"Home\",\"item\":\"https:\/\/demo.akomi.it\/erbyshop\/fr\/\"},{\"@type\":\"ListItem\",\"position\":2,\"name\":\"Shop\",\"item\":\"https:\/\/demo.akomi.it\/erbyshop\/fr\/e-commerce-erby\/\"},{\"@type\":\"ListItem\",\"position\":3,\"name\":\"Mur v\u00e9g\u00e9tal\",\"item\":\"https:\/\/demo.akomi.it\/erbyshop\/fr\/mur-vegetal-vertical\/\"},{\"@type\":\"ListItem\",\"position\":4,\"name\":\"Y-FLOWER WMB3016B\"}]},{\"@type\":\"WebSite\",\"@id\":\"https:\/\/demo.akomi.it\/erbyshop\/fr\/#website\",\"url\":\"https:\/\/demo.akomi.it\/erbyshop\/fr\/\",\"name\":\"FR\",\"description\":\"Il prato intelligente\",\"potentialAction\":[{\"@type\":\"SearchAction\",\"target\":{\"@type\":\"EntryPoint\",\"urlTemplate\":\"https:\/\/demo.akomi.it\/erbyshop\/fr\/?s={search_term_string}\"},\"query-input\":{\"@type\":\"PropertyValueSpecification\",\"valueRequired\":true,\"valueName\":\"search_term_string\"}}],\"inLanguage\":\"fr-FR\"}]}<\/script>\n<!-- \/ Yoast SEO plugin. -->","yoast_head_json":{"title":"Y-FLOWER WMB3016B | FR","description":"Variet\u00e0 floreali, versatili e semplicissime da installare.","robots":{"index":"index","follow":"follow","max-snippet":"max-snippet:-1","max-image-preview":"max-image-preview:large","max-video-preview":"max-video-preview:-1"},"canonical":"https:\/\/demo.akomi.it\/erbyshop\/fr\/mur-vegetal-vertical\/y-flower-wmb3016b\/","og_locale":"fr_FR","og_type":"article","og_title":"Y-FLOWER WMB3016B | FR","og_description":"Variet\u00e0 floreali, versatili e semplicissime da installare.","og_url":"https:\/\/demo.akomi.it\/erbyshop\/fr\/mur-vegetal-vertical\/y-flower-wmb3016b\/","og_site_name":"FR","article_modified_time":"2025-04-16T09:22:20+00:00","og_image":[{"width":2360,"height":1680,"url":"https:\/\/demo.akomi.it\/erbyshop\/fr\/wp-content\/uploads\/sites\/3\/WMB3016B-x-sito.jpg","type":"image\/jpeg"}],"twitter_card":"summary_large_image","twitter_misc":{"Dur\u00e9e de lecture estim\u00e9e":"1 minute"},"schema":{"@context":"https:\/\/schema.org","@graph":[{"@type":"WebPage","@id":"https:\/\/demo.akomi.it\/erbyshop\/fr\/mur-vegetal-vertical\/y-flower-wmb3016b\/","url":"https:\/\/demo.akomi.it\/erbyshop\/fr\/mur-vegetal-vertical\/y-flower-wmb3016b\/","name":"Y-FLOWER WMB3016B | FR","isPartOf":{"@id":"https:\/\/demo.akomi.it\/erbyshop\/fr\/#website"},"primaryImageOfPage":{"@id":"https:\/\/demo.akomi.it\/erbyshop\/fr\/mur-vegetal-vertical\/y-flower-wmb3016b\/#primaryimage"},"image":{"@id":"https:\/\/demo.akomi.it\/erbyshop\/fr\/mur-vegetal-vertical\/y-flower-wmb3016b\/#primaryimage"},"thumbnailUrl":"https:\/\/demo.akomi.it\/erbyshop\/fr\/wp-content\/uploads\/sites\/3\/WMB3016B-x-sito.jpg","datePublished":"2024-02-07T15:21:48+00:00","dateModified":"2025-04-16T09:22:20+00:00","description":"Variet\u00e0 floreali, versatili e semplicissime da installare.","breadcrumb":{"@id":"https:\/\/demo.akomi.it\/erbyshop\/fr\/mur-vegetal-vertical\/y-flower-wmb3016b\/#breadcrumb"},"inLanguage":"fr-FR","potentialAction":[{"@type":"ReadAction","target":["https:\/\/demo.akomi.it\/erbyshop\/fr\/mur-vegetal-vertical\/y-flower-wmb3016b\/"]}]},{"@type":"ImageObject","inLanguage":"fr-FR","@id":"https:\/\/demo.akomi.it\/erbyshop\/fr\/mur-vegetal-vertical\/y-flower-wmb3016b\/#primaryimage","url":"https:\/\/demo.akomi.it\/erbyshop\/fr\/wp-content\/uploads\/sites\/3\/WMB3016B-x-sito.jpg","contentUrl":"https:\/\/demo.akomi.it\/erbyshop\/fr\/wp-content\/uploads\/sites\/3\/WMB3016B-x-sito.jpg","width":2360,"height":1680},{"@type":"BreadcrumbList","@id":"https:\/\/demo.akomi.it\/erbyshop\/fr\/mur-vegetal-vertical\/y-flower-wmb3016b\/#breadcrumb","itemListElement":[{"@type":"ListItem","position":1,"name":"Home","item":"https:\/\/demo.akomi.it\/erbyshop\/fr\/"},{"@type":"ListItem","position":2,"name":"Shop","item":"https:\/\/demo.akomi.it\/erbyshop\/fr\/e-commerce-erby\/"},{"@type":"ListItem","position":3,"name":"Mur v\u00e9g\u00e9tal","item":"https:\/\/demo.akomi.it\/erbyshop\/fr\/mur-vegetal-vertical\/"},{"@type":"ListItem","position":4,"name":"Y-FLOWER WMB3016B"}]},{"@type":"WebSite","@id":"https:\/\/demo.akomi.it\/erbyshop\/fr\/#website","url":"https:\/\/demo.akomi.it\/erbyshop\/fr\/","name":"FR","description":"Il prato intelligente","potentialAction":[{"@type":"SearchAction","target":{"@type":"EntryPoint","urlTemplate":"https:\/\/demo.akomi.it\/erbyshop\/fr\/?s={search_term_string}"},"query-input":{"@type":"PropertyValueSpecification","valueRequired":true,"valueName":"search_term_string"}}],"inLanguage":"fr-FR"}]}},"_links":{"self":[{"href":"https:\/\/demo.akomi.it\/erbyshop\/fr\/wp-json\/wp\/v2\/product\/5764","targetHints":{"allow":["GET"]}}],"collection":[{"href":"https:\/\/demo.akomi.it\/erbyshop\/fr\/wp-json\/wp\/v2\/product"}],"about":[{"href":"https:\/\/demo.akomi.it\/erbyshop\/fr\/wp-json\/wp\/v2\/types\/product"}],"wp:featuredmedia":[{"embeddable":true,"href":"https:\/\/demo.akomi.it\/erbyshop\/fr\/wp-json\/wp\/v2\/media\/5754"}],"wp:attachment":[{"href":"https:\/\/demo.akomi.it\/erbyshop\/fr\/wp-json\/wp\/v2\/media?parent=5764"}],"wp:term":[{"taxonomy":"product_brand","embeddable":true,"href":"https:\/\/demo.akomi.it\/erbyshop\/fr\/wp-json\/wp\/v2\/product_brand?post=5764"},{"taxonomy":"product_cat","embeddable":true,"href":"https:\/\/demo.akomi.it\/erbyshop\/fr\/wp-json\/wp\/v2\/product_cat?post=5764"},{"taxonomy":"product_tag","embeddable":true,"href":"https:\/\/demo.akomi.it\/erbyshop\/fr\/wp-json\/wp\/v2\/product_tag?post=5764"}],"curies":[{"name":"wp","href":"https:\/\/api.w.org\/{rel}","templated":true}]}}