{"id":5768,"date":"2024-02-07T17:10:12","date_gmt":"2024-02-07T16:10:12","guid":{"rendered":"https:\/\/www.demo.akomi.it\/erbyshop\/fr\/?post_type=product&#038;p=5768"},"modified":"2025-04-23T15:58:54","modified_gmt":"2025-04-23T13:58:54","slug":"bordura-flexyline-alluminio","status":"publish","type":"product","link":"https:\/\/demo.akomi.it\/erbyshop\/fr\/accessoires-pour-gazon-synthetique\/bordura-flexyline-alluminio\/","title":{"rendered":"Bordure FLEXYLINE en aluminium"},"content":{"rendered":"<p>L&#8217;aluminium, en raison de ses excellentes propri\u00e9t\u00e9s de r\u00e9sistance aux intemp\u00e9ries, de sa flexibilit\u00e9 et de sa l\u00e9g\u00e8ret\u00e9, optimise les co\u00fbts de maintenance et est recommand\u00e9 pour les travaux dans des environnements modernes.<\/p>\n<p>Ces produits sont utilis\u00e9s pour la s\u00e9paration des plates-bandes, des all\u00e9es ou des rev\u00eatements de sol avec de la terre, du gravier ou du sable, tant dans le jardinage professionnel que dans le jardinage amateur.<\/p>\n<p>Ils permettent d&#8217;obtenir un excellent r\u00e9sultat esth\u00e9tique \u00e0 un co\u00fbt tr\u00e8s abordable, tant pour l&#8217;achat que pour la pose, car aucune excavation n&#8217;est n\u00e9cessaire. Gr\u00e2ce \u00e0 sa flexibilit\u00e9, il est possible de cr\u00e9er des formes vari\u00e9es : l\u00e9ger, mais robuste et facile \u00e0 manipuler.<\/p>\n","protected":false},"excerpt":{"rendered":"<p>L&#8217;aluminium, en raison de ses excellentes propri\u00e9t\u00e9s de r\u00e9sistance aux intemp\u00e9ries, de sa flexibilit\u00e9 et de sa l\u00e9g\u00e8ret\u00e9, optimise les co\u00fbts de maintenance et est recommand\u00e9 pour les travaux dans des environnements modernes. Ces produits sont utilis\u00e9s pour la s\u00e9paration des plates-bandes, des all\u00e9es ou des rev\u00eatements de sol avec de la terre, du gravier &hellip; <a href=\"https:\/\/demo.akomi.it\/erbyshop\/fr\/accessoires-pour-gazon-synthetique\/bordura-flexyline-alluminio\/\">Continued<\/a><\/p>\n","protected":false},"featured_media":5769,"template":"","meta":[],"product_brand":[],"product_cat":[24],"product_tag":[],"class_list":{"0":"post-5768","1":"product","2":"type-product","3":"status-publish","4":"has-post-thumbnail","6":"product_cat-accessoires-pour-gazon-synthetique","8":"first","9":"instock","10":"taxable","11":"shipping-taxable","12":"purchasable","13":"product-type-simple"},"acf":[],"yoast_head":"<!-- This site is optimized with the Yoast SEO plugin v24.5 - https:\/\/yoast.com\/wordpress\/plugins\/seo\/ -->\n<title>Bordure FLEXYLINE en aluminium | FR<\/title>\n<meta name=\"description\" content=\"L\u2019alluminio, per le sue elevate doti di resistenza alle intemperie, flessibilit\u00e0 e leggerezza, ottimizza i costi di manutenzione.\" \/>\n<meta name=\"robots\" content=\"index, follow, max-snippet:-1, max-image-preview:large, max-video-preview:-1\" \/>\n<link rel=\"canonical\" href=\"https:\/\/demo.akomi.it\/erbyshop\/fr\/accessoires-pour-gazon-synthetique\/bordura-flexyline-alluminio\/\" \/>\n<meta property=\"og:locale\" content=\"fr_FR\" \/>\n<meta property=\"og:type\" content=\"article\" \/>\n<meta property=\"og:title\" content=\"Bordure FLEXYLINE en aluminium | FR\" \/>\n<meta property=\"og:description\" content=\"L\u2019alluminio, per le sue elevate doti di resistenza alle intemperie, flessibilit\u00e0 e leggerezza, ottimizza i costi di manutenzione.\" \/>\n<meta property=\"og:url\" content=\"https:\/\/demo.akomi.it\/erbyshop\/fr\/accessoires-pour-gazon-synthetique\/bordura-flexyline-alluminio\/\" \/>\n<meta property=\"og:site_name\" content=\"FR\" \/>\n<meta property=\"article:modified_time\" content=\"2025-04-23T13:58:54+00:00\" \/>\n<meta property=\"og:image\" content=\"https:\/\/demo.akomi.it\/erbyshop\/fr\/wp-content\/uploads\/sites\/3\/bordura-flexy-alluminio.jpg\" \/>\n\t<meta property=\"og:image:width\" content=\"2360\" \/>\n\t<meta property=\"og:image:height\" content=\"1680\" \/>\n\t<meta property=\"og:image:type\" content=\"image\/jpeg\" \/>\n<meta name=\"twitter:card\" content=\"summary_large_image\" \/>\n<meta name=\"twitter:label1\" content=\"Dur\u00e9e de lecture estim\u00e9e\" \/>\n\t<meta name=\"twitter:data1\" content=\"1 minute\" \/>\n<script type=\"application\/ld+json\" class=\"yoast-schema-graph\">{\"@context\":\"https:\/\/schema.org\",\"@graph\":[{\"@type\":\"WebPage\",\"@id\":\"https:\/\/demo.akomi.it\/erbyshop\/fr\/accessoires-pour-gazon-synthetique\/bordura-flexyline-alluminio\/\",\"url\":\"https:\/\/demo.akomi.it\/erbyshop\/fr\/accessoires-pour-gazon-synthetique\/bordura-flexyline-alluminio\/\",\"name\":\"Bordure FLEXYLINE en aluminium | FR\",\"isPartOf\":{\"@id\":\"https:\/\/demo.akomi.it\/erbyshop\/fr\/#website\"},\"primaryImageOfPage\":{\"@id\":\"https:\/\/demo.akomi.it\/erbyshop\/fr\/accessoires-pour-gazon-synthetique\/bordura-flexyline-alluminio\/#primaryimage\"},\"image\":{\"@id\":\"https:\/\/demo.akomi.it\/erbyshop\/fr\/accessoires-pour-gazon-synthetique\/bordura-flexyline-alluminio\/#primaryimage\"},\"thumbnailUrl\":\"https:\/\/demo.akomi.it\/erbyshop\/fr\/wp-content\/uploads\/sites\/3\/bordura-flexy-alluminio.jpg\",\"datePublished\":\"2024-02-07T16:10:12+00:00\",\"dateModified\":\"2025-04-23T13:58:54+00:00\",\"description\":\"L\u2019alluminio, per le sue elevate doti di resistenza alle intemperie, flessibilit\u00e0 e leggerezza, ottimizza i costi di manutenzione.\",\"breadcrumb\":{\"@id\":\"https:\/\/demo.akomi.it\/erbyshop\/fr\/accessoires-pour-gazon-synthetique\/bordura-flexyline-alluminio\/#breadcrumb\"},\"inLanguage\":\"fr-FR\",\"potentialAction\":[{\"@type\":\"ReadAction\",\"target\":[\"https:\/\/demo.akomi.it\/erbyshop\/fr\/accessoires-pour-gazon-synthetique\/bordura-flexyline-alluminio\/\"]}]},{\"@type\":\"ImageObject\",\"inLanguage\":\"fr-FR\",\"@id\":\"https:\/\/demo.akomi.it\/erbyshop\/fr\/accessoires-pour-gazon-synthetique\/bordura-flexyline-alluminio\/#primaryimage\",\"url\":\"https:\/\/demo.akomi.it\/erbyshop\/fr\/wp-content\/uploads\/sites\/3\/bordura-flexy-alluminio.jpg\",\"contentUrl\":\"https:\/\/demo.akomi.it\/erbyshop\/fr\/wp-content\/uploads\/sites\/3\/bordura-flexy-alluminio.jpg\",\"width\":2360,\"height\":1680},{\"@type\":\"BreadcrumbList\",\"@id\":\"https:\/\/demo.akomi.it\/erbyshop\/fr\/accessoires-pour-gazon-synthetique\/bordura-flexyline-alluminio\/#breadcrumb\",\"itemListElement\":[{\"@type\":\"ListItem\",\"position\":1,\"name\":\"Home\",\"item\":\"https:\/\/demo.akomi.it\/erbyshop\/fr\/\"},{\"@type\":\"ListItem\",\"position\":2,\"name\":\"Shop\",\"item\":\"https:\/\/demo.akomi.it\/erbyshop\/fr\/e-commerce-erby\/\"},{\"@type\":\"ListItem\",\"position\":3,\"name\":\"Accessoires\",\"item\":\"https:\/\/demo.akomi.it\/erbyshop\/fr\/accessoires-pour-gazon-synthetique\/\"},{\"@type\":\"ListItem\",\"position\":4,\"name\":\"Bordure FLEXYLINE en aluminium\"}]},{\"@type\":\"WebSite\",\"@id\":\"https:\/\/demo.akomi.it\/erbyshop\/fr\/#website\",\"url\":\"https:\/\/demo.akomi.it\/erbyshop\/fr\/\",\"name\":\"FR\",\"description\":\"Il prato intelligente\",\"potentialAction\":[{\"@type\":\"SearchAction\",\"target\":{\"@type\":\"EntryPoint\",\"urlTemplate\":\"https:\/\/demo.akomi.it\/erbyshop\/fr\/?s={search_term_string}\"},\"query-input\":{\"@type\":\"PropertyValueSpecification\",\"valueRequired\":true,\"valueName\":\"search_term_string\"}}],\"inLanguage\":\"fr-FR\"}]}<\/script>\n<!-- \/ Yoast SEO plugin. -->","yoast_head_json":{"title":"Bordure FLEXYLINE en aluminium | FR","description":"L\u2019alluminio, per le sue elevate doti di resistenza alle intemperie, flessibilit\u00e0 e leggerezza, ottimizza i costi di manutenzione.","robots":{"index":"index","follow":"follow","max-snippet":"max-snippet:-1","max-image-preview":"max-image-preview:large","max-video-preview":"max-video-preview:-1"},"canonical":"https:\/\/demo.akomi.it\/erbyshop\/fr\/accessoires-pour-gazon-synthetique\/bordura-flexyline-alluminio\/","og_locale":"fr_FR","og_type":"article","og_title":"Bordure FLEXYLINE en aluminium | FR","og_description":"L\u2019alluminio, per le sue elevate doti di resistenza alle intemperie, flessibilit\u00e0 e leggerezza, ottimizza i costi di manutenzione.","og_url":"https:\/\/demo.akomi.it\/erbyshop\/fr\/accessoires-pour-gazon-synthetique\/bordura-flexyline-alluminio\/","og_site_name":"FR","article_modified_time":"2025-04-23T13:58:54+00:00","og_image":[{"width":2360,"height":1680,"url":"https:\/\/demo.akomi.it\/erbyshop\/fr\/wp-content\/uploads\/sites\/3\/bordura-flexy-alluminio.jpg","type":"image\/jpeg"}],"twitter_card":"summary_large_image","twitter_misc":{"Dur\u00e9e de lecture estim\u00e9e":"1 minute"},"schema":{"@context":"https:\/\/schema.org","@graph":[{"@type":"WebPage","@id":"https:\/\/demo.akomi.it\/erbyshop\/fr\/accessoires-pour-gazon-synthetique\/bordura-flexyline-alluminio\/","url":"https:\/\/demo.akomi.it\/erbyshop\/fr\/accessoires-pour-gazon-synthetique\/bordura-flexyline-alluminio\/","name":"Bordure FLEXYLINE en aluminium | FR","isPartOf":{"@id":"https:\/\/demo.akomi.it\/erbyshop\/fr\/#website"},"primaryImageOfPage":{"@id":"https:\/\/demo.akomi.it\/erbyshop\/fr\/accessoires-pour-gazon-synthetique\/bordura-flexyline-alluminio\/#primaryimage"},"image":{"@id":"https:\/\/demo.akomi.it\/erbyshop\/fr\/accessoires-pour-gazon-synthetique\/bordura-flexyline-alluminio\/#primaryimage"},"thumbnailUrl":"https:\/\/demo.akomi.it\/erbyshop\/fr\/wp-content\/uploads\/sites\/3\/bordura-flexy-alluminio.jpg","datePublished":"2024-02-07T16:10:12+00:00","dateModified":"2025-04-23T13:58:54+00:00","description":"L\u2019alluminio, per le sue elevate doti di resistenza alle intemperie, flessibilit\u00e0 e leggerezza, ottimizza i costi di manutenzione.","breadcrumb":{"@id":"https:\/\/demo.akomi.it\/erbyshop\/fr\/accessoires-pour-gazon-synthetique\/bordura-flexyline-alluminio\/#breadcrumb"},"inLanguage":"fr-FR","potentialAction":[{"@type":"ReadAction","target":["https:\/\/demo.akomi.it\/erbyshop\/fr\/accessoires-pour-gazon-synthetique\/bordura-flexyline-alluminio\/"]}]},{"@type":"ImageObject","inLanguage":"fr-FR","@id":"https:\/\/demo.akomi.it\/erbyshop\/fr\/accessoires-pour-gazon-synthetique\/bordura-flexyline-alluminio\/#primaryimage","url":"https:\/\/demo.akomi.it\/erbyshop\/fr\/wp-content\/uploads\/sites\/3\/bordura-flexy-alluminio.jpg","contentUrl":"https:\/\/demo.akomi.it\/erbyshop\/fr\/wp-content\/uploads\/sites\/3\/bordura-flexy-alluminio.jpg","width":2360,"height":1680},{"@type":"BreadcrumbList","@id":"https:\/\/demo.akomi.it\/erbyshop\/fr\/accessoires-pour-gazon-synthetique\/bordura-flexyline-alluminio\/#breadcrumb","itemListElement":[{"@type":"ListItem","position":1,"name":"Home","item":"https:\/\/demo.akomi.it\/erbyshop\/fr\/"},{"@type":"ListItem","position":2,"name":"Shop","item":"https:\/\/demo.akomi.it\/erbyshop\/fr\/e-commerce-erby\/"},{"@type":"ListItem","position":3,"name":"Accessoires","item":"https:\/\/demo.akomi.it\/erbyshop\/fr\/accessoires-pour-gazon-synthetique\/"},{"@type":"ListItem","position":4,"name":"Bordure FLEXYLINE en aluminium"}]},{"@type":"WebSite","@id":"https:\/\/demo.akomi.it\/erbyshop\/fr\/#website","url":"https:\/\/demo.akomi.it\/erbyshop\/fr\/","name":"FR","description":"Il prato intelligente","potentialAction":[{"@type":"SearchAction","target":{"@type":"EntryPoint","urlTemplate":"https:\/\/demo.akomi.it\/erbyshop\/fr\/?s={search_term_string}"},"query-input":{"@type":"PropertyValueSpecification","valueRequired":true,"valueName":"search_term_string"}}],"inLanguage":"fr-FR"}]}},"_links":{"self":[{"href":"https:\/\/demo.akomi.it\/erbyshop\/fr\/wp-json\/wp\/v2\/product\/5768","targetHints":{"allow":["GET"]}}],"collection":[{"href":"https:\/\/demo.akomi.it\/erbyshop\/fr\/wp-json\/wp\/v2\/product"}],"about":[{"href":"https:\/\/demo.akomi.it\/erbyshop\/fr\/wp-json\/wp\/v2\/types\/product"}],"wp:featuredmedia":[{"embeddable":true,"href":"https:\/\/demo.akomi.it\/erbyshop\/fr\/wp-json\/wp\/v2\/media\/5769"}],"wp:attachment":[{"href":"https:\/\/demo.akomi.it\/erbyshop\/fr\/wp-json\/wp\/v2\/media?parent=5768"}],"wp:term":[{"taxonomy":"product_brand","embeddable":true,"href":"https:\/\/demo.akomi.it\/erbyshop\/fr\/wp-json\/wp\/v2\/product_brand?post=5768"},{"taxonomy":"product_cat","embeddable":true,"href":"https:\/\/demo.akomi.it\/erbyshop\/fr\/wp-json\/wp\/v2\/product_cat?post=5768"},{"taxonomy":"product_tag","embeddable":true,"href":"https:\/\/demo.akomi.it\/erbyshop\/fr\/wp-json\/wp\/v2\/product_tag?post=5768"}],"curies":[{"name":"wp","href":"https:\/\/api.w.org\/{rel}","templated":true}]}}