{"id":6372,"date":"2024-06-20T11:54:11","date_gmt":"2024-06-20T09:54:11","guid":{"rendered":"https:\/\/www.demo.akomi.it\/erbyshop\/fr\/?post_type=product&#038;p=6372"},"modified":"2025-04-16T15:03:02","modified_gmt":"2025-04-16T13:03:02","slug":"colla-monocomponente","status":"publish","type":"product","link":"https:\/\/demo.akomi.it\/erbyshop\/fr\/accessoires-pour-gazon-synthetique\/colla-monocomponente\/","title":{"rendered":"Colle monocomposant 1kg"},"content":{"rendered":"<article class=\"text-token-text-primary w-full\" dir=\"auto\" data-testid=\"conversation-turn-168\" data-scroll-anchor=\"true\">\n<div class=\"text-base my-auto mx-auto py-5 [--thread-content-margin:--spacing(4)] @[37rem]:[--thread-content-margin:--spacing(6)] @[70rem]:[--thread-content-margin:--spacing(12)] px-(--thread-content-margin)\">\n<div class=\"[--thread-content-max-width:32rem] @[34rem]:[--thread-content-max-width:40rem] @[64rem]:[--thread-content-max-width:48rem] mx-auto flex max-w-(--thread-content-max-width) flex-1 text-base gap-4 md:gap-5 lg:gap-6 group\/turn-messages focus-visible:outline-hidden\">\n<div class=\"group\/conversation-turn relative flex w-full min-w-0 flex-col agent-turn\">\n<div class=\"relative flex-col gap-1 md:gap-3\">\n<div class=\"flex max-w-full flex-col grow\">\n<div class=\"min-h-8 text-message relative flex w-full flex-col items-end gap-2 text-start break-words whitespace-normal [.text-message+&amp;]:mt-5\" dir=\"auto\" data-message-author-role=\"assistant\" data-message-id=\"d64b1240-2fac-47b7-8acb-a61d76481f45\" data-message-model-slug=\"gpt-4o\">\n<div class=\"flex w-full flex-col gap-1 empty:hidden first:pt-[3px]\">\n<div class=\"markdown prose dark:prose-invert w-full break-words light\">\n<p class=\"\" data-start=\"35\" data-end=\"130\">La colle monocomposant est un polym\u00e8re \u00e0 haute t\u00e9nacit\u00e9, dur et avec un fort pouvoir adh\u00e9sif.<\/p>\n<p class=\"\" data-start=\"132\" data-end=\"294\">Utile pour fixer le gazon en p\u00e9riph\u00e9rie en cr\u00e9ant de petits points de colle, ou pour les jonctions en l\u2019appliquant sur la bande en non-tiss\u00e9 pr\u00e9vue \u00e0 cet effet.<\/p>\n<p class=\"\" data-start=\"296\" data-end=\"379\">La colle peut \u00eatre appliqu\u00e9e directement sur le sol pour des fixations d\u00e9finitives.<\/p>\n<\/div>\n<\/div>\n<\/div>\n<\/div>\n<div class=\"flex justify-start\">\n<div class=\"touch:-me-2 touch:-ms-3.5 -ms-2.5 -me-1 flex items-center p-1 select-none -mt-1 duration-[1.5s] focus-within:transition-none hover:transition-none pointer-events-none [mask-image:linear-gradient(to_right,black_33%,transparent_66%)] [mask-position:100%_0%] [mask-size:300%_100%] motion-safe:transition-[mask-position] group-hover\/turn-messages:pointer-events-auto group-hover\/turn-messages:[mask-position:0_0] group-focus-within\/turn-messages:pointer-events-auto group-focus-within\/turn-messages:[mask-position:0_0] has-data-[state=open]:pointer-events-auto has-data-[state=open]:[mask-position:0_0]\">\u00a0<\/div>\n<\/div>\n<div class=\"mt-3 w-full empty:hidden\">\n<div class=\"text-center\">\u00a0<\/div>\n<\/div>\n<\/div>\n<div class=\"absolute\">\n<div class=\"flex items-center justify-center\">\u00a0<\/div>\n<\/div>\n<\/div>\n<\/div>\n<\/div>\n<\/article>\n<div class=\"pointer-events-none h-px w-px\" aria-hidden=\"true\" data-edge=\"true\">\u00a0<\/div>\n","protected":false},"excerpt":{"rendered":"<p>La colle monocomposant est un polym\u00e8re \u00e0 haute t\u00e9nacit\u00e9, dur et avec un fort pouvoir adh\u00e9sif. Utile pour fixer le gazon en p\u00e9riph\u00e9rie en cr\u00e9ant de petits points de colle, ou pour les jonctions en l\u2019appliquant sur la bande en non-tiss\u00e9 pr\u00e9vue \u00e0 cet effet. La colle peut \u00eatre appliqu\u00e9e directement sur le sol pour &hellip; <a href=\"https:\/\/demo.akomi.it\/erbyshop\/fr\/accessoires-pour-gazon-synthetique\/colla-monocomponente\/\">Continued<\/a><\/p>\n","protected":false},"featured_media":6373,"template":"","meta":[],"product_brand":[],"product_cat":[24],"product_tag":[],"class_list":{"0":"post-6372","1":"product","2":"type-product","3":"status-publish","4":"has-post-thumbnail","6":"product_cat-accessoires-pour-gazon-synthetique","7":"product_shipping_class-tariffa-peso","9":"first","10":"instock","11":"taxable","12":"shipping-taxable","13":"purchasable","14":"product-type-simple"},"acf":[],"yoast_head":"<!-- This site is optimized with the Yoast SEO plugin v24.5 - https:\/\/yoast.com\/wordpress\/plugins\/seo\/ -->\n<title>Colla ad alta tenacia per erba sintetica | Colla monocomponente<\/title>\n<meta name=\"description\" content=\"Acquista online la colla ad alta tenacia monocomponente specifica per il fissaggio dell&#039;erba sintetica.\" \/>\n<meta name=\"robots\" content=\"index, follow, max-snippet:-1, max-image-preview:large, max-video-preview:-1\" \/>\n<link rel=\"canonical\" href=\"https:\/\/demo.akomi.it\/erbyshop\/fr\/accessoires-pour-gazon-synthetique\/colla-monocomponente\/\" \/>\n<meta property=\"og:locale\" content=\"fr_FR\" \/>\n<meta property=\"og:type\" content=\"article\" \/>\n<meta property=\"og:title\" content=\"Colla ad alta tenacia per erba sintetica | Colla monocomponente\" \/>\n<meta property=\"og:description\" content=\"Acquista online la colla ad alta tenacia monocomponente specifica per il fissaggio dell&#039;erba sintetica.\" \/>\n<meta property=\"og:url\" content=\"https:\/\/demo.akomi.it\/erbyshop\/fr\/accessoires-pour-gazon-synthetique\/colla-monocomponente\/\" \/>\n<meta property=\"og:site_name\" content=\"FR\" \/>\n<meta property=\"article:modified_time\" content=\"2025-04-16T13:03:02+00:00\" \/>\n<meta property=\"og:image\" content=\"https:\/\/demo.akomi.it\/erbyshop\/fr\/wp-content\/uploads\/sites\/3\/colla-monocomponente.jpg\" \/>\n\t<meta property=\"og:image:width\" content=\"2360\" \/>\n\t<meta property=\"og:image:height\" content=\"1680\" \/>\n\t<meta property=\"og:image:type\" content=\"image\/jpeg\" \/>\n<meta name=\"twitter:card\" content=\"summary_large_image\" \/>\n<meta name=\"twitter:label1\" content=\"Dur\u00e9e de lecture estim\u00e9e\" \/>\n\t<meta name=\"twitter:data1\" content=\"1 minute\" \/>\n<script type=\"application\/ld+json\" class=\"yoast-schema-graph\">{\"@context\":\"https:\/\/schema.org\",\"@graph\":[{\"@type\":\"WebPage\",\"@id\":\"https:\/\/demo.akomi.it\/erbyshop\/fr\/accessoires-pour-gazon-synthetique\/colla-monocomponente\/\",\"url\":\"https:\/\/demo.akomi.it\/erbyshop\/fr\/accessoires-pour-gazon-synthetique\/colla-monocomponente\/\",\"name\":\"Colla ad alta tenacia per erba sintetica | Colla monocomponente\",\"isPartOf\":{\"@id\":\"https:\/\/demo.akomi.it\/erbyshop\/fr\/#website\"},\"primaryImageOfPage\":{\"@id\":\"https:\/\/demo.akomi.it\/erbyshop\/fr\/accessoires-pour-gazon-synthetique\/colla-monocomponente\/#primaryimage\"},\"image\":{\"@id\":\"https:\/\/demo.akomi.it\/erbyshop\/fr\/accessoires-pour-gazon-synthetique\/colla-monocomponente\/#primaryimage\"},\"thumbnailUrl\":\"https:\/\/demo.akomi.it\/erbyshop\/fr\/wp-content\/uploads\/sites\/3\/colla-monocomponente.jpg\",\"datePublished\":\"2024-06-20T09:54:11+00:00\",\"dateModified\":\"2025-04-16T13:03:02+00:00\",\"description\":\"Acquista online la colla ad alta tenacia monocomponente specifica per il fissaggio dell'erba sintetica.\",\"breadcrumb\":{\"@id\":\"https:\/\/demo.akomi.it\/erbyshop\/fr\/accessoires-pour-gazon-synthetique\/colla-monocomponente\/#breadcrumb\"},\"inLanguage\":\"fr-FR\",\"potentialAction\":[{\"@type\":\"ReadAction\",\"target\":[\"https:\/\/demo.akomi.it\/erbyshop\/fr\/accessoires-pour-gazon-synthetique\/colla-monocomponente\/\"]}]},{\"@type\":\"ImageObject\",\"inLanguage\":\"fr-FR\",\"@id\":\"https:\/\/demo.akomi.it\/erbyshop\/fr\/accessoires-pour-gazon-synthetique\/colla-monocomponente\/#primaryimage\",\"url\":\"https:\/\/demo.akomi.it\/erbyshop\/fr\/wp-content\/uploads\/sites\/3\/colla-monocomponente.jpg\",\"contentUrl\":\"https:\/\/demo.akomi.it\/erbyshop\/fr\/wp-content\/uploads\/sites\/3\/colla-monocomponente.jpg\",\"width\":2360,\"height\":1680},{\"@type\":\"BreadcrumbList\",\"@id\":\"https:\/\/demo.akomi.it\/erbyshop\/fr\/accessoires-pour-gazon-synthetique\/colla-monocomponente\/#breadcrumb\",\"itemListElement\":[{\"@type\":\"ListItem\",\"position\":1,\"name\":\"Home\",\"item\":\"https:\/\/demo.akomi.it\/erbyshop\/fr\/\"},{\"@type\":\"ListItem\",\"position\":2,\"name\":\"Shop\",\"item\":\"https:\/\/demo.akomi.it\/erbyshop\/fr\/e-commerce-erby\/\"},{\"@type\":\"ListItem\",\"position\":3,\"name\":\"Accessoires\",\"item\":\"https:\/\/demo.akomi.it\/erbyshop\/fr\/accessoires-pour-gazon-synthetique\/\"},{\"@type\":\"ListItem\",\"position\":4,\"name\":\"Colle monocomposant 1kg\"}]},{\"@type\":\"WebSite\",\"@id\":\"https:\/\/demo.akomi.it\/erbyshop\/fr\/#website\",\"url\":\"https:\/\/demo.akomi.it\/erbyshop\/fr\/\",\"name\":\"FR\",\"description\":\"Il prato intelligente\",\"potentialAction\":[{\"@type\":\"SearchAction\",\"target\":{\"@type\":\"EntryPoint\",\"urlTemplate\":\"https:\/\/demo.akomi.it\/erbyshop\/fr\/?s={search_term_string}\"},\"query-input\":{\"@type\":\"PropertyValueSpecification\",\"valueRequired\":true,\"valueName\":\"search_term_string\"}}],\"inLanguage\":\"fr-FR\"}]}<\/script>\n<!-- \/ Yoast SEO plugin. -->","yoast_head_json":{"title":"Colla ad alta tenacia per erba sintetica | Colla monocomponente","description":"Acquista online la colla ad alta tenacia monocomponente specifica per il fissaggio dell'erba sintetica.","robots":{"index":"index","follow":"follow","max-snippet":"max-snippet:-1","max-image-preview":"max-image-preview:large","max-video-preview":"max-video-preview:-1"},"canonical":"https:\/\/demo.akomi.it\/erbyshop\/fr\/accessoires-pour-gazon-synthetique\/colla-monocomponente\/","og_locale":"fr_FR","og_type":"article","og_title":"Colla ad alta tenacia per erba sintetica | Colla monocomponente","og_description":"Acquista online la colla ad alta tenacia monocomponente specifica per il fissaggio dell'erba sintetica.","og_url":"https:\/\/demo.akomi.it\/erbyshop\/fr\/accessoires-pour-gazon-synthetique\/colla-monocomponente\/","og_site_name":"FR","article_modified_time":"2025-04-16T13:03:02+00:00","og_image":[{"width":2360,"height":1680,"url":"https:\/\/demo.akomi.it\/erbyshop\/fr\/wp-content\/uploads\/sites\/3\/colla-monocomponente.jpg","type":"image\/jpeg"}],"twitter_card":"summary_large_image","twitter_misc":{"Dur\u00e9e de lecture estim\u00e9e":"1 minute"},"schema":{"@context":"https:\/\/schema.org","@graph":[{"@type":"WebPage","@id":"https:\/\/demo.akomi.it\/erbyshop\/fr\/accessoires-pour-gazon-synthetique\/colla-monocomponente\/","url":"https:\/\/demo.akomi.it\/erbyshop\/fr\/accessoires-pour-gazon-synthetique\/colla-monocomponente\/","name":"Colla ad alta tenacia per erba sintetica | Colla monocomponente","isPartOf":{"@id":"https:\/\/demo.akomi.it\/erbyshop\/fr\/#website"},"primaryImageOfPage":{"@id":"https:\/\/demo.akomi.it\/erbyshop\/fr\/accessoires-pour-gazon-synthetique\/colla-monocomponente\/#primaryimage"},"image":{"@id":"https:\/\/demo.akomi.it\/erbyshop\/fr\/accessoires-pour-gazon-synthetique\/colla-monocomponente\/#primaryimage"},"thumbnailUrl":"https:\/\/demo.akomi.it\/erbyshop\/fr\/wp-content\/uploads\/sites\/3\/colla-monocomponente.jpg","datePublished":"2024-06-20T09:54:11+00:00","dateModified":"2025-04-16T13:03:02+00:00","description":"Acquista online la colla ad alta tenacia monocomponente specifica per il fissaggio dell'erba sintetica.","breadcrumb":{"@id":"https:\/\/demo.akomi.it\/erbyshop\/fr\/accessoires-pour-gazon-synthetique\/colla-monocomponente\/#breadcrumb"},"inLanguage":"fr-FR","potentialAction":[{"@type":"ReadAction","target":["https:\/\/demo.akomi.it\/erbyshop\/fr\/accessoires-pour-gazon-synthetique\/colla-monocomponente\/"]}]},{"@type":"ImageObject","inLanguage":"fr-FR","@id":"https:\/\/demo.akomi.it\/erbyshop\/fr\/accessoires-pour-gazon-synthetique\/colla-monocomponente\/#primaryimage","url":"https:\/\/demo.akomi.it\/erbyshop\/fr\/wp-content\/uploads\/sites\/3\/colla-monocomponente.jpg","contentUrl":"https:\/\/demo.akomi.it\/erbyshop\/fr\/wp-content\/uploads\/sites\/3\/colla-monocomponente.jpg","width":2360,"height":1680},{"@type":"BreadcrumbList","@id":"https:\/\/demo.akomi.it\/erbyshop\/fr\/accessoires-pour-gazon-synthetique\/colla-monocomponente\/#breadcrumb","itemListElement":[{"@type":"ListItem","position":1,"name":"Home","item":"https:\/\/demo.akomi.it\/erbyshop\/fr\/"},{"@type":"ListItem","position":2,"name":"Shop","item":"https:\/\/demo.akomi.it\/erbyshop\/fr\/e-commerce-erby\/"},{"@type":"ListItem","position":3,"name":"Accessoires","item":"https:\/\/demo.akomi.it\/erbyshop\/fr\/accessoires-pour-gazon-synthetique\/"},{"@type":"ListItem","position":4,"name":"Colle monocomposant 1kg"}]},{"@type":"WebSite","@id":"https:\/\/demo.akomi.it\/erbyshop\/fr\/#website","url":"https:\/\/demo.akomi.it\/erbyshop\/fr\/","name":"FR","description":"Il prato intelligente","potentialAction":[{"@type":"SearchAction","target":{"@type":"EntryPoint","urlTemplate":"https:\/\/demo.akomi.it\/erbyshop\/fr\/?s={search_term_string}"},"query-input":{"@type":"PropertyValueSpecification","valueRequired":true,"valueName":"search_term_string"}}],"inLanguage":"fr-FR"}]}},"_links":{"self":[{"href":"https:\/\/demo.akomi.it\/erbyshop\/fr\/wp-json\/wp\/v2\/product\/6372","targetHints":{"allow":["GET"]}}],"collection":[{"href":"https:\/\/demo.akomi.it\/erbyshop\/fr\/wp-json\/wp\/v2\/product"}],"about":[{"href":"https:\/\/demo.akomi.it\/erbyshop\/fr\/wp-json\/wp\/v2\/types\/product"}],"wp:featuredmedia":[{"embeddable":true,"href":"https:\/\/demo.akomi.it\/erbyshop\/fr\/wp-json\/wp\/v2\/media\/6373"}],"wp:attachment":[{"href":"https:\/\/demo.akomi.it\/erbyshop\/fr\/wp-json\/wp\/v2\/media?parent=6372"}],"wp:term":[{"taxonomy":"product_brand","embeddable":true,"href":"https:\/\/demo.akomi.it\/erbyshop\/fr\/wp-json\/wp\/v2\/product_brand?post=6372"},{"taxonomy":"product_cat","embeddable":true,"href":"https:\/\/demo.akomi.it\/erbyshop\/fr\/wp-json\/wp\/v2\/product_cat?post=6372"},{"taxonomy":"product_tag","embeddable":true,"href":"https:\/\/demo.akomi.it\/erbyshop\/fr\/wp-json\/wp\/v2\/product_tag?post=6372"}],"curies":[{"name":"wp","href":"https:\/\/api.w.org\/{rel}","templated":true}]}}