{"id":6447,"date":"2024-07-03T16:04:04","date_gmt":"2024-07-03T14:04:04","guid":{"rendered":"https:\/\/www.demo.akomi.it\/erbyshop\/fr\/?post_type=product&#038;p=6447"},"modified":"2025-04-23T15:48:51","modified_gmt":"2025-04-23T13:48:51","slug":"clover50-32mq-non-direzionale","status":"publish","type":"product","link":"https:\/\/demo.akomi.it\/erbyshop\/fr\/stock-gazon-synthetique\/clover50-32mq-non-direzionale\/","title":{"rendered":"CLOVER50 (32MQ Lot 164030)"},"content":{"rendered":"<p>Aujourd&#8217;hui, le march\u00e9 propose une quantit\u00e9 incroyable de gazons artificiels ; de qualit\u00e9 basse, moyenne ou \u00e9lev\u00e9e ; avec mille coloris et diff\u00e9rentes hauteurs de brins.<\/p>\n<p>Plusieurs facteurs techniques et esth\u00e9tiques font la diff\u00e9rence entre un produit de base et un produit d&#8217;excellence, mais la principale composante qui discrimine la qualit\u00e9 d&#8217;un gazon artificiel est le fil avec lequel il est fabriqu\u00e9.<\/p>\n<p>Les formes, les couleurs, la qualit\u00e9 des mati\u00e8res premi\u00e8res sont quelques-unes des caract\u00e9ristiques qui distinguent les diff\u00e9rents types de fils existants.<\/p>\n<p>Notre entreprise est toujours \u00e0 la recherche de nouvelles technologies permettant d&#8217;offrir \u00e0 nos clients le maximum de confort et de qualit\u00e9 pour la r\u00e9alisation de leurs jardins, tant en termes de qualit\u00e9 esth\u00e9tique (ressemblance avec les pelouses naturelles) qu&#8217;en termes de qualit\u00e9 technique (r\u00e9silience, durabilit\u00e9, effet m\u00e9moire).<\/p>\n<p>La derni\u00e8re nouveaut\u00e9 du secteur concerne les fils NON-DIRECTIONNELS!<\/p>\n<p>Il s&#8217;agit de fils subissant un traitement particulier qui leur donne une forme l\u00e9g\u00e8rement incurv\u00e9e, dite semi-texturis\u00e9e, et qui, une fois tiss\u00e9s sur le support, conf\u00e8rent au produit final un aspect extr\u00eamement r\u00e9aliste et naturel!<\/p>\n<p>Une fois pos\u00e9s et bross\u00e9s, les produits non-directionnels ne pr\u00e9sentent aucune diff\u00e9rence chromatique, quelle que soit la direction dans laquelle ils sont observ\u00e9s. Ils pr\u00e9sentent \u00e9galement une excellente r\u00e9silience au pi\u00e9tinement!<\/p>\n","protected":false},"excerpt":{"rendered":"<p>Aujourd&#8217;hui, le march\u00e9 propose une quantit\u00e9 incroyable de gazons artificiels ; de qualit\u00e9 basse, moyenne ou \u00e9lev\u00e9e ; avec mille coloris et diff\u00e9rentes hauteurs de brins. Plusieurs facteurs techniques et esth\u00e9tiques font la diff\u00e9rence entre un produit de base et un produit d&#8217;excellence, mais la principale composante qui discrimine la qualit\u00e9 d&#8217;un gazon artificiel est &hellip; <a href=\"https:\/\/demo.akomi.it\/erbyshop\/fr\/stock-gazon-synthetique\/clover50-32mq-non-direzionale\/\">Continued<\/a><\/p>\n","protected":false},"featured_media":6449,"template":"","meta":[],"product_brand":[],"product_cat":[19],"product_tag":[],"class_list":{"0":"post-6447","1":"product","2":"type-product","3":"status-publish","4":"has-post-thumbnail","6":"product_cat-stock-gazon-synthetique","7":"product_shipping_class-tariffa-peso","9":"first","10":"instock","11":"sold-individually","12":"taxable","13":"shipping-taxable","14":"purchasable","15":"product-type-simple"},"acf":[],"yoast_head":"<!-- This site is optimized with the Yoast SEO plugin v24.5 - https:\/\/yoast.com\/wordpress\/plugins\/seo\/ -->\n<title>Stock Erba Sintetica CLOVER50 mm | Prato Sintetico Nature55 | Erby<\/title>\n<meta name=\"description\" content=\"Acquista online ad un prezzo super vantaggio lo stock in rotoli dell&#039;erba sintetica. Tempi di consegna rapidi.\" \/>\n<meta name=\"robots\" content=\"index, follow, max-snippet:-1, max-image-preview:large, max-video-preview:-1\" \/>\n<link rel=\"canonical\" href=\"https:\/\/demo.akomi.it\/erbyshop\/fr\/stock-gazon-synthetique\/clover50-32mq-non-direzionale\/\" \/>\n<meta property=\"og:locale\" content=\"fr_FR\" \/>\n<meta property=\"og:type\" content=\"article\" \/>\n<meta property=\"og:title\" content=\"Stock Erba Sintetica CLOVER50 mm | Prato Sintetico Nature55 | Erby\" \/>\n<meta property=\"og:description\" content=\"Acquista online ad un prezzo super vantaggio lo stock in rotoli dell&#039;erba sintetica. Tempi di consegna rapidi.\" \/>\n<meta property=\"og:url\" content=\"https:\/\/demo.akomi.it\/erbyshop\/fr\/stock-gazon-synthetique\/clover50-32mq-non-direzionale\/\" \/>\n<meta property=\"og:site_name\" content=\"FR\" \/>\n<meta property=\"article:modified_time\" content=\"2025-04-23T13:48:51+00:00\" \/>\n<meta property=\"og:image\" content=\"https:\/\/demo.akomi.it\/erbyshop\/fr\/wp-content\/uploads\/sites\/3\/Clover50-2-1.jpg\" \/>\n\t<meta property=\"og:image:width\" content=\"1024\" \/>\n\t<meta property=\"og:image:height\" content=\"729\" \/>\n\t<meta property=\"og:image:type\" content=\"image\/jpeg\" \/>\n<meta name=\"twitter:card\" content=\"summary_large_image\" \/>\n<meta name=\"twitter:label1\" content=\"Dur\u00e9e de lecture estim\u00e9e\" \/>\n\t<meta name=\"twitter:data1\" content=\"2 minutes\" \/>\n<script type=\"application\/ld+json\" class=\"yoast-schema-graph\">{\"@context\":\"https:\/\/schema.org\",\"@graph\":[{\"@type\":\"WebPage\",\"@id\":\"https:\/\/demo.akomi.it\/erbyshop\/fr\/stock-gazon-synthetique\/clover50-32mq-non-direzionale\/\",\"url\":\"https:\/\/demo.akomi.it\/erbyshop\/fr\/stock-gazon-synthetique\/clover50-32mq-non-direzionale\/\",\"name\":\"Stock Erba Sintetica CLOVER50 mm | Prato Sintetico Nature55 | Erby\",\"isPartOf\":{\"@id\":\"https:\/\/demo.akomi.it\/erbyshop\/fr\/#website\"},\"primaryImageOfPage\":{\"@id\":\"https:\/\/demo.akomi.it\/erbyshop\/fr\/stock-gazon-synthetique\/clover50-32mq-non-direzionale\/#primaryimage\"},\"image\":{\"@id\":\"https:\/\/demo.akomi.it\/erbyshop\/fr\/stock-gazon-synthetique\/clover50-32mq-non-direzionale\/#primaryimage\"},\"thumbnailUrl\":\"https:\/\/demo.akomi.it\/erbyshop\/fr\/wp-content\/uploads\/sites\/3\/Clover50-2-1.jpg\",\"datePublished\":\"2024-07-03T14:04:04+00:00\",\"dateModified\":\"2025-04-23T13:48:51+00:00\",\"description\":\"Acquista online ad un prezzo super vantaggio lo stock in rotoli dell'erba sintetica. Tempi di consegna rapidi.\",\"breadcrumb\":{\"@id\":\"https:\/\/demo.akomi.it\/erbyshop\/fr\/stock-gazon-synthetique\/clover50-32mq-non-direzionale\/#breadcrumb\"},\"inLanguage\":\"fr-FR\",\"potentialAction\":[{\"@type\":\"ReadAction\",\"target\":[\"https:\/\/demo.akomi.it\/erbyshop\/fr\/stock-gazon-synthetique\/clover50-32mq-non-direzionale\/\"]}]},{\"@type\":\"ImageObject\",\"inLanguage\":\"fr-FR\",\"@id\":\"https:\/\/demo.akomi.it\/erbyshop\/fr\/stock-gazon-synthetique\/clover50-32mq-non-direzionale\/#primaryimage\",\"url\":\"https:\/\/demo.akomi.it\/erbyshop\/fr\/wp-content\/uploads\/sites\/3\/Clover50-2-1.jpg\",\"contentUrl\":\"https:\/\/demo.akomi.it\/erbyshop\/fr\/wp-content\/uploads\/sites\/3\/Clover50-2-1.jpg\",\"width\":2360,\"height\":1680},{\"@type\":\"BreadcrumbList\",\"@id\":\"https:\/\/demo.akomi.it\/erbyshop\/fr\/stock-gazon-synthetique\/clover50-32mq-non-direzionale\/#breadcrumb\",\"itemListElement\":[{\"@type\":\"ListItem\",\"position\":1,\"name\":\"Home\",\"item\":\"https:\/\/demo.akomi.it\/erbyshop\/fr\/\"},{\"@type\":\"ListItem\",\"position\":2,\"name\":\"Shop\",\"item\":\"https:\/\/demo.akomi.it\/erbyshop\/fr\/e-commerce-erby\/\"},{\"@type\":\"ListItem\",\"position\":3,\"name\":\"Scampoli stock\",\"item\":\"https:\/\/demo.akomi.it\/erbyshop\/fr\/stock-gazon-synthetique\/\"},{\"@type\":\"ListItem\",\"position\":4,\"name\":\"CLOVER50 (32MQ Lot 164030)\"}]},{\"@type\":\"WebSite\",\"@id\":\"https:\/\/demo.akomi.it\/erbyshop\/fr\/#website\",\"url\":\"https:\/\/demo.akomi.it\/erbyshop\/fr\/\",\"name\":\"FR\",\"description\":\"Il prato intelligente\",\"potentialAction\":[{\"@type\":\"SearchAction\",\"target\":{\"@type\":\"EntryPoint\",\"urlTemplate\":\"https:\/\/demo.akomi.it\/erbyshop\/fr\/?s={search_term_string}\"},\"query-input\":{\"@type\":\"PropertyValueSpecification\",\"valueRequired\":true,\"valueName\":\"search_term_string\"}}],\"inLanguage\":\"fr-FR\"}]}<\/script>\n<!-- \/ Yoast SEO plugin. -->","yoast_head_json":{"title":"Stock Erba Sintetica CLOVER50 mm | Prato Sintetico Nature55 | Erby","description":"Acquista online ad un prezzo super vantaggio lo stock in rotoli dell'erba sintetica. Tempi di consegna rapidi.","robots":{"index":"index","follow":"follow","max-snippet":"max-snippet:-1","max-image-preview":"max-image-preview:large","max-video-preview":"max-video-preview:-1"},"canonical":"https:\/\/demo.akomi.it\/erbyshop\/fr\/stock-gazon-synthetique\/clover50-32mq-non-direzionale\/","og_locale":"fr_FR","og_type":"article","og_title":"Stock Erba Sintetica CLOVER50 mm | Prato Sintetico Nature55 | Erby","og_description":"Acquista online ad un prezzo super vantaggio lo stock in rotoli dell'erba sintetica. Tempi di consegna rapidi.","og_url":"https:\/\/demo.akomi.it\/erbyshop\/fr\/stock-gazon-synthetique\/clover50-32mq-non-direzionale\/","og_site_name":"FR","article_modified_time":"2025-04-23T13:48:51+00:00","og_image":[{"url":"https:\/\/demo.akomi.it\/erbyshop\/fr\/wp-content\/uploads\/sites\/3\/Clover50-2-1.jpg","width":1024,"height":729,"type":"image\/jpeg"}],"twitter_card":"summary_large_image","twitter_misc":{"Dur\u00e9e de lecture estim\u00e9e":"2 minutes"},"schema":{"@context":"https:\/\/schema.org","@graph":[{"@type":"WebPage","@id":"https:\/\/demo.akomi.it\/erbyshop\/fr\/stock-gazon-synthetique\/clover50-32mq-non-direzionale\/","url":"https:\/\/demo.akomi.it\/erbyshop\/fr\/stock-gazon-synthetique\/clover50-32mq-non-direzionale\/","name":"Stock Erba Sintetica CLOVER50 mm | Prato Sintetico Nature55 | Erby","isPartOf":{"@id":"https:\/\/demo.akomi.it\/erbyshop\/fr\/#website"},"primaryImageOfPage":{"@id":"https:\/\/demo.akomi.it\/erbyshop\/fr\/stock-gazon-synthetique\/clover50-32mq-non-direzionale\/#primaryimage"},"image":{"@id":"https:\/\/demo.akomi.it\/erbyshop\/fr\/stock-gazon-synthetique\/clover50-32mq-non-direzionale\/#primaryimage"},"thumbnailUrl":"https:\/\/demo.akomi.it\/erbyshop\/fr\/wp-content\/uploads\/sites\/3\/Clover50-2-1.jpg","datePublished":"2024-07-03T14:04:04+00:00","dateModified":"2025-04-23T13:48:51+00:00","description":"Acquista online ad un prezzo super vantaggio lo stock in rotoli dell'erba sintetica. Tempi di consegna rapidi.","breadcrumb":{"@id":"https:\/\/demo.akomi.it\/erbyshop\/fr\/stock-gazon-synthetique\/clover50-32mq-non-direzionale\/#breadcrumb"},"inLanguage":"fr-FR","potentialAction":[{"@type":"ReadAction","target":["https:\/\/demo.akomi.it\/erbyshop\/fr\/stock-gazon-synthetique\/clover50-32mq-non-direzionale\/"]}]},{"@type":"ImageObject","inLanguage":"fr-FR","@id":"https:\/\/demo.akomi.it\/erbyshop\/fr\/stock-gazon-synthetique\/clover50-32mq-non-direzionale\/#primaryimage","url":"https:\/\/demo.akomi.it\/erbyshop\/fr\/wp-content\/uploads\/sites\/3\/Clover50-2-1.jpg","contentUrl":"https:\/\/demo.akomi.it\/erbyshop\/fr\/wp-content\/uploads\/sites\/3\/Clover50-2-1.jpg","width":2360,"height":1680},{"@type":"BreadcrumbList","@id":"https:\/\/demo.akomi.it\/erbyshop\/fr\/stock-gazon-synthetique\/clover50-32mq-non-direzionale\/#breadcrumb","itemListElement":[{"@type":"ListItem","position":1,"name":"Home","item":"https:\/\/demo.akomi.it\/erbyshop\/fr\/"},{"@type":"ListItem","position":2,"name":"Shop","item":"https:\/\/demo.akomi.it\/erbyshop\/fr\/e-commerce-erby\/"},{"@type":"ListItem","position":3,"name":"Scampoli stock","item":"https:\/\/demo.akomi.it\/erbyshop\/fr\/stock-gazon-synthetique\/"},{"@type":"ListItem","position":4,"name":"CLOVER50 (32MQ Lot 164030)"}]},{"@type":"WebSite","@id":"https:\/\/demo.akomi.it\/erbyshop\/fr\/#website","url":"https:\/\/demo.akomi.it\/erbyshop\/fr\/","name":"FR","description":"Il prato intelligente","potentialAction":[{"@type":"SearchAction","target":{"@type":"EntryPoint","urlTemplate":"https:\/\/demo.akomi.it\/erbyshop\/fr\/?s={search_term_string}"},"query-input":{"@type":"PropertyValueSpecification","valueRequired":true,"valueName":"search_term_string"}}],"inLanguage":"fr-FR"}]}},"_links":{"self":[{"href":"https:\/\/demo.akomi.it\/erbyshop\/fr\/wp-json\/wp\/v2\/product\/6447","targetHints":{"allow":["GET"]}}],"collection":[{"href":"https:\/\/demo.akomi.it\/erbyshop\/fr\/wp-json\/wp\/v2\/product"}],"about":[{"href":"https:\/\/demo.akomi.it\/erbyshop\/fr\/wp-json\/wp\/v2\/types\/product"}],"wp:featuredmedia":[{"embeddable":true,"href":"https:\/\/demo.akomi.it\/erbyshop\/fr\/wp-json\/wp\/v2\/media\/6449"}],"wp:attachment":[{"href":"https:\/\/demo.akomi.it\/erbyshop\/fr\/wp-json\/wp\/v2\/media?parent=6447"}],"wp:term":[{"taxonomy":"product_brand","embeddable":true,"href":"https:\/\/demo.akomi.it\/erbyshop\/fr\/wp-json\/wp\/v2\/product_brand?post=6447"},{"taxonomy":"product_cat","embeddable":true,"href":"https:\/\/demo.akomi.it\/erbyshop\/fr\/wp-json\/wp\/v2\/product_cat?post=6447"},{"taxonomy":"product_tag","embeddable":true,"href":"https:\/\/demo.akomi.it\/erbyshop\/fr\/wp-json\/wp\/v2\/product_tag?post=6447"}],"curies":[{"name":"wp","href":"https:\/\/api.w.org\/{rel}","templated":true}]}}