{"id":6460,"date":"2024-07-04T14:44:30","date_gmt":"2024-07-04T12:44:30","guid":{"rendered":"https:\/\/www.demo.akomi.it\/erbyshop\/fr\/?post_type=product&#038;p=6460"},"modified":"2025-04-23T13:03:31","modified_gmt":"2025-04-23T11:03:31","slug":"lolium43","status":"publish","type":"product","link":"https:\/\/demo.akomi.it\/erbyshop\/fr\/stock-gazon-synthetique\/lolium43\/","title":{"rendered":"LOLIUM43 LIGHT (7,2MQ)"},"content":{"rendered":"<p class=\"\" data-start=\"40\" data-end=\"391\">Le gazon synth\u00e9tique <strong data-start=\"61\" data-end=\"73\">LOLIUM43<\/strong> pr\u00e9sente une <strong data-start=\"87\" data-end=\"138\">esth\u00e9tique \u00e9quivalente \u00e0 celle du gazon naturel<\/strong>, en particulier \u00e0 la vari\u00e9t\u00e9 <strong data-start=\"168\" data-end=\"180\">&#8220;Lolium&#8221;<\/strong>.<br data-start=\"181\" data-end=\"184\" \/><br \/>\nIl est compos\u00e9 de fibres avec <strong data-start=\"214\" data-end=\"238\">deux nuances de vert<\/strong> (vert fonc\u00e9 et vert olive), ainsi qu\u2019un <strong data-start=\"279\" data-end=\"308\">effet racine marron\/cr\u00e8me<\/strong> qui renforce l\u2019aspect visuel r\u00e9aliste et am\u00e9liore la structure globale du produit.<\/p>\n<p class=\"\" data-start=\"393\" data-end=\"614\">Les <strong data-start=\"397\" data-end=\"445\">brins en forme de &#8220;W&#8221; de derni\u00e8re g\u00e9n\u00e9ration<\/strong> sont fins et doux, tout en offrant une <strong data-start=\"485\" data-end=\"510\">excellente r\u00e9silience<\/strong>, c\u2019est-\u00e0-dire la capacit\u00e9 de <strong data-start=\"540\" data-end=\"588\">retrouver rapidement leur position verticale<\/strong> apr\u00e8s avoir \u00e9t\u00e9 pi\u00e9tin\u00e9s.<\/p>\n<p class=\"\" data-start=\"616\" data-end=\"887\">Ce gazon synth\u00e9tique est parfait pour <strong data-start=\"654\" data-end=\"677\">tout type de jardin<\/strong>, <strong data-start=\"679\" data-end=\"691\">terrasse<\/strong>, <strong data-start=\"693\" data-end=\"742\">d\u00e9coration d\u2019espaces int\u00e9rieurs et ext\u00e9rieurs<\/strong> de <strong data-start=\"746\" data-end=\"772\">commerces ou boutiques<\/strong>, ou encore pour les <strong data-start=\"793\" data-end=\"813\">bords de piscine<\/strong>. Il convient \u00e9galement \u00e0 un usage en pr\u00e9sence <strong data-start=\"860\" data-end=\"886\">d\u2019animaux et d\u2019enfants<\/strong>.<\/p>\n<p class=\"\" data-start=\"889\" data-end=\"1045\">Il est fabriqu\u00e9 \u00e0 partir de mat\u00e9riaux <strong data-start=\"927\" data-end=\"975\">non toxiques, anallergiques et antistatiques<\/strong>, permettant \u00e0 chacun de profiter de son espace en toute tranquillit\u00e9.<\/p>\n<p class=\"\" data-start=\"1047\" data-end=\"1151\">C\u2019est <strong data-start=\"1053\" data-end=\"1150\">le gazon id\u00e9al pour ceux qui recherchent un produit de haute qualit\u00e9 \u00e0 un prix plus abordable<\/strong>.<\/p>\n<p class=\"\" data-start=\"1153\" data-end=\"1274\">La particularit\u00e9 des produits portant la mention <strong data-start=\"1202\" data-end=\"1213\">&#8220;LIGHT&#8221;<\/strong> r\u00e9side dans leur <strong data-start=\"1231\" data-end=\"1270\">support enti\u00e8rement en polyur\u00e9thane<\/strong> :<\/p>\n<ul data-start=\"1275\" data-end=\"1496\" data-is-last-node=\"\" data-is-only-node=\"\">\n<li class=\"\" data-start=\"1275\" data-end=\"1308\">\n<p class=\"\" data-start=\"1277\" data-end=\"1308\"><strong data-start=\"1277\" data-end=\"1305\">dur\u00e9e de vie plus longue<\/strong>,<\/p>\n<\/li>\n<li class=\"\" data-start=\"1309\" data-end=\"1353\">\n<p class=\"\" data-start=\"1311\" data-end=\"1353\"><strong data-start=\"1311\" data-end=\"1350\">plus respectueux de l\u2019environnement<\/strong>,<\/p>\n<\/li>\n<li class=\"\" data-start=\"1354\" data-end=\"1402\">\n<p class=\"\" data-start=\"1356\" data-end=\"1402\"><strong data-start=\"1356\" data-end=\"1399\">enti\u00e8rement non toxique et anallergique<\/strong>,<\/p>\n<\/li>\n<li class=\"\" data-start=\"1403\" data-end=\"1496\">\n<p class=\"\" data-start=\"1405\" data-end=\"1496\"><strong data-start=\"1405\" data-end=\"1449\">parfait pour la pose en p\u00e9riodes froides<\/strong> et pour les personnes <strong data-start=\"1472\" data-end=\"1495\">moins exp\u00e9riment\u00e9es.<\/strong><\/p>\n<\/li>\n<\/ul>\n","protected":false},"excerpt":{"rendered":"<p>Le gazon synth\u00e9tique LOLIUM43 pr\u00e9sente une esth\u00e9tique \u00e9quivalente \u00e0 celle du gazon naturel, en particulier \u00e0 la vari\u00e9t\u00e9 &#8220;Lolium&#8221;. Il est compos\u00e9 de fibres avec deux nuances de vert (vert fonc\u00e9 et vert olive), ainsi qu\u2019un effet racine marron\/cr\u00e8me qui renforce l\u2019aspect visuel r\u00e9aliste et am\u00e9liore la structure globale du produit. Les brins en forme &hellip; <a href=\"https:\/\/demo.akomi.it\/erbyshop\/fr\/stock-gazon-synthetique\/lolium43\/\">Continued<\/a><\/p>\n","protected":false},"featured_media":6459,"template":"","meta":[],"product_brand":[],"product_cat":[19],"product_tag":[],"class_list":{"0":"post-6460","1":"product","2":"type-product","3":"status-publish","4":"has-post-thumbnail","6":"product_cat-stock-gazon-synthetique","7":"product_shipping_class-spedizione-gratuita","9":"first","10":"instock","11":"taxable","12":"shipping-taxable","13":"purchasable","14":"product-type-simple"},"acf":[],"yoast_head":"<!-- This site is optimized with the Yoast SEO plugin v24.5 - https:\/\/yoast.com\/wordpress\/plugins\/seo\/ -->\n<title>Rotolo Erba Sintetica | Prato Sintetico Lolium43<\/title>\n<meta name=\"description\" content=\"Acquista online ad un prezzo super vantaggioso lo stock in rotoli dell&#039;erba sintetica per esterno. Tempi di consegna rapidi.\" \/>\n<meta name=\"robots\" content=\"index, follow, max-snippet:-1, max-image-preview:large, max-video-preview:-1\" \/>\n<link rel=\"canonical\" href=\"https:\/\/demo.akomi.it\/erbyshop\/fr\/stock-gazon-synthetique\/lolium43\/\" \/>\n<meta property=\"og:locale\" content=\"fr_FR\" \/>\n<meta property=\"og:type\" content=\"article\" \/>\n<meta property=\"og:title\" content=\"Rotolo Erba Sintetica | Prato Sintetico Lolium43\" \/>\n<meta property=\"og:description\" content=\"Acquista online ad un prezzo super vantaggioso lo stock in rotoli dell&#039;erba sintetica per esterno. Tempi di consegna rapidi.\" \/>\n<meta property=\"og:url\" content=\"https:\/\/demo.akomi.it\/erbyshop\/fr\/stock-gazon-synthetique\/lolium43\/\" \/>\n<meta property=\"og:site_name\" content=\"FR\" \/>\n<meta property=\"article:modified_time\" content=\"2025-04-23T11:03:31+00:00\" \/>\n<meta property=\"og:image\" content=\"https:\/\/demo.akomi.it\/erbyshop\/fr\/wp-content\/uploads\/sites\/3\/Lolium43-2-1.jpg\" \/>\n\t<meta property=\"og:image:width\" content=\"2360\" \/>\n\t<meta property=\"og:image:height\" content=\"1680\" \/>\n\t<meta property=\"og:image:type\" content=\"image\/jpeg\" \/>\n<meta name=\"twitter:card\" content=\"summary_large_image\" \/>\n<meta name=\"twitter:label1\" content=\"Dur\u00e9e de lecture estim\u00e9e\" \/>\n\t<meta name=\"twitter:data1\" content=\"2 minutes\" \/>\n<script type=\"application\/ld+json\" class=\"yoast-schema-graph\">{\"@context\":\"https:\/\/schema.org\",\"@graph\":[{\"@type\":\"WebPage\",\"@id\":\"https:\/\/demo.akomi.it\/erbyshop\/fr\/stock-gazon-synthetique\/lolium43\/\",\"url\":\"https:\/\/demo.akomi.it\/erbyshop\/fr\/stock-gazon-synthetique\/lolium43\/\",\"name\":\"Rotolo Erba Sintetica | Prato Sintetico Lolium43\",\"isPartOf\":{\"@id\":\"https:\/\/demo.akomi.it\/erbyshop\/fr\/#website\"},\"primaryImageOfPage\":{\"@id\":\"https:\/\/demo.akomi.it\/erbyshop\/fr\/stock-gazon-synthetique\/lolium43\/#primaryimage\"},\"image\":{\"@id\":\"https:\/\/demo.akomi.it\/erbyshop\/fr\/stock-gazon-synthetique\/lolium43\/#primaryimage\"},\"thumbnailUrl\":\"https:\/\/demo.akomi.it\/erbyshop\/fr\/wp-content\/uploads\/sites\/3\/Lolium43-2-1.jpg\",\"datePublished\":\"2024-07-04T12:44:30+00:00\",\"dateModified\":\"2025-04-23T11:03:31+00:00\",\"description\":\"Acquista online ad un prezzo super vantaggioso lo stock in rotoli dell'erba sintetica per esterno. Tempi di consegna rapidi.\",\"breadcrumb\":{\"@id\":\"https:\/\/demo.akomi.it\/erbyshop\/fr\/stock-gazon-synthetique\/lolium43\/#breadcrumb\"},\"inLanguage\":\"fr-FR\",\"potentialAction\":[{\"@type\":\"ReadAction\",\"target\":[\"https:\/\/demo.akomi.it\/erbyshop\/fr\/stock-gazon-synthetique\/lolium43\/\"]}]},{\"@type\":\"ImageObject\",\"inLanguage\":\"fr-FR\",\"@id\":\"https:\/\/demo.akomi.it\/erbyshop\/fr\/stock-gazon-synthetique\/lolium43\/#primaryimage\",\"url\":\"https:\/\/demo.akomi.it\/erbyshop\/fr\/wp-content\/uploads\/sites\/3\/Lolium43-2-1.jpg\",\"contentUrl\":\"https:\/\/demo.akomi.it\/erbyshop\/fr\/wp-content\/uploads\/sites\/3\/Lolium43-2-1.jpg\",\"width\":2360,\"height\":1680},{\"@type\":\"BreadcrumbList\",\"@id\":\"https:\/\/demo.akomi.it\/erbyshop\/fr\/stock-gazon-synthetique\/lolium43\/#breadcrumb\",\"itemListElement\":[{\"@type\":\"ListItem\",\"position\":1,\"name\":\"Home\",\"item\":\"https:\/\/demo.akomi.it\/erbyshop\/fr\/\"},{\"@type\":\"ListItem\",\"position\":2,\"name\":\"Shop\",\"item\":\"https:\/\/demo.akomi.it\/erbyshop\/fr\/e-commerce-erby\/\"},{\"@type\":\"ListItem\",\"position\":3,\"name\":\"Scampoli stock\",\"item\":\"https:\/\/demo.akomi.it\/erbyshop\/fr\/stock-gazon-synthetique\/\"},{\"@type\":\"ListItem\",\"position\":4,\"name\":\"LOLIUM43 LIGHT (7,2MQ)\"}]},{\"@type\":\"WebSite\",\"@id\":\"https:\/\/demo.akomi.it\/erbyshop\/fr\/#website\",\"url\":\"https:\/\/demo.akomi.it\/erbyshop\/fr\/\",\"name\":\"FR\",\"description\":\"Il prato intelligente\",\"potentialAction\":[{\"@type\":\"SearchAction\",\"target\":{\"@type\":\"EntryPoint\",\"urlTemplate\":\"https:\/\/demo.akomi.it\/erbyshop\/fr\/?s={search_term_string}\"},\"query-input\":{\"@type\":\"PropertyValueSpecification\",\"valueRequired\":true,\"valueName\":\"search_term_string\"}}],\"inLanguage\":\"fr-FR\"}]}<\/script>\n<!-- \/ Yoast SEO plugin. -->","yoast_head_json":{"title":"Rotolo Erba Sintetica | Prato Sintetico Lolium43","description":"Acquista online ad un prezzo super vantaggioso lo stock in rotoli dell'erba sintetica per esterno. Tempi di consegna rapidi.","robots":{"index":"index","follow":"follow","max-snippet":"max-snippet:-1","max-image-preview":"max-image-preview:large","max-video-preview":"max-video-preview:-1"},"canonical":"https:\/\/demo.akomi.it\/erbyshop\/fr\/stock-gazon-synthetique\/lolium43\/","og_locale":"fr_FR","og_type":"article","og_title":"Rotolo Erba Sintetica | Prato Sintetico Lolium43","og_description":"Acquista online ad un prezzo super vantaggioso lo stock in rotoli dell'erba sintetica per esterno. Tempi di consegna rapidi.","og_url":"https:\/\/demo.akomi.it\/erbyshop\/fr\/stock-gazon-synthetique\/lolium43\/","og_site_name":"FR","article_modified_time":"2025-04-23T11:03:31+00:00","og_image":[{"width":2360,"height":1680,"url":"https:\/\/demo.akomi.it\/erbyshop\/fr\/wp-content\/uploads\/sites\/3\/Lolium43-2-1.jpg","type":"image\/jpeg"}],"twitter_card":"summary_large_image","twitter_misc":{"Dur\u00e9e de lecture estim\u00e9e":"2 minutes"},"schema":{"@context":"https:\/\/schema.org","@graph":[{"@type":"WebPage","@id":"https:\/\/demo.akomi.it\/erbyshop\/fr\/stock-gazon-synthetique\/lolium43\/","url":"https:\/\/demo.akomi.it\/erbyshop\/fr\/stock-gazon-synthetique\/lolium43\/","name":"Rotolo Erba Sintetica | Prato Sintetico Lolium43","isPartOf":{"@id":"https:\/\/demo.akomi.it\/erbyshop\/fr\/#website"},"primaryImageOfPage":{"@id":"https:\/\/demo.akomi.it\/erbyshop\/fr\/stock-gazon-synthetique\/lolium43\/#primaryimage"},"image":{"@id":"https:\/\/demo.akomi.it\/erbyshop\/fr\/stock-gazon-synthetique\/lolium43\/#primaryimage"},"thumbnailUrl":"https:\/\/demo.akomi.it\/erbyshop\/fr\/wp-content\/uploads\/sites\/3\/Lolium43-2-1.jpg","datePublished":"2024-07-04T12:44:30+00:00","dateModified":"2025-04-23T11:03:31+00:00","description":"Acquista online ad un prezzo super vantaggioso lo stock in rotoli dell'erba sintetica per esterno. Tempi di consegna rapidi.","breadcrumb":{"@id":"https:\/\/demo.akomi.it\/erbyshop\/fr\/stock-gazon-synthetique\/lolium43\/#breadcrumb"},"inLanguage":"fr-FR","potentialAction":[{"@type":"ReadAction","target":["https:\/\/demo.akomi.it\/erbyshop\/fr\/stock-gazon-synthetique\/lolium43\/"]}]},{"@type":"ImageObject","inLanguage":"fr-FR","@id":"https:\/\/demo.akomi.it\/erbyshop\/fr\/stock-gazon-synthetique\/lolium43\/#primaryimage","url":"https:\/\/demo.akomi.it\/erbyshop\/fr\/wp-content\/uploads\/sites\/3\/Lolium43-2-1.jpg","contentUrl":"https:\/\/demo.akomi.it\/erbyshop\/fr\/wp-content\/uploads\/sites\/3\/Lolium43-2-1.jpg","width":2360,"height":1680},{"@type":"BreadcrumbList","@id":"https:\/\/demo.akomi.it\/erbyshop\/fr\/stock-gazon-synthetique\/lolium43\/#breadcrumb","itemListElement":[{"@type":"ListItem","position":1,"name":"Home","item":"https:\/\/demo.akomi.it\/erbyshop\/fr\/"},{"@type":"ListItem","position":2,"name":"Shop","item":"https:\/\/demo.akomi.it\/erbyshop\/fr\/e-commerce-erby\/"},{"@type":"ListItem","position":3,"name":"Scampoli stock","item":"https:\/\/demo.akomi.it\/erbyshop\/fr\/stock-gazon-synthetique\/"},{"@type":"ListItem","position":4,"name":"LOLIUM43 LIGHT (7,2MQ)"}]},{"@type":"WebSite","@id":"https:\/\/demo.akomi.it\/erbyshop\/fr\/#website","url":"https:\/\/demo.akomi.it\/erbyshop\/fr\/","name":"FR","description":"Il prato intelligente","potentialAction":[{"@type":"SearchAction","target":{"@type":"EntryPoint","urlTemplate":"https:\/\/demo.akomi.it\/erbyshop\/fr\/?s={search_term_string}"},"query-input":{"@type":"PropertyValueSpecification","valueRequired":true,"valueName":"search_term_string"}}],"inLanguage":"fr-FR"}]}},"_links":{"self":[{"href":"https:\/\/demo.akomi.it\/erbyshop\/fr\/wp-json\/wp\/v2\/product\/6460","targetHints":{"allow":["GET"]}}],"collection":[{"href":"https:\/\/demo.akomi.it\/erbyshop\/fr\/wp-json\/wp\/v2\/product"}],"about":[{"href":"https:\/\/demo.akomi.it\/erbyshop\/fr\/wp-json\/wp\/v2\/types\/product"}],"wp:featuredmedia":[{"embeddable":true,"href":"https:\/\/demo.akomi.it\/erbyshop\/fr\/wp-json\/wp\/v2\/media\/6459"}],"wp:attachment":[{"href":"https:\/\/demo.akomi.it\/erbyshop\/fr\/wp-json\/wp\/v2\/media?parent=6460"}],"wp:term":[{"taxonomy":"product_brand","embeddable":true,"href":"https:\/\/demo.akomi.it\/erbyshop\/fr\/wp-json\/wp\/v2\/product_brand?post=6460"},{"taxonomy":"product_cat","embeddable":true,"href":"https:\/\/demo.akomi.it\/erbyshop\/fr\/wp-json\/wp\/v2\/product_cat?post=6460"},{"taxonomy":"product_tag","embeddable":true,"href":"https:\/\/demo.akomi.it\/erbyshop\/fr\/wp-json\/wp\/v2\/product_tag?post=6460"}],"curies":[{"name":"wp","href":"https:\/\/api.w.org\/{rel}","templated":true}]}}