{"id":6476,"date":"2024-07-04T17:04:06","date_gmt":"2024-07-04T15:04:06","guid":{"rendered":"https:\/\/www.demo.akomi.it\/erbyshop\/fr\/?post_type=product&#038;p=6476"},"modified":"2025-04-16T10:57:06","modified_gmt":"2025-04-16T08:57:06","slug":"raccordo-di-giunzione","status":"publish","type":"product","link":"https:\/\/demo.akomi.it\/erbyshop\/fr\/anti-moustiques\/raccordo-di-giunzione\/","title":{"rendered":"RACCORD DE JONCTION"},"content":{"rendered":"<p data-sourcepos=\"5:1-5:105\">Raccord de jonction \u00e0 connexion rapide pour tube 1\/4&#8243; pour syst\u00e8mes de brumisation et anti-moustiques<\/p>\n<p data-sourcepos=\"7:1-7:30\">Mat\u00e9riau: laiton nickel\u00e9<\/p>\n","protected":false},"excerpt":{"rendered":"<p>Raccord de jonction \u00e0 connexion rapide pour tube 1\/4&#8243; pour syst\u00e8mes de brumisation et anti-moustiques Mat\u00e9riau: laiton nickel\u00e9<\/p>\n","protected":false},"featured_media":6477,"template":"","meta":[],"product_brand":[],"product_cat":[157],"product_tag":[],"class_list":{"0":"post-6476","1":"product","2":"type-product","3":"status-publish","4":"has-post-thumbnail","6":"product_cat-anti-moustiques","8":"first","9":"instock","10":"taxable","11":"shipping-taxable","12":"purchasable","13":"product-type-simple"},"acf":[],"yoast_head":"<!-- This site is optimized with the Yoast SEO plugin v24.5 - https:\/\/yoast.com\/wordpress\/plugins\/seo\/ -->\n<title>RACCORD DE JONCTION | FR<\/title>\n<meta name=\"description\" content=\"Raccordo di giunzione\u00a0ad innesto rapido per tubo 1\/4&quot; per\u00a0impianti di nebulizzazione e anti zanzare\" \/>\n<meta name=\"robots\" content=\"index, follow, max-snippet:-1, max-image-preview:large, max-video-preview:-1\" \/>\n<link rel=\"canonical\" href=\"https:\/\/demo.akomi.it\/erbyshop\/fr\/anti-moustiques\/raccordo-di-giunzione\/\" \/>\n<meta property=\"og:locale\" content=\"fr_FR\" \/>\n<meta property=\"og:type\" content=\"article\" \/>\n<meta property=\"og:title\" content=\"RACCORD DE JONCTION | FR\" \/>\n<meta property=\"og:description\" content=\"Raccordo di giunzione\u00a0ad innesto rapido per tubo 1\/4&quot; per\u00a0impianti di nebulizzazione e anti zanzare\" \/>\n<meta property=\"og:url\" content=\"https:\/\/demo.akomi.it\/erbyshop\/fr\/anti-moustiques\/raccordo-di-giunzione\/\" \/>\n<meta property=\"og:site_name\" content=\"FR\" \/>\n<meta property=\"article:modified_time\" content=\"2025-04-16T08:57:06+00:00\" \/>\n<meta property=\"og:image\" content=\"https:\/\/demo.akomi.it\/erbyshop\/fr\/wp-content\/uploads\/sites\/3\/RACCORDO-DI-GIUNZIONE.jpg\" \/>\n\t<meta property=\"og:image:width\" content=\"2360\" \/>\n\t<meta property=\"og:image:height\" content=\"1680\" \/>\n\t<meta property=\"og:image:type\" content=\"image\/jpeg\" \/>\n<meta name=\"twitter:card\" content=\"summary_large_image\" \/>\n<meta name=\"twitter:label1\" content=\"Dur\u00e9e de lecture estim\u00e9e\" \/>\n\t<meta name=\"twitter:data1\" content=\"1 minute\" \/>\n<script type=\"application\/ld+json\" class=\"yoast-schema-graph\">{\"@context\":\"https:\/\/schema.org\",\"@graph\":[{\"@type\":\"WebPage\",\"@id\":\"https:\/\/demo.akomi.it\/erbyshop\/fr\/anti-moustiques\/raccordo-di-giunzione\/\",\"url\":\"https:\/\/demo.akomi.it\/erbyshop\/fr\/anti-moustiques\/raccordo-di-giunzione\/\",\"name\":\"RACCORD DE JONCTION | FR\",\"isPartOf\":{\"@id\":\"https:\/\/demo.akomi.it\/erbyshop\/fr\/#website\"},\"primaryImageOfPage\":{\"@id\":\"https:\/\/demo.akomi.it\/erbyshop\/fr\/anti-moustiques\/raccordo-di-giunzione\/#primaryimage\"},\"image\":{\"@id\":\"https:\/\/demo.akomi.it\/erbyshop\/fr\/anti-moustiques\/raccordo-di-giunzione\/#primaryimage\"},\"thumbnailUrl\":\"https:\/\/demo.akomi.it\/erbyshop\/fr\/wp-content\/uploads\/sites\/3\/RACCORDO-DI-GIUNZIONE.jpg\",\"datePublished\":\"2024-07-04T15:04:06+00:00\",\"dateModified\":\"2025-04-16T08:57:06+00:00\",\"description\":\"Raccordo di giunzione\u00a0ad innesto rapido per tubo 1\/4\\\" per\u00a0impianti di nebulizzazione e anti zanzare\",\"breadcrumb\":{\"@id\":\"https:\/\/demo.akomi.it\/erbyshop\/fr\/anti-moustiques\/raccordo-di-giunzione\/#breadcrumb\"},\"inLanguage\":\"fr-FR\",\"potentialAction\":[{\"@type\":\"ReadAction\",\"target\":[\"https:\/\/demo.akomi.it\/erbyshop\/fr\/anti-moustiques\/raccordo-di-giunzione\/\"]}]},{\"@type\":\"ImageObject\",\"inLanguage\":\"fr-FR\",\"@id\":\"https:\/\/demo.akomi.it\/erbyshop\/fr\/anti-moustiques\/raccordo-di-giunzione\/#primaryimage\",\"url\":\"https:\/\/demo.akomi.it\/erbyshop\/fr\/wp-content\/uploads\/sites\/3\/RACCORDO-DI-GIUNZIONE.jpg\",\"contentUrl\":\"https:\/\/demo.akomi.it\/erbyshop\/fr\/wp-content\/uploads\/sites\/3\/RACCORDO-DI-GIUNZIONE.jpg\",\"width\":2360,\"height\":1680},{\"@type\":\"BreadcrumbList\",\"@id\":\"https:\/\/demo.akomi.it\/erbyshop\/fr\/anti-moustiques\/raccordo-di-giunzione\/#breadcrumb\",\"itemListElement\":[{\"@type\":\"ListItem\",\"position\":1,\"name\":\"Home\",\"item\":\"https:\/\/demo.akomi.it\/erbyshop\/fr\/\"},{\"@type\":\"ListItem\",\"position\":2,\"name\":\"Shop\",\"item\":\"https:\/\/demo.akomi.it\/erbyshop\/fr\/e-commerce-erby\/\"},{\"@type\":\"ListItem\",\"position\":3,\"name\":\"Anti-moustiques\",\"item\":\"https:\/\/demo.akomi.it\/erbyshop\/fr\/anti-moustiques\/\"},{\"@type\":\"ListItem\",\"position\":4,\"name\":\"RACCORD DE JONCTION\"}]},{\"@type\":\"WebSite\",\"@id\":\"https:\/\/demo.akomi.it\/erbyshop\/fr\/#website\",\"url\":\"https:\/\/demo.akomi.it\/erbyshop\/fr\/\",\"name\":\"FR\",\"description\":\"Il prato intelligente\",\"potentialAction\":[{\"@type\":\"SearchAction\",\"target\":{\"@type\":\"EntryPoint\",\"urlTemplate\":\"https:\/\/demo.akomi.it\/erbyshop\/fr\/?s={search_term_string}\"},\"query-input\":{\"@type\":\"PropertyValueSpecification\",\"valueRequired\":true,\"valueName\":\"search_term_string\"}}],\"inLanguage\":\"fr-FR\"}]}<\/script>\n<!-- \/ Yoast SEO plugin. -->","yoast_head_json":{"title":"RACCORD DE JONCTION | FR","description":"Raccordo di giunzione\u00a0ad innesto rapido per tubo 1\/4\" per\u00a0impianti di nebulizzazione e anti zanzare","robots":{"index":"index","follow":"follow","max-snippet":"max-snippet:-1","max-image-preview":"max-image-preview:large","max-video-preview":"max-video-preview:-1"},"canonical":"https:\/\/demo.akomi.it\/erbyshop\/fr\/anti-moustiques\/raccordo-di-giunzione\/","og_locale":"fr_FR","og_type":"article","og_title":"RACCORD DE JONCTION | FR","og_description":"Raccordo di giunzione\u00a0ad innesto rapido per tubo 1\/4\" per\u00a0impianti di nebulizzazione e anti zanzare","og_url":"https:\/\/demo.akomi.it\/erbyshop\/fr\/anti-moustiques\/raccordo-di-giunzione\/","og_site_name":"FR","article_modified_time":"2025-04-16T08:57:06+00:00","og_image":[{"width":2360,"height":1680,"url":"https:\/\/demo.akomi.it\/erbyshop\/fr\/wp-content\/uploads\/sites\/3\/RACCORDO-DI-GIUNZIONE.jpg","type":"image\/jpeg"}],"twitter_card":"summary_large_image","twitter_misc":{"Dur\u00e9e de lecture estim\u00e9e":"1 minute"},"schema":{"@context":"https:\/\/schema.org","@graph":[{"@type":"WebPage","@id":"https:\/\/demo.akomi.it\/erbyshop\/fr\/anti-moustiques\/raccordo-di-giunzione\/","url":"https:\/\/demo.akomi.it\/erbyshop\/fr\/anti-moustiques\/raccordo-di-giunzione\/","name":"RACCORD DE JONCTION | FR","isPartOf":{"@id":"https:\/\/demo.akomi.it\/erbyshop\/fr\/#website"},"primaryImageOfPage":{"@id":"https:\/\/demo.akomi.it\/erbyshop\/fr\/anti-moustiques\/raccordo-di-giunzione\/#primaryimage"},"image":{"@id":"https:\/\/demo.akomi.it\/erbyshop\/fr\/anti-moustiques\/raccordo-di-giunzione\/#primaryimage"},"thumbnailUrl":"https:\/\/demo.akomi.it\/erbyshop\/fr\/wp-content\/uploads\/sites\/3\/RACCORDO-DI-GIUNZIONE.jpg","datePublished":"2024-07-04T15:04:06+00:00","dateModified":"2025-04-16T08:57:06+00:00","description":"Raccordo di giunzione\u00a0ad innesto rapido per tubo 1\/4\" per\u00a0impianti di nebulizzazione e anti zanzare","breadcrumb":{"@id":"https:\/\/demo.akomi.it\/erbyshop\/fr\/anti-moustiques\/raccordo-di-giunzione\/#breadcrumb"},"inLanguage":"fr-FR","potentialAction":[{"@type":"ReadAction","target":["https:\/\/demo.akomi.it\/erbyshop\/fr\/anti-moustiques\/raccordo-di-giunzione\/"]}]},{"@type":"ImageObject","inLanguage":"fr-FR","@id":"https:\/\/demo.akomi.it\/erbyshop\/fr\/anti-moustiques\/raccordo-di-giunzione\/#primaryimage","url":"https:\/\/demo.akomi.it\/erbyshop\/fr\/wp-content\/uploads\/sites\/3\/RACCORDO-DI-GIUNZIONE.jpg","contentUrl":"https:\/\/demo.akomi.it\/erbyshop\/fr\/wp-content\/uploads\/sites\/3\/RACCORDO-DI-GIUNZIONE.jpg","width":2360,"height":1680},{"@type":"BreadcrumbList","@id":"https:\/\/demo.akomi.it\/erbyshop\/fr\/anti-moustiques\/raccordo-di-giunzione\/#breadcrumb","itemListElement":[{"@type":"ListItem","position":1,"name":"Home","item":"https:\/\/demo.akomi.it\/erbyshop\/fr\/"},{"@type":"ListItem","position":2,"name":"Shop","item":"https:\/\/demo.akomi.it\/erbyshop\/fr\/e-commerce-erby\/"},{"@type":"ListItem","position":3,"name":"Anti-moustiques","item":"https:\/\/demo.akomi.it\/erbyshop\/fr\/anti-moustiques\/"},{"@type":"ListItem","position":4,"name":"RACCORD DE JONCTION"}]},{"@type":"WebSite","@id":"https:\/\/demo.akomi.it\/erbyshop\/fr\/#website","url":"https:\/\/demo.akomi.it\/erbyshop\/fr\/","name":"FR","description":"Il prato intelligente","potentialAction":[{"@type":"SearchAction","target":{"@type":"EntryPoint","urlTemplate":"https:\/\/demo.akomi.it\/erbyshop\/fr\/?s={search_term_string}"},"query-input":{"@type":"PropertyValueSpecification","valueRequired":true,"valueName":"search_term_string"}}],"inLanguage":"fr-FR"}]}},"_links":{"self":[{"href":"https:\/\/demo.akomi.it\/erbyshop\/fr\/wp-json\/wp\/v2\/product\/6476","targetHints":{"allow":["GET"]}}],"collection":[{"href":"https:\/\/demo.akomi.it\/erbyshop\/fr\/wp-json\/wp\/v2\/product"}],"about":[{"href":"https:\/\/demo.akomi.it\/erbyshop\/fr\/wp-json\/wp\/v2\/types\/product"}],"wp:featuredmedia":[{"embeddable":true,"href":"https:\/\/demo.akomi.it\/erbyshop\/fr\/wp-json\/wp\/v2\/media\/6477"}],"wp:attachment":[{"href":"https:\/\/demo.akomi.it\/erbyshop\/fr\/wp-json\/wp\/v2\/media?parent=6476"}],"wp:term":[{"taxonomy":"product_brand","embeddable":true,"href":"https:\/\/demo.akomi.it\/erbyshop\/fr\/wp-json\/wp\/v2\/product_brand?post=6476"},{"taxonomy":"product_cat","embeddable":true,"href":"https:\/\/demo.akomi.it\/erbyshop\/fr\/wp-json\/wp\/v2\/product_cat?post=6476"},{"taxonomy":"product_tag","embeddable":true,"href":"https:\/\/demo.akomi.it\/erbyshop\/fr\/wp-json\/wp\/v2\/product_tag?post=6476"}],"curies":[{"name":"wp","href":"https:\/\/api.w.org\/{rel}","templated":true}]}}