{"id":6496,"date":"2024-07-05T16:33:09","date_gmt":"2024-07-05T14:33:09","guid":{"rendered":"https:\/\/www.demo.akomi.it\/erbyshop\/fr\/?post_type=product&#038;p=6496"},"modified":"2025-04-16T10:26:31","modified_gmt":"2025-04-16T08:26:31","slug":"mister-mosquito-kit-20-smart-plus","status":"publish","type":"product","link":"https:\/\/demo.akomi.it\/erbyshop\/fr\/anti-moustiques\/mister-mosquito-kit-20-smart-plus\/","title":{"rendered":"MISTER MOSQUITO KIT 20 SMART PLUS"},"content":{"rendered":"<p>Kit anti-moustiques avec unit\u00e9 de m\u00e9lange double pour parcs et jardins de 100 \u00e0 10 000 m\u00b2.<br \/>\nLe syst\u00e8me est capable d&#8217;effectuer 2 traitements diff\u00e9renci\u00e9s de produits abattants ou r\u00e9pulsifs naturels \u00e0 des horaires diff\u00e9rents et ind\u00e9pendants sur le m\u00eame circuit.<\/p>\n<p>Le kit comprend:<\/p>\n<ul>\n<li>\n<p>N.01 unit\u00e9 de n\u00e9bulisation Smart Plus<\/p>\n<\/li>\n<li>\n<p>N.01 syst\u00e8me filtrant<\/p>\n<\/li>\n<li>\n<p>N.01 pince coupe-tube<\/p>\n<\/li>\n<li>\n<p>N.100 attaches pour fixer le tube<\/p>\n<\/li>\n<li>\n<p>N.20 raccords \u00e0 la fin de la ligne<\/p>\n<\/li>\n<li>\n<p>N.20 raccords en T<\/p>\n<\/li>\n<li>\n<p>N.22 buses de n\u00e9bulisation<\/p>\n<\/li>\n<li>\n<p>N.150 m de tube en polyamide basse pression<\/p>\n<\/li>\n<li>\n<p>N.20 indicateurs de pr\u00e9sence des buses<\/p>\n<\/li>\n<\/ul>\n","protected":false},"excerpt":{"rendered":"<p>Kit anti-moustiques avec unit\u00e9 de m\u00e9lange double pour parcs et jardins de 100 \u00e0 10 000 m\u00b2. Le syst\u00e8me est capable d&#8217;effectuer 2 traitements diff\u00e9renci\u00e9s de produits abattants ou r\u00e9pulsifs naturels \u00e0 des horaires diff\u00e9rents et ind\u00e9pendants sur le m\u00eame circuit. Le kit comprend: N.01 unit\u00e9 de n\u00e9bulisation Smart Plus N.01 syst\u00e8me filtrant N.01 pince &hellip; <a href=\"https:\/\/demo.akomi.it\/erbyshop\/fr\/anti-moustiques\/mister-mosquito-kit-20-smart-plus\/\">Continued<\/a><\/p>\n","protected":false},"featured_media":6497,"template":"","meta":[],"product_brand":[],"product_cat":[157],"product_tag":[],"class_list":{"0":"post-6496","1":"product","2":"type-product","3":"status-publish","4":"has-post-thumbnail","6":"product_cat-anti-moustiques","7":"product_shipping_class-tariffa-peso","9":"first","10":"instock","11":"taxable","12":"shipping-taxable","13":"purchasable","14":"product-type-simple"},"acf":[],"yoast_head":"<!-- This site is optimized with the Yoast SEO plugin v24.5 - https:\/\/yoast.com\/wordpress\/plugins\/seo\/ -->\n<title>MISTER MOSQUITO KIT 20 SMART PLUS | FR<\/title>\n<meta name=\"description\" content=\"Kit antizanzare con centralina a doppia miscelazione di prodotto per parchi e giardini da 100 a 10.000mq.\" \/>\n<meta name=\"robots\" content=\"index, follow, max-snippet:-1, max-image-preview:large, max-video-preview:-1\" \/>\n<link rel=\"canonical\" href=\"https:\/\/demo.akomi.it\/erbyshop\/fr\/anti-moustiques\/mister-mosquito-kit-20-smart-plus\/\" \/>\n<meta property=\"og:locale\" content=\"fr_FR\" \/>\n<meta property=\"og:type\" content=\"article\" \/>\n<meta property=\"og:title\" content=\"MISTER MOSQUITO KIT 20 SMART PLUS | FR\" \/>\n<meta property=\"og:description\" content=\"Kit antizanzare con centralina a doppia miscelazione di prodotto per parchi e giardini da 100 a 10.000mq.\" \/>\n<meta property=\"og:url\" content=\"https:\/\/demo.akomi.it\/erbyshop\/fr\/anti-moustiques\/mister-mosquito-kit-20-smart-plus\/\" \/>\n<meta property=\"og:site_name\" content=\"FR\" \/>\n<meta property=\"article:modified_time\" content=\"2025-04-16T08:26:31+00:00\" \/>\n<meta property=\"og:image\" content=\"https:\/\/demo.akomi.it\/erbyshop\/fr\/wp-content\/uploads\/sites\/3\/KIT-SMART-PLUS.jpg\" \/>\n\t<meta property=\"og:image:width\" content=\"2360\" \/>\n\t<meta property=\"og:image:height\" content=\"1680\" \/>\n\t<meta property=\"og:image:type\" content=\"image\/jpeg\" \/>\n<meta name=\"twitter:card\" content=\"summary_large_image\" \/>\n<meta name=\"twitter:label1\" content=\"Dur\u00e9e de lecture estim\u00e9e\" \/>\n\t<meta name=\"twitter:data1\" content=\"1 minute\" \/>\n<script type=\"application\/ld+json\" class=\"yoast-schema-graph\">{\"@context\":\"https:\/\/schema.org\",\"@graph\":[{\"@type\":\"WebPage\",\"@id\":\"https:\/\/demo.akomi.it\/erbyshop\/fr\/anti-moustiques\/mister-mosquito-kit-20-smart-plus\/\",\"url\":\"https:\/\/demo.akomi.it\/erbyshop\/fr\/anti-moustiques\/mister-mosquito-kit-20-smart-plus\/\",\"name\":\"MISTER MOSQUITO KIT 20 SMART PLUS | FR\",\"isPartOf\":{\"@id\":\"https:\/\/demo.akomi.it\/erbyshop\/fr\/#website\"},\"primaryImageOfPage\":{\"@id\":\"https:\/\/demo.akomi.it\/erbyshop\/fr\/anti-moustiques\/mister-mosquito-kit-20-smart-plus\/#primaryimage\"},\"image\":{\"@id\":\"https:\/\/demo.akomi.it\/erbyshop\/fr\/anti-moustiques\/mister-mosquito-kit-20-smart-plus\/#primaryimage\"},\"thumbnailUrl\":\"https:\/\/demo.akomi.it\/erbyshop\/fr\/wp-content\/uploads\/sites\/3\/KIT-SMART-PLUS.jpg\",\"datePublished\":\"2024-07-05T14:33:09+00:00\",\"dateModified\":\"2025-04-16T08:26:31+00:00\",\"description\":\"Kit antizanzare con centralina a doppia miscelazione di prodotto per parchi e giardini da 100 a 10.000mq.\",\"breadcrumb\":{\"@id\":\"https:\/\/demo.akomi.it\/erbyshop\/fr\/anti-moustiques\/mister-mosquito-kit-20-smart-plus\/#breadcrumb\"},\"inLanguage\":\"fr-FR\",\"potentialAction\":[{\"@type\":\"ReadAction\",\"target\":[\"https:\/\/demo.akomi.it\/erbyshop\/fr\/anti-moustiques\/mister-mosquito-kit-20-smart-plus\/\"]}]},{\"@type\":\"ImageObject\",\"inLanguage\":\"fr-FR\",\"@id\":\"https:\/\/demo.akomi.it\/erbyshop\/fr\/anti-moustiques\/mister-mosquito-kit-20-smart-plus\/#primaryimage\",\"url\":\"https:\/\/demo.akomi.it\/erbyshop\/fr\/wp-content\/uploads\/sites\/3\/KIT-SMART-PLUS.jpg\",\"contentUrl\":\"https:\/\/demo.akomi.it\/erbyshop\/fr\/wp-content\/uploads\/sites\/3\/KIT-SMART-PLUS.jpg\",\"width\":2360,\"height\":1680},{\"@type\":\"BreadcrumbList\",\"@id\":\"https:\/\/demo.akomi.it\/erbyshop\/fr\/anti-moustiques\/mister-mosquito-kit-20-smart-plus\/#breadcrumb\",\"itemListElement\":[{\"@type\":\"ListItem\",\"position\":1,\"name\":\"Home\",\"item\":\"https:\/\/demo.akomi.it\/erbyshop\/fr\/\"},{\"@type\":\"ListItem\",\"position\":2,\"name\":\"Shop\",\"item\":\"https:\/\/demo.akomi.it\/erbyshop\/fr\/e-commerce-erby\/\"},{\"@type\":\"ListItem\",\"position\":3,\"name\":\"Anti-moustiques\",\"item\":\"https:\/\/demo.akomi.it\/erbyshop\/fr\/anti-moustiques\/\"},{\"@type\":\"ListItem\",\"position\":4,\"name\":\"MISTER MOSQUITO KIT 20 SMART PLUS\"}]},{\"@type\":\"WebSite\",\"@id\":\"https:\/\/demo.akomi.it\/erbyshop\/fr\/#website\",\"url\":\"https:\/\/demo.akomi.it\/erbyshop\/fr\/\",\"name\":\"FR\",\"description\":\"Il prato intelligente\",\"potentialAction\":[{\"@type\":\"SearchAction\",\"target\":{\"@type\":\"EntryPoint\",\"urlTemplate\":\"https:\/\/demo.akomi.it\/erbyshop\/fr\/?s={search_term_string}\"},\"query-input\":{\"@type\":\"PropertyValueSpecification\",\"valueRequired\":true,\"valueName\":\"search_term_string\"}}],\"inLanguage\":\"fr-FR\"}]}<\/script>\n<!-- \/ Yoast SEO plugin. -->","yoast_head_json":{"title":"MISTER MOSQUITO KIT 20 SMART PLUS | FR","description":"Kit antizanzare con centralina a doppia miscelazione di prodotto per parchi e giardini da 100 a 10.000mq.","robots":{"index":"index","follow":"follow","max-snippet":"max-snippet:-1","max-image-preview":"max-image-preview:large","max-video-preview":"max-video-preview:-1"},"canonical":"https:\/\/demo.akomi.it\/erbyshop\/fr\/anti-moustiques\/mister-mosquito-kit-20-smart-plus\/","og_locale":"fr_FR","og_type":"article","og_title":"MISTER MOSQUITO KIT 20 SMART PLUS | FR","og_description":"Kit antizanzare con centralina a doppia miscelazione di prodotto per parchi e giardini da 100 a 10.000mq.","og_url":"https:\/\/demo.akomi.it\/erbyshop\/fr\/anti-moustiques\/mister-mosquito-kit-20-smart-plus\/","og_site_name":"FR","article_modified_time":"2025-04-16T08:26:31+00:00","og_image":[{"width":2360,"height":1680,"url":"https:\/\/demo.akomi.it\/erbyshop\/fr\/wp-content\/uploads\/sites\/3\/KIT-SMART-PLUS.jpg","type":"image\/jpeg"}],"twitter_card":"summary_large_image","twitter_misc":{"Dur\u00e9e de lecture estim\u00e9e":"1 minute"},"schema":{"@context":"https:\/\/schema.org","@graph":[{"@type":"WebPage","@id":"https:\/\/demo.akomi.it\/erbyshop\/fr\/anti-moustiques\/mister-mosquito-kit-20-smart-plus\/","url":"https:\/\/demo.akomi.it\/erbyshop\/fr\/anti-moustiques\/mister-mosquito-kit-20-smart-plus\/","name":"MISTER MOSQUITO KIT 20 SMART PLUS | FR","isPartOf":{"@id":"https:\/\/demo.akomi.it\/erbyshop\/fr\/#website"},"primaryImageOfPage":{"@id":"https:\/\/demo.akomi.it\/erbyshop\/fr\/anti-moustiques\/mister-mosquito-kit-20-smart-plus\/#primaryimage"},"image":{"@id":"https:\/\/demo.akomi.it\/erbyshop\/fr\/anti-moustiques\/mister-mosquito-kit-20-smart-plus\/#primaryimage"},"thumbnailUrl":"https:\/\/demo.akomi.it\/erbyshop\/fr\/wp-content\/uploads\/sites\/3\/KIT-SMART-PLUS.jpg","datePublished":"2024-07-05T14:33:09+00:00","dateModified":"2025-04-16T08:26:31+00:00","description":"Kit antizanzare con centralina a doppia miscelazione di prodotto per parchi e giardini da 100 a 10.000mq.","breadcrumb":{"@id":"https:\/\/demo.akomi.it\/erbyshop\/fr\/anti-moustiques\/mister-mosquito-kit-20-smart-plus\/#breadcrumb"},"inLanguage":"fr-FR","potentialAction":[{"@type":"ReadAction","target":["https:\/\/demo.akomi.it\/erbyshop\/fr\/anti-moustiques\/mister-mosquito-kit-20-smart-plus\/"]}]},{"@type":"ImageObject","inLanguage":"fr-FR","@id":"https:\/\/demo.akomi.it\/erbyshop\/fr\/anti-moustiques\/mister-mosquito-kit-20-smart-plus\/#primaryimage","url":"https:\/\/demo.akomi.it\/erbyshop\/fr\/wp-content\/uploads\/sites\/3\/KIT-SMART-PLUS.jpg","contentUrl":"https:\/\/demo.akomi.it\/erbyshop\/fr\/wp-content\/uploads\/sites\/3\/KIT-SMART-PLUS.jpg","width":2360,"height":1680},{"@type":"BreadcrumbList","@id":"https:\/\/demo.akomi.it\/erbyshop\/fr\/anti-moustiques\/mister-mosquito-kit-20-smart-plus\/#breadcrumb","itemListElement":[{"@type":"ListItem","position":1,"name":"Home","item":"https:\/\/demo.akomi.it\/erbyshop\/fr\/"},{"@type":"ListItem","position":2,"name":"Shop","item":"https:\/\/demo.akomi.it\/erbyshop\/fr\/e-commerce-erby\/"},{"@type":"ListItem","position":3,"name":"Anti-moustiques","item":"https:\/\/demo.akomi.it\/erbyshop\/fr\/anti-moustiques\/"},{"@type":"ListItem","position":4,"name":"MISTER MOSQUITO KIT 20 SMART PLUS"}]},{"@type":"WebSite","@id":"https:\/\/demo.akomi.it\/erbyshop\/fr\/#website","url":"https:\/\/demo.akomi.it\/erbyshop\/fr\/","name":"FR","description":"Il prato intelligente","potentialAction":[{"@type":"SearchAction","target":{"@type":"EntryPoint","urlTemplate":"https:\/\/demo.akomi.it\/erbyshop\/fr\/?s={search_term_string}"},"query-input":{"@type":"PropertyValueSpecification","valueRequired":true,"valueName":"search_term_string"}}],"inLanguage":"fr-FR"}]}},"_links":{"self":[{"href":"https:\/\/demo.akomi.it\/erbyshop\/fr\/wp-json\/wp\/v2\/product\/6496","targetHints":{"allow":["GET"]}}],"collection":[{"href":"https:\/\/demo.akomi.it\/erbyshop\/fr\/wp-json\/wp\/v2\/product"}],"about":[{"href":"https:\/\/demo.akomi.it\/erbyshop\/fr\/wp-json\/wp\/v2\/types\/product"}],"wp:featuredmedia":[{"embeddable":true,"href":"https:\/\/demo.akomi.it\/erbyshop\/fr\/wp-json\/wp\/v2\/media\/6497"}],"wp:attachment":[{"href":"https:\/\/demo.akomi.it\/erbyshop\/fr\/wp-json\/wp\/v2\/media?parent=6496"}],"wp:term":[{"taxonomy":"product_brand","embeddable":true,"href":"https:\/\/demo.akomi.it\/erbyshop\/fr\/wp-json\/wp\/v2\/product_brand?post=6496"},{"taxonomy":"product_cat","embeddable":true,"href":"https:\/\/demo.akomi.it\/erbyshop\/fr\/wp-json\/wp\/v2\/product_cat?post=6496"},{"taxonomy":"product_tag","embeddable":true,"href":"https:\/\/demo.akomi.it\/erbyshop\/fr\/wp-json\/wp\/v2\/product_tag?post=6496"}],"curies":[{"name":"wp","href":"https:\/\/api.w.org\/{rel}","templated":true}]}}