{"id":6498,"date":"2024-07-05T16:49:02","date_gmt":"2024-07-05T14:49:02","guid":{"rendered":"https:\/\/www.demo.akomi.it\/erbyshop\/fr\/?post_type=product&#038;p=6498"},"modified":"2025-04-16T10:25:25","modified_gmt":"2025-04-16T08:25:25","slug":"mister-mosquito-kit-10-junior","status":"publish","type":"product","link":"https:\/\/demo.akomi.it\/erbyshop\/fr\/anti-moustiques\/mister-mosquito-kit-10-junior\/","title":{"rendered":"MISTER MOSQUITO KIT 10 JUNIOR"},"content":{"rendered":"<p>Le nouveau Mister Mosquito Junior m\u00e9lange automatiquement l&#8217;eau avec le principe actif concentr\u00e9 \u00e0 l&#8217;int\u00e9rieur, garantissant une efficacit\u00e9 maximale \u00e0 chaque intervention.<\/p>\n<p>Il fonctionne sous une pression de 20 bars et est fourni dans un kit pratique et complet d&#8217;installation comprenant 10 buses de n\u00e9bulisation.<\/p>\n<p>Le kit comprend:<\/p>\n<ul>\n<li>\n<p>N.01 unit\u00e9 de n\u00e9bulisation Junior avec contr\u00f4le via minuterie quotidienne\/hebdomadaire<\/p>\n<\/li>\n<li>\n<p>N.01 pince coupe-tube<\/p>\n<\/li>\n<li>\n<p>N.50 attaches pour fixer le tube<\/p>\n<\/li>\n<li>\n<p>N.10 raccords \u00e0 la fin de la ligne<\/p>\n<\/li>\n<li>\n<p>N.10 raccords en T<\/p>\n<\/li>\n<li>\n<p>N.10 buses de n\u00e9bulisation<\/p>\n<\/li>\n<li>\n<p>N.50 m de tube en polyamide basse pression<\/p>\n<\/li>\n<li>\n<p>N.10 indicateurs de pr\u00e9sence des buses<\/p>\n<\/li>\n<\/ul>\n","protected":false},"excerpt":{"rendered":"<p>Le nouveau Mister Mosquito Junior m\u00e9lange automatiquement l&#8217;eau avec le principe actif concentr\u00e9 \u00e0 l&#8217;int\u00e9rieur, garantissant une efficacit\u00e9 maximale \u00e0 chaque intervention. Il fonctionne sous une pression de 20 bars et est fourni dans un kit pratique et complet d&#8217;installation comprenant 10 buses de n\u00e9bulisation. Le kit comprend: N.01 unit\u00e9 de n\u00e9bulisation Junior avec contr\u00f4le &hellip; <a href=\"https:\/\/demo.akomi.it\/erbyshop\/fr\/anti-moustiques\/mister-mosquito-kit-10-junior\/\">Continued<\/a><\/p>\n","protected":false},"featured_media":6499,"template":"","meta":[],"product_brand":[],"product_cat":[157],"product_tag":[],"class_list":{"0":"post-6498","1":"product","2":"type-product","3":"status-publish","4":"has-post-thumbnail","6":"product_cat-anti-moustiques","7":"product_shipping_class-tariffa-peso","9":"first","10":"instock","11":"taxable","12":"shipping-taxable","13":"purchasable","14":"product-type-simple"},"acf":[],"yoast_head":"<!-- This site is optimized with the Yoast SEO plugin v24.5 - https:\/\/yoast.com\/wordpress\/plugins\/seo\/ -->\n<title>MISTER MOSQUITO KIT 10 JUNIOR | FR<\/title>\n<meta name=\"description\" content=\"Il nuovo Mister Mosquito Junior automaticamente miscela al suo interno l\u2019acqua con il principio attivo concentrato garantendo la massima efficacia ad ogni intervento.\" \/>\n<meta name=\"robots\" content=\"index, follow, max-snippet:-1, max-image-preview:large, max-video-preview:-1\" \/>\n<link rel=\"canonical\" href=\"https:\/\/demo.akomi.it\/erbyshop\/fr\/anti-moustiques\/mister-mosquito-kit-10-junior\/\" \/>\n<meta property=\"og:locale\" content=\"fr_FR\" \/>\n<meta property=\"og:type\" content=\"article\" \/>\n<meta property=\"og:title\" content=\"MISTER MOSQUITO KIT 10 JUNIOR | FR\" \/>\n<meta property=\"og:description\" content=\"Il nuovo Mister Mosquito Junior automaticamente miscela al suo interno l\u2019acqua con il principio attivo concentrato garantendo la massima efficacia ad ogni intervento.\" \/>\n<meta property=\"og:url\" content=\"https:\/\/demo.akomi.it\/erbyshop\/fr\/anti-moustiques\/mister-mosquito-kit-10-junior\/\" \/>\n<meta property=\"og:site_name\" content=\"FR\" \/>\n<meta property=\"article:modified_time\" content=\"2025-04-16T08:25:25+00:00\" \/>\n<meta property=\"og:image\" content=\"https:\/\/demo.akomi.it\/erbyshop\/fr\/wp-content\/uploads\/sites\/3\/KIT-JUNIOR.jpg\" \/>\n\t<meta property=\"og:image:width\" content=\"2360\" \/>\n\t<meta property=\"og:image:height\" content=\"1680\" \/>\n\t<meta property=\"og:image:type\" content=\"image\/jpeg\" \/>\n<meta name=\"twitter:card\" content=\"summary_large_image\" \/>\n<meta name=\"twitter:label1\" content=\"Dur\u00e9e de lecture estim\u00e9e\" \/>\n\t<meta name=\"twitter:data1\" content=\"1 minute\" \/>\n<script type=\"application\/ld+json\" class=\"yoast-schema-graph\">{\"@context\":\"https:\/\/schema.org\",\"@graph\":[{\"@type\":\"WebPage\",\"@id\":\"https:\/\/demo.akomi.it\/erbyshop\/fr\/anti-moustiques\/mister-mosquito-kit-10-junior\/\",\"url\":\"https:\/\/demo.akomi.it\/erbyshop\/fr\/anti-moustiques\/mister-mosquito-kit-10-junior\/\",\"name\":\"MISTER MOSQUITO KIT 10 JUNIOR | FR\",\"isPartOf\":{\"@id\":\"https:\/\/demo.akomi.it\/erbyshop\/fr\/#website\"},\"primaryImageOfPage\":{\"@id\":\"https:\/\/demo.akomi.it\/erbyshop\/fr\/anti-moustiques\/mister-mosquito-kit-10-junior\/#primaryimage\"},\"image\":{\"@id\":\"https:\/\/demo.akomi.it\/erbyshop\/fr\/anti-moustiques\/mister-mosquito-kit-10-junior\/#primaryimage\"},\"thumbnailUrl\":\"https:\/\/demo.akomi.it\/erbyshop\/fr\/wp-content\/uploads\/sites\/3\/KIT-JUNIOR.jpg\",\"datePublished\":\"2024-07-05T14:49:02+00:00\",\"dateModified\":\"2025-04-16T08:25:25+00:00\",\"description\":\"Il nuovo Mister Mosquito Junior automaticamente miscela al suo interno l\u2019acqua con il principio attivo concentrato garantendo la massima efficacia ad ogni intervento.\",\"breadcrumb\":{\"@id\":\"https:\/\/demo.akomi.it\/erbyshop\/fr\/anti-moustiques\/mister-mosquito-kit-10-junior\/#breadcrumb\"},\"inLanguage\":\"fr-FR\",\"potentialAction\":[{\"@type\":\"ReadAction\",\"target\":[\"https:\/\/demo.akomi.it\/erbyshop\/fr\/anti-moustiques\/mister-mosquito-kit-10-junior\/\"]}]},{\"@type\":\"ImageObject\",\"inLanguage\":\"fr-FR\",\"@id\":\"https:\/\/demo.akomi.it\/erbyshop\/fr\/anti-moustiques\/mister-mosquito-kit-10-junior\/#primaryimage\",\"url\":\"https:\/\/demo.akomi.it\/erbyshop\/fr\/wp-content\/uploads\/sites\/3\/KIT-JUNIOR.jpg\",\"contentUrl\":\"https:\/\/demo.akomi.it\/erbyshop\/fr\/wp-content\/uploads\/sites\/3\/KIT-JUNIOR.jpg\",\"width\":2360,\"height\":1680},{\"@type\":\"BreadcrumbList\",\"@id\":\"https:\/\/demo.akomi.it\/erbyshop\/fr\/anti-moustiques\/mister-mosquito-kit-10-junior\/#breadcrumb\",\"itemListElement\":[{\"@type\":\"ListItem\",\"position\":1,\"name\":\"Home\",\"item\":\"https:\/\/demo.akomi.it\/erbyshop\/fr\/\"},{\"@type\":\"ListItem\",\"position\":2,\"name\":\"Shop\",\"item\":\"https:\/\/demo.akomi.it\/erbyshop\/fr\/e-commerce-erby\/\"},{\"@type\":\"ListItem\",\"position\":3,\"name\":\"Anti-moustiques\",\"item\":\"https:\/\/demo.akomi.it\/erbyshop\/fr\/anti-moustiques\/\"},{\"@type\":\"ListItem\",\"position\":4,\"name\":\"MISTER MOSQUITO KIT 10 JUNIOR\"}]},{\"@type\":\"WebSite\",\"@id\":\"https:\/\/demo.akomi.it\/erbyshop\/fr\/#website\",\"url\":\"https:\/\/demo.akomi.it\/erbyshop\/fr\/\",\"name\":\"FR\",\"description\":\"Il prato intelligente\",\"potentialAction\":[{\"@type\":\"SearchAction\",\"target\":{\"@type\":\"EntryPoint\",\"urlTemplate\":\"https:\/\/demo.akomi.it\/erbyshop\/fr\/?s={search_term_string}\"},\"query-input\":{\"@type\":\"PropertyValueSpecification\",\"valueRequired\":true,\"valueName\":\"search_term_string\"}}],\"inLanguage\":\"fr-FR\"}]}<\/script>\n<!-- \/ Yoast SEO plugin. -->","yoast_head_json":{"title":"MISTER MOSQUITO KIT 10 JUNIOR | FR","description":"Il nuovo Mister Mosquito Junior automaticamente miscela al suo interno l\u2019acqua con il principio attivo concentrato garantendo la massima efficacia ad ogni intervento.","robots":{"index":"index","follow":"follow","max-snippet":"max-snippet:-1","max-image-preview":"max-image-preview:large","max-video-preview":"max-video-preview:-1"},"canonical":"https:\/\/demo.akomi.it\/erbyshop\/fr\/anti-moustiques\/mister-mosquito-kit-10-junior\/","og_locale":"fr_FR","og_type":"article","og_title":"MISTER MOSQUITO KIT 10 JUNIOR | FR","og_description":"Il nuovo Mister Mosquito Junior automaticamente miscela al suo interno l\u2019acqua con il principio attivo concentrato garantendo la massima efficacia ad ogni intervento.","og_url":"https:\/\/demo.akomi.it\/erbyshop\/fr\/anti-moustiques\/mister-mosquito-kit-10-junior\/","og_site_name":"FR","article_modified_time":"2025-04-16T08:25:25+00:00","og_image":[{"width":2360,"height":1680,"url":"https:\/\/demo.akomi.it\/erbyshop\/fr\/wp-content\/uploads\/sites\/3\/KIT-JUNIOR.jpg","type":"image\/jpeg"}],"twitter_card":"summary_large_image","twitter_misc":{"Dur\u00e9e de lecture estim\u00e9e":"1 minute"},"schema":{"@context":"https:\/\/schema.org","@graph":[{"@type":"WebPage","@id":"https:\/\/demo.akomi.it\/erbyshop\/fr\/anti-moustiques\/mister-mosquito-kit-10-junior\/","url":"https:\/\/demo.akomi.it\/erbyshop\/fr\/anti-moustiques\/mister-mosquito-kit-10-junior\/","name":"MISTER MOSQUITO KIT 10 JUNIOR | FR","isPartOf":{"@id":"https:\/\/demo.akomi.it\/erbyshop\/fr\/#website"},"primaryImageOfPage":{"@id":"https:\/\/demo.akomi.it\/erbyshop\/fr\/anti-moustiques\/mister-mosquito-kit-10-junior\/#primaryimage"},"image":{"@id":"https:\/\/demo.akomi.it\/erbyshop\/fr\/anti-moustiques\/mister-mosquito-kit-10-junior\/#primaryimage"},"thumbnailUrl":"https:\/\/demo.akomi.it\/erbyshop\/fr\/wp-content\/uploads\/sites\/3\/KIT-JUNIOR.jpg","datePublished":"2024-07-05T14:49:02+00:00","dateModified":"2025-04-16T08:25:25+00:00","description":"Il nuovo Mister Mosquito Junior automaticamente miscela al suo interno l\u2019acqua con il principio attivo concentrato garantendo la massima efficacia ad ogni intervento.","breadcrumb":{"@id":"https:\/\/demo.akomi.it\/erbyshop\/fr\/anti-moustiques\/mister-mosquito-kit-10-junior\/#breadcrumb"},"inLanguage":"fr-FR","potentialAction":[{"@type":"ReadAction","target":["https:\/\/demo.akomi.it\/erbyshop\/fr\/anti-moustiques\/mister-mosquito-kit-10-junior\/"]}]},{"@type":"ImageObject","inLanguage":"fr-FR","@id":"https:\/\/demo.akomi.it\/erbyshop\/fr\/anti-moustiques\/mister-mosquito-kit-10-junior\/#primaryimage","url":"https:\/\/demo.akomi.it\/erbyshop\/fr\/wp-content\/uploads\/sites\/3\/KIT-JUNIOR.jpg","contentUrl":"https:\/\/demo.akomi.it\/erbyshop\/fr\/wp-content\/uploads\/sites\/3\/KIT-JUNIOR.jpg","width":2360,"height":1680},{"@type":"BreadcrumbList","@id":"https:\/\/demo.akomi.it\/erbyshop\/fr\/anti-moustiques\/mister-mosquito-kit-10-junior\/#breadcrumb","itemListElement":[{"@type":"ListItem","position":1,"name":"Home","item":"https:\/\/demo.akomi.it\/erbyshop\/fr\/"},{"@type":"ListItem","position":2,"name":"Shop","item":"https:\/\/demo.akomi.it\/erbyshop\/fr\/e-commerce-erby\/"},{"@type":"ListItem","position":3,"name":"Anti-moustiques","item":"https:\/\/demo.akomi.it\/erbyshop\/fr\/anti-moustiques\/"},{"@type":"ListItem","position":4,"name":"MISTER MOSQUITO KIT 10 JUNIOR"}]},{"@type":"WebSite","@id":"https:\/\/demo.akomi.it\/erbyshop\/fr\/#website","url":"https:\/\/demo.akomi.it\/erbyshop\/fr\/","name":"FR","description":"Il prato intelligente","potentialAction":[{"@type":"SearchAction","target":{"@type":"EntryPoint","urlTemplate":"https:\/\/demo.akomi.it\/erbyshop\/fr\/?s={search_term_string}"},"query-input":{"@type":"PropertyValueSpecification","valueRequired":true,"valueName":"search_term_string"}}],"inLanguage":"fr-FR"}]}},"_links":{"self":[{"href":"https:\/\/demo.akomi.it\/erbyshop\/fr\/wp-json\/wp\/v2\/product\/6498","targetHints":{"allow":["GET"]}}],"collection":[{"href":"https:\/\/demo.akomi.it\/erbyshop\/fr\/wp-json\/wp\/v2\/product"}],"about":[{"href":"https:\/\/demo.akomi.it\/erbyshop\/fr\/wp-json\/wp\/v2\/types\/product"}],"wp:featuredmedia":[{"embeddable":true,"href":"https:\/\/demo.akomi.it\/erbyshop\/fr\/wp-json\/wp\/v2\/media\/6499"}],"wp:attachment":[{"href":"https:\/\/demo.akomi.it\/erbyshop\/fr\/wp-json\/wp\/v2\/media?parent=6498"}],"wp:term":[{"taxonomy":"product_brand","embeddable":true,"href":"https:\/\/demo.akomi.it\/erbyshop\/fr\/wp-json\/wp\/v2\/product_brand?post=6498"},{"taxonomy":"product_cat","embeddable":true,"href":"https:\/\/demo.akomi.it\/erbyshop\/fr\/wp-json\/wp\/v2\/product_cat?post=6498"},{"taxonomy":"product_tag","embeddable":true,"href":"https:\/\/demo.akomi.it\/erbyshop\/fr\/wp-json\/wp\/v2\/product_tag?post=6498"}],"curies":[{"name":"wp","href":"https:\/\/api.w.org\/{rel}","templated":true}]}}