{"id":6527,"date":"2024-07-15T17:44:26","date_gmt":"2024-07-15T15:44:26","guid":{"rendered":"https:\/\/www.demo.akomi.it\/erbyshop\/fr\/?post_type=product&#038;p=6527"},"modified":"2025-04-16T10:20:00","modified_gmt":"2025-04-16T08:20:00","slug":"ficus-elastica-h150cm","status":"publish","type":"product","link":"https:\/\/demo.akomi.it\/erbyshop\/fr\/plantes-artificielles\/ficus-elastica-h150cm\/","title":{"rendered":"FICUS \u00c9LASTICA H150cm"},"content":{"rendered":"<p>Le Ficus elastica est un arbre originaire des zones humides tropicales. \u00c0 l&#8217;\u00e9tat sauvage, il peut atteindre plus de 30 m\u00e8tres de hauteur. Il poss\u00e8de de grandes feuilles ovales, vert fonc\u00e9 brillant, parfois marbr\u00e9es de jaune, avec une pointe prononc\u00e9e. Les jeunes pousses de feuilles sont couvertes d&#8217;une bract\u00e9e protectrice rose ou rouge\u00e2tre.<\/p>\n<p>En pot, il fleurit difficilement et atteint une hauteur de 2,5 m\u00e8tres avec une forme droite et bien d\u00e9finie. Le Ficus elastica est connu sous le nom de Figuier \u00e0 caoutchouc en raison du latex blanc utilis\u00e9 pour la production de caoutchouc.<\/p>\n","protected":false},"excerpt":{"rendered":"<p>Le Ficus elastica est un arbre originaire des zones humides tropicales. \u00c0 l&#8217;\u00e9tat sauvage, il peut atteindre plus de 30 m\u00e8tres de hauteur. Il poss\u00e8de de grandes feuilles ovales, vert fonc\u00e9 brillant, parfois marbr\u00e9es de jaune, avec une pointe prononc\u00e9e. Les jeunes pousses de feuilles sont couvertes d&#8217;une bract\u00e9e protectrice rose ou rouge\u00e2tre. En pot, &hellip; <a href=\"https:\/\/demo.akomi.it\/erbyshop\/fr\/plantes-artificielles\/ficus-elastica-h150cm\/\">Continued<\/a><\/p>\n","protected":false},"featured_media":6528,"template":"","meta":[],"product_brand":[],"product_cat":[158],"product_tag":[],"class_list":{"0":"post-6527","1":"product","2":"type-product","3":"status-publish","4":"has-post-thumbnail","6":"product_cat-plantes-artificielles","7":"product_shipping_class-spedizione-gratuita","9":"first","10":"instock","11":"taxable","12":"shipping-taxable","13":"purchasable","14":"product-type-simple"},"acf":[],"yoast_head":"<!-- This site is optimized with the Yoast SEO plugin v24.5 - https:\/\/yoast.com\/wordpress\/plugins\/seo\/ -->\n<title>FICUS \u00c9LASTICA H150cm | FR<\/title>\n<meta name=\"description\" content=\"Tronco naturale trattato e provvisto di Certificato Fitosanitario - Pezzo Unico - Non necessario Montaggio - Foglie cerate e antipolvere - Vaso in plastica incluso\" \/>\n<meta name=\"robots\" content=\"index, follow, max-snippet:-1, max-image-preview:large, max-video-preview:-1\" \/>\n<link rel=\"canonical\" href=\"https:\/\/demo.akomi.it\/erbyshop\/fr\/plantes-artificielles\/ficus-elastica-h150cm\/\" \/>\n<meta property=\"og:locale\" content=\"fr_FR\" \/>\n<meta property=\"og:type\" content=\"article\" \/>\n<meta property=\"og:title\" content=\"FICUS \u00c9LASTICA H150cm | FR\" \/>\n<meta property=\"og:description\" content=\"Tronco naturale trattato e provvisto di Certificato Fitosanitario - Pezzo Unico - Non necessario Montaggio - Foglie cerate e antipolvere - Vaso in plastica incluso\" \/>\n<meta property=\"og:url\" content=\"https:\/\/demo.akomi.it\/erbyshop\/fr\/plantes-artificielles\/ficus-elastica-h150cm\/\" \/>\n<meta property=\"og:site_name\" content=\"FR\" \/>\n<meta property=\"article:modified_time\" content=\"2025-04-16T08:20:00+00:00\" \/>\n<meta property=\"og:image\" content=\"https:\/\/demo.akomi.it\/erbyshop\/fr\/wp-content\/uploads\/sites\/3\/Y-FIC-ELAS150-G-FICUS-ELASTICA-150.jpg\" \/>\n\t<meta property=\"og:image:width\" content=\"2360\" \/>\n\t<meta property=\"og:image:height\" content=\"1680\" \/>\n\t<meta property=\"og:image:type\" content=\"image\/jpeg\" \/>\n<meta name=\"twitter:card\" content=\"summary_large_image\" \/>\n<meta name=\"twitter:label1\" content=\"Dur\u00e9e de lecture estim\u00e9e\" \/>\n\t<meta name=\"twitter:data1\" content=\"1 minute\" \/>\n<script type=\"application\/ld+json\" class=\"yoast-schema-graph\">{\"@context\":\"https:\/\/schema.org\",\"@graph\":[{\"@type\":\"WebPage\",\"@id\":\"https:\/\/demo.akomi.it\/erbyshop\/fr\/plantes-artificielles\/ficus-elastica-h150cm\/\",\"url\":\"https:\/\/demo.akomi.it\/erbyshop\/fr\/plantes-artificielles\/ficus-elastica-h150cm\/\",\"name\":\"FICUS \u00c9LASTICA H150cm | FR\",\"isPartOf\":{\"@id\":\"https:\/\/demo.akomi.it\/erbyshop\/fr\/#website\"},\"primaryImageOfPage\":{\"@id\":\"https:\/\/demo.akomi.it\/erbyshop\/fr\/plantes-artificielles\/ficus-elastica-h150cm\/#primaryimage\"},\"image\":{\"@id\":\"https:\/\/demo.akomi.it\/erbyshop\/fr\/plantes-artificielles\/ficus-elastica-h150cm\/#primaryimage\"},\"thumbnailUrl\":\"https:\/\/demo.akomi.it\/erbyshop\/fr\/wp-content\/uploads\/sites\/3\/Y-FIC-ELAS150-G-FICUS-ELASTICA-150.jpg\",\"datePublished\":\"2024-07-15T15:44:26+00:00\",\"dateModified\":\"2025-04-16T08:20:00+00:00\",\"description\":\"Tronco naturale trattato e provvisto di Certificato Fitosanitario - Pezzo Unico - Non necessario Montaggio - Foglie cerate e antipolvere - Vaso in plastica incluso\",\"breadcrumb\":{\"@id\":\"https:\/\/demo.akomi.it\/erbyshop\/fr\/plantes-artificielles\/ficus-elastica-h150cm\/#breadcrumb\"},\"inLanguage\":\"fr-FR\",\"potentialAction\":[{\"@type\":\"ReadAction\",\"target\":[\"https:\/\/demo.akomi.it\/erbyshop\/fr\/plantes-artificielles\/ficus-elastica-h150cm\/\"]}]},{\"@type\":\"ImageObject\",\"inLanguage\":\"fr-FR\",\"@id\":\"https:\/\/demo.akomi.it\/erbyshop\/fr\/plantes-artificielles\/ficus-elastica-h150cm\/#primaryimage\",\"url\":\"https:\/\/demo.akomi.it\/erbyshop\/fr\/wp-content\/uploads\/sites\/3\/Y-FIC-ELAS150-G-FICUS-ELASTICA-150.jpg\",\"contentUrl\":\"https:\/\/demo.akomi.it\/erbyshop\/fr\/wp-content\/uploads\/sites\/3\/Y-FIC-ELAS150-G-FICUS-ELASTICA-150.jpg\",\"width\":2360,\"height\":1680},{\"@type\":\"BreadcrumbList\",\"@id\":\"https:\/\/demo.akomi.it\/erbyshop\/fr\/plantes-artificielles\/ficus-elastica-h150cm\/#breadcrumb\",\"itemListElement\":[{\"@type\":\"ListItem\",\"position\":1,\"name\":\"Home\",\"item\":\"https:\/\/demo.akomi.it\/erbyshop\/fr\/\"},{\"@type\":\"ListItem\",\"position\":2,\"name\":\"Shop\",\"item\":\"https:\/\/demo.akomi.it\/erbyshop\/fr\/e-commerce-erby\/\"},{\"@type\":\"ListItem\",\"position\":3,\"name\":\"Plantes artificielles\",\"item\":\"https:\/\/demo.akomi.it\/erbyshop\/fr\/plantes-artificielles\/\"},{\"@type\":\"ListItem\",\"position\":4,\"name\":\"FICUS \u00c9LASTICA H150cm\"}]},{\"@type\":\"WebSite\",\"@id\":\"https:\/\/demo.akomi.it\/erbyshop\/fr\/#website\",\"url\":\"https:\/\/demo.akomi.it\/erbyshop\/fr\/\",\"name\":\"FR\",\"description\":\"Il prato intelligente\",\"potentialAction\":[{\"@type\":\"SearchAction\",\"target\":{\"@type\":\"EntryPoint\",\"urlTemplate\":\"https:\/\/demo.akomi.it\/erbyshop\/fr\/?s={search_term_string}\"},\"query-input\":{\"@type\":\"PropertyValueSpecification\",\"valueRequired\":true,\"valueName\":\"search_term_string\"}}],\"inLanguage\":\"fr-FR\"}]}<\/script>\n<!-- \/ Yoast SEO plugin. -->","yoast_head_json":{"title":"FICUS \u00c9LASTICA H150cm | FR","description":"Tronco naturale trattato e provvisto di Certificato Fitosanitario - Pezzo Unico - Non necessario Montaggio - Foglie cerate e antipolvere - Vaso in plastica incluso","robots":{"index":"index","follow":"follow","max-snippet":"max-snippet:-1","max-image-preview":"max-image-preview:large","max-video-preview":"max-video-preview:-1"},"canonical":"https:\/\/demo.akomi.it\/erbyshop\/fr\/plantes-artificielles\/ficus-elastica-h150cm\/","og_locale":"fr_FR","og_type":"article","og_title":"FICUS \u00c9LASTICA H150cm | FR","og_description":"Tronco naturale trattato e provvisto di Certificato Fitosanitario - Pezzo Unico - Non necessario Montaggio - Foglie cerate e antipolvere - Vaso in plastica incluso","og_url":"https:\/\/demo.akomi.it\/erbyshop\/fr\/plantes-artificielles\/ficus-elastica-h150cm\/","og_site_name":"FR","article_modified_time":"2025-04-16T08:20:00+00:00","og_image":[{"width":2360,"height":1680,"url":"https:\/\/demo.akomi.it\/erbyshop\/fr\/wp-content\/uploads\/sites\/3\/Y-FIC-ELAS150-G-FICUS-ELASTICA-150.jpg","type":"image\/jpeg"}],"twitter_card":"summary_large_image","twitter_misc":{"Dur\u00e9e de lecture estim\u00e9e":"1 minute"},"schema":{"@context":"https:\/\/schema.org","@graph":[{"@type":"WebPage","@id":"https:\/\/demo.akomi.it\/erbyshop\/fr\/plantes-artificielles\/ficus-elastica-h150cm\/","url":"https:\/\/demo.akomi.it\/erbyshop\/fr\/plantes-artificielles\/ficus-elastica-h150cm\/","name":"FICUS \u00c9LASTICA H150cm | FR","isPartOf":{"@id":"https:\/\/demo.akomi.it\/erbyshop\/fr\/#website"},"primaryImageOfPage":{"@id":"https:\/\/demo.akomi.it\/erbyshop\/fr\/plantes-artificielles\/ficus-elastica-h150cm\/#primaryimage"},"image":{"@id":"https:\/\/demo.akomi.it\/erbyshop\/fr\/plantes-artificielles\/ficus-elastica-h150cm\/#primaryimage"},"thumbnailUrl":"https:\/\/demo.akomi.it\/erbyshop\/fr\/wp-content\/uploads\/sites\/3\/Y-FIC-ELAS150-G-FICUS-ELASTICA-150.jpg","datePublished":"2024-07-15T15:44:26+00:00","dateModified":"2025-04-16T08:20:00+00:00","description":"Tronco naturale trattato e provvisto di Certificato Fitosanitario - Pezzo Unico - Non necessario Montaggio - Foglie cerate e antipolvere - Vaso in plastica incluso","breadcrumb":{"@id":"https:\/\/demo.akomi.it\/erbyshop\/fr\/plantes-artificielles\/ficus-elastica-h150cm\/#breadcrumb"},"inLanguage":"fr-FR","potentialAction":[{"@type":"ReadAction","target":["https:\/\/demo.akomi.it\/erbyshop\/fr\/plantes-artificielles\/ficus-elastica-h150cm\/"]}]},{"@type":"ImageObject","inLanguage":"fr-FR","@id":"https:\/\/demo.akomi.it\/erbyshop\/fr\/plantes-artificielles\/ficus-elastica-h150cm\/#primaryimage","url":"https:\/\/demo.akomi.it\/erbyshop\/fr\/wp-content\/uploads\/sites\/3\/Y-FIC-ELAS150-G-FICUS-ELASTICA-150.jpg","contentUrl":"https:\/\/demo.akomi.it\/erbyshop\/fr\/wp-content\/uploads\/sites\/3\/Y-FIC-ELAS150-G-FICUS-ELASTICA-150.jpg","width":2360,"height":1680},{"@type":"BreadcrumbList","@id":"https:\/\/demo.akomi.it\/erbyshop\/fr\/plantes-artificielles\/ficus-elastica-h150cm\/#breadcrumb","itemListElement":[{"@type":"ListItem","position":1,"name":"Home","item":"https:\/\/demo.akomi.it\/erbyshop\/fr\/"},{"@type":"ListItem","position":2,"name":"Shop","item":"https:\/\/demo.akomi.it\/erbyshop\/fr\/e-commerce-erby\/"},{"@type":"ListItem","position":3,"name":"Plantes artificielles","item":"https:\/\/demo.akomi.it\/erbyshop\/fr\/plantes-artificielles\/"},{"@type":"ListItem","position":4,"name":"FICUS \u00c9LASTICA H150cm"}]},{"@type":"WebSite","@id":"https:\/\/demo.akomi.it\/erbyshop\/fr\/#website","url":"https:\/\/demo.akomi.it\/erbyshop\/fr\/","name":"FR","description":"Il prato intelligente","potentialAction":[{"@type":"SearchAction","target":{"@type":"EntryPoint","urlTemplate":"https:\/\/demo.akomi.it\/erbyshop\/fr\/?s={search_term_string}"},"query-input":{"@type":"PropertyValueSpecification","valueRequired":true,"valueName":"search_term_string"}}],"inLanguage":"fr-FR"}]}},"_links":{"self":[{"href":"https:\/\/demo.akomi.it\/erbyshop\/fr\/wp-json\/wp\/v2\/product\/6527","targetHints":{"allow":["GET"]}}],"collection":[{"href":"https:\/\/demo.akomi.it\/erbyshop\/fr\/wp-json\/wp\/v2\/product"}],"about":[{"href":"https:\/\/demo.akomi.it\/erbyshop\/fr\/wp-json\/wp\/v2\/types\/product"}],"wp:featuredmedia":[{"embeddable":true,"href":"https:\/\/demo.akomi.it\/erbyshop\/fr\/wp-json\/wp\/v2\/media\/6528"}],"wp:attachment":[{"href":"https:\/\/demo.akomi.it\/erbyshop\/fr\/wp-json\/wp\/v2\/media?parent=6527"}],"wp:term":[{"taxonomy":"product_brand","embeddable":true,"href":"https:\/\/demo.akomi.it\/erbyshop\/fr\/wp-json\/wp\/v2\/product_brand?post=6527"},{"taxonomy":"product_cat","embeddable":true,"href":"https:\/\/demo.akomi.it\/erbyshop\/fr\/wp-json\/wp\/v2\/product_cat?post=6527"},{"taxonomy":"product_tag","embeddable":true,"href":"https:\/\/demo.akomi.it\/erbyshop\/fr\/wp-json\/wp\/v2\/product_tag?post=6527"}],"curies":[{"name":"wp","href":"https:\/\/api.w.org\/{rel}","templated":true}]}}