{"id":6540,"date":"2024-07-16T11:51:42","date_gmt":"2024-07-16T09:51:42","guid":{"rendered":"https:\/\/www.demo.akomi.it\/erbyshop\/fr\/?post_type=product&#038;p=6540"},"modified":"2025-04-16T10:13:06","modified_gmt":"2025-04-16T08:13:06","slug":"ginkgo-biloba-h150cm","status":"publish","type":"product","link":"https:\/\/demo.akomi.it\/erbyshop\/fr\/plantes-artificielles\/ginkgo-biloba-h150cm\/","title":{"rendered":"GINKGO BILOBA H150cm"},"content":{"rendered":"<p>Le <strong>Ginkgo biloba<\/strong> appartient aux Gymnospermes : les graines ne sont pas prot\u00e9g\u00e9es par l&#8217;ovaire. Les structures en forme d&#8217;abricot produites par les sp\u00e9cimens femelles ne sont pas des fruits, ce sont des graines recouvertes d&#8217;une enveloppe charnue. C&#8217;est un arbre tr\u00e8s ancien dont les origines remontent \u00e0 250 millions d&#8217;ann\u00e9es.<\/p>\n<p>La plante, originaire de Chine, est commun\u00e9ment appel\u00e9e ginkgo ou ginco, ou encore arbre de capelven\u00e8re. C&#8217;est un arbre qui atteint une hauteur de 30\u201340 m, avec une couronne pouvant atteindre 9 m de large.<\/p>\n<p>Il poss\u00e8de des feuilles caduques de 5\u20138 cm, longuement p\u00e9tiol\u00e9es, de couleur verte claire et ayant une forme typique en \u00e9ventail (feuille labelliforme), l\u00e9g\u00e8rement bilob\u00e9e et travers\u00e9e par un grand nombre de nervures dichotomiques.<\/p>\n<p>Tr\u00e8s utilis\u00e9 comme plante ornementale dans les parcs, les all\u00e9es et les jardins, son utilisation pour la r\u00e9alisation de bonsa\u00efs est \u00e9galement courante.<\/p>\n","protected":false},"excerpt":{"rendered":"<p>Le Ginkgo biloba appartient aux Gymnospermes : les graines ne sont pas prot\u00e9g\u00e9es par l&#8217;ovaire. Les structures en forme d&#8217;abricot produites par les sp\u00e9cimens femelles ne sont pas des fruits, ce sont des graines recouvertes d&#8217;une enveloppe charnue. C&#8217;est un arbre tr\u00e8s ancien dont les origines remontent \u00e0 250 millions d&#8217;ann\u00e9es. La plante, originaire de &hellip; <a href=\"https:\/\/demo.akomi.it\/erbyshop\/fr\/plantes-artificielles\/ginkgo-biloba-h150cm\/\">Continued<\/a><\/p>\n","protected":false},"featured_media":6541,"template":"","meta":[],"product_brand":[],"product_cat":[158],"product_tag":[],"class_list":{"0":"post-6540","1":"product","2":"type-product","3":"status-publish","4":"has-post-thumbnail","6":"product_cat-plantes-artificielles","7":"product_shipping_class-spedizione-gratuita","9":"first","10":"instock","11":"taxable","12":"shipping-taxable","13":"purchasable","14":"product-type-simple"},"acf":[],"yoast_head":"<!-- This site is optimized with the Yoast SEO plugin v24.5 - https:\/\/yoast.com\/wordpress\/plugins\/seo\/ -->\n<title>GINKGO BILOBA H150cm | FR<\/title>\n<meta name=\"description\" content=\"Tronco naturale trattato e provvisto di Certificato Fitosanitario - Pezzo Unico - Non necessario Montaggio - Foglie cerate e antipolvere - Vaso in plastica incluso\" \/>\n<meta name=\"robots\" content=\"index, follow, max-snippet:-1, max-image-preview:large, max-video-preview:-1\" \/>\n<link rel=\"canonical\" href=\"https:\/\/demo.akomi.it\/erbyshop\/fr\/plantes-artificielles\/ginkgo-biloba-h150cm\/\" \/>\n<meta property=\"og:locale\" content=\"fr_FR\" \/>\n<meta property=\"og:type\" content=\"article\" \/>\n<meta property=\"og:title\" content=\"GINKGO BILOBA H150cm | FR\" \/>\n<meta property=\"og:description\" content=\"Tronco naturale trattato e provvisto di Certificato Fitosanitario - Pezzo Unico - Non necessario Montaggio - Foglie cerate e antipolvere - Vaso in plastica incluso\" \/>\n<meta property=\"og:url\" content=\"https:\/\/demo.akomi.it\/erbyshop\/fr\/plantes-artificielles\/ginkgo-biloba-h150cm\/\" \/>\n<meta property=\"og:site_name\" content=\"FR\" \/>\n<meta property=\"article:modified_time\" content=\"2025-04-16T08:13:06+00:00\" \/>\n<meta property=\"og:image\" content=\"https:\/\/demo.akomi.it\/erbyshop\/fr\/wp-content\/uploads\/sites\/3\/IP-G13-G-GINKO.jpg\" \/>\n\t<meta property=\"og:image:width\" content=\"2360\" \/>\n\t<meta property=\"og:image:height\" content=\"1680\" \/>\n\t<meta property=\"og:image:type\" content=\"image\/jpeg\" \/>\n<meta name=\"twitter:card\" content=\"summary_large_image\" \/>\n<meta name=\"twitter:label1\" content=\"Dur\u00e9e de lecture estim\u00e9e\" \/>\n\t<meta name=\"twitter:data1\" content=\"1 minute\" \/>\n<script type=\"application\/ld+json\" class=\"yoast-schema-graph\">{\"@context\":\"https:\/\/schema.org\",\"@graph\":[{\"@type\":\"WebPage\",\"@id\":\"https:\/\/demo.akomi.it\/erbyshop\/fr\/plantes-artificielles\/ginkgo-biloba-h150cm\/\",\"url\":\"https:\/\/demo.akomi.it\/erbyshop\/fr\/plantes-artificielles\/ginkgo-biloba-h150cm\/\",\"name\":\"GINKGO BILOBA H150cm | FR\",\"isPartOf\":{\"@id\":\"https:\/\/demo.akomi.it\/erbyshop\/fr\/#website\"},\"primaryImageOfPage\":{\"@id\":\"https:\/\/demo.akomi.it\/erbyshop\/fr\/plantes-artificielles\/ginkgo-biloba-h150cm\/#primaryimage\"},\"image\":{\"@id\":\"https:\/\/demo.akomi.it\/erbyshop\/fr\/plantes-artificielles\/ginkgo-biloba-h150cm\/#primaryimage\"},\"thumbnailUrl\":\"https:\/\/demo.akomi.it\/erbyshop\/fr\/wp-content\/uploads\/sites\/3\/IP-G13-G-GINKO.jpg\",\"datePublished\":\"2024-07-16T09:51:42+00:00\",\"dateModified\":\"2025-04-16T08:13:06+00:00\",\"description\":\"Tronco naturale trattato e provvisto di Certificato Fitosanitario - Pezzo Unico - Non necessario Montaggio - Foglie cerate e antipolvere - Vaso in plastica incluso\",\"breadcrumb\":{\"@id\":\"https:\/\/demo.akomi.it\/erbyshop\/fr\/plantes-artificielles\/ginkgo-biloba-h150cm\/#breadcrumb\"},\"inLanguage\":\"fr-FR\",\"potentialAction\":[{\"@type\":\"ReadAction\",\"target\":[\"https:\/\/demo.akomi.it\/erbyshop\/fr\/plantes-artificielles\/ginkgo-biloba-h150cm\/\"]}]},{\"@type\":\"ImageObject\",\"inLanguage\":\"fr-FR\",\"@id\":\"https:\/\/demo.akomi.it\/erbyshop\/fr\/plantes-artificielles\/ginkgo-biloba-h150cm\/#primaryimage\",\"url\":\"https:\/\/demo.akomi.it\/erbyshop\/fr\/wp-content\/uploads\/sites\/3\/IP-G13-G-GINKO.jpg\",\"contentUrl\":\"https:\/\/demo.akomi.it\/erbyshop\/fr\/wp-content\/uploads\/sites\/3\/IP-G13-G-GINKO.jpg\",\"width\":2360,\"height\":1680},{\"@type\":\"BreadcrumbList\",\"@id\":\"https:\/\/demo.akomi.it\/erbyshop\/fr\/plantes-artificielles\/ginkgo-biloba-h150cm\/#breadcrumb\",\"itemListElement\":[{\"@type\":\"ListItem\",\"position\":1,\"name\":\"Home\",\"item\":\"https:\/\/demo.akomi.it\/erbyshop\/fr\/\"},{\"@type\":\"ListItem\",\"position\":2,\"name\":\"Shop\",\"item\":\"https:\/\/demo.akomi.it\/erbyshop\/fr\/e-commerce-erby\/\"},{\"@type\":\"ListItem\",\"position\":3,\"name\":\"Plantes artificielles\",\"item\":\"https:\/\/demo.akomi.it\/erbyshop\/fr\/plantes-artificielles\/\"},{\"@type\":\"ListItem\",\"position\":4,\"name\":\"GINKGO BILOBA H150cm\"}]},{\"@type\":\"WebSite\",\"@id\":\"https:\/\/demo.akomi.it\/erbyshop\/fr\/#website\",\"url\":\"https:\/\/demo.akomi.it\/erbyshop\/fr\/\",\"name\":\"FR\",\"description\":\"Il prato intelligente\",\"potentialAction\":[{\"@type\":\"SearchAction\",\"target\":{\"@type\":\"EntryPoint\",\"urlTemplate\":\"https:\/\/demo.akomi.it\/erbyshop\/fr\/?s={search_term_string}\"},\"query-input\":{\"@type\":\"PropertyValueSpecification\",\"valueRequired\":true,\"valueName\":\"search_term_string\"}}],\"inLanguage\":\"fr-FR\"}]}<\/script>\n<!-- \/ Yoast SEO plugin. -->","yoast_head_json":{"title":"GINKGO BILOBA H150cm | FR","description":"Tronco naturale trattato e provvisto di Certificato Fitosanitario - Pezzo Unico - Non necessario Montaggio - Foglie cerate e antipolvere - Vaso in plastica incluso","robots":{"index":"index","follow":"follow","max-snippet":"max-snippet:-1","max-image-preview":"max-image-preview:large","max-video-preview":"max-video-preview:-1"},"canonical":"https:\/\/demo.akomi.it\/erbyshop\/fr\/plantes-artificielles\/ginkgo-biloba-h150cm\/","og_locale":"fr_FR","og_type":"article","og_title":"GINKGO BILOBA H150cm | FR","og_description":"Tronco naturale trattato e provvisto di Certificato Fitosanitario - Pezzo Unico - Non necessario Montaggio - Foglie cerate e antipolvere - Vaso in plastica incluso","og_url":"https:\/\/demo.akomi.it\/erbyshop\/fr\/plantes-artificielles\/ginkgo-biloba-h150cm\/","og_site_name":"FR","article_modified_time":"2025-04-16T08:13:06+00:00","og_image":[{"width":2360,"height":1680,"url":"https:\/\/demo.akomi.it\/erbyshop\/fr\/wp-content\/uploads\/sites\/3\/IP-G13-G-GINKO.jpg","type":"image\/jpeg"}],"twitter_card":"summary_large_image","twitter_misc":{"Dur\u00e9e de lecture estim\u00e9e":"1 minute"},"schema":{"@context":"https:\/\/schema.org","@graph":[{"@type":"WebPage","@id":"https:\/\/demo.akomi.it\/erbyshop\/fr\/plantes-artificielles\/ginkgo-biloba-h150cm\/","url":"https:\/\/demo.akomi.it\/erbyshop\/fr\/plantes-artificielles\/ginkgo-biloba-h150cm\/","name":"GINKGO BILOBA H150cm | FR","isPartOf":{"@id":"https:\/\/demo.akomi.it\/erbyshop\/fr\/#website"},"primaryImageOfPage":{"@id":"https:\/\/demo.akomi.it\/erbyshop\/fr\/plantes-artificielles\/ginkgo-biloba-h150cm\/#primaryimage"},"image":{"@id":"https:\/\/demo.akomi.it\/erbyshop\/fr\/plantes-artificielles\/ginkgo-biloba-h150cm\/#primaryimage"},"thumbnailUrl":"https:\/\/demo.akomi.it\/erbyshop\/fr\/wp-content\/uploads\/sites\/3\/IP-G13-G-GINKO.jpg","datePublished":"2024-07-16T09:51:42+00:00","dateModified":"2025-04-16T08:13:06+00:00","description":"Tronco naturale trattato e provvisto di Certificato Fitosanitario - Pezzo Unico - Non necessario Montaggio - Foglie cerate e antipolvere - Vaso in plastica incluso","breadcrumb":{"@id":"https:\/\/demo.akomi.it\/erbyshop\/fr\/plantes-artificielles\/ginkgo-biloba-h150cm\/#breadcrumb"},"inLanguage":"fr-FR","potentialAction":[{"@type":"ReadAction","target":["https:\/\/demo.akomi.it\/erbyshop\/fr\/plantes-artificielles\/ginkgo-biloba-h150cm\/"]}]},{"@type":"ImageObject","inLanguage":"fr-FR","@id":"https:\/\/demo.akomi.it\/erbyshop\/fr\/plantes-artificielles\/ginkgo-biloba-h150cm\/#primaryimage","url":"https:\/\/demo.akomi.it\/erbyshop\/fr\/wp-content\/uploads\/sites\/3\/IP-G13-G-GINKO.jpg","contentUrl":"https:\/\/demo.akomi.it\/erbyshop\/fr\/wp-content\/uploads\/sites\/3\/IP-G13-G-GINKO.jpg","width":2360,"height":1680},{"@type":"BreadcrumbList","@id":"https:\/\/demo.akomi.it\/erbyshop\/fr\/plantes-artificielles\/ginkgo-biloba-h150cm\/#breadcrumb","itemListElement":[{"@type":"ListItem","position":1,"name":"Home","item":"https:\/\/demo.akomi.it\/erbyshop\/fr\/"},{"@type":"ListItem","position":2,"name":"Shop","item":"https:\/\/demo.akomi.it\/erbyshop\/fr\/e-commerce-erby\/"},{"@type":"ListItem","position":3,"name":"Plantes artificielles","item":"https:\/\/demo.akomi.it\/erbyshop\/fr\/plantes-artificielles\/"},{"@type":"ListItem","position":4,"name":"GINKGO BILOBA H150cm"}]},{"@type":"WebSite","@id":"https:\/\/demo.akomi.it\/erbyshop\/fr\/#website","url":"https:\/\/demo.akomi.it\/erbyshop\/fr\/","name":"FR","description":"Il prato intelligente","potentialAction":[{"@type":"SearchAction","target":{"@type":"EntryPoint","urlTemplate":"https:\/\/demo.akomi.it\/erbyshop\/fr\/?s={search_term_string}"},"query-input":{"@type":"PropertyValueSpecification","valueRequired":true,"valueName":"search_term_string"}}],"inLanguage":"fr-FR"}]}},"_links":{"self":[{"href":"https:\/\/demo.akomi.it\/erbyshop\/fr\/wp-json\/wp\/v2\/product\/6540","targetHints":{"allow":["GET"]}}],"collection":[{"href":"https:\/\/demo.akomi.it\/erbyshop\/fr\/wp-json\/wp\/v2\/product"}],"about":[{"href":"https:\/\/demo.akomi.it\/erbyshop\/fr\/wp-json\/wp\/v2\/types\/product"}],"wp:featuredmedia":[{"embeddable":true,"href":"https:\/\/demo.akomi.it\/erbyshop\/fr\/wp-json\/wp\/v2\/media\/6541"}],"wp:attachment":[{"href":"https:\/\/demo.akomi.it\/erbyshop\/fr\/wp-json\/wp\/v2\/media?parent=6540"}],"wp:term":[{"taxonomy":"product_brand","embeddable":true,"href":"https:\/\/demo.akomi.it\/erbyshop\/fr\/wp-json\/wp\/v2\/product_brand?post=6540"},{"taxonomy":"product_cat","embeddable":true,"href":"https:\/\/demo.akomi.it\/erbyshop\/fr\/wp-json\/wp\/v2\/product_cat?post=6540"},{"taxonomy":"product_tag","embeddable":true,"href":"https:\/\/demo.akomi.it\/erbyshop\/fr\/wp-json\/wp\/v2\/product_tag?post=6540"}],"curies":[{"name":"wp","href":"https:\/\/api.w.org\/{rel}","templated":true}]}}