{"id":6552,"date":"2024-07-16T15:08:49","date_gmt":"2024-07-16T13:08:49","guid":{"rendered":"https:\/\/www.demo.akomi.it\/erbyshop\/fr\/?post_type=product&#038;p=6552"},"modified":"2025-04-16T10:03:13","modified_gmt":"2025-04-16T08:03:13","slug":"bamboo-large-h150cm","status":"publish","type":"product","link":"https:\/\/demo.akomi.it\/erbyshop\/fr\/plantes-artificielles\/bamboo-large-h150cm\/","title":{"rendered":"BAMBOO LARGE H150cm"},"content":{"rendered":"<p>Le bambou est de tr\u00e8s haute qualit\u00e9 : les feuilles artificielles sont une reproduction parfaite des vraies feuilles de bambou, tandis que les tiges sont des cannes naturelles italiennes.<\/p>\n<p>Il est presque impossible de distinguer notre bambou de la vraie plante ! Expos\u00e9es aux rayons du soleil, elles conservent leurs caract\u00e9ristiques de brillance, de couleur et d&#8217;apparence, \u00e9t\u00e9 apr\u00e8s \u00e9t\u00e9, ann\u00e9e apr\u00e8s ann\u00e9e.<\/p>\n","protected":false},"excerpt":{"rendered":"<p>Le bambou est de tr\u00e8s haute qualit\u00e9 : les feuilles artificielles sont une reproduction parfaite des vraies feuilles de bambou, tandis que les tiges sont des cannes naturelles italiennes. Il est presque impossible de distinguer notre bambou de la vraie plante ! Expos\u00e9es aux rayons du soleil, elles conservent leurs caract\u00e9ristiques de brillance, de couleur &hellip; <a href=\"https:\/\/demo.akomi.it\/erbyshop\/fr\/plantes-artificielles\/bamboo-large-h150cm\/\">Continued<\/a><\/p>\n","protected":false},"featured_media":6553,"template":"","meta":[],"product_brand":[],"product_cat":[158],"product_tag":[],"class_list":{"0":"post-6552","1":"product","2":"type-product","3":"status-publish","4":"has-post-thumbnail","6":"product_cat-plantes-artificielles","7":"product_shipping_class-spedizione-gratuita","9":"first","10":"instock","11":"taxable","12":"shipping-taxable","13":"purchasable","14":"product-type-simple"},"acf":[],"yoast_head":"<!-- This site is optimized with the Yoast SEO plugin v24.5 - https:\/\/yoast.com\/wordpress\/plugins\/seo\/ -->\n<title>BAMBOO LARGE H150cm | FR<\/title>\n<meta name=\"description\" content=\"Tronco naturale trattato e provvisto di Certificato Fitosanitario - Pezzo Unico - Non necessario Montaggio - Foglie cerate e antipolvere - Vaso in plastica incluso\" \/>\n<meta name=\"robots\" content=\"index, follow, max-snippet:-1, max-image-preview:large, max-video-preview:-1\" \/>\n<link rel=\"canonical\" href=\"https:\/\/demo.akomi.it\/erbyshop\/fr\/plantes-artificielles\/bamboo-large-h150cm\/\" \/>\n<meta property=\"og:locale\" content=\"fr_FR\" \/>\n<meta property=\"og:type\" content=\"article\" \/>\n<meta property=\"og:title\" content=\"BAMBOO LARGE H150cm | FR\" \/>\n<meta property=\"og:description\" content=\"Tronco naturale trattato e provvisto di Certificato Fitosanitario - Pezzo Unico - Non necessario Montaggio - Foglie cerate e antipolvere - Vaso in plastica incluso\" \/>\n<meta property=\"og:url\" content=\"https:\/\/demo.akomi.it\/erbyshop\/fr\/plantes-artificielles\/bamboo-large-h150cm\/\" \/>\n<meta property=\"og:site_name\" content=\"FR\" \/>\n<meta property=\"article:modified_time\" content=\"2025-04-16T08:03:13+00:00\" \/>\n<meta property=\"og:image\" content=\"https:\/\/demo.akomi.it\/erbyshop\/fr\/wp-content\/uploads\/sites\/3\/IP-16H-G-BAMBOO-LARGE-SET.jpg\" \/>\n\t<meta property=\"og:image:width\" content=\"2360\" \/>\n\t<meta property=\"og:image:height\" content=\"1680\" \/>\n\t<meta property=\"og:image:type\" content=\"image\/jpeg\" \/>\n<meta name=\"twitter:card\" content=\"summary_large_image\" \/>\n<meta name=\"twitter:label1\" content=\"Dur\u00e9e de lecture estim\u00e9e\" \/>\n\t<meta name=\"twitter:data1\" content=\"1 minute\" \/>\n<script type=\"application\/ld+json\" class=\"yoast-schema-graph\">{\"@context\":\"https:\/\/schema.org\",\"@graph\":[{\"@type\":\"WebPage\",\"@id\":\"https:\/\/demo.akomi.it\/erbyshop\/fr\/plantes-artificielles\/bamboo-large-h150cm\/\",\"url\":\"https:\/\/demo.akomi.it\/erbyshop\/fr\/plantes-artificielles\/bamboo-large-h150cm\/\",\"name\":\"BAMBOO LARGE H150cm | FR\",\"isPartOf\":{\"@id\":\"https:\/\/demo.akomi.it\/erbyshop\/fr\/#website\"},\"primaryImageOfPage\":{\"@id\":\"https:\/\/demo.akomi.it\/erbyshop\/fr\/plantes-artificielles\/bamboo-large-h150cm\/#primaryimage\"},\"image\":{\"@id\":\"https:\/\/demo.akomi.it\/erbyshop\/fr\/plantes-artificielles\/bamboo-large-h150cm\/#primaryimage\"},\"thumbnailUrl\":\"https:\/\/demo.akomi.it\/erbyshop\/fr\/wp-content\/uploads\/sites\/3\/IP-16H-G-BAMBOO-LARGE-SET.jpg\",\"datePublished\":\"2024-07-16T13:08:49+00:00\",\"dateModified\":\"2025-04-16T08:03:13+00:00\",\"description\":\"Tronco naturale trattato e provvisto di Certificato Fitosanitario - Pezzo Unico - Non necessario Montaggio - Foglie cerate e antipolvere - Vaso in plastica incluso\",\"breadcrumb\":{\"@id\":\"https:\/\/demo.akomi.it\/erbyshop\/fr\/plantes-artificielles\/bamboo-large-h150cm\/#breadcrumb\"},\"inLanguage\":\"fr-FR\",\"potentialAction\":[{\"@type\":\"ReadAction\",\"target\":[\"https:\/\/demo.akomi.it\/erbyshop\/fr\/plantes-artificielles\/bamboo-large-h150cm\/\"]}]},{\"@type\":\"ImageObject\",\"inLanguage\":\"fr-FR\",\"@id\":\"https:\/\/demo.akomi.it\/erbyshop\/fr\/plantes-artificielles\/bamboo-large-h150cm\/#primaryimage\",\"url\":\"https:\/\/demo.akomi.it\/erbyshop\/fr\/wp-content\/uploads\/sites\/3\/IP-16H-G-BAMBOO-LARGE-SET.jpg\",\"contentUrl\":\"https:\/\/demo.akomi.it\/erbyshop\/fr\/wp-content\/uploads\/sites\/3\/IP-16H-G-BAMBOO-LARGE-SET.jpg\",\"width\":2360,\"height\":1680},{\"@type\":\"BreadcrumbList\",\"@id\":\"https:\/\/demo.akomi.it\/erbyshop\/fr\/plantes-artificielles\/bamboo-large-h150cm\/#breadcrumb\",\"itemListElement\":[{\"@type\":\"ListItem\",\"position\":1,\"name\":\"Home\",\"item\":\"https:\/\/demo.akomi.it\/erbyshop\/fr\/\"},{\"@type\":\"ListItem\",\"position\":2,\"name\":\"Shop\",\"item\":\"https:\/\/demo.akomi.it\/erbyshop\/fr\/e-commerce-erby\/\"},{\"@type\":\"ListItem\",\"position\":3,\"name\":\"Plantes artificielles\",\"item\":\"https:\/\/demo.akomi.it\/erbyshop\/fr\/plantes-artificielles\/\"},{\"@type\":\"ListItem\",\"position\":4,\"name\":\"BAMBOO LARGE H150cm\"}]},{\"@type\":\"WebSite\",\"@id\":\"https:\/\/demo.akomi.it\/erbyshop\/fr\/#website\",\"url\":\"https:\/\/demo.akomi.it\/erbyshop\/fr\/\",\"name\":\"FR\",\"description\":\"Il prato intelligente\",\"potentialAction\":[{\"@type\":\"SearchAction\",\"target\":{\"@type\":\"EntryPoint\",\"urlTemplate\":\"https:\/\/demo.akomi.it\/erbyshop\/fr\/?s={search_term_string}\"},\"query-input\":{\"@type\":\"PropertyValueSpecification\",\"valueRequired\":true,\"valueName\":\"search_term_string\"}}],\"inLanguage\":\"fr-FR\"}]}<\/script>\n<!-- \/ Yoast SEO plugin. -->","yoast_head_json":{"title":"BAMBOO LARGE H150cm | FR","description":"Tronco naturale trattato e provvisto di Certificato Fitosanitario - Pezzo Unico - Non necessario Montaggio - Foglie cerate e antipolvere - Vaso in plastica incluso","robots":{"index":"index","follow":"follow","max-snippet":"max-snippet:-1","max-image-preview":"max-image-preview:large","max-video-preview":"max-video-preview:-1"},"canonical":"https:\/\/demo.akomi.it\/erbyshop\/fr\/plantes-artificielles\/bamboo-large-h150cm\/","og_locale":"fr_FR","og_type":"article","og_title":"BAMBOO LARGE H150cm | FR","og_description":"Tronco naturale trattato e provvisto di Certificato Fitosanitario - Pezzo Unico - Non necessario Montaggio - Foglie cerate e antipolvere - Vaso in plastica incluso","og_url":"https:\/\/demo.akomi.it\/erbyshop\/fr\/plantes-artificielles\/bamboo-large-h150cm\/","og_site_name":"FR","article_modified_time":"2025-04-16T08:03:13+00:00","og_image":[{"width":2360,"height":1680,"url":"https:\/\/demo.akomi.it\/erbyshop\/fr\/wp-content\/uploads\/sites\/3\/IP-16H-G-BAMBOO-LARGE-SET.jpg","type":"image\/jpeg"}],"twitter_card":"summary_large_image","twitter_misc":{"Dur\u00e9e de lecture estim\u00e9e":"1 minute"},"schema":{"@context":"https:\/\/schema.org","@graph":[{"@type":"WebPage","@id":"https:\/\/demo.akomi.it\/erbyshop\/fr\/plantes-artificielles\/bamboo-large-h150cm\/","url":"https:\/\/demo.akomi.it\/erbyshop\/fr\/plantes-artificielles\/bamboo-large-h150cm\/","name":"BAMBOO LARGE H150cm | FR","isPartOf":{"@id":"https:\/\/demo.akomi.it\/erbyshop\/fr\/#website"},"primaryImageOfPage":{"@id":"https:\/\/demo.akomi.it\/erbyshop\/fr\/plantes-artificielles\/bamboo-large-h150cm\/#primaryimage"},"image":{"@id":"https:\/\/demo.akomi.it\/erbyshop\/fr\/plantes-artificielles\/bamboo-large-h150cm\/#primaryimage"},"thumbnailUrl":"https:\/\/demo.akomi.it\/erbyshop\/fr\/wp-content\/uploads\/sites\/3\/IP-16H-G-BAMBOO-LARGE-SET.jpg","datePublished":"2024-07-16T13:08:49+00:00","dateModified":"2025-04-16T08:03:13+00:00","description":"Tronco naturale trattato e provvisto di Certificato Fitosanitario - Pezzo Unico - Non necessario Montaggio - Foglie cerate e antipolvere - Vaso in plastica incluso","breadcrumb":{"@id":"https:\/\/demo.akomi.it\/erbyshop\/fr\/plantes-artificielles\/bamboo-large-h150cm\/#breadcrumb"},"inLanguage":"fr-FR","potentialAction":[{"@type":"ReadAction","target":["https:\/\/demo.akomi.it\/erbyshop\/fr\/plantes-artificielles\/bamboo-large-h150cm\/"]}]},{"@type":"ImageObject","inLanguage":"fr-FR","@id":"https:\/\/demo.akomi.it\/erbyshop\/fr\/plantes-artificielles\/bamboo-large-h150cm\/#primaryimage","url":"https:\/\/demo.akomi.it\/erbyshop\/fr\/wp-content\/uploads\/sites\/3\/IP-16H-G-BAMBOO-LARGE-SET.jpg","contentUrl":"https:\/\/demo.akomi.it\/erbyshop\/fr\/wp-content\/uploads\/sites\/3\/IP-16H-G-BAMBOO-LARGE-SET.jpg","width":2360,"height":1680},{"@type":"BreadcrumbList","@id":"https:\/\/demo.akomi.it\/erbyshop\/fr\/plantes-artificielles\/bamboo-large-h150cm\/#breadcrumb","itemListElement":[{"@type":"ListItem","position":1,"name":"Home","item":"https:\/\/demo.akomi.it\/erbyshop\/fr\/"},{"@type":"ListItem","position":2,"name":"Shop","item":"https:\/\/demo.akomi.it\/erbyshop\/fr\/e-commerce-erby\/"},{"@type":"ListItem","position":3,"name":"Plantes artificielles","item":"https:\/\/demo.akomi.it\/erbyshop\/fr\/plantes-artificielles\/"},{"@type":"ListItem","position":4,"name":"BAMBOO LARGE H150cm"}]},{"@type":"WebSite","@id":"https:\/\/demo.akomi.it\/erbyshop\/fr\/#website","url":"https:\/\/demo.akomi.it\/erbyshop\/fr\/","name":"FR","description":"Il prato intelligente","potentialAction":[{"@type":"SearchAction","target":{"@type":"EntryPoint","urlTemplate":"https:\/\/demo.akomi.it\/erbyshop\/fr\/?s={search_term_string}"},"query-input":{"@type":"PropertyValueSpecification","valueRequired":true,"valueName":"search_term_string"}}],"inLanguage":"fr-FR"}]}},"_links":{"self":[{"href":"https:\/\/demo.akomi.it\/erbyshop\/fr\/wp-json\/wp\/v2\/product\/6552","targetHints":{"allow":["GET"]}}],"collection":[{"href":"https:\/\/demo.akomi.it\/erbyshop\/fr\/wp-json\/wp\/v2\/product"}],"about":[{"href":"https:\/\/demo.akomi.it\/erbyshop\/fr\/wp-json\/wp\/v2\/types\/product"}],"wp:featuredmedia":[{"embeddable":true,"href":"https:\/\/demo.akomi.it\/erbyshop\/fr\/wp-json\/wp\/v2\/media\/6553"}],"wp:attachment":[{"href":"https:\/\/demo.akomi.it\/erbyshop\/fr\/wp-json\/wp\/v2\/media?parent=6552"}],"wp:term":[{"taxonomy":"product_brand","embeddable":true,"href":"https:\/\/demo.akomi.it\/erbyshop\/fr\/wp-json\/wp\/v2\/product_brand?post=6552"},{"taxonomy":"product_cat","embeddable":true,"href":"https:\/\/demo.akomi.it\/erbyshop\/fr\/wp-json\/wp\/v2\/product_cat?post=6552"},{"taxonomy":"product_tag","embeddable":true,"href":"https:\/\/demo.akomi.it\/erbyshop\/fr\/wp-json\/wp\/v2\/product_tag?post=6552"}],"curies":[{"name":"wp","href":"https:\/\/api.w.org\/{rel}","templated":true}]}}