{"id":6560,"date":"2024-07-16T15:40:40","date_gmt":"2024-07-16T13:40:40","guid":{"rendered":"https:\/\/www.demo.akomi.it\/erbyshop\/fr\/?post_type=product&#038;p=6560"},"modified":"2025-04-16T09:56:42","modified_gmt":"2025-04-16T07:56:42","slug":"ficus-benjamin-tropicale-h190cm","status":"publish","type":"product","link":"https:\/\/demo.akomi.it\/erbyshop\/fr\/plantes-artificielles\/ficus-benjamin-tropicale-h190cm\/","title":{"rendered":"FICUS BENJAMIN TROPICAL H190cm"},"content":{"rendered":"<p>Le ficus appartient \u00e0 la famille des Morac\u00e9es, originaires d\u2019Asie et d\u2019Afrique, et c\u2019est l\u2019une des plantes ornementales les plus r\u00e9pandues et appr\u00e9ci\u00e9es pour la beaut\u00e9 de son feuillage, qui la rend particuli\u00e8rement d\u00e9corative.<\/p>\n<p>Les feuilles sont petites, ovales, pointues \u00e0 l&#8217;extr\u00e9mit\u00e9, de couleur vert intense. Il est fabriqu\u00e9 \u00e0 la main avec un tronc naturel BIg Liana.<\/p>\n","protected":false},"excerpt":{"rendered":"<p>Le ficus appartient \u00e0 la famille des Morac\u00e9es, originaires d\u2019Asie et d\u2019Afrique, et c\u2019est l\u2019une des plantes ornementales les plus r\u00e9pandues et appr\u00e9ci\u00e9es pour la beaut\u00e9 de son feuillage, qui la rend particuli\u00e8rement d\u00e9corative. Les feuilles sont petites, ovales, pointues \u00e0 l&#8217;extr\u00e9mit\u00e9, de couleur vert intense. Il est fabriqu\u00e9 \u00e0 la main avec un tronc &hellip; <a href=\"https:\/\/demo.akomi.it\/erbyshop\/fr\/plantes-artificielles\/ficus-benjamin-tropicale-h190cm\/\">Continued<\/a><\/p>\n","protected":false},"featured_media":6561,"template":"","meta":[],"product_brand":[],"product_cat":[158],"product_tag":[],"class_list":{"0":"post-6560","1":"product","2":"type-product","3":"status-publish","4":"has-post-thumbnail","6":"product_cat-plantes-artificielles","7":"product_shipping_class-spedizione-gratuita","9":"first","10":"instock","11":"taxable","12":"shipping-taxable","13":"purchasable","14":"product-type-simple"},"acf":[],"yoast_head":"<!-- This site is optimized with the Yoast SEO plugin v24.5 - https:\/\/yoast.com\/wordpress\/plugins\/seo\/ -->\n<title>FICUS BENJAMIN TROPICAL H190cm | FR<\/title>\n<meta name=\"description\" content=\"Tronco naturale trattato e provvisto di Certificato Fitosanitario - Pezzo Unico - Non necessario Montaggio - Foglie cerate e antipolvere - Vaso in plastica incluso\" \/>\n<meta name=\"robots\" content=\"index, follow, max-snippet:-1, max-image-preview:large, max-video-preview:-1\" \/>\n<link rel=\"canonical\" href=\"https:\/\/demo.akomi.it\/erbyshop\/fr\/plantes-artificielles\/ficus-benjamin-tropicale-h190cm\/\" \/>\n<meta property=\"og:locale\" content=\"fr_FR\" \/>\n<meta property=\"og:type\" content=\"article\" \/>\n<meta property=\"og:title\" content=\"FICUS BENJAMIN TROPICAL H190cm | FR\" \/>\n<meta property=\"og:description\" content=\"Tronco naturale trattato e provvisto di Certificato Fitosanitario - Pezzo Unico - Non necessario Montaggio - Foglie cerate e antipolvere - Vaso in plastica incluso\" \/>\n<meta property=\"og:url\" content=\"https:\/\/demo.akomi.it\/erbyshop\/fr\/plantes-artificielles\/ficus-benjamin-tropicale-h190cm\/\" \/>\n<meta property=\"og:site_name\" content=\"FR\" \/>\n<meta property=\"article:modified_time\" content=\"2025-04-16T07:56:42+00:00\" \/>\n<meta property=\"og:image\" content=\"https:\/\/demo.akomi.it\/erbyshop\/fr\/wp-content\/uploads\/sites\/3\/ST201-190-FICUS-BENJAMIN.jpg\" \/>\n\t<meta property=\"og:image:width\" content=\"2360\" \/>\n\t<meta property=\"og:image:height\" content=\"1680\" \/>\n\t<meta property=\"og:image:type\" content=\"image\/jpeg\" \/>\n<meta name=\"twitter:card\" content=\"summary_large_image\" \/>\n<meta name=\"twitter:label1\" content=\"Dur\u00e9e de lecture estim\u00e9e\" \/>\n\t<meta name=\"twitter:data1\" content=\"1 minute\" \/>\n<script type=\"application\/ld+json\" class=\"yoast-schema-graph\">{\"@context\":\"https:\/\/schema.org\",\"@graph\":[{\"@type\":\"WebPage\",\"@id\":\"https:\/\/demo.akomi.it\/erbyshop\/fr\/plantes-artificielles\/ficus-benjamin-tropicale-h190cm\/\",\"url\":\"https:\/\/demo.akomi.it\/erbyshop\/fr\/plantes-artificielles\/ficus-benjamin-tropicale-h190cm\/\",\"name\":\"FICUS BENJAMIN TROPICAL H190cm | FR\",\"isPartOf\":{\"@id\":\"https:\/\/demo.akomi.it\/erbyshop\/fr\/#website\"},\"primaryImageOfPage\":{\"@id\":\"https:\/\/demo.akomi.it\/erbyshop\/fr\/plantes-artificielles\/ficus-benjamin-tropicale-h190cm\/#primaryimage\"},\"image\":{\"@id\":\"https:\/\/demo.akomi.it\/erbyshop\/fr\/plantes-artificielles\/ficus-benjamin-tropicale-h190cm\/#primaryimage\"},\"thumbnailUrl\":\"https:\/\/demo.akomi.it\/erbyshop\/fr\/wp-content\/uploads\/sites\/3\/ST201-190-FICUS-BENJAMIN.jpg\",\"datePublished\":\"2024-07-16T13:40:40+00:00\",\"dateModified\":\"2025-04-16T07:56:42+00:00\",\"description\":\"Tronco naturale trattato e provvisto di Certificato Fitosanitario - Pezzo Unico - Non necessario Montaggio - Foglie cerate e antipolvere - Vaso in plastica incluso\",\"breadcrumb\":{\"@id\":\"https:\/\/demo.akomi.it\/erbyshop\/fr\/plantes-artificielles\/ficus-benjamin-tropicale-h190cm\/#breadcrumb\"},\"inLanguage\":\"fr-FR\",\"potentialAction\":[{\"@type\":\"ReadAction\",\"target\":[\"https:\/\/demo.akomi.it\/erbyshop\/fr\/plantes-artificielles\/ficus-benjamin-tropicale-h190cm\/\"]}]},{\"@type\":\"ImageObject\",\"inLanguage\":\"fr-FR\",\"@id\":\"https:\/\/demo.akomi.it\/erbyshop\/fr\/plantes-artificielles\/ficus-benjamin-tropicale-h190cm\/#primaryimage\",\"url\":\"https:\/\/demo.akomi.it\/erbyshop\/fr\/wp-content\/uploads\/sites\/3\/ST201-190-FICUS-BENJAMIN.jpg\",\"contentUrl\":\"https:\/\/demo.akomi.it\/erbyshop\/fr\/wp-content\/uploads\/sites\/3\/ST201-190-FICUS-BENJAMIN.jpg\",\"width\":2360,\"height\":1680},{\"@type\":\"BreadcrumbList\",\"@id\":\"https:\/\/demo.akomi.it\/erbyshop\/fr\/plantes-artificielles\/ficus-benjamin-tropicale-h190cm\/#breadcrumb\",\"itemListElement\":[{\"@type\":\"ListItem\",\"position\":1,\"name\":\"Home\",\"item\":\"https:\/\/demo.akomi.it\/erbyshop\/fr\/\"},{\"@type\":\"ListItem\",\"position\":2,\"name\":\"Shop\",\"item\":\"https:\/\/demo.akomi.it\/erbyshop\/fr\/e-commerce-erby\/\"},{\"@type\":\"ListItem\",\"position\":3,\"name\":\"Plantes artificielles\",\"item\":\"https:\/\/demo.akomi.it\/erbyshop\/fr\/plantes-artificielles\/\"},{\"@type\":\"ListItem\",\"position\":4,\"name\":\"FICUS BENJAMIN TROPICAL H190cm\"}]},{\"@type\":\"WebSite\",\"@id\":\"https:\/\/demo.akomi.it\/erbyshop\/fr\/#website\",\"url\":\"https:\/\/demo.akomi.it\/erbyshop\/fr\/\",\"name\":\"FR\",\"description\":\"Il prato intelligente\",\"potentialAction\":[{\"@type\":\"SearchAction\",\"target\":{\"@type\":\"EntryPoint\",\"urlTemplate\":\"https:\/\/demo.akomi.it\/erbyshop\/fr\/?s={search_term_string}\"},\"query-input\":{\"@type\":\"PropertyValueSpecification\",\"valueRequired\":true,\"valueName\":\"search_term_string\"}}],\"inLanguage\":\"fr-FR\"}]}<\/script>\n<!-- \/ Yoast SEO plugin. -->","yoast_head_json":{"title":"FICUS BENJAMIN TROPICAL H190cm | FR","description":"Tronco naturale trattato e provvisto di Certificato Fitosanitario - Pezzo Unico - Non necessario Montaggio - Foglie cerate e antipolvere - Vaso in plastica incluso","robots":{"index":"index","follow":"follow","max-snippet":"max-snippet:-1","max-image-preview":"max-image-preview:large","max-video-preview":"max-video-preview:-1"},"canonical":"https:\/\/demo.akomi.it\/erbyshop\/fr\/plantes-artificielles\/ficus-benjamin-tropicale-h190cm\/","og_locale":"fr_FR","og_type":"article","og_title":"FICUS BENJAMIN TROPICAL H190cm | FR","og_description":"Tronco naturale trattato e provvisto di Certificato Fitosanitario - Pezzo Unico - Non necessario Montaggio - Foglie cerate e antipolvere - Vaso in plastica incluso","og_url":"https:\/\/demo.akomi.it\/erbyshop\/fr\/plantes-artificielles\/ficus-benjamin-tropicale-h190cm\/","og_site_name":"FR","article_modified_time":"2025-04-16T07:56:42+00:00","og_image":[{"width":2360,"height":1680,"url":"https:\/\/demo.akomi.it\/erbyshop\/fr\/wp-content\/uploads\/sites\/3\/ST201-190-FICUS-BENJAMIN.jpg","type":"image\/jpeg"}],"twitter_card":"summary_large_image","twitter_misc":{"Dur\u00e9e de lecture estim\u00e9e":"1 minute"},"schema":{"@context":"https:\/\/schema.org","@graph":[{"@type":"WebPage","@id":"https:\/\/demo.akomi.it\/erbyshop\/fr\/plantes-artificielles\/ficus-benjamin-tropicale-h190cm\/","url":"https:\/\/demo.akomi.it\/erbyshop\/fr\/plantes-artificielles\/ficus-benjamin-tropicale-h190cm\/","name":"FICUS BENJAMIN TROPICAL H190cm | FR","isPartOf":{"@id":"https:\/\/demo.akomi.it\/erbyshop\/fr\/#website"},"primaryImageOfPage":{"@id":"https:\/\/demo.akomi.it\/erbyshop\/fr\/plantes-artificielles\/ficus-benjamin-tropicale-h190cm\/#primaryimage"},"image":{"@id":"https:\/\/demo.akomi.it\/erbyshop\/fr\/plantes-artificielles\/ficus-benjamin-tropicale-h190cm\/#primaryimage"},"thumbnailUrl":"https:\/\/demo.akomi.it\/erbyshop\/fr\/wp-content\/uploads\/sites\/3\/ST201-190-FICUS-BENJAMIN.jpg","datePublished":"2024-07-16T13:40:40+00:00","dateModified":"2025-04-16T07:56:42+00:00","description":"Tronco naturale trattato e provvisto di Certificato Fitosanitario - Pezzo Unico - Non necessario Montaggio - Foglie cerate e antipolvere - Vaso in plastica incluso","breadcrumb":{"@id":"https:\/\/demo.akomi.it\/erbyshop\/fr\/plantes-artificielles\/ficus-benjamin-tropicale-h190cm\/#breadcrumb"},"inLanguage":"fr-FR","potentialAction":[{"@type":"ReadAction","target":["https:\/\/demo.akomi.it\/erbyshop\/fr\/plantes-artificielles\/ficus-benjamin-tropicale-h190cm\/"]}]},{"@type":"ImageObject","inLanguage":"fr-FR","@id":"https:\/\/demo.akomi.it\/erbyshop\/fr\/plantes-artificielles\/ficus-benjamin-tropicale-h190cm\/#primaryimage","url":"https:\/\/demo.akomi.it\/erbyshop\/fr\/wp-content\/uploads\/sites\/3\/ST201-190-FICUS-BENJAMIN.jpg","contentUrl":"https:\/\/demo.akomi.it\/erbyshop\/fr\/wp-content\/uploads\/sites\/3\/ST201-190-FICUS-BENJAMIN.jpg","width":2360,"height":1680},{"@type":"BreadcrumbList","@id":"https:\/\/demo.akomi.it\/erbyshop\/fr\/plantes-artificielles\/ficus-benjamin-tropicale-h190cm\/#breadcrumb","itemListElement":[{"@type":"ListItem","position":1,"name":"Home","item":"https:\/\/demo.akomi.it\/erbyshop\/fr\/"},{"@type":"ListItem","position":2,"name":"Shop","item":"https:\/\/demo.akomi.it\/erbyshop\/fr\/e-commerce-erby\/"},{"@type":"ListItem","position":3,"name":"Plantes artificielles","item":"https:\/\/demo.akomi.it\/erbyshop\/fr\/plantes-artificielles\/"},{"@type":"ListItem","position":4,"name":"FICUS BENJAMIN TROPICAL H190cm"}]},{"@type":"WebSite","@id":"https:\/\/demo.akomi.it\/erbyshop\/fr\/#website","url":"https:\/\/demo.akomi.it\/erbyshop\/fr\/","name":"FR","description":"Il prato intelligente","potentialAction":[{"@type":"SearchAction","target":{"@type":"EntryPoint","urlTemplate":"https:\/\/demo.akomi.it\/erbyshop\/fr\/?s={search_term_string}"},"query-input":{"@type":"PropertyValueSpecification","valueRequired":true,"valueName":"search_term_string"}}],"inLanguage":"fr-FR"}]}},"_links":{"self":[{"href":"https:\/\/demo.akomi.it\/erbyshop\/fr\/wp-json\/wp\/v2\/product\/6560","targetHints":{"allow":["GET"]}}],"collection":[{"href":"https:\/\/demo.akomi.it\/erbyshop\/fr\/wp-json\/wp\/v2\/product"}],"about":[{"href":"https:\/\/demo.akomi.it\/erbyshop\/fr\/wp-json\/wp\/v2\/types\/product"}],"wp:featuredmedia":[{"embeddable":true,"href":"https:\/\/demo.akomi.it\/erbyshop\/fr\/wp-json\/wp\/v2\/media\/6561"}],"wp:attachment":[{"href":"https:\/\/demo.akomi.it\/erbyshop\/fr\/wp-json\/wp\/v2\/media?parent=6560"}],"wp:term":[{"taxonomy":"product_brand","embeddable":true,"href":"https:\/\/demo.akomi.it\/erbyshop\/fr\/wp-json\/wp\/v2\/product_brand?post=6560"},{"taxonomy":"product_cat","embeddable":true,"href":"https:\/\/demo.akomi.it\/erbyshop\/fr\/wp-json\/wp\/v2\/product_cat?post=6560"},{"taxonomy":"product_tag","embeddable":true,"href":"https:\/\/demo.akomi.it\/erbyshop\/fr\/wp-json\/wp\/v2\/product_tag?post=6560"}],"curies":[{"name":"wp","href":"https:\/\/api.w.org\/{rel}","templated":true}]}}