{"id":6634,"date":"2024-08-26T10:51:34","date_gmt":"2024-08-26T08:51:34","guid":{"rendered":"https:\/\/www.demo.akomi.it\/erbyshop\/fr\/?post_type=product&#038;p=6634"},"modified":"2025-04-16T13:06:16","modified_gmt":"2025-04-16T11:06:16","slug":"igienizzante-per-erba-sintetica-concentrato-2","status":"publish","type":"product","link":"https:\/\/demo.akomi.it\/erbyshop\/fr\/accessoires-pour-gazon-synthetique\/igienizzante-per-erba-sintetica-concentrato-2\/","title":{"rendered":"D\u00e9sinfectant pour gazon synth\u00e9tique &#8211; concentr\u00e9 5L"},"content":{"rendered":"<p class=\"\" data-start=\"35\" data-end=\"169\"><strong data-start=\"35\" data-end=\"169\">D\u00e9tachant concentr\u00e9 alcalin, d\u00e9sinfectant adapt\u00e9 au nettoyage des pelouses en gazon synth\u00e9tique dans un environnement r\u00e9sidentiel.<\/strong><\/p>\n<p class=\"\" data-start=\"171\" data-end=\"261\">Gr\u00e2ce \u00e0 sa formulation particuli\u00e8re, il agit de mani\u00e8re efficace et rapide sur la surface.<\/p>\n<p class=\"\" data-start=\"263\" data-end=\"440\">Enrichi avec des nanoparticules d&#8217;argent sp\u00e9ciales, qui conf\u00e8rent \u00e0 la surface herbeuse une action d\u00e9sinfectante prolong\u00e9e dans le temps, m\u00eame en pr\u00e9sence d&#8217;animaux domestiques.<\/p>\n<p class=\"\" data-start=\"442\" data-end=\"543\">Il d\u00e9sinfecte, nettoie et laisse une odeur de prairie fleurie. \u00c0 diluer dans l&#8217;eau avant utilisation.<\/p>\n","protected":false},"excerpt":{"rendered":"<p>D\u00e9tachant concentr\u00e9 alcalin, d\u00e9sinfectant adapt\u00e9 au nettoyage des pelouses en gazon synth\u00e9tique dans un environnement r\u00e9sidentiel. Gr\u00e2ce \u00e0 sa formulation particuli\u00e8re, il agit de mani\u00e8re efficace et rapide sur la surface. Enrichi avec des nanoparticules d&#8217;argent sp\u00e9ciales, qui conf\u00e8rent \u00e0 la surface herbeuse une action d\u00e9sinfectante prolong\u00e9e dans le temps, m\u00eame en pr\u00e9sence d&#8217;animaux domestiques. &hellip; <a href=\"https:\/\/demo.akomi.it\/erbyshop\/fr\/accessoires-pour-gazon-synthetique\/igienizzante-per-erba-sintetica-concentrato-2\/\">Continued<\/a><\/p>\n","protected":false},"featured_media":6635,"template":"","meta":[],"product_brand":[],"product_cat":[24],"product_tag":[],"class_list":{"0":"post-6634","1":"product","2":"type-product","3":"status-publish","4":"has-post-thumbnail","6":"product_cat-accessoires-pour-gazon-synthetique","7":"product_shipping_class-tariffa-peso","9":"first","10":"instock","11":"taxable","12":"shipping-taxable","13":"purchasable","14":"product-type-simple"},"acf":[],"yoast_head":"<!-- This site is optimized with the Yoast SEO plugin v24.5 - https:\/\/yoast.com\/wordpress\/plugins\/seo\/ -->\n<title>Igienizzante erba sintetica concentrato | Detergente erba sintetica<\/title>\n<meta name=\"description\" content=\"Acquista online l&#039;igienizzante per l&#039;erba sintetica concentrato Clean Garden. Diluire in acqua prima dell&#039;uso: sanifica, deterge e profuma il tuo prato sintetico.\" \/>\n<meta name=\"robots\" content=\"index, follow, max-snippet:-1, max-image-preview:large, max-video-preview:-1\" \/>\n<link rel=\"canonical\" href=\"https:\/\/demo.akomi.it\/erbyshop\/fr\/accessoires-pour-gazon-synthetique\/igienizzante-per-erba-sintetica-concentrato-2\/\" \/>\n<meta property=\"og:locale\" content=\"fr_FR\" \/>\n<meta property=\"og:type\" content=\"article\" \/>\n<meta property=\"og:title\" content=\"Igienizzante erba sintetica concentrato | Detergente erba sintetica\" \/>\n<meta property=\"og:description\" content=\"Acquista online l&#039;igienizzante per l&#039;erba sintetica concentrato Clean Garden. Diluire in acqua prima dell&#039;uso: sanifica, deterge e profuma il tuo prato sintetico.\" \/>\n<meta property=\"og:url\" content=\"https:\/\/demo.akomi.it\/erbyshop\/fr\/accessoires-pour-gazon-synthetique\/igienizzante-per-erba-sintetica-concentrato-2\/\" \/>\n<meta property=\"og:site_name\" content=\"FR\" \/>\n<meta property=\"article:modified_time\" content=\"2025-04-16T11:06:16+00:00\" \/>\n<meta property=\"og:image\" content=\"https:\/\/demo.akomi.it\/erbyshop\/fr\/wp-content\/uploads\/sites\/3\/Igienizzante-5LT.jpg\" \/>\n\t<meta property=\"og:image:width\" content=\"2360\" \/>\n\t<meta property=\"og:image:height\" content=\"1680\" \/>\n\t<meta property=\"og:image:type\" content=\"image\/jpeg\" \/>\n<meta name=\"twitter:card\" content=\"summary_large_image\" \/>\n<meta name=\"twitter:label1\" content=\"Dur\u00e9e de lecture estim\u00e9e\" \/>\n\t<meta name=\"twitter:data1\" content=\"1 minute\" \/>\n<script type=\"application\/ld+json\" class=\"yoast-schema-graph\">{\"@context\":\"https:\/\/schema.org\",\"@graph\":[{\"@type\":\"WebPage\",\"@id\":\"https:\/\/demo.akomi.it\/erbyshop\/fr\/accessoires-pour-gazon-synthetique\/igienizzante-per-erba-sintetica-concentrato-2\/\",\"url\":\"https:\/\/demo.akomi.it\/erbyshop\/fr\/accessoires-pour-gazon-synthetique\/igienizzante-per-erba-sintetica-concentrato-2\/\",\"name\":\"Igienizzante erba sintetica concentrato | Detergente erba sintetica\",\"isPartOf\":{\"@id\":\"https:\/\/demo.akomi.it\/erbyshop\/fr\/#website\"},\"primaryImageOfPage\":{\"@id\":\"https:\/\/demo.akomi.it\/erbyshop\/fr\/accessoires-pour-gazon-synthetique\/igienizzante-per-erba-sintetica-concentrato-2\/#primaryimage\"},\"image\":{\"@id\":\"https:\/\/demo.akomi.it\/erbyshop\/fr\/accessoires-pour-gazon-synthetique\/igienizzante-per-erba-sintetica-concentrato-2\/#primaryimage\"},\"thumbnailUrl\":\"https:\/\/demo.akomi.it\/erbyshop\/fr\/wp-content\/uploads\/sites\/3\/Igienizzante-5LT.jpg\",\"datePublished\":\"2024-08-26T08:51:34+00:00\",\"dateModified\":\"2025-04-16T11:06:16+00:00\",\"description\":\"Acquista online l'igienizzante per l'erba sintetica concentrato Clean Garden. Diluire in acqua prima dell'uso: sanifica, deterge e profuma il tuo prato sintetico.\",\"breadcrumb\":{\"@id\":\"https:\/\/demo.akomi.it\/erbyshop\/fr\/accessoires-pour-gazon-synthetique\/igienizzante-per-erba-sintetica-concentrato-2\/#breadcrumb\"},\"inLanguage\":\"fr-FR\",\"potentialAction\":[{\"@type\":\"ReadAction\",\"target\":[\"https:\/\/demo.akomi.it\/erbyshop\/fr\/accessoires-pour-gazon-synthetique\/igienizzante-per-erba-sintetica-concentrato-2\/\"]}]},{\"@type\":\"ImageObject\",\"inLanguage\":\"fr-FR\",\"@id\":\"https:\/\/demo.akomi.it\/erbyshop\/fr\/accessoires-pour-gazon-synthetique\/igienizzante-per-erba-sintetica-concentrato-2\/#primaryimage\",\"url\":\"https:\/\/demo.akomi.it\/erbyshop\/fr\/wp-content\/uploads\/sites\/3\/Igienizzante-5LT.jpg\",\"contentUrl\":\"https:\/\/demo.akomi.it\/erbyshop\/fr\/wp-content\/uploads\/sites\/3\/Igienizzante-5LT.jpg\",\"width\":2360,\"height\":1680},{\"@type\":\"BreadcrumbList\",\"@id\":\"https:\/\/demo.akomi.it\/erbyshop\/fr\/accessoires-pour-gazon-synthetique\/igienizzante-per-erba-sintetica-concentrato-2\/#breadcrumb\",\"itemListElement\":[{\"@type\":\"ListItem\",\"position\":1,\"name\":\"Home\",\"item\":\"https:\/\/demo.akomi.it\/erbyshop\/fr\/\"},{\"@type\":\"ListItem\",\"position\":2,\"name\":\"Shop\",\"item\":\"https:\/\/demo.akomi.it\/erbyshop\/fr\/e-commerce-erby\/\"},{\"@type\":\"ListItem\",\"position\":3,\"name\":\"Accessoires\",\"item\":\"https:\/\/demo.akomi.it\/erbyshop\/fr\/accessoires-pour-gazon-synthetique\/\"},{\"@type\":\"ListItem\",\"position\":4,\"name\":\"D\u00e9sinfectant pour gazon synth\u00e9tique &#8211; concentr\u00e9 5L\"}]},{\"@type\":\"WebSite\",\"@id\":\"https:\/\/demo.akomi.it\/erbyshop\/fr\/#website\",\"url\":\"https:\/\/demo.akomi.it\/erbyshop\/fr\/\",\"name\":\"FR\",\"description\":\"Il prato intelligente\",\"potentialAction\":[{\"@type\":\"SearchAction\",\"target\":{\"@type\":\"EntryPoint\",\"urlTemplate\":\"https:\/\/demo.akomi.it\/erbyshop\/fr\/?s={search_term_string}\"},\"query-input\":{\"@type\":\"PropertyValueSpecification\",\"valueRequired\":true,\"valueName\":\"search_term_string\"}}],\"inLanguage\":\"fr-FR\"}]}<\/script>\n<!-- \/ Yoast SEO plugin. -->","yoast_head_json":{"title":"Igienizzante erba sintetica concentrato | Detergente erba sintetica","description":"Acquista online l'igienizzante per l'erba sintetica concentrato Clean Garden. Diluire in acqua prima dell'uso: sanifica, deterge e profuma il tuo prato sintetico.","robots":{"index":"index","follow":"follow","max-snippet":"max-snippet:-1","max-image-preview":"max-image-preview:large","max-video-preview":"max-video-preview:-1"},"canonical":"https:\/\/demo.akomi.it\/erbyshop\/fr\/accessoires-pour-gazon-synthetique\/igienizzante-per-erba-sintetica-concentrato-2\/","og_locale":"fr_FR","og_type":"article","og_title":"Igienizzante erba sintetica concentrato | Detergente erba sintetica","og_description":"Acquista online l'igienizzante per l'erba sintetica concentrato Clean Garden. Diluire in acqua prima dell'uso: sanifica, deterge e profuma il tuo prato sintetico.","og_url":"https:\/\/demo.akomi.it\/erbyshop\/fr\/accessoires-pour-gazon-synthetique\/igienizzante-per-erba-sintetica-concentrato-2\/","og_site_name":"FR","article_modified_time":"2025-04-16T11:06:16+00:00","og_image":[{"width":2360,"height":1680,"url":"https:\/\/demo.akomi.it\/erbyshop\/fr\/wp-content\/uploads\/sites\/3\/Igienizzante-5LT.jpg","type":"image\/jpeg"}],"twitter_card":"summary_large_image","twitter_misc":{"Dur\u00e9e de lecture estim\u00e9e":"1 minute"},"schema":{"@context":"https:\/\/schema.org","@graph":[{"@type":"WebPage","@id":"https:\/\/demo.akomi.it\/erbyshop\/fr\/accessoires-pour-gazon-synthetique\/igienizzante-per-erba-sintetica-concentrato-2\/","url":"https:\/\/demo.akomi.it\/erbyshop\/fr\/accessoires-pour-gazon-synthetique\/igienizzante-per-erba-sintetica-concentrato-2\/","name":"Igienizzante erba sintetica concentrato | Detergente erba sintetica","isPartOf":{"@id":"https:\/\/demo.akomi.it\/erbyshop\/fr\/#website"},"primaryImageOfPage":{"@id":"https:\/\/demo.akomi.it\/erbyshop\/fr\/accessoires-pour-gazon-synthetique\/igienizzante-per-erba-sintetica-concentrato-2\/#primaryimage"},"image":{"@id":"https:\/\/demo.akomi.it\/erbyshop\/fr\/accessoires-pour-gazon-synthetique\/igienizzante-per-erba-sintetica-concentrato-2\/#primaryimage"},"thumbnailUrl":"https:\/\/demo.akomi.it\/erbyshop\/fr\/wp-content\/uploads\/sites\/3\/Igienizzante-5LT.jpg","datePublished":"2024-08-26T08:51:34+00:00","dateModified":"2025-04-16T11:06:16+00:00","description":"Acquista online l'igienizzante per l'erba sintetica concentrato Clean Garden. Diluire in acqua prima dell'uso: sanifica, deterge e profuma il tuo prato sintetico.","breadcrumb":{"@id":"https:\/\/demo.akomi.it\/erbyshop\/fr\/accessoires-pour-gazon-synthetique\/igienizzante-per-erba-sintetica-concentrato-2\/#breadcrumb"},"inLanguage":"fr-FR","potentialAction":[{"@type":"ReadAction","target":["https:\/\/demo.akomi.it\/erbyshop\/fr\/accessoires-pour-gazon-synthetique\/igienizzante-per-erba-sintetica-concentrato-2\/"]}]},{"@type":"ImageObject","inLanguage":"fr-FR","@id":"https:\/\/demo.akomi.it\/erbyshop\/fr\/accessoires-pour-gazon-synthetique\/igienizzante-per-erba-sintetica-concentrato-2\/#primaryimage","url":"https:\/\/demo.akomi.it\/erbyshop\/fr\/wp-content\/uploads\/sites\/3\/Igienizzante-5LT.jpg","contentUrl":"https:\/\/demo.akomi.it\/erbyshop\/fr\/wp-content\/uploads\/sites\/3\/Igienizzante-5LT.jpg","width":2360,"height":1680},{"@type":"BreadcrumbList","@id":"https:\/\/demo.akomi.it\/erbyshop\/fr\/accessoires-pour-gazon-synthetique\/igienizzante-per-erba-sintetica-concentrato-2\/#breadcrumb","itemListElement":[{"@type":"ListItem","position":1,"name":"Home","item":"https:\/\/demo.akomi.it\/erbyshop\/fr\/"},{"@type":"ListItem","position":2,"name":"Shop","item":"https:\/\/demo.akomi.it\/erbyshop\/fr\/e-commerce-erby\/"},{"@type":"ListItem","position":3,"name":"Accessoires","item":"https:\/\/demo.akomi.it\/erbyshop\/fr\/accessoires-pour-gazon-synthetique\/"},{"@type":"ListItem","position":4,"name":"D\u00e9sinfectant pour gazon synth\u00e9tique &#8211; concentr\u00e9 5L"}]},{"@type":"WebSite","@id":"https:\/\/demo.akomi.it\/erbyshop\/fr\/#website","url":"https:\/\/demo.akomi.it\/erbyshop\/fr\/","name":"FR","description":"Il prato intelligente","potentialAction":[{"@type":"SearchAction","target":{"@type":"EntryPoint","urlTemplate":"https:\/\/demo.akomi.it\/erbyshop\/fr\/?s={search_term_string}"},"query-input":{"@type":"PropertyValueSpecification","valueRequired":true,"valueName":"search_term_string"}}],"inLanguage":"fr-FR"}]}},"_links":{"self":[{"href":"https:\/\/demo.akomi.it\/erbyshop\/fr\/wp-json\/wp\/v2\/product\/6634","targetHints":{"allow":["GET"]}}],"collection":[{"href":"https:\/\/demo.akomi.it\/erbyshop\/fr\/wp-json\/wp\/v2\/product"}],"about":[{"href":"https:\/\/demo.akomi.it\/erbyshop\/fr\/wp-json\/wp\/v2\/types\/product"}],"wp:featuredmedia":[{"embeddable":true,"href":"https:\/\/demo.akomi.it\/erbyshop\/fr\/wp-json\/wp\/v2\/media\/6635"}],"wp:attachment":[{"href":"https:\/\/demo.akomi.it\/erbyshop\/fr\/wp-json\/wp\/v2\/media?parent=6634"}],"wp:term":[{"taxonomy":"product_brand","embeddable":true,"href":"https:\/\/demo.akomi.it\/erbyshop\/fr\/wp-json\/wp\/v2\/product_brand?post=6634"},{"taxonomy":"product_cat","embeddable":true,"href":"https:\/\/demo.akomi.it\/erbyshop\/fr\/wp-json\/wp\/v2\/product_cat?post=6634"},{"taxonomy":"product_tag","embeddable":true,"href":"https:\/\/demo.akomi.it\/erbyshop\/fr\/wp-json\/wp\/v2\/product_tag?post=6634"}],"curies":[{"name":"wp","href":"https:\/\/api.w.org\/{rel}","templated":true}]}}