{"id":6790,"date":"2024-09-20T10:48:44","date_gmt":"2024-09-20T08:48:44","guid":{"rendered":"https:\/\/www.demo.akomi.it\/erbyshop\/fr\/?post_type=product&#038;p=6790"},"modified":"2025-04-23T15:01:19","modified_gmt":"2025-04-23T13:01:19","slug":"erba-sintetica-utilizzo-immediato-45mm-light","status":"publish","type":"product","link":"https:\/\/demo.akomi.it\/erbyshop\/fr\/gazon-synthetique\/erba-sintetica-utilizzo-immediato-45mm-light\/","title":{"rendered":"POA STRONG 45 LIGHT"},"content":{"rendered":"<p>Le gazon synth\u00e9tique <strong>POA STRONG45 LIGHT<\/strong> est esth\u00e9tiquement \u00e9quivalent \u00e0 l\u2019herbe naturelle, en particulier \u00e0 la vari\u00e9t\u00e9 <em>Poa pratensis<\/em>.<\/p>\n<p>Il pr\u00e9sente des fibres aux trois nuances de vert diff\u00e9rentes (vert fonc\u00e9, vert olive et beige), accompagn\u00e9es d\u2019un effet racine dans les tons marron et cr\u00e8me, ce qui renforce le r\u00e9alisme visuel tout en am\u00e9liorant la structure globale du produit.<\/p>\n<p>Les brins de derni\u00e8re g\u00e9n\u00e9ration en forme de <em>grande vague<\/em>, <em>petite vague<\/em> et <em>diamant<\/em> rendent ce gazon extr\u00eamement r\u00e9silient, c\u2019est-\u00e0-dire capable de retrouver rapidement sa position verticale apr\u00e8s avoir \u00e9t\u00e9 pi\u00e9tin\u00e9, ce qui le rend id\u00e9al pour une utilisation intensive et un passage fr\u00e9quent.<\/p>\n<p>Il est en effet compos\u00e9 de mat\u00e9riaux non toxiques et anallergiques, permettant \u00e0 chacun de profiter de son jardin en toute tranquillit\u00e9.<\/p>\n<p>Une fois pos\u00e9, ce gazon synth\u00e9tique ne s\u2019\u00e9crase pas : il peut facilement supporter des poids importants tels que des piscines gonflables ou \u00e0 structure, ou encore des meubles et objets encombrants.<\/p>\n","protected":false},"excerpt":{"rendered":"<p>Le gazon synth\u00e9tique POA STRONG45 LIGHT est esth\u00e9tiquement \u00e9quivalent \u00e0 l\u2019herbe naturelle, en particulier \u00e0 la vari\u00e9t\u00e9 Poa pratensis. Il pr\u00e9sente des fibres aux trois nuances de vert diff\u00e9rentes (vert fonc\u00e9, vert olive et beige), accompagn\u00e9es d\u2019un effet racine dans les tons marron et cr\u00e8me, ce qui renforce le r\u00e9alisme visuel tout en am\u00e9liorant la &hellip; <a href=\"https:\/\/demo.akomi.it\/erbyshop\/fr\/gazon-synthetique\/erba-sintetica-utilizzo-immediato-45mm-light\/\">Continued<\/a><\/p>\n","protected":false},"featured_media":6760,"template":"","meta":[],"product_brand":[],"product_cat":[16],"product_tag":[],"class_list":{"0":"post-6790","1":"product","2":"type-product","3":"status-publish","4":"has-post-thumbnail","6":"product_cat-gazon-synthetique","7":"product_shipping_class-spedizione-gratuita","9":"first","10":"instock","11":"sale","12":"taxable","13":"shipping-taxable","14":"purchasable","15":"product-type-variable"},"acf":[],"yoast_head":"<!-- This site is optimized with the Yoast SEO plugin v24.5 - https:\/\/yoast.com\/wordpress\/plugins\/seo\/ -->\n<title>Erba Sintetica utilizzo Immediato 45mm | Prato Sintetico Poa Strong 45<\/title>\n<meta name=\"description\" content=\"Acquista erba sintetica utilizzo immediato online con altezza 45 mm in modo semplice e veloce per il tuo spazio preferito. Scegli Erby.\" \/>\n<meta name=\"robots\" content=\"index, follow, max-snippet:-1, max-image-preview:large, max-video-preview:-1\" \/>\n<link rel=\"canonical\" href=\"https:\/\/demo.akomi.it\/erbyshop\/fr\/gazon-synthetique\/erba-sintetica-utilizzo-immediato-45mm-light\/\" \/>\n<meta property=\"og:locale\" content=\"fr_FR\" \/>\n<meta property=\"og:type\" content=\"article\" \/>\n<meta property=\"og:title\" content=\"Erba Sintetica utilizzo Immediato 45mm | Prato Sintetico Poa Strong 45\" \/>\n<meta property=\"og:description\" content=\"Acquista erba sintetica utilizzo immediato online con altezza 45 mm in modo semplice e veloce per il tuo spazio preferito. Scegli Erby.\" \/>\n<meta property=\"og:url\" content=\"https:\/\/demo.akomi.it\/erbyshop\/fr\/gazon-synthetique\/erba-sintetica-utilizzo-immediato-45mm-light\/\" \/>\n<meta property=\"og:site_name\" content=\"FR\" \/>\n<meta property=\"article:modified_time\" content=\"2025-04-23T13:01:19+00:00\" \/>\n<meta property=\"og:image\" content=\"https:\/\/demo.akomi.it\/erbyshop\/fr\/wp-content\/uploads\/sites\/3\/Poa-Strong-45-1-1.jpg\" \/>\n\t<meta property=\"og:image:width\" content=\"1024\" \/>\n\t<meta property=\"og:image:height\" content=\"729\" \/>\n\t<meta property=\"og:image:type\" content=\"image\/jpeg\" \/>\n<meta name=\"twitter:card\" content=\"summary_large_image\" \/>\n<meta name=\"twitter:label1\" content=\"Dur\u00e9e de lecture estim\u00e9e\" \/>\n\t<meta name=\"twitter:data1\" content=\"1 minute\" \/>\n<script type=\"application\/ld+json\" class=\"yoast-schema-graph\">{\"@context\":\"https:\/\/schema.org\",\"@graph\":[{\"@type\":\"WebPage\",\"@id\":\"https:\/\/demo.akomi.it\/erbyshop\/fr\/gazon-synthetique\/erba-sintetica-utilizzo-immediato-45mm-light\/\",\"url\":\"https:\/\/demo.akomi.it\/erbyshop\/fr\/gazon-synthetique\/erba-sintetica-utilizzo-immediato-45mm-light\/\",\"name\":\"Erba Sintetica utilizzo Immediato 45mm | Prato Sintetico Poa Strong 45\",\"isPartOf\":{\"@id\":\"https:\/\/demo.akomi.it\/erbyshop\/fr\/#website\"},\"primaryImageOfPage\":{\"@id\":\"https:\/\/demo.akomi.it\/erbyshop\/fr\/gazon-synthetique\/erba-sintetica-utilizzo-immediato-45mm-light\/#primaryimage\"},\"image\":{\"@id\":\"https:\/\/demo.akomi.it\/erbyshop\/fr\/gazon-synthetique\/erba-sintetica-utilizzo-immediato-45mm-light\/#primaryimage\"},\"thumbnailUrl\":\"https:\/\/demo.akomi.it\/erbyshop\/fr\/wp-content\/uploads\/sites\/3\/Poa-Strong-45-1-1.jpg\",\"datePublished\":\"2024-09-20T08:48:44+00:00\",\"dateModified\":\"2025-04-23T13:01:19+00:00\",\"description\":\"Acquista erba sintetica utilizzo immediato online con altezza 45 mm in modo semplice e veloce per il tuo spazio preferito. Scegli Erby.\",\"breadcrumb\":{\"@id\":\"https:\/\/demo.akomi.it\/erbyshop\/fr\/gazon-synthetique\/erba-sintetica-utilizzo-immediato-45mm-light\/#breadcrumb\"},\"inLanguage\":\"fr-FR\",\"potentialAction\":[{\"@type\":\"ReadAction\",\"target\":[\"https:\/\/demo.akomi.it\/erbyshop\/fr\/gazon-synthetique\/erba-sintetica-utilizzo-immediato-45mm-light\/\"]}]},{\"@type\":\"ImageObject\",\"inLanguage\":\"fr-FR\",\"@id\":\"https:\/\/demo.akomi.it\/erbyshop\/fr\/gazon-synthetique\/erba-sintetica-utilizzo-immediato-45mm-light\/#primaryimage\",\"url\":\"https:\/\/demo.akomi.it\/erbyshop\/fr\/wp-content\/uploads\/sites\/3\/Poa-Strong-45-1-1.jpg\",\"contentUrl\":\"https:\/\/demo.akomi.it\/erbyshop\/fr\/wp-content\/uploads\/sites\/3\/Poa-Strong-45-1-1.jpg\",\"width\":2360,\"height\":1680},{\"@type\":\"BreadcrumbList\",\"@id\":\"https:\/\/demo.akomi.it\/erbyshop\/fr\/gazon-synthetique\/erba-sintetica-utilizzo-immediato-45mm-light\/#breadcrumb\",\"itemListElement\":[{\"@type\":\"ListItem\",\"position\":1,\"name\":\"Home\",\"item\":\"https:\/\/demo.akomi.it\/erbyshop\/fr\/\"},{\"@type\":\"ListItem\",\"position\":2,\"name\":\"Shop\",\"item\":\"https:\/\/demo.akomi.it\/erbyshop\/fr\/e-commerce-erby\/\"},{\"@type\":\"ListItem\",\"position\":3,\"name\":\"Gazon synth\u00e9tique\",\"item\":\"https:\/\/demo.akomi.it\/erbyshop\/fr\/gazon-synthetique\/\"},{\"@type\":\"ListItem\",\"position\":4,\"name\":\"POA STRONG 45 LIGHT\"}]},{\"@type\":\"WebSite\",\"@id\":\"https:\/\/demo.akomi.it\/erbyshop\/fr\/#website\",\"url\":\"https:\/\/demo.akomi.it\/erbyshop\/fr\/\",\"name\":\"FR\",\"description\":\"Il prato intelligente\",\"potentialAction\":[{\"@type\":\"SearchAction\",\"target\":{\"@type\":\"EntryPoint\",\"urlTemplate\":\"https:\/\/demo.akomi.it\/erbyshop\/fr\/?s={search_term_string}\"},\"query-input\":{\"@type\":\"PropertyValueSpecification\",\"valueRequired\":true,\"valueName\":\"search_term_string\"}}],\"inLanguage\":\"fr-FR\"}]}<\/script>\n<!-- \/ Yoast SEO plugin. -->","yoast_head_json":{"title":"Erba Sintetica utilizzo Immediato 45mm | Prato Sintetico Poa Strong 45","description":"Acquista erba sintetica utilizzo immediato online con altezza 45 mm in modo semplice e veloce per il tuo spazio preferito. Scegli Erby.","robots":{"index":"index","follow":"follow","max-snippet":"max-snippet:-1","max-image-preview":"max-image-preview:large","max-video-preview":"max-video-preview:-1"},"canonical":"https:\/\/demo.akomi.it\/erbyshop\/fr\/gazon-synthetique\/erba-sintetica-utilizzo-immediato-45mm-light\/","og_locale":"fr_FR","og_type":"article","og_title":"Erba Sintetica utilizzo Immediato 45mm | Prato Sintetico Poa Strong 45","og_description":"Acquista erba sintetica utilizzo immediato online con altezza 45 mm in modo semplice e veloce per il tuo spazio preferito. Scegli Erby.","og_url":"https:\/\/demo.akomi.it\/erbyshop\/fr\/gazon-synthetique\/erba-sintetica-utilizzo-immediato-45mm-light\/","og_site_name":"FR","article_modified_time":"2025-04-23T13:01:19+00:00","og_image":[{"url":"https:\/\/demo.akomi.it\/erbyshop\/fr\/wp-content\/uploads\/sites\/3\/Poa-Strong-45-1-1.jpg","width":1024,"height":729,"type":"image\/jpeg"}],"twitter_card":"summary_large_image","twitter_misc":{"Dur\u00e9e de lecture estim\u00e9e":"1 minute"},"schema":{"@context":"https:\/\/schema.org","@graph":[{"@type":"WebPage","@id":"https:\/\/demo.akomi.it\/erbyshop\/fr\/gazon-synthetique\/erba-sintetica-utilizzo-immediato-45mm-light\/","url":"https:\/\/demo.akomi.it\/erbyshop\/fr\/gazon-synthetique\/erba-sintetica-utilizzo-immediato-45mm-light\/","name":"Erba Sintetica utilizzo Immediato 45mm | Prato Sintetico Poa Strong 45","isPartOf":{"@id":"https:\/\/demo.akomi.it\/erbyshop\/fr\/#website"},"primaryImageOfPage":{"@id":"https:\/\/demo.akomi.it\/erbyshop\/fr\/gazon-synthetique\/erba-sintetica-utilizzo-immediato-45mm-light\/#primaryimage"},"image":{"@id":"https:\/\/demo.akomi.it\/erbyshop\/fr\/gazon-synthetique\/erba-sintetica-utilizzo-immediato-45mm-light\/#primaryimage"},"thumbnailUrl":"https:\/\/demo.akomi.it\/erbyshop\/fr\/wp-content\/uploads\/sites\/3\/Poa-Strong-45-1-1.jpg","datePublished":"2024-09-20T08:48:44+00:00","dateModified":"2025-04-23T13:01:19+00:00","description":"Acquista erba sintetica utilizzo immediato online con altezza 45 mm in modo semplice e veloce per il tuo spazio preferito. Scegli Erby.","breadcrumb":{"@id":"https:\/\/demo.akomi.it\/erbyshop\/fr\/gazon-synthetique\/erba-sintetica-utilizzo-immediato-45mm-light\/#breadcrumb"},"inLanguage":"fr-FR","potentialAction":[{"@type":"ReadAction","target":["https:\/\/demo.akomi.it\/erbyshop\/fr\/gazon-synthetique\/erba-sintetica-utilizzo-immediato-45mm-light\/"]}]},{"@type":"ImageObject","inLanguage":"fr-FR","@id":"https:\/\/demo.akomi.it\/erbyshop\/fr\/gazon-synthetique\/erba-sintetica-utilizzo-immediato-45mm-light\/#primaryimage","url":"https:\/\/demo.akomi.it\/erbyshop\/fr\/wp-content\/uploads\/sites\/3\/Poa-Strong-45-1-1.jpg","contentUrl":"https:\/\/demo.akomi.it\/erbyshop\/fr\/wp-content\/uploads\/sites\/3\/Poa-Strong-45-1-1.jpg","width":2360,"height":1680},{"@type":"BreadcrumbList","@id":"https:\/\/demo.akomi.it\/erbyshop\/fr\/gazon-synthetique\/erba-sintetica-utilizzo-immediato-45mm-light\/#breadcrumb","itemListElement":[{"@type":"ListItem","position":1,"name":"Home","item":"https:\/\/demo.akomi.it\/erbyshop\/fr\/"},{"@type":"ListItem","position":2,"name":"Shop","item":"https:\/\/demo.akomi.it\/erbyshop\/fr\/e-commerce-erby\/"},{"@type":"ListItem","position":3,"name":"Gazon synth\u00e9tique","item":"https:\/\/demo.akomi.it\/erbyshop\/fr\/gazon-synthetique\/"},{"@type":"ListItem","position":4,"name":"POA STRONG 45 LIGHT"}]},{"@type":"WebSite","@id":"https:\/\/demo.akomi.it\/erbyshop\/fr\/#website","url":"https:\/\/demo.akomi.it\/erbyshop\/fr\/","name":"FR","description":"Il prato intelligente","potentialAction":[{"@type":"SearchAction","target":{"@type":"EntryPoint","urlTemplate":"https:\/\/demo.akomi.it\/erbyshop\/fr\/?s={search_term_string}"},"query-input":{"@type":"PropertyValueSpecification","valueRequired":true,"valueName":"search_term_string"}}],"inLanguage":"fr-FR"}]}},"_links":{"self":[{"href":"https:\/\/demo.akomi.it\/erbyshop\/fr\/wp-json\/wp\/v2\/product\/6790","targetHints":{"allow":["GET"]}}],"collection":[{"href":"https:\/\/demo.akomi.it\/erbyshop\/fr\/wp-json\/wp\/v2\/product"}],"about":[{"href":"https:\/\/demo.akomi.it\/erbyshop\/fr\/wp-json\/wp\/v2\/types\/product"}],"wp:featuredmedia":[{"embeddable":true,"href":"https:\/\/demo.akomi.it\/erbyshop\/fr\/wp-json\/wp\/v2\/media\/6760"}],"wp:attachment":[{"href":"https:\/\/demo.akomi.it\/erbyshop\/fr\/wp-json\/wp\/v2\/media?parent=6790"}],"wp:term":[{"taxonomy":"product_brand","embeddable":true,"href":"https:\/\/demo.akomi.it\/erbyshop\/fr\/wp-json\/wp\/v2\/product_brand?post=6790"},{"taxonomy":"product_cat","embeddable":true,"href":"https:\/\/demo.akomi.it\/erbyshop\/fr\/wp-json\/wp\/v2\/product_cat?post=6790"},{"taxonomy":"product_tag","embeddable":true,"href":"https:\/\/demo.akomi.it\/erbyshop\/fr\/wp-json\/wp\/v2\/product_tag?post=6790"}],"curies":[{"name":"wp","href":"https:\/\/api.w.org\/{rel}","templated":true}]}}