{"id":7196,"date":"2024-12-16T17:21:37","date_gmt":"2024-12-16T16:21:37","guid":{"rendered":"https:\/\/www.demo.akomi.it\/erbyshop\/fr\/?post_type=product&#038;p=7196"},"modified":"2025-04-17T10:42:21","modified_gmt":"2025-04-17T08:42:21","slug":"zoysia33-22mq","status":"publish","type":"product","link":"https:\/\/demo.akomi.it\/erbyshop\/fr\/stock-gazon-synthetique\/zoysia33-22mq\/","title":{"rendered":"ZOYSIA33 (22MQ Lot gris\/vert)"},"content":{"rendered":"<p>Gazon synth\u00e9tique de haute qualit\u00e9, id\u00e9al pour ceux qui recherchent un bon produit \u00e0 un prix abordable. <br \/>\nLe gazon synth\u00e9tique ZOYSIA33 pr\u00e9sente des brins droits avec une section en &#8220;M&#8221;, dans des tons de vert fonc\u00e9 et vert clair, accompagn\u00e9s d\u2019un effet racine marron et cr\u00e8me. <br \/>\nIl convient aux jardins de toutes tailles, aux terrasses, \u00e0 la d\u00e9coration d\u2019espaces ext\u00e9rieurs de magasins ou de commerces, ainsi qu\u2019aux bords de piscine. <br \/>\nIl est \u00e9galement adapt\u00e9 \u00e0 la pr\u00e9sence d\u2019animaux, m\u00eame de grande taille, et d\u2019enfants. <br \/>\nFabriqu\u00e9 \u00e0 partir de mat\u00e9riaux non toxiques, hypoallerg\u00e9niques et antistatiques, il permet \u00e0 chacun de profiter de son jardin en toute s\u00e9r\u00e9nit\u00e9.<\/p>\n","protected":false},"excerpt":{"rendered":"<p>Gazon synth\u00e9tique de haute qualit\u00e9, id\u00e9al pour ceux qui recherchent un bon produit \u00e0 un prix abordable. Le gazon synth\u00e9tique ZOYSIA33 pr\u00e9sente des brins droits avec une section en &#8220;M&#8221;, dans des tons de vert fonc\u00e9 et vert clair, accompagn\u00e9s d\u2019un effet racine marron et cr\u00e8me. Il convient aux jardins de toutes tailles, aux terrasses, &hellip; <a href=\"https:\/\/demo.akomi.it\/erbyshop\/fr\/stock-gazon-synthetique\/zoysia33-22mq\/\">Continued<\/a><\/p>\n","protected":false},"featured_media":6458,"template":"","meta":[],"product_brand":[],"product_cat":[19],"product_tag":[],"class_list":{"0":"post-7196","1":"product","2":"type-product","3":"status-publish","4":"has-post-thumbnail","6":"product_cat-stock-gazon-synthetique","7":"product_shipping_class-tariffa-peso","9":"first","10":"instock","11":"sold-individually","12":"taxable","13":"shipping-taxable","14":"purchasable","15":"product-type-simple"},"acf":[],"yoast_head":"<!-- This site is optimized with the Yoast SEO plugin v24.5 - https:\/\/yoast.com\/wordpress\/plugins\/seo\/ -->\n<title>Stock erba Sintetica Alta Qualit\u00e0 33 mm | Prato Sintetico Zoysia 33 | Erby<\/title>\n<meta name=\"description\" content=\"Acquista stock erba sintetica alta qualit\u00e0 online con altezza 33 mm in modo semplice e veloce per il tuo spazio preferito. Scegli Erby.\" \/>\n<meta name=\"robots\" content=\"index, follow, max-snippet:-1, max-image-preview:large, max-video-preview:-1\" \/>\n<link rel=\"canonical\" href=\"https:\/\/demo.akomi.it\/erbyshop\/fr\/stock-gazon-synthetique\/zoysia33-22mq\/\" \/>\n<meta property=\"og:locale\" content=\"fr_FR\" \/>\n<meta property=\"og:type\" content=\"article\" \/>\n<meta property=\"og:title\" content=\"Stock erba Sintetica Alta Qualit\u00e0 33 mm | Prato Sintetico Zoysia 33 | Erby\" \/>\n<meta property=\"og:description\" content=\"Acquista stock erba sintetica alta qualit\u00e0 online con altezza 33 mm in modo semplice e veloce per il tuo spazio preferito. Scegli Erby.\" \/>\n<meta property=\"og:url\" content=\"https:\/\/demo.akomi.it\/erbyshop\/fr\/stock-gazon-synthetique\/zoysia33-22mq\/\" \/>\n<meta property=\"og:site_name\" content=\"FR\" \/>\n<meta property=\"article:modified_time\" content=\"2025-04-17T08:42:21+00:00\" \/>\n<meta property=\"og:image\" content=\"https:\/\/demo.akomi.it\/erbyshop\/fr\/wp-content\/uploads\/sites\/3\/Zoysia33-2-1.jpg\" \/>\n\t<meta property=\"og:image:width\" content=\"1024\" \/>\n\t<meta property=\"og:image:height\" content=\"729\" \/>\n\t<meta property=\"og:image:type\" content=\"image\/jpeg\" \/>\n<meta name=\"twitter:card\" content=\"summary_large_image\" \/>\n<meta name=\"twitter:label1\" content=\"Dur\u00e9e de lecture estim\u00e9e\" \/>\n\t<meta name=\"twitter:data1\" content=\"1 minute\" \/>\n<script type=\"application\/ld+json\" class=\"yoast-schema-graph\">{\"@context\":\"https:\/\/schema.org\",\"@graph\":[{\"@type\":\"WebPage\",\"@id\":\"https:\/\/demo.akomi.it\/erbyshop\/fr\/stock-gazon-synthetique\/zoysia33-22mq\/\",\"url\":\"https:\/\/demo.akomi.it\/erbyshop\/fr\/stock-gazon-synthetique\/zoysia33-22mq\/\",\"name\":\"Stock erba Sintetica Alta Qualit\u00e0 33 mm | Prato Sintetico Zoysia 33 | Erby\",\"isPartOf\":{\"@id\":\"https:\/\/demo.akomi.it\/erbyshop\/fr\/#website\"},\"primaryImageOfPage\":{\"@id\":\"https:\/\/demo.akomi.it\/erbyshop\/fr\/stock-gazon-synthetique\/zoysia33-22mq\/#primaryimage\"},\"image\":{\"@id\":\"https:\/\/demo.akomi.it\/erbyshop\/fr\/stock-gazon-synthetique\/zoysia33-22mq\/#primaryimage\"},\"thumbnailUrl\":\"https:\/\/demo.akomi.it\/erbyshop\/fr\/wp-content\/uploads\/sites\/3\/Zoysia33-2-1.jpg\",\"datePublished\":\"2024-12-16T16:21:37+00:00\",\"dateModified\":\"2025-04-17T08:42:21+00:00\",\"description\":\"Acquista stock erba sintetica alta qualit\u00e0 online con altezza 33 mm in modo semplice e veloce per il tuo spazio preferito. Scegli Erby.\",\"breadcrumb\":{\"@id\":\"https:\/\/demo.akomi.it\/erbyshop\/fr\/stock-gazon-synthetique\/zoysia33-22mq\/#breadcrumb\"},\"inLanguage\":\"fr-FR\",\"potentialAction\":[{\"@type\":\"ReadAction\",\"target\":[\"https:\/\/demo.akomi.it\/erbyshop\/fr\/stock-gazon-synthetique\/zoysia33-22mq\/\"]}]},{\"@type\":\"ImageObject\",\"inLanguage\":\"fr-FR\",\"@id\":\"https:\/\/demo.akomi.it\/erbyshop\/fr\/stock-gazon-synthetique\/zoysia33-22mq\/#primaryimage\",\"url\":\"https:\/\/demo.akomi.it\/erbyshop\/fr\/wp-content\/uploads\/sites\/3\/Zoysia33-2-1.jpg\",\"contentUrl\":\"https:\/\/demo.akomi.it\/erbyshop\/fr\/wp-content\/uploads\/sites\/3\/Zoysia33-2-1.jpg\",\"width\":2360,\"height\":1680},{\"@type\":\"BreadcrumbList\",\"@id\":\"https:\/\/demo.akomi.it\/erbyshop\/fr\/stock-gazon-synthetique\/zoysia33-22mq\/#breadcrumb\",\"itemListElement\":[{\"@type\":\"ListItem\",\"position\":1,\"name\":\"Home\",\"item\":\"https:\/\/demo.akomi.it\/erbyshop\/fr\/\"},{\"@type\":\"ListItem\",\"position\":2,\"name\":\"Shop\",\"item\":\"https:\/\/demo.akomi.it\/erbyshop\/fr\/e-commerce-erby\/\"},{\"@type\":\"ListItem\",\"position\":3,\"name\":\"Scampoli stock\",\"item\":\"https:\/\/demo.akomi.it\/erbyshop\/fr\/stock-gazon-synthetique\/\"},{\"@type\":\"ListItem\",\"position\":4,\"name\":\"ZOYSIA33 (22MQ Lot gris\/vert)\"}]},{\"@type\":\"WebSite\",\"@id\":\"https:\/\/demo.akomi.it\/erbyshop\/fr\/#website\",\"url\":\"https:\/\/demo.akomi.it\/erbyshop\/fr\/\",\"name\":\"FR\",\"description\":\"Il prato intelligente\",\"potentialAction\":[{\"@type\":\"SearchAction\",\"target\":{\"@type\":\"EntryPoint\",\"urlTemplate\":\"https:\/\/demo.akomi.it\/erbyshop\/fr\/?s={search_term_string}\"},\"query-input\":{\"@type\":\"PropertyValueSpecification\",\"valueRequired\":true,\"valueName\":\"search_term_string\"}}],\"inLanguage\":\"fr-FR\"}]}<\/script>\n<!-- \/ Yoast SEO plugin. -->","yoast_head_json":{"title":"Stock erba Sintetica Alta Qualit\u00e0 33 mm | Prato Sintetico Zoysia 33 | Erby","description":"Acquista stock erba sintetica alta qualit\u00e0 online con altezza 33 mm in modo semplice e veloce per il tuo spazio preferito. Scegli Erby.","robots":{"index":"index","follow":"follow","max-snippet":"max-snippet:-1","max-image-preview":"max-image-preview:large","max-video-preview":"max-video-preview:-1"},"canonical":"https:\/\/demo.akomi.it\/erbyshop\/fr\/stock-gazon-synthetique\/zoysia33-22mq\/","og_locale":"fr_FR","og_type":"article","og_title":"Stock erba Sintetica Alta Qualit\u00e0 33 mm | Prato Sintetico Zoysia 33 | Erby","og_description":"Acquista stock erba sintetica alta qualit\u00e0 online con altezza 33 mm in modo semplice e veloce per il tuo spazio preferito. Scegli Erby.","og_url":"https:\/\/demo.akomi.it\/erbyshop\/fr\/stock-gazon-synthetique\/zoysia33-22mq\/","og_site_name":"FR","article_modified_time":"2025-04-17T08:42:21+00:00","og_image":[{"url":"https:\/\/demo.akomi.it\/erbyshop\/fr\/wp-content\/uploads\/sites\/3\/Zoysia33-2-1.jpg","width":1024,"height":729,"type":"image\/jpeg"}],"twitter_card":"summary_large_image","twitter_misc":{"Dur\u00e9e de lecture estim\u00e9e":"1 minute"},"schema":{"@context":"https:\/\/schema.org","@graph":[{"@type":"WebPage","@id":"https:\/\/demo.akomi.it\/erbyshop\/fr\/stock-gazon-synthetique\/zoysia33-22mq\/","url":"https:\/\/demo.akomi.it\/erbyshop\/fr\/stock-gazon-synthetique\/zoysia33-22mq\/","name":"Stock erba Sintetica Alta Qualit\u00e0 33 mm | Prato Sintetico Zoysia 33 | Erby","isPartOf":{"@id":"https:\/\/demo.akomi.it\/erbyshop\/fr\/#website"},"primaryImageOfPage":{"@id":"https:\/\/demo.akomi.it\/erbyshop\/fr\/stock-gazon-synthetique\/zoysia33-22mq\/#primaryimage"},"image":{"@id":"https:\/\/demo.akomi.it\/erbyshop\/fr\/stock-gazon-synthetique\/zoysia33-22mq\/#primaryimage"},"thumbnailUrl":"https:\/\/demo.akomi.it\/erbyshop\/fr\/wp-content\/uploads\/sites\/3\/Zoysia33-2-1.jpg","datePublished":"2024-12-16T16:21:37+00:00","dateModified":"2025-04-17T08:42:21+00:00","description":"Acquista stock erba sintetica alta qualit\u00e0 online con altezza 33 mm in modo semplice e veloce per il tuo spazio preferito. Scegli Erby.","breadcrumb":{"@id":"https:\/\/demo.akomi.it\/erbyshop\/fr\/stock-gazon-synthetique\/zoysia33-22mq\/#breadcrumb"},"inLanguage":"fr-FR","potentialAction":[{"@type":"ReadAction","target":["https:\/\/demo.akomi.it\/erbyshop\/fr\/stock-gazon-synthetique\/zoysia33-22mq\/"]}]},{"@type":"ImageObject","inLanguage":"fr-FR","@id":"https:\/\/demo.akomi.it\/erbyshop\/fr\/stock-gazon-synthetique\/zoysia33-22mq\/#primaryimage","url":"https:\/\/demo.akomi.it\/erbyshop\/fr\/wp-content\/uploads\/sites\/3\/Zoysia33-2-1.jpg","contentUrl":"https:\/\/demo.akomi.it\/erbyshop\/fr\/wp-content\/uploads\/sites\/3\/Zoysia33-2-1.jpg","width":2360,"height":1680},{"@type":"BreadcrumbList","@id":"https:\/\/demo.akomi.it\/erbyshop\/fr\/stock-gazon-synthetique\/zoysia33-22mq\/#breadcrumb","itemListElement":[{"@type":"ListItem","position":1,"name":"Home","item":"https:\/\/demo.akomi.it\/erbyshop\/fr\/"},{"@type":"ListItem","position":2,"name":"Shop","item":"https:\/\/demo.akomi.it\/erbyshop\/fr\/e-commerce-erby\/"},{"@type":"ListItem","position":3,"name":"Scampoli stock","item":"https:\/\/demo.akomi.it\/erbyshop\/fr\/stock-gazon-synthetique\/"},{"@type":"ListItem","position":4,"name":"ZOYSIA33 (22MQ Lot gris\/vert)"}]},{"@type":"WebSite","@id":"https:\/\/demo.akomi.it\/erbyshop\/fr\/#website","url":"https:\/\/demo.akomi.it\/erbyshop\/fr\/","name":"FR","description":"Il prato intelligente","potentialAction":[{"@type":"SearchAction","target":{"@type":"EntryPoint","urlTemplate":"https:\/\/demo.akomi.it\/erbyshop\/fr\/?s={search_term_string}"},"query-input":{"@type":"PropertyValueSpecification","valueRequired":true,"valueName":"search_term_string"}}],"inLanguage":"fr-FR"}]}},"_links":{"self":[{"href":"https:\/\/demo.akomi.it\/erbyshop\/fr\/wp-json\/wp\/v2\/product\/7196","targetHints":{"allow":["GET"]}}],"collection":[{"href":"https:\/\/demo.akomi.it\/erbyshop\/fr\/wp-json\/wp\/v2\/product"}],"about":[{"href":"https:\/\/demo.akomi.it\/erbyshop\/fr\/wp-json\/wp\/v2\/types\/product"}],"wp:featuredmedia":[{"embeddable":true,"href":"https:\/\/demo.akomi.it\/erbyshop\/fr\/wp-json\/wp\/v2\/media\/6458"}],"wp:attachment":[{"href":"https:\/\/demo.akomi.it\/erbyshop\/fr\/wp-json\/wp\/v2\/media?parent=7196"}],"wp:term":[{"taxonomy":"product_brand","embeddable":true,"href":"https:\/\/demo.akomi.it\/erbyshop\/fr\/wp-json\/wp\/v2\/product_brand?post=7196"},{"taxonomy":"product_cat","embeddable":true,"href":"https:\/\/demo.akomi.it\/erbyshop\/fr\/wp-json\/wp\/v2\/product_cat?post=7196"},{"taxonomy":"product_tag","embeddable":true,"href":"https:\/\/demo.akomi.it\/erbyshop\/fr\/wp-json\/wp\/v2\/product_tag?post=7196"}],"curies":[{"name":"wp","href":"https:\/\/api.w.org\/{rel}","templated":true}]}}