{"id":846,"date":"2022-02-07T09:47:16","date_gmt":"2022-02-07T08:47:16","guid":{"rendered":"https:\/\/www.demo.akomi.it\/erbyshop\/fr\/?post_type=product&#038;p=846"},"modified":"2025-04-23T15:07:07","modified_gmt":"2025-04-23T13:07:07","slug":"erba-sintetica-realistica-48-mm-23mq","status":"publish","type":"product","link":"https:\/\/demo.akomi.it\/erbyshop\/fr\/stock-gazon-synthetique\/erba-sintetica-realistica-48-mm-23mq\/","title":{"rendered":"FESTUCA48 (23MQ Lot vert)"},"content":{"rendered":"<p>Le gazon synth\u00e9tique <strong>FESTUCA48<\/strong> est esth\u00e9tiquement comparable \u00e0 l\u2019herbe naturelle, et rappelle particuli\u00e8rement la vari\u00e9t\u00e9 <em>Festuca arundinacea<\/em>.<\/p>\n<p>Il est compos\u00e9 d\u2019un mono-filament \u00e0 section en <em>V<\/em>, d\u00e9clin\u00e9 en deux nuances de vert (vert \u00e9meraude et vert olive), accompagn\u00e9 d\u2019un effet racine dans des tons vert\/beige qui accentue encore le r\u00e9alisme visuel tout en am\u00e9liorant la structure g\u00e9n\u00e9rale du produit.<\/p>\n<p>Issu du d\u00e9veloppement d\u2019un gazon \u00e0 usage sportif, ce gazon synth\u00e9tique est donc extr\u00eamement r\u00e9silient, c\u2019est-\u00e0-dire capable de retrouver tr\u00e8s rapidement sa forme verticale apr\u00e8s avoir \u00e9t\u00e9 pi\u00e9tin\u00e9. Il est donc id\u00e9al pour une utilisation fr\u00e9quente et des passages intensifs.<\/p>\n<p>Ce gazon est parfait pour tout type de jardin, terrasse, d\u00e9coration d\u2019espaces ext\u00e9rieurs de magasins ou d\u2019\u00e9tablissements commerciaux, ou encore pour les abords de piscine. Il convient aussi \u00e0 la pr\u00e9sence d\u2019animaux, m\u00eame de grande taille, ainsi qu\u2019aux enfants.<\/p>\n<p>Il est en effet fabriqu\u00e9 \u00e0 partir de mat\u00e9riaux non toxiques et anallergiques, permettant \u00e0 chacun de profiter de son jardin en toute s\u00e9r\u00e9nit\u00e9.<\/p>\n<p>Une fois install\u00e9, ce gazon ne s\u2019\u00e9crase pas : il peut ais\u00e9ment supporter des charges importantes comme des piscines gonflables ou \u00e0 structure, ou encore des structures de rangement encombrantes.<\/p>\n","protected":false},"excerpt":{"rendered":"<p>Le gazon synth\u00e9tique FESTUCA48 est esth\u00e9tiquement comparable \u00e0 l\u2019herbe naturelle, et rappelle particuli\u00e8rement la vari\u00e9t\u00e9 Festuca arundinacea. Il est compos\u00e9 d\u2019un mono-filament \u00e0 section en V, d\u00e9clin\u00e9 en deux nuances de vert (vert \u00e9meraude et vert olive), accompagn\u00e9 d\u2019un effet racine dans des tons vert\/beige qui accentue encore le r\u00e9alisme visuel tout en am\u00e9liorant la &hellip; <a href=\"https:\/\/demo.akomi.it\/erbyshop\/fr\/stock-gazon-synthetique\/erba-sintetica-realistica-48-mm-23mq\/\">Continued<\/a><\/p>\n","protected":false},"featured_media":1283,"template":"","meta":[],"product_brand":[],"product_cat":[19],"product_tag":[],"class_list":{"0":"post-846","1":"product","2":"type-product","3":"status-publish","4":"has-post-thumbnail","6":"product_cat-stock-gazon-synthetique","7":"product_shipping_class-tariffa-peso","9":"first","10":"instock","11":"sold-individually","12":"taxable","13":"shipping-taxable","14":"purchasable","15":"product-type-simple"},"acf":[],"yoast_head":"<!-- This site is optimized with the Yoast SEO plugin v24.5 - https:\/\/yoast.com\/wordpress\/plugins\/seo\/ -->\n<title>Erba Sintetica Realistica 48 mm | Prato Sintetico Festuca 48 | Erby<\/title>\n<meta name=\"description\" content=\"Acquista erba sintetica realistica online con altezza 48mm in modo semplice e veloce per il tuo spazio preferito. Scegli Erby.\" \/>\n<meta name=\"robots\" content=\"index, follow, max-snippet:-1, max-image-preview:large, max-video-preview:-1\" \/>\n<link rel=\"canonical\" href=\"https:\/\/demo.akomi.it\/erbyshop\/fr\/stock-gazon-synthetique\/erba-sintetica-realistica-48-mm-23mq\/\" \/>\n<meta property=\"og:locale\" content=\"fr_FR\" \/>\n<meta property=\"og:type\" content=\"article\" \/>\n<meta property=\"og:title\" content=\"Erba Sintetica Realistica 48 mm | Prato Sintetico Festuca 48 | Erby\" \/>\n<meta property=\"og:description\" content=\"Acquista erba sintetica realistica online con altezza 48mm in modo semplice e veloce per il tuo spazio preferito. Scegli Erby.\" \/>\n<meta property=\"og:url\" content=\"https:\/\/demo.akomi.it\/erbyshop\/fr\/stock-gazon-synthetique\/erba-sintetica-realistica-48-mm-23mq\/\" \/>\n<meta property=\"og:site_name\" content=\"FR\" \/>\n<meta property=\"article:modified_time\" content=\"2025-04-23T13:07:07+00:00\" \/>\n<meta property=\"og:image\" content=\"https:\/\/demo.akomi.it\/erbyshop\/fr\/wp-content\/uploads\/sites\/3\/erba-sintetica-FESTUCA48-1.jpg\" \/>\n\t<meta property=\"og:image:width\" content=\"2360\" \/>\n\t<meta property=\"og:image:height\" content=\"1680\" \/>\n\t<meta property=\"og:image:type\" content=\"image\/jpeg\" \/>\n<meta name=\"twitter:card\" content=\"summary_large_image\" \/>\n<meta name=\"twitter:label1\" content=\"Dur\u00e9e de lecture estim\u00e9e\" \/>\n\t<meta name=\"twitter:data1\" content=\"2 minutes\" \/>\n<script type=\"application\/ld+json\" class=\"yoast-schema-graph\">{\"@context\":\"https:\/\/schema.org\",\"@graph\":[{\"@type\":\"WebPage\",\"@id\":\"https:\/\/demo.akomi.it\/erbyshop\/fr\/stock-gazon-synthetique\/erba-sintetica-realistica-48-mm-23mq\/\",\"url\":\"https:\/\/demo.akomi.it\/erbyshop\/fr\/stock-gazon-synthetique\/erba-sintetica-realistica-48-mm-23mq\/\",\"name\":\"Erba Sintetica Realistica 48 mm | Prato Sintetico Festuca 48 | Erby\",\"isPartOf\":{\"@id\":\"https:\/\/demo.akomi.it\/erbyshop\/fr\/#website\"},\"primaryImageOfPage\":{\"@id\":\"https:\/\/demo.akomi.it\/erbyshop\/fr\/stock-gazon-synthetique\/erba-sintetica-realistica-48-mm-23mq\/#primaryimage\"},\"image\":{\"@id\":\"https:\/\/demo.akomi.it\/erbyshop\/fr\/stock-gazon-synthetique\/erba-sintetica-realistica-48-mm-23mq\/#primaryimage\"},\"thumbnailUrl\":\"https:\/\/demo.akomi.it\/erbyshop\/fr\/wp-content\/uploads\/sites\/3\/erba-sintetica-FESTUCA48-1.jpg\",\"datePublished\":\"2022-02-07T08:47:16+00:00\",\"dateModified\":\"2025-04-23T13:07:07+00:00\",\"description\":\"Acquista erba sintetica realistica online con altezza 48mm in modo semplice e veloce per il tuo spazio preferito. Scegli Erby.\",\"breadcrumb\":{\"@id\":\"https:\/\/demo.akomi.it\/erbyshop\/fr\/stock-gazon-synthetique\/erba-sintetica-realistica-48-mm-23mq\/#breadcrumb\"},\"inLanguage\":\"fr-FR\",\"potentialAction\":[{\"@type\":\"ReadAction\",\"target\":[\"https:\/\/demo.akomi.it\/erbyshop\/fr\/stock-gazon-synthetique\/erba-sintetica-realistica-48-mm-23mq\/\"]}]},{\"@type\":\"ImageObject\",\"inLanguage\":\"fr-FR\",\"@id\":\"https:\/\/demo.akomi.it\/erbyshop\/fr\/stock-gazon-synthetique\/erba-sintetica-realistica-48-mm-23mq\/#primaryimage\",\"url\":\"https:\/\/demo.akomi.it\/erbyshop\/fr\/wp-content\/uploads\/sites\/3\/erba-sintetica-FESTUCA48-1.jpg\",\"contentUrl\":\"https:\/\/demo.akomi.it\/erbyshop\/fr\/wp-content\/uploads\/sites\/3\/erba-sintetica-FESTUCA48-1.jpg\",\"width\":2360,\"height\":1680,\"caption\":\"erba sintetica FESTUCA48\"},{\"@type\":\"BreadcrumbList\",\"@id\":\"https:\/\/demo.akomi.it\/erbyshop\/fr\/stock-gazon-synthetique\/erba-sintetica-realistica-48-mm-23mq\/#breadcrumb\",\"itemListElement\":[{\"@type\":\"ListItem\",\"position\":1,\"name\":\"Home\",\"item\":\"https:\/\/demo.akomi.it\/erbyshop\/fr\/\"},{\"@type\":\"ListItem\",\"position\":2,\"name\":\"Shop\",\"item\":\"https:\/\/demo.akomi.it\/erbyshop\/fr\/e-commerce-erby\/\"},{\"@type\":\"ListItem\",\"position\":3,\"name\":\"Scampoli stock\",\"item\":\"https:\/\/demo.akomi.it\/erbyshop\/fr\/stock-gazon-synthetique\/\"},{\"@type\":\"ListItem\",\"position\":4,\"name\":\"FESTUCA48 (23MQ Lot vert)\"}]},{\"@type\":\"WebSite\",\"@id\":\"https:\/\/demo.akomi.it\/erbyshop\/fr\/#website\",\"url\":\"https:\/\/demo.akomi.it\/erbyshop\/fr\/\",\"name\":\"FR\",\"description\":\"Il prato intelligente\",\"potentialAction\":[{\"@type\":\"SearchAction\",\"target\":{\"@type\":\"EntryPoint\",\"urlTemplate\":\"https:\/\/demo.akomi.it\/erbyshop\/fr\/?s={search_term_string}\"},\"query-input\":{\"@type\":\"PropertyValueSpecification\",\"valueRequired\":true,\"valueName\":\"search_term_string\"}}],\"inLanguage\":\"fr-FR\"}]}<\/script>\n<!-- \/ Yoast SEO plugin. -->","yoast_head_json":{"title":"Erba Sintetica Realistica 48 mm | Prato Sintetico Festuca 48 | Erby","description":"Acquista erba sintetica realistica online con altezza 48mm in modo semplice e veloce per il tuo spazio preferito. Scegli Erby.","robots":{"index":"index","follow":"follow","max-snippet":"max-snippet:-1","max-image-preview":"max-image-preview:large","max-video-preview":"max-video-preview:-1"},"canonical":"https:\/\/demo.akomi.it\/erbyshop\/fr\/stock-gazon-synthetique\/erba-sintetica-realistica-48-mm-23mq\/","og_locale":"fr_FR","og_type":"article","og_title":"Erba Sintetica Realistica 48 mm | Prato Sintetico Festuca 48 | Erby","og_description":"Acquista erba sintetica realistica online con altezza 48mm in modo semplice e veloce per il tuo spazio preferito. Scegli Erby.","og_url":"https:\/\/demo.akomi.it\/erbyshop\/fr\/stock-gazon-synthetique\/erba-sintetica-realistica-48-mm-23mq\/","og_site_name":"FR","article_modified_time":"2025-04-23T13:07:07+00:00","og_image":[{"width":2360,"height":1680,"url":"https:\/\/demo.akomi.it\/erbyshop\/fr\/wp-content\/uploads\/sites\/3\/erba-sintetica-FESTUCA48-1.jpg","type":"image\/jpeg"}],"twitter_card":"summary_large_image","twitter_misc":{"Dur\u00e9e de lecture estim\u00e9e":"2 minutes"},"schema":{"@context":"https:\/\/schema.org","@graph":[{"@type":"WebPage","@id":"https:\/\/demo.akomi.it\/erbyshop\/fr\/stock-gazon-synthetique\/erba-sintetica-realistica-48-mm-23mq\/","url":"https:\/\/demo.akomi.it\/erbyshop\/fr\/stock-gazon-synthetique\/erba-sintetica-realistica-48-mm-23mq\/","name":"Erba Sintetica Realistica 48 mm | Prato Sintetico Festuca 48 | Erby","isPartOf":{"@id":"https:\/\/demo.akomi.it\/erbyshop\/fr\/#website"},"primaryImageOfPage":{"@id":"https:\/\/demo.akomi.it\/erbyshop\/fr\/stock-gazon-synthetique\/erba-sintetica-realistica-48-mm-23mq\/#primaryimage"},"image":{"@id":"https:\/\/demo.akomi.it\/erbyshop\/fr\/stock-gazon-synthetique\/erba-sintetica-realistica-48-mm-23mq\/#primaryimage"},"thumbnailUrl":"https:\/\/demo.akomi.it\/erbyshop\/fr\/wp-content\/uploads\/sites\/3\/erba-sintetica-FESTUCA48-1.jpg","datePublished":"2022-02-07T08:47:16+00:00","dateModified":"2025-04-23T13:07:07+00:00","description":"Acquista erba sintetica realistica online con altezza 48mm in modo semplice e veloce per il tuo spazio preferito. Scegli Erby.","breadcrumb":{"@id":"https:\/\/demo.akomi.it\/erbyshop\/fr\/stock-gazon-synthetique\/erba-sintetica-realistica-48-mm-23mq\/#breadcrumb"},"inLanguage":"fr-FR","potentialAction":[{"@type":"ReadAction","target":["https:\/\/demo.akomi.it\/erbyshop\/fr\/stock-gazon-synthetique\/erba-sintetica-realistica-48-mm-23mq\/"]}]},{"@type":"ImageObject","inLanguage":"fr-FR","@id":"https:\/\/demo.akomi.it\/erbyshop\/fr\/stock-gazon-synthetique\/erba-sintetica-realistica-48-mm-23mq\/#primaryimage","url":"https:\/\/demo.akomi.it\/erbyshop\/fr\/wp-content\/uploads\/sites\/3\/erba-sintetica-FESTUCA48-1.jpg","contentUrl":"https:\/\/demo.akomi.it\/erbyshop\/fr\/wp-content\/uploads\/sites\/3\/erba-sintetica-FESTUCA48-1.jpg","width":2360,"height":1680,"caption":"erba sintetica FESTUCA48"},{"@type":"BreadcrumbList","@id":"https:\/\/demo.akomi.it\/erbyshop\/fr\/stock-gazon-synthetique\/erba-sintetica-realistica-48-mm-23mq\/#breadcrumb","itemListElement":[{"@type":"ListItem","position":1,"name":"Home","item":"https:\/\/demo.akomi.it\/erbyshop\/fr\/"},{"@type":"ListItem","position":2,"name":"Shop","item":"https:\/\/demo.akomi.it\/erbyshop\/fr\/e-commerce-erby\/"},{"@type":"ListItem","position":3,"name":"Scampoli stock","item":"https:\/\/demo.akomi.it\/erbyshop\/fr\/stock-gazon-synthetique\/"},{"@type":"ListItem","position":4,"name":"FESTUCA48 (23MQ Lot vert)"}]},{"@type":"WebSite","@id":"https:\/\/demo.akomi.it\/erbyshop\/fr\/#website","url":"https:\/\/demo.akomi.it\/erbyshop\/fr\/","name":"FR","description":"Il prato intelligente","potentialAction":[{"@type":"SearchAction","target":{"@type":"EntryPoint","urlTemplate":"https:\/\/demo.akomi.it\/erbyshop\/fr\/?s={search_term_string}"},"query-input":{"@type":"PropertyValueSpecification","valueRequired":true,"valueName":"search_term_string"}}],"inLanguage":"fr-FR"}]}},"_links":{"self":[{"href":"https:\/\/demo.akomi.it\/erbyshop\/fr\/wp-json\/wp\/v2\/product\/846","targetHints":{"allow":["GET"]}}],"collection":[{"href":"https:\/\/demo.akomi.it\/erbyshop\/fr\/wp-json\/wp\/v2\/product"}],"about":[{"href":"https:\/\/demo.akomi.it\/erbyshop\/fr\/wp-json\/wp\/v2\/types\/product"}],"wp:featuredmedia":[{"embeddable":true,"href":"https:\/\/demo.akomi.it\/erbyshop\/fr\/wp-json\/wp\/v2\/media\/1283"}],"wp:attachment":[{"href":"https:\/\/demo.akomi.it\/erbyshop\/fr\/wp-json\/wp\/v2\/media?parent=846"}],"wp:term":[{"taxonomy":"product_brand","embeddable":true,"href":"https:\/\/demo.akomi.it\/erbyshop\/fr\/wp-json\/wp\/v2\/product_brand?post=846"},{"taxonomy":"product_cat","embeddable":true,"href":"https:\/\/demo.akomi.it\/erbyshop\/fr\/wp-json\/wp\/v2\/product_cat?post=846"},{"taxonomy":"product_tag","embeddable":true,"href":"https:\/\/demo.akomi.it\/erbyshop\/fr\/wp-json\/wp\/v2\/product_tag?post=846"}],"curies":[{"name":"wp","href":"https:\/\/api.w.org\/{rel}","templated":true}]}}