{"id":996,"date":"2022-02-07T09:54:05","date_gmt":"2022-02-07T08:54:05","guid":{"rendered":"https:\/\/www.demo.akomi.it\/erbyshop\/fr\/?post_type=product&#038;p=996"},"modified":"2025-04-23T15:41:10","modified_gmt":"2025-04-23T13:41:10","slug":"erba-sintetica-55-mm","status":"publish","type":"product","link":"https:\/\/demo.akomi.it\/erbyshop\/fr\/gazon-synthetique\/erba-sintetica-55-mm\/","title":{"rendered":"NATURE55"},"content":{"rendered":"<p>Mod\u00e8le de gazon synth\u00e9tique incroyablement r\u00e9aliste. Il pr\u00e9sente des fils dans trois teintes de vert diff\u00e9rentes (vert fonc\u00e9, vert olive et beige), ainsi qu&#8217;un effet racine de couleur vert fonc\u00e9 et cr\u00e8me qui rend l&#8217;effet visuel encore plus r\u00e9aliste et am\u00e9liore la structure globale.<\/p>\n<p>Les filaments avec section &#8220;grande vague&#8221;, &#8220;S&#8221; et &#8220;diamant&#8221; de derni\u00e8re g\u00e9n\u00e9ration rendent cette pelouse tr\u00e8s douce tout en \u00e9tant extr\u00eamement r\u00e9siliente, c&#8217;est-\u00e0-dire capable de retrouver sa position verticale tr\u00e8s rapidement apr\u00e8s avoir \u00e9t\u00e9 pi\u00e9tin\u00e9e, ce qui la rend id\u00e9ale pour un usage continu et un pi\u00e9tinement intensif. Ce gazon synth\u00e9tique est parfait pour tous types de jardins, terrasses, d\u00e9corations d&#8217;espaces ext\u00e9rieurs de magasins ou d&#8217;entreprises, ou bords de piscine, et convient \u00e9galement en pr\u00e9sence d&#8217;animaux, m\u00eame de grande taille, et d&#8217;enfants.<\/p>\n<p>Il est en effet compos\u00e9 de mat\u00e9riaux non toxiques et hypoallerg\u00e9niques, permettant ainsi \u00e0 chacun de profiter de son jardin en toute tranquillit\u00e9.<\/p>\n","protected":false},"excerpt":{"rendered":"<p>Mod\u00e8le de gazon synth\u00e9tique incroyablement r\u00e9aliste. Il pr\u00e9sente des fils dans trois teintes de vert diff\u00e9rentes (vert fonc\u00e9, vert olive et beige), ainsi qu&#8217;un effet racine de couleur vert fonc\u00e9 et cr\u00e8me qui rend l&#8217;effet visuel encore plus r\u00e9aliste et am\u00e9liore la structure globale. Les filaments avec section &#8220;grande vague&#8221;, &#8220;S&#8221; et &#8220;diamant&#8221; de derni\u00e8re &hellip; <a href=\"https:\/\/demo.akomi.it\/erbyshop\/fr\/gazon-synthetique\/erba-sintetica-55-mm\/\">Continued<\/a><\/p>\n","protected":false},"featured_media":6347,"template":"","meta":[],"product_brand":[],"product_cat":[16],"product_tag":[],"class_list":{"0":"post-996","1":"product","2":"type-product","3":"status-publish","4":"has-post-thumbnail","6":"product_cat-gazon-synthetique","7":"product_shipping_class-spedizione-gratuita","9":"first","10":"instock","11":"sale","12":"taxable","13":"shipping-taxable","14":"purchasable","15":"product-type-variable"},"acf":[],"yoast_head":"<!-- This site is optimized with the Yoast SEO plugin v24.5 - https:\/\/yoast.com\/wordpress\/plugins\/seo\/ -->\n<title>Erba Sintetica 55 mm | Prato Sintetico Nature 55 | Erby<\/title>\n<meta name=\"description\" content=\"Acquista erba sintetica online con altezza 55mm in modo semplice e veloce per il tuo spazio preferito. Scegli Erby.\" \/>\n<meta name=\"robots\" content=\"index, follow, max-snippet:-1, max-image-preview:large, max-video-preview:-1\" \/>\n<link rel=\"canonical\" href=\"https:\/\/demo.akomi.it\/erbyshop\/fr\/gazon-synthetique\/erba-sintetica-55-mm\/\" \/>\n<meta property=\"og:locale\" content=\"fr_FR\" \/>\n<meta property=\"og:type\" content=\"article\" \/>\n<meta property=\"og:title\" content=\"Erba Sintetica 55 mm | Prato Sintetico Nature 55 | Erby\" \/>\n<meta property=\"og:description\" content=\"Acquista erba sintetica online con altezza 55mm in modo semplice e veloce per il tuo spazio preferito. Scegli Erby.\" \/>\n<meta property=\"og:url\" content=\"https:\/\/demo.akomi.it\/erbyshop\/fr\/gazon-synthetique\/erba-sintetica-55-mm\/\" \/>\n<meta property=\"og:site_name\" content=\"FR\" \/>\n<meta property=\"article:modified_time\" content=\"2025-04-23T13:41:10+00:00\" \/>\n<meta property=\"og:image\" content=\"https:\/\/demo.akomi.it\/erbyshop\/fr\/wp-content\/uploads\/sites\/3\/Nature55-1.jpg\" \/>\n\t<meta property=\"og:image:width\" content=\"1024\" \/>\n\t<meta property=\"og:image:height\" content=\"729\" \/>\n\t<meta property=\"og:image:type\" content=\"image\/jpeg\" \/>\n<meta name=\"twitter:card\" content=\"summary_large_image\" \/>\n<meta name=\"twitter:label1\" content=\"Dur\u00e9e de lecture estim\u00e9e\" \/>\n\t<meta name=\"twitter:data1\" content=\"1 minute\" \/>\n<script type=\"application\/ld+json\" class=\"yoast-schema-graph\">{\"@context\":\"https:\/\/schema.org\",\"@graph\":[{\"@type\":\"WebPage\",\"@id\":\"https:\/\/demo.akomi.it\/erbyshop\/fr\/gazon-synthetique\/erba-sintetica-55-mm\/\",\"url\":\"https:\/\/demo.akomi.it\/erbyshop\/fr\/gazon-synthetique\/erba-sintetica-55-mm\/\",\"name\":\"Erba Sintetica 55 mm | Prato Sintetico Nature 55 | Erby\",\"isPartOf\":{\"@id\":\"https:\/\/demo.akomi.it\/erbyshop\/fr\/#website\"},\"primaryImageOfPage\":{\"@id\":\"https:\/\/demo.akomi.it\/erbyshop\/fr\/gazon-synthetique\/erba-sintetica-55-mm\/#primaryimage\"},\"image\":{\"@id\":\"https:\/\/demo.akomi.it\/erbyshop\/fr\/gazon-synthetique\/erba-sintetica-55-mm\/#primaryimage\"},\"thumbnailUrl\":\"https:\/\/demo.akomi.it\/erbyshop\/fr\/wp-content\/uploads\/sites\/3\/Nature55-1.jpg\",\"datePublished\":\"2022-02-07T08:54:05+00:00\",\"dateModified\":\"2025-04-23T13:41:10+00:00\",\"description\":\"Acquista erba sintetica online con altezza 55mm in modo semplice e veloce per il tuo spazio preferito. Scegli Erby.\",\"breadcrumb\":{\"@id\":\"https:\/\/demo.akomi.it\/erbyshop\/fr\/gazon-synthetique\/erba-sintetica-55-mm\/#breadcrumb\"},\"inLanguage\":\"fr-FR\",\"potentialAction\":[{\"@type\":\"ReadAction\",\"target\":[\"https:\/\/demo.akomi.it\/erbyshop\/fr\/gazon-synthetique\/erba-sintetica-55-mm\/\"]}]},{\"@type\":\"ImageObject\",\"inLanguage\":\"fr-FR\",\"@id\":\"https:\/\/demo.akomi.it\/erbyshop\/fr\/gazon-synthetique\/erba-sintetica-55-mm\/#primaryimage\",\"url\":\"https:\/\/demo.akomi.it\/erbyshop\/fr\/wp-content\/uploads\/sites\/3\/Nature55-1.jpg\",\"contentUrl\":\"https:\/\/demo.akomi.it\/erbyshop\/fr\/wp-content\/uploads\/sites\/3\/Nature55-1.jpg\",\"width\":2360,\"height\":1680},{\"@type\":\"BreadcrumbList\",\"@id\":\"https:\/\/demo.akomi.it\/erbyshop\/fr\/gazon-synthetique\/erba-sintetica-55-mm\/#breadcrumb\",\"itemListElement\":[{\"@type\":\"ListItem\",\"position\":1,\"name\":\"Home\",\"item\":\"https:\/\/demo.akomi.it\/erbyshop\/fr\/\"},{\"@type\":\"ListItem\",\"position\":2,\"name\":\"Shop\",\"item\":\"https:\/\/demo.akomi.it\/erbyshop\/fr\/e-commerce-erby\/\"},{\"@type\":\"ListItem\",\"position\":3,\"name\":\"Gazon synth\u00e9tique\",\"item\":\"https:\/\/demo.akomi.it\/erbyshop\/fr\/gazon-synthetique\/\"},{\"@type\":\"ListItem\",\"position\":4,\"name\":\"NATURE55\"}]},{\"@type\":\"WebSite\",\"@id\":\"https:\/\/demo.akomi.it\/erbyshop\/fr\/#website\",\"url\":\"https:\/\/demo.akomi.it\/erbyshop\/fr\/\",\"name\":\"FR\",\"description\":\"Il prato intelligente\",\"potentialAction\":[{\"@type\":\"SearchAction\",\"target\":{\"@type\":\"EntryPoint\",\"urlTemplate\":\"https:\/\/demo.akomi.it\/erbyshop\/fr\/?s={search_term_string}\"},\"query-input\":{\"@type\":\"PropertyValueSpecification\",\"valueRequired\":true,\"valueName\":\"search_term_string\"}}],\"inLanguage\":\"fr-FR\"}]}<\/script>\n<!-- \/ Yoast SEO plugin. -->","yoast_head_json":{"title":"Erba Sintetica 55 mm | Prato Sintetico Nature 55 | Erby","description":"Acquista erba sintetica online con altezza 55mm in modo semplice e veloce per il tuo spazio preferito. Scegli Erby.","robots":{"index":"index","follow":"follow","max-snippet":"max-snippet:-1","max-image-preview":"max-image-preview:large","max-video-preview":"max-video-preview:-1"},"canonical":"https:\/\/demo.akomi.it\/erbyshop\/fr\/gazon-synthetique\/erba-sintetica-55-mm\/","og_locale":"fr_FR","og_type":"article","og_title":"Erba Sintetica 55 mm | Prato Sintetico Nature 55 | Erby","og_description":"Acquista erba sintetica online con altezza 55mm in modo semplice e veloce per il tuo spazio preferito. Scegli Erby.","og_url":"https:\/\/demo.akomi.it\/erbyshop\/fr\/gazon-synthetique\/erba-sintetica-55-mm\/","og_site_name":"FR","article_modified_time":"2025-04-23T13:41:10+00:00","og_image":[{"url":"https:\/\/demo.akomi.it\/erbyshop\/fr\/wp-content\/uploads\/sites\/3\/Nature55-1.jpg","width":1024,"height":729,"type":"image\/jpeg"}],"twitter_card":"summary_large_image","twitter_misc":{"Dur\u00e9e de lecture estim\u00e9e":"1 minute"},"schema":{"@context":"https:\/\/schema.org","@graph":[{"@type":"WebPage","@id":"https:\/\/demo.akomi.it\/erbyshop\/fr\/gazon-synthetique\/erba-sintetica-55-mm\/","url":"https:\/\/demo.akomi.it\/erbyshop\/fr\/gazon-synthetique\/erba-sintetica-55-mm\/","name":"Erba Sintetica 55 mm | Prato Sintetico Nature 55 | Erby","isPartOf":{"@id":"https:\/\/demo.akomi.it\/erbyshop\/fr\/#website"},"primaryImageOfPage":{"@id":"https:\/\/demo.akomi.it\/erbyshop\/fr\/gazon-synthetique\/erba-sintetica-55-mm\/#primaryimage"},"image":{"@id":"https:\/\/demo.akomi.it\/erbyshop\/fr\/gazon-synthetique\/erba-sintetica-55-mm\/#primaryimage"},"thumbnailUrl":"https:\/\/demo.akomi.it\/erbyshop\/fr\/wp-content\/uploads\/sites\/3\/Nature55-1.jpg","datePublished":"2022-02-07T08:54:05+00:00","dateModified":"2025-04-23T13:41:10+00:00","description":"Acquista erba sintetica online con altezza 55mm in modo semplice e veloce per il tuo spazio preferito. Scegli Erby.","breadcrumb":{"@id":"https:\/\/demo.akomi.it\/erbyshop\/fr\/gazon-synthetique\/erba-sintetica-55-mm\/#breadcrumb"},"inLanguage":"fr-FR","potentialAction":[{"@type":"ReadAction","target":["https:\/\/demo.akomi.it\/erbyshop\/fr\/gazon-synthetique\/erba-sintetica-55-mm\/"]}]},{"@type":"ImageObject","inLanguage":"fr-FR","@id":"https:\/\/demo.akomi.it\/erbyshop\/fr\/gazon-synthetique\/erba-sintetica-55-mm\/#primaryimage","url":"https:\/\/demo.akomi.it\/erbyshop\/fr\/wp-content\/uploads\/sites\/3\/Nature55-1.jpg","contentUrl":"https:\/\/demo.akomi.it\/erbyshop\/fr\/wp-content\/uploads\/sites\/3\/Nature55-1.jpg","width":2360,"height":1680},{"@type":"BreadcrumbList","@id":"https:\/\/demo.akomi.it\/erbyshop\/fr\/gazon-synthetique\/erba-sintetica-55-mm\/#breadcrumb","itemListElement":[{"@type":"ListItem","position":1,"name":"Home","item":"https:\/\/demo.akomi.it\/erbyshop\/fr\/"},{"@type":"ListItem","position":2,"name":"Shop","item":"https:\/\/demo.akomi.it\/erbyshop\/fr\/e-commerce-erby\/"},{"@type":"ListItem","position":3,"name":"Gazon synth\u00e9tique","item":"https:\/\/demo.akomi.it\/erbyshop\/fr\/gazon-synthetique\/"},{"@type":"ListItem","position":4,"name":"NATURE55"}]},{"@type":"WebSite","@id":"https:\/\/demo.akomi.it\/erbyshop\/fr\/#website","url":"https:\/\/demo.akomi.it\/erbyshop\/fr\/","name":"FR","description":"Il prato intelligente","potentialAction":[{"@type":"SearchAction","target":{"@type":"EntryPoint","urlTemplate":"https:\/\/demo.akomi.it\/erbyshop\/fr\/?s={search_term_string}"},"query-input":{"@type":"PropertyValueSpecification","valueRequired":true,"valueName":"search_term_string"}}],"inLanguage":"fr-FR"}]}},"_links":{"self":[{"href":"https:\/\/demo.akomi.it\/erbyshop\/fr\/wp-json\/wp\/v2\/product\/996","targetHints":{"allow":["GET"]}}],"collection":[{"href":"https:\/\/demo.akomi.it\/erbyshop\/fr\/wp-json\/wp\/v2\/product"}],"about":[{"href":"https:\/\/demo.akomi.it\/erbyshop\/fr\/wp-json\/wp\/v2\/types\/product"}],"wp:featuredmedia":[{"embeddable":true,"href":"https:\/\/demo.akomi.it\/erbyshop\/fr\/wp-json\/wp\/v2\/media\/6347"}],"wp:attachment":[{"href":"https:\/\/demo.akomi.it\/erbyshop\/fr\/wp-json\/wp\/v2\/media?parent=996"}],"wp:term":[{"taxonomy":"product_brand","embeddable":true,"href":"https:\/\/demo.akomi.it\/erbyshop\/fr\/wp-json\/wp\/v2\/product_brand?post=996"},{"taxonomy":"product_cat","embeddable":true,"href":"https:\/\/demo.akomi.it\/erbyshop\/fr\/wp-json\/wp\/v2\/product_cat?post=996"},{"taxonomy":"product_tag","embeddable":true,"href":"https:\/\/demo.akomi.it\/erbyshop\/fr\/wp-json\/wp\/v2\/product_tag?post=996"}],"curies":[{"name":"wp","href":"https:\/\/api.w.org\/{rel}","templated":true}]}}